{"id":161832,"date":"2015-02-05T14:23:28","date_gmt":"2015-02-05T13:23:28","guid":{"rendered":"https:\/\/mini-bob.com\/otisk\/"},"modified":"2015-02-05T14:23:28","modified_gmt":"2015-02-05T13:23:28","slug":"otisk","status":"publish","type":"page","link":"https:\/\/mini-bob.com\/cs\/otisk\/","title":{"rendered":"Otisk"},"content":{"rendered":"<p>Toto pr\u00e1vn\u00ed upozorn?n\u00ed plat\u00ed tak\u00e9 pro na\u0161e firemn\u00ed str\u00e1nky na <a href=\"https:\/\/www.facebook.com\/zipflbob\/\" target=\"_blank\" rel=\"noopener nofollow\">Facebooku,<\/a> <a href=\"https:\/\/www.youtube.com\/channel\/UCn3eWIhTjy0_Tq4BEy463OQ\" target=\"_blank\" rel=\"noopener nofollow\">YouTube.<\/a><\/p>\n<h1>Otisk<\/h1>\n<h2>Informace podle \u00a7 5 TMG<\/h2>\n<p>Loeger GmbH<br \/>\nHauptstr. 57<br \/>\n82327 Tutzing <\/p>\n<h2>Zastoupen\u00fd<\/h2>\n<p>Siegmund L\u00f6ger<\/p>\n<h2>Kontaktujte n\u00e1s<\/h2>\n<p>Telefon: +49 (0)8158 92101<br \/>\nFax: +49 (0)8158 7288<br \/>\nE-mail: info@mini-bob.com<\/p>\n<h2>Vstup do rejst?\u00edku<\/h2>\n<p>Z\u00e1pis do obchodn\u00edho rejst?\u00edku.<br \/>\nRejst?\u00edkov\u00fd soud: Mnichov HRB 54019<br \/>\nRegistra?n\u00ed ?\u00edslo: HRB 54019<\/p>\n<h2>Da? z p?idan\u00e9 hodnoty<\/h2>\n<p>Identifika?n\u00ed ?\u00edslo pro da? z obratu podle \u00a7 27a z\u00e1kona o dani z obratu:<br \/>\nDE128234280<\/p>\n<h2>?e\u0161en\u00ed spor?<\/h2>\n<p>Evropsk\u00e1 komise poskytuje platformu pro online ?e\u0161en\u00ed spor? (OS): <a href=\"https:\/\/ec.europa.eu\/consumers\/odr\" target=\"_blank\" rel=\"noopener nofollow\">https:\/\/ec.europa.eu\/consumers\/odr<\/a>.<br \/>\nNa\u0161i e-mailovou adresu najdete v pr\u00e1vn\u00edm upozorn?n\u00ed v\u00fd\u0161e.<\/p>\n<p>Nejsme ochotni ani povinni \u00fa?astnit se ?\u00edzen\u00ed o ?e\u0161en\u00ed spor? p?ed spot?ebitelskou rozhod?\u00ed komis\u00ed.<\/p>\n<h3>Odpov?dnost za obsah<\/h3>\n<p>Jako poskytovatel slu\u017eeb neseme odpov?dnost za vlastn\u00ed obsah t?chto str\u00e1nek v souladu s obecn\u00fdmi pr\u00e1vn\u00edmi p?edpisy. Jako poskytovatel slu\u017eeb v\u0161ak nejsme povinni monitorovat p?en\u00e1\u0161en\u00e9 nebo ukl\u00e1dan\u00e9 informace t?et\u00edch stran ani vy\u0161et?ovat okolnosti, kter\u00e9 nazna?uj\u00ed nez\u00e1konnou ?innost. <\/p>\n<p>Povinnosti odstranit nebo zablokovat pou\u017e\u00edv\u00e1n\u00ed informac\u00ed v souladu s obecn\u00fdmi pr\u00e1vn\u00edmi p?edpisy t\u00edm nejsou dot?eny. Odpov?dnost v tomto ohledu je v\u0161ak mo\u017en\u00e1 a\u017e od okam\u017eiku, kdy se dozv\u00edme o konkr\u00e9tn\u00edm poru\u0161en\u00ed. Jakmile se o takov\u00e9m poru\u0161en\u00ed dozv\u00edme, okam\u017eit? tento obsah odstran\u00edme.  <\/p>\n<h3>Odpov?dnost za odkazy<\/h3>\n<p>Na\u0161e webov\u00e9 str\u00e1nky obsahuj\u00ed odkazy na extern\u00ed webov\u00e9 str\u00e1nky t?et\u00edch stran, na jejich\u017e obsah nem\u00e1me \u017e\u00e1dn\u00fd vliv. Proto nem?\u017eeme p?evz\u00edt \u017e\u00e1dnou odpov?dnost za tento obsah t?et\u00edch stran. Za obsah odkazovan\u00fdch str\u00e1nek je v\u017edy odpov?dn\u00fd p?\u00edslu\u0161n\u00fd poskytovatel nebo provozovatel str\u00e1nek. Odkazovan\u00e9 str\u00e1nky byly v dob? odkazov\u00e1n\u00ed zkontrolov\u00e1ny z hlediska mo\u017en\u00e9ho poru\u0161en\u00ed pr\u00e1vn\u00edch p?edpis?. Nez\u00e1konn\u00fd obsah nebyl v dob? odkazov\u00e1n\u00ed rozpozn\u00e1n.    <\/p>\n<p>Trval\u00e9 sledov\u00e1n\u00ed obsahu odkazovan\u00fdch str\u00e1nek v\u0161ak nen\u00ed rozumn\u00e9 bez konkr\u00e9tn\u00edch d?kaz? o protipr\u00e1vn\u00edm jedn\u00e1n\u00ed. Pokud se dozv\u00edme o jak\u00e9mkoli poru\u0161en\u00ed pr\u00e1vn\u00edch p?edpis?, okam\u017eit? takov\u00e9 odkazy odstran\u00edme. <\/p>\n<h3>Autorsk\u00e1 pr\u00e1va<\/h3>\n<p>Obsah a d\u00edla vytvo?en\u00e1 provozovateli str\u00e1nek na t?chto str\u00e1nk\u00e1ch podl\u00e9haj\u00ed n?meck\u00e9mu autorsk\u00e9mu pr\u00e1vu. Kop\u00edrov\u00e1n\u00ed, zpracov\u00e1n\u00ed, \u0161\u00ed?en\u00ed a jak\u00fdkoli zp?sob vyu\u017eit\u00ed nad r\u00e1mec autorsk\u00e9ho pr\u00e1va vy\u017eaduje p\u00edsemn\u00fd souhlas p?\u00edslu\u0161n\u00e9ho autora nebo tv?rce. Stahov\u00e1n\u00ed a kop\u00edrov\u00e1n\u00ed t?chto str\u00e1nek je povoleno pouze pro soukrom\u00e9, nekomer?n\u00ed pou\u017eit\u00ed.  <\/p>\n<p>Pokud obsah na t?chto str\u00e1nk\u00e1ch nebyl vytvo?en provozovatelem, jsou respektov\u00e1na autorsk\u00e1 pr\u00e1va t?et\u00edch stran. Zejm\u00e9na obsah t?et\u00edch stran je takto ozna?en. Pokud se p?esto dozv\u00edte o poru\u0161en\u00ed autorsk\u00fdch pr\u00e1v, informujte n\u00e1s o tom. Pokud se o poru\u0161en\u00ed dozv\u00edme, takov\u00fd obsah neprodlen? odstran\u00edme.<br \/>\n<div class=\"woocommerce woocommerce-gzd woocommerce-gzd-complaints-shortcode\">\n\t\t\t<h3>Alternative Dispute Resolution in accordance with Art. 14 (1) ODR-VO and \u00a7 36 VSBG:<\/h3>\n\t\nZur Teilnahme an einem Streitbeilegungsverfahren vor einer Verbraucherschlichtungsstelle sind wir nicht verpflichtet und nicht bereit.<\/div>\n","protected":false},"excerpt":{"rendered":"<p>Toto pr\u00e1vn\u00ed upozorn?n\u00ed plat\u00ed tak\u00e9 pro na\u0161e firemn\u00ed str\u00e1nky na Facebooku, YouTube. Otisk Informace podle \u00a7 5 TMG Loeger GmbH Hauptstr. 57 82327 Tutzing Zastoupen\u00fd Siegmund L\u00f6ger Kontaktujte n\u00e1s Telefon: +49 (0)8158 92101 Fax: +49 (0)8158 7288 E-mail: info@mini-bob.com Vstup do rejst?\u00edku Z\u00e1pis do obchodn\u00edho rejst?\u00edku. Rejst?\u00edkov\u00fd soud: Mnichov HRB 54019 Registra?n\u00ed ?\u00edslo: HRB 54019&hellip;<\/p>\n","protected":false},"author":1,"featured_media":0,"parent":0,"menu_order":0,"comment_status":"closed","ping_status":"closed","template":"","meta":{"_acf_changed":false,"footnotes":""},"class_list":["post-161832","page","type-page","status-publish","hentry","description-off"],"acf":[],"_links":{"self":[{"href":"https:\/\/mini-bob.com\/cs\/wp-json\/wp\/v2\/pages\/161832","targetHints":{"allow":["GET"]}}],"collection":[{"href":"https:\/\/mini-bob.com\/cs\/wp-json\/wp\/v2\/pages"}],"about":[{"href":"https:\/\/mini-bob.com\/cs\/wp-json\/wp\/v2\/types\/page"}],"author":[{"embeddable":true,"href":"https:\/\/mini-bob.com\/cs\/wp-json\/wp\/v2\/users\/1"}],"replies":[{"embeddable":true,"href":"https:\/\/mini-bob.com\/cs\/wp-json\/wp\/v2\/comments?post=161832"}],"version-history":[{"count":0,"href":"https:\/\/mini-bob.com\/cs\/wp-json\/wp\/v2\/pages\/161832\/revisions"}],"wp:attachment":[{"href":"https:\/\/mini-bob.com\/cs\/wp-json\/wp\/v2\/media?parent=161832"}],"curies":[{"name":"wp","href":"https:\/\/api.w.org\/{rel}","templated":true}]}}