{"id":161833,"date":"2015-02-18T15:27:18","date_gmt":"2015-02-18T14:27:18","guid":{"rendered":"https:\/\/mini-bob.com\/reklamni-materialy\/"},"modified":"2025-12-01T20:06:23","modified_gmt":"2025-12-01T19:06:23","slug":"reklamni-materialy","status":"publish","type":"page","link":"https:\/\/mini-bob.com\/cs\/reklamni-materialy\/","title":{"rendered":"Reklamn\u00ed materi\u00e1ly"},"content":{"rendered":"<div class=\"wpb-content-wrapper\"><p>[vc_row][vc_column][vc_custom_heading text=&#8220;mini bob jako reklamn\u00ed m\u00e9dium&#8220; google_fonts=&#8220;font_family:Roboto%20Condensed%3A300%2C300italic%2Cregular%2Citalic%2C700%2C700italic|font_style:400%20regular%3A400%3Anormal&#8220;][vc_column_text]D\u00edky sv\u00e9 pozitivn\u00ed image mezi mlad\u00fdmi i star\u0161\u00edmi je mini bob ide\u00e1ln\u00edm reklamn\u00edm prost?edkem.<\/p>\n<p>Existuje mnoho mo\u017enost\u00ed p?izp?soben\u00ed - <a href=\"https:\/\/mini-bob.com\/cs\/tesime-se-na-vasi-poptavku\/\">nev\u00e1hejte n\u00e1s kontaktovat <\/a>![\/vc_column_text][\/vc_column][\/vc_row][vc_row][vc_column][vc_custom_heading text=&#8220;mini bob v designu va\u0161\u00ed spole?nosti&#8220; google_fonts=&#8220;font_family:Roboto%20Condensed%3A300%2C300italic%2Cregular%2Citalic%2C700%2C700italic|font_style:400%20regular%3A400%3Anormal&#8220;]<style type=\"text\/css\" data-type=\"the7_shortcodes-inline-css\">.gallery-shortcode.gallery-masonry-shortcode-id-bb19d8f970dcaa2cacb960bbca418e93 figure,\n.gallery-shortcode.gallery-masonry-shortcode-id-bb19d8f970dcaa2cacb960bbca418e93 .rollover,\n.gallery-shortcode.gallery-masonry-shortcode-id-bb19d8f970dcaa2cacb960bbca418e93 img,\n.gallery-shortcode.gallery-masonry-shortcode-id-bb19d8f970dcaa2cacb960bbca418e93 .gallery-rollover {\n  border-radius: 0px;\n}\n.gallery-shortcode.gallery-masonry-shortcode-id-bb19d8f970dcaa2cacb960bbca418e93.enable-bg-rollover .gallery-rollover {\n  background: -webkit-linear-gradient();\n  background: linear-gradient();\n}\n.gallery-shortcode.gallery-masonry-shortcode-id-bb19d8f970dcaa2cacb960bbca418e93.enable-bg-rollover.hover-scale figure .rollover:after {\n  background: -webkit-linear-gradient();\n  background: linear-gradient();\n}\n.gallery-shortcode.gallery-masonry-shortcode-id-bb19d8f970dcaa2cacb960bbca418e93 .gallery-zoom-ico {\n  width: 44px;\n  height: 44px;\n  line-height: 44px;\n  border-radius: 100px;\n  margin: -22px 0 0 -22px;\n  border-width: 0px;\n  color: #ffffff;\n}\n.dt-icon-bg-on.gallery-shortcode.gallery-masonry-shortcode-id-bb19d8f970dcaa2cacb960bbca418e93 .gallery-zoom-ico {\n  background: rgba(255,255,255,0.3);\n  box-shadow: none;\n}\n.gallery-shortcode.gallery-masonry-shortcode-id-bb19d8f970dcaa2cacb960bbca418e93 .gallery-zoom-ico:before,\n.gallery-shortcode.gallery-masonry-shortcode-id-bb19d8f970dcaa2cacb960bbca418e93 .gallery-zoom-ico span {\n  font-size: 32px;\n  line-height: 44px;\n  color: #ffffff;\n}\n.gallery-shortcode.gallery-masonry-shortcode-id-bb19d8f970dcaa2cacb960bbca418e93:not(.resize-by-browser-width) .dt-css-grid {\n  grid-row-gap: 10px;\n  grid-column-gap: 10px;\n  grid-template-columns: repeat(auto-fill,minmax(,1fr));\n}\n.gallery-shortcode.gallery-masonry-shortcode-id-bb19d8f970dcaa2cacb960bbca418e93:not(.resize-by-browser-width) .dt-css-grid .double-width {\n  grid-column: span 2;\n}\n.cssgridlegacy.no-cssgrid .gallery-shortcode.gallery-masonry-shortcode-id-bb19d8f970dcaa2cacb960bbca418e93:not(.resize-by-browser-width) .dt-css-grid,\n.no-cssgridlegacy.no-cssgrid .gallery-shortcode.gallery-masonry-shortcode-id-bb19d8f970dcaa2cacb960bbca418e93:not(.resize-by-browser-width) .dt-css-grid {\n  display: flex;\n  flex-flow: row wrap;\n  margin: -5px;\n}\n.cssgridlegacy.no-cssgrid .gallery-shortcode.gallery-masonry-shortcode-id-bb19d8f970dcaa2cacb960bbca418e93:not(.resize-by-browser-width) .dt-css-grid .wf-cell,\n.no-cssgridlegacy.no-cssgrid .gallery-shortcode.gallery-masonry-shortcode-id-bb19d8f970dcaa2cacb960bbca418e93:not(.resize-by-browser-width) .dt-css-grid .wf-cell {\n  flex: 1 0 ;\n  max-width: 100%;\n  padding: 5px;\n  box-sizing: border-box;\n}\n.gallery-shortcode.gallery-masonry-shortcode-id-bb19d8f970dcaa2cacb960bbca418e93.resize-by-browser-width .dt-css-grid {\n  grid-template-columns: repeat(4,1fr);\n  grid-template-rows: auto;\n  grid-column-gap: 10px;\n  grid-row-gap: 10px;\n}\n.gallery-shortcode.gallery-masonry-shortcode-id-bb19d8f970dcaa2cacb960bbca418e93.resize-by-browser-width .dt-css-grid .double-width {\n  grid-column: span 2;\n}\n.cssgridlegacy.no-cssgrid .gallery-shortcode.gallery-masonry-shortcode-id-bb19d8f970dcaa2cacb960bbca418e93.resize-by-browser-width .dt-css-grid {\n  margin: -5px;\n}\n.cssgridlegacy.no-cssgrid .gallery-shortcode.gallery-masonry-shortcode-id-bb19d8f970dcaa2cacb960bbca418e93.resize-by-browser-width .dt-css-grid .wf-cell {\n  width: 25%;\n  padding: 5px;\n}\n.cssgridlegacy.no-cssgrid .gallery-shortcode.gallery-masonry-shortcode-id-bb19d8f970dcaa2cacb960bbca418e93.resize-by-browser-width .dt-css-grid .wf-cell.double-width {\n  width: calc(25%) * 2;\n}\n.gallery-shortcode.gallery-masonry-shortcode-id-bb19d8f970dcaa2cacb960bbca418e93.resize-by-browser-width:not(.centered-layout-list):not(.content-bg-on) .dt-css-grid {\n  grid-row-gap: 10px - ;\n}\n@media screen and (max-width: 1199px) {\n  .gallery-shortcode.gallery-masonry-shortcode-id-bb19d8f970dcaa2cacb960bbca418e93.resize-by-browser-width .dt-css-grid {\n    grid-template-columns: repeat(4,1fr);\n  }\n  .cssgridlegacy.no-cssgrid .gallery-shortcode.gallery-masonry-shortcode-id-bb19d8f970dcaa2cacb960bbca418e93.resize-by-browser-width .dt-css-grid .wf-cell,\n  .no-cssgridlegacy.no-cssgrid .gallery-shortcode.gallery-masonry-shortcode-id-bb19d8f970dcaa2cacb960bbca418e93.resize-by-browser-width .dt-css-grid .wf-cell {\n    width: 25%;\n  }\n  .cssgridlegacy.no-cssgrid .gallery-shortcode.gallery-masonry-shortcode-id-bb19d8f970dcaa2cacb960bbca418e93.resize-by-browser-width .dt-css-grid .wf-cell.double-width,\n  .no-cssgridlegacy.no-cssgrid .gallery-shortcode.gallery-masonry-shortcode-id-bb19d8f970dcaa2cacb960bbca418e93.resize-by-browser-width .dt-css-grid .wf-cell.double-width {\n    width: calc(25%)*2;\n  }\n}\n@media screen and (max-width: 991px) {\n  .gallery-shortcode.gallery-masonry-shortcode-id-bb19d8f970dcaa2cacb960bbca418e93.resize-by-browser-width .dt-css-grid {\n    grid-template-columns: repeat(3,1fr);\n  }\n  .cssgridlegacy.no-cssgrid .gallery-shortcode.gallery-masonry-shortcode-id-bb19d8f970dcaa2cacb960bbca418e93.resize-by-browser-width .dt-css-grid .wf-cell,\n  .no-cssgridlegacy.no-cssgrid .gallery-shortcode.gallery-masonry-shortcode-id-bb19d8f970dcaa2cacb960bbca418e93.resize-by-browser-width .dt-css-grid .wf-cell {\n    width: 33.333333333333%;\n  }\n  .cssgridlegacy.no-cssgrid .gallery-shortcode.gallery-masonry-shortcode-id-bb19d8f970dcaa2cacb960bbca418e93.resize-by-browser-width .dt-css-grid .wf-cell.double-width,\n  .no-cssgridlegacy.no-cssgrid .gallery-shortcode.gallery-masonry-shortcode-id-bb19d8f970dcaa2cacb960bbca418e93.resize-by-browser-width .dt-css-grid .wf-cell.double-width {\n    width: calc(33.333333333333%)*2;\n  }\n}\n@media screen and (max-width: 767px) {\n  .gallery-shortcode.gallery-masonry-shortcode-id-bb19d8f970dcaa2cacb960bbca418e93.resize-by-browser-width .dt-css-grid {\n    grid-template-columns: repeat(2,1fr);\n  }\n  .cssgridlegacy.no-cssgrid .gallery-shortcode.gallery-masonry-shortcode-id-bb19d8f970dcaa2cacb960bbca418e93.resize-by-browser-width .dt-css-grid .wf-cell,\n  .no-cssgridlegacy.no-cssgrid .gallery-shortcode.gallery-masonry-shortcode-id-bb19d8f970dcaa2cacb960bbca418e93.resize-by-browser-width .dt-css-grid .wf-cell {\n    width: 50%;\n  }\n  .cssgridlegacy.no-cssgrid .gallery-shortcode.gallery-masonry-shortcode-id-bb19d8f970dcaa2cacb960bbca418e93.resize-by-browser-width .dt-css-grid .wf-cell.double-width,\n  .no-cssgridlegacy.no-cssgrid .gallery-shortcode.gallery-masonry-shortcode-id-bb19d8f970dcaa2cacb960bbca418e93.resize-by-browser-width .dt-css-grid .wf-cell.double-width {\n    width: calc(50%)*2;\n  }\n}<\/style><div class=\"gallery-shortcode dt-gallery-container gallery-masonry-shortcode-id-bb19d8f970dcaa2cacb960bbca418e93 mode-masonry jquery-filter dt-icon-bg-off quick-scale-img enable-bg-rollover resize-by-browser-width  hover-fade loading-effect-fade-in description-on-hover\" data-padding=\"5px\" data-cur-page=\"1\" data-post-limit=\"-1\" data-pagination-mode=\"none\" data-desktop-columns-num=\"4\" data-v-tablet-columns-num=\"3\" data-h-tablet-columns-num=\"4\" data-phone-columns-num=\"2\" data-width=\"0px\" data-columns=\"0\"><div class=\"iso-container\" ><\/div><!-- iso-container|iso-grid --><\/div>[\/vc_column][\/vc_row][vc_row][vc_column][vc_empty_space]<style type=\"text\/css\" data-type=\"the7_shortcodes-inline-css\">#default-btn-8c26cfb5c5a359f9808bdf337a4171f4.ico-right-side > i {\n  margin-right: 0px;\n  margin-left: 8px;\n}\n#default-btn-8c26cfb5c5a359f9808bdf337a4171f4 > i {\n  margin-right: 8px;\n}<\/style><a href=\"https:\/\/mini-bob.com\/milka-mini-bob\/\" class=\"default-btn-shortcode dt-btn dt-btn-l pulse animate-element animation-builder link-hover-off btn-inline-left \" id=\"default-btn-8c26cfb5c5a359f9808bdf337a4171f4\" title=\"Milka mini bob\"><span>P?\u00cdKLAD MINI BOB V DESIGNU MILKA<\/span><\/a>[vc_empty_space][\/vc_column][\/vc_row][vc_row][vc_column][vc_custom_heading text=&#8220;mini bob s logem va\u0161\u00ed spole?nosti&#8220; google_fonts=&#8220;font_family:Roboto%20Condensed%3A300%2C300italic%2Cregular%2Citalic%2C700%2C700italic|font_style:400%20regular%3A400%3Anormal&#8220;]<style type=\"text\/css\" data-type=\"the7_shortcodes-inline-css\">.gallery-shortcode.gallery-masonry-shortcode-id-f4e9442c9e6232bdd76d251aee1f7b72 figure,\n.gallery-shortcode.gallery-masonry-shortcode-id-f4e9442c9e6232bdd76d251aee1f7b72 .rollover,\n.gallery-shortcode.gallery-masonry-shortcode-id-f4e9442c9e6232bdd76d251aee1f7b72 img,\n.gallery-shortcode.gallery-masonry-shortcode-id-f4e9442c9e6232bdd76d251aee1f7b72 .gallery-rollover {\n  border-radius: 0px;\n}\n.gallery-shortcode.gallery-masonry-shortcode-id-f4e9442c9e6232bdd76d251aee1f7b72.enable-bg-rollover .gallery-rollover {\n  background: -webkit-linear-gradient();\n  background: linear-gradient();\n}\n.gallery-shortcode.gallery-masonry-shortcode-id-f4e9442c9e6232bdd76d251aee1f7b72.enable-bg-rollover.hover-scale figure .rollover:after {\n  background: -webkit-linear-gradient();\n  background: linear-gradient();\n}\n.gallery-shortcode.gallery-masonry-shortcode-id-f4e9442c9e6232bdd76d251aee1f7b72 .gallery-zoom-ico {\n  width: 44px;\n  height: 44px;\n  line-height: 44px;\n  border-radius: 100px;\n  margin: -22px 0 0 -22px;\n  border-width: 0px;\n  color: #ffffff;\n}\n.dt-icon-bg-on.gallery-shortcode.gallery-masonry-shortcode-id-f4e9442c9e6232bdd76d251aee1f7b72 .gallery-zoom-ico {\n  background: rgba(255,255,255,0.3);\n  box-shadow: none;\n}\n.gallery-shortcode.gallery-masonry-shortcode-id-f4e9442c9e6232bdd76d251aee1f7b72 .gallery-zoom-ico:before,\n.gallery-shortcode.gallery-masonry-shortcode-id-f4e9442c9e6232bdd76d251aee1f7b72 .gallery-zoom-ico span {\n  font-size: 32px;\n  line-height: 44px;\n  color: #ffffff;\n}\n.gallery-shortcode.gallery-masonry-shortcode-id-f4e9442c9e6232bdd76d251aee1f7b72:not(.resize-by-browser-width) .dt-css-grid {\n  grid-row-gap: 10px;\n  grid-column-gap: 10px;\n  grid-template-columns: repeat(auto-fill,minmax(,1fr));\n}\n.gallery-shortcode.gallery-masonry-shortcode-id-f4e9442c9e6232bdd76d251aee1f7b72:not(.resize-by-browser-width) .dt-css-grid .double-width {\n  grid-column: span 2;\n}\n.cssgridlegacy.no-cssgrid .gallery-shortcode.gallery-masonry-shortcode-id-f4e9442c9e6232bdd76d251aee1f7b72:not(.resize-by-browser-width) .dt-css-grid,\n.no-cssgridlegacy.no-cssgrid .gallery-shortcode.gallery-masonry-shortcode-id-f4e9442c9e6232bdd76d251aee1f7b72:not(.resize-by-browser-width) .dt-css-grid {\n  display: flex;\n  flex-flow: row wrap;\n  margin: -5px;\n}\n.cssgridlegacy.no-cssgrid .gallery-shortcode.gallery-masonry-shortcode-id-f4e9442c9e6232bdd76d251aee1f7b72:not(.resize-by-browser-width) .dt-css-grid .wf-cell,\n.no-cssgridlegacy.no-cssgrid .gallery-shortcode.gallery-masonry-shortcode-id-f4e9442c9e6232bdd76d251aee1f7b72:not(.resize-by-browser-width) .dt-css-grid .wf-cell {\n  flex: 1 0 ;\n  max-width: 100%;\n  padding: 5px;\n  box-sizing: border-box;\n}\n.gallery-shortcode.gallery-masonry-shortcode-id-f4e9442c9e6232bdd76d251aee1f7b72.resize-by-browser-width .dt-css-grid {\n  grid-template-columns: repeat(4,1fr);\n  grid-template-rows: auto;\n  grid-column-gap: 10px;\n  grid-row-gap: 10px;\n}\n.gallery-shortcode.gallery-masonry-shortcode-id-f4e9442c9e6232bdd76d251aee1f7b72.resize-by-browser-width .dt-css-grid .double-width {\n  grid-column: span 2;\n}\n.cssgridlegacy.no-cssgrid .gallery-shortcode.gallery-masonry-shortcode-id-f4e9442c9e6232bdd76d251aee1f7b72.resize-by-browser-width .dt-css-grid {\n  margin: -5px;\n}\n.cssgridlegacy.no-cssgrid .gallery-shortcode.gallery-masonry-shortcode-id-f4e9442c9e6232bdd76d251aee1f7b72.resize-by-browser-width .dt-css-grid .wf-cell {\n  width: 25%;\n  padding: 5px;\n}\n.cssgridlegacy.no-cssgrid .gallery-shortcode.gallery-masonry-shortcode-id-f4e9442c9e6232bdd76d251aee1f7b72.resize-by-browser-width .dt-css-grid .wf-cell.double-width {\n  width: calc(25%) * 2;\n}\n.gallery-shortcode.gallery-masonry-shortcode-id-f4e9442c9e6232bdd76d251aee1f7b72.resize-by-browser-width:not(.centered-layout-list):not(.content-bg-on) .dt-css-grid {\n  grid-row-gap: 10px - ;\n}\n@media screen and (max-width: 1199px) {\n  .gallery-shortcode.gallery-masonry-shortcode-id-f4e9442c9e6232bdd76d251aee1f7b72.resize-by-browser-width .dt-css-grid {\n    grid-template-columns: repeat(4,1fr);\n  }\n  .cssgridlegacy.no-cssgrid .gallery-shortcode.gallery-masonry-shortcode-id-f4e9442c9e6232bdd76d251aee1f7b72.resize-by-browser-width .dt-css-grid .wf-cell,\n  .no-cssgridlegacy.no-cssgrid .gallery-shortcode.gallery-masonry-shortcode-id-f4e9442c9e6232bdd76d251aee1f7b72.resize-by-browser-width .dt-css-grid .wf-cell {\n    width: 25%;\n  }\n  .cssgridlegacy.no-cssgrid .gallery-shortcode.gallery-masonry-shortcode-id-f4e9442c9e6232bdd76d251aee1f7b72.resize-by-browser-width .dt-css-grid .wf-cell.double-width,\n  .no-cssgridlegacy.no-cssgrid .gallery-shortcode.gallery-masonry-shortcode-id-f4e9442c9e6232bdd76d251aee1f7b72.resize-by-browser-width .dt-css-grid .wf-cell.double-width {\n    width: calc(25%)*2;\n  }\n}\n@media screen and (max-width: 991px) {\n  .gallery-shortcode.gallery-masonry-shortcode-id-f4e9442c9e6232bdd76d251aee1f7b72.resize-by-browser-width .dt-css-grid {\n    grid-template-columns: repeat(3,1fr);\n  }\n  .cssgridlegacy.no-cssgrid .gallery-shortcode.gallery-masonry-shortcode-id-f4e9442c9e6232bdd76d251aee1f7b72.resize-by-browser-width .dt-css-grid .wf-cell,\n  .no-cssgridlegacy.no-cssgrid .gallery-shortcode.gallery-masonry-shortcode-id-f4e9442c9e6232bdd76d251aee1f7b72.resize-by-browser-width .dt-css-grid .wf-cell {\n    width: 33.333333333333%;\n  }\n  .cssgridlegacy.no-cssgrid .gallery-shortcode.gallery-masonry-shortcode-id-f4e9442c9e6232bdd76d251aee1f7b72.resize-by-browser-width .dt-css-grid .wf-cell.double-width,\n  .no-cssgridlegacy.no-cssgrid .gallery-shortcode.gallery-masonry-shortcode-id-f4e9442c9e6232bdd76d251aee1f7b72.resize-by-browser-width .dt-css-grid .wf-cell.double-width {\n    width: calc(33.333333333333%)*2;\n  }\n}\n@media screen and (max-width: 767px) {\n  .gallery-shortcode.gallery-masonry-shortcode-id-f4e9442c9e6232bdd76d251aee1f7b72.resize-by-browser-width .dt-css-grid {\n    grid-template-columns: repeat(2,1fr);\n  }\n  .cssgridlegacy.no-cssgrid .gallery-shortcode.gallery-masonry-shortcode-id-f4e9442c9e6232bdd76d251aee1f7b72.resize-by-browser-width .dt-css-grid .wf-cell,\n  .no-cssgridlegacy.no-cssgrid .gallery-shortcode.gallery-masonry-shortcode-id-f4e9442c9e6232bdd76d251aee1f7b72.resize-by-browser-width .dt-css-grid .wf-cell {\n    width: 50%;\n  }\n  .cssgridlegacy.no-cssgrid .gallery-shortcode.gallery-masonry-shortcode-id-f4e9442c9e6232bdd76d251aee1f7b72.resize-by-browser-width .dt-css-grid .wf-cell.double-width,\n  .no-cssgridlegacy.no-cssgrid .gallery-shortcode.gallery-masonry-shortcode-id-f4e9442c9e6232bdd76d251aee1f7b72.resize-by-browser-width .dt-css-grid .wf-cell.double-width {\n    width: calc(50%)*2;\n  }\n}<\/style><div class=\"gallery-shortcode dt-gallery-container gallery-masonry-shortcode-id-f4e9442c9e6232bdd76d251aee1f7b72 mode-masonry jquery-filter dt-icon-bg-off quick-scale-img enable-bg-rollover resize-by-browser-width  hover-fade loading-effect-fade-in description-on-hover\" data-padding=\"5px\" data-cur-page=\"1\" data-post-limit=\"-1\" data-pagination-mode=\"none\" data-desktop-columns-num=\"4\" data-v-tablet-columns-num=\"3\" data-h-tablet-columns-num=\"4\" data-phone-columns-num=\"2\" data-width=\"0px\" data-columns=\"0\"><div class=\"iso-container\" ><\/div><!-- iso-container|iso-grid --><\/div>[\/vc_column][\/vc_row]<\/p>\n<\/div>","protected":false},"excerpt":{"rendered":"<p>[vc_row][vc_column][vc_custom_heading text=&#8220;mini bob jako reklamn\u00ed m\u00e9dium&#8220; google_fonts=&#8220;font_family:Roboto%20Condensed%3A300%2C300italic%2Cregular%2Citalic%2C700%2C700italic|font_style:400%20regular%3A400%3Anormal&#8220;][vc_column_text]D\u00edky sv\u00e9 pozitivn\u00ed image mezi mlad\u00fdmi i star\u0161\u00edmi je mini bob ide\u00e1ln\u00edm reklamn\u00edm prost?edkem. Existuje mnoho mo\u017enost\u00ed p?izp?soben\u00ed - nev\u00e1hejte n\u00e1s kontaktovat ![\/vc_column_text][\/vc_column][\/vc_row][vc_row][vc_column][vc_custom_heading text=&#8220;mini bob v designu va\u0161\u00ed spole?nosti&#8220; google_fonts=&#8220;font_family:Roboto%20Condensed%3A300%2C300italic%2Cregular%2Citalic%2C700%2C700italic|font_style:400%20regular%3A400%3Anormal&#8220;][\/vc_column][\/vc_row][vc_row][vc_column][vc_empty_space][vc_empty_space][\/vc_column][\/vc_row][vc_row][vc_column][vc_custom_heading text=&#8220;mini bob s logem va\u0161\u00ed spole?nosti&#8220; google_fonts=&#8220;font_family:Roboto%20Condensed%3A300%2C300italic%2Cregular%2Citalic%2C700%2C700italic|font_style:400%20regular%3A400%3Anormal&#8220;][\/vc_column][\/vc_row]<\/p>\n","protected":false},"author":1,"featured_media":0,"parent":0,"menu_order":0,"comment_status":"closed","ping_status":"closed","template":"","meta":{"_acf_changed":false,"footnotes":""},"class_list":["post-161833","page","type-page","status-publish","hentry","description-off"],"acf":[],"_links":{"self":[{"href":"https:\/\/mini-bob.com\/cs\/wp-json\/wp\/v2\/pages\/161833","targetHints":{"allow":["GET"]}}],"collection":[{"href":"https:\/\/mini-bob.com\/cs\/wp-json\/wp\/v2\/pages"}],"about":[{"href":"https:\/\/mini-bob.com\/cs\/wp-json\/wp\/v2\/types\/page"}],"author":[{"embeddable":true,"href":"https:\/\/mini-bob.com\/cs\/wp-json\/wp\/v2\/users\/1"}],"replies":[{"embeddable":true,"href":"https:\/\/mini-bob.com\/cs\/wp-json\/wp\/v2\/comments?post=161833"}],"version-history":[{"count":2,"href":"https:\/\/mini-bob.com\/cs\/wp-json\/wp\/v2\/pages\/161833\/revisions"}],"predecessor-version":[{"id":161841,"href":"https:\/\/mini-bob.com\/cs\/wp-json\/wp\/v2\/pages\/161833\/revisions\/161841"}],"wp:attachment":[{"href":"https:\/\/mini-bob.com\/cs\/wp-json\/wp\/v2\/media?parent=161833"}],"curies":[{"name":"wp","href":"https:\/\/api.w.org\/{rel}","templated":true}]}}