{"id":161835,"date":"2014-05-30T13:54:44","date_gmt":"2014-05-30T11:54:44","guid":{"rendered":"https:\/\/mini-bob.com\/domov-mini-bob-originalni-zipflbob\/"},"modified":"2026-01-01T21:34:47","modified_gmt":"2026-01-01T20:34:47","slug":"domov-mini-bob-originalni-zipflbob","status":"publish","type":"page","link":"https:\/\/mini-bob.com\/cs\/","title":{"rendered":"Domov mini bob - origin\u00e1ln\u00ed zipflbob"},"content":{"rendered":"<div class=\"wpb-content-wrapper\"><p>[vc_row][vc_column][vc_custom_heading text=&#8220;origin\u00e1ln\u00ed Zipfelbob od roku 1976 - mini bob&#8220; font_container=&#8220;tag:h3|text_align:left&#8220; google_fonts=&#8220;font_family:Roboto%20Condensed%3A300%2C300italic%2Cregular%2Citalic%2C700%2C700italic|font_style:400%20regular%3A400%3Anormal&#8220;][vc_empty_space]<script>console.log(\"mini bob intro 1: No active slides found\")<\/script>\n[vc_separator][vc_custom_heading text=&#8220;Kvalita vyr\u00e1b?n\u00e1 v N?mecku od roku 1976&#8243; font_container=&#8220;tag:h3|text_align:left&#8220; google_fonts=&#8220;font_family:Roboto%20Condensed%3A300%2C300italic%2Cregular%2Citalic%2C700%2C700italic|font_style:400%20regular%3A400%3Anormal&#8220;][vc_separator][vc_column_text css=&#8220;&#8220;]Ji\u017e v\u00edce ne\u017e 50 let mini bob (v origin\u00e1le zipflbob) dokazuje, co v n?m je. Mini bob, kter\u00fd se zrodil v Rakousku v 70. letech 20. stolet\u00ed a je v alpsk\u00e9m regionu d?v?rn? zn\u00e1m\u00fd tak\u00e9 jako &#8222;zipflbob&#8220;, \u017eije dodnes d\u00edky n\u00e1pad?m a kreativit? nad\u0161en\u00e9 komunity fanou\u0161k?. Jedna v?c v\u0161ak byla v\u017edy v pop?ed\u00ed z\u00e1jmu&#8230; MAXISPASS pro mal\u00e9 i velk\u00e9 s origin\u00e1ln\u00edm mini bobem.[\/vc_column_text][vc_empty_space][\/vc_column][\/vc_row][vc_row][vc_column width=&#8220;1\/2&#8243;][vc_wp_text]<\/p>\n<p style=\"margin-left: 60px; margin-top: 47px;\"><img loading=\"lazy\" decoding=\"async\" title=\"origin\u00e1ln\u00ed Zipfelbob - zipflbob red\" src=\"\/wp-content\/uploads\/2015\/01\/mini-bob-rot-500px.png\" alt=\"mini bob - origin\u00e1ln\u00ed zipflbob Zipflbob\" width=\"500\" height=\"433\"><\/p>\n<p>[\/vc_wp_text][\/vc_column][vc_column width=&#8220;1\/2&#8243;][vc_accordion active_tab=&#8220;1&#8243; title=&#8220;mini bob - Pro? origin\u00e1l?&#8220;][vc_accordion_tab title=&#8220;\u00dasp?\u0161n\u00fd a nezm?n?n\u00fd od roku 1976&#8243;][vc_column_text]Od sv\u00e9ho vzniku v 70. letech 20. stolet\u00ed pro\u0161el mini bob mnoha v\u00fdvojov\u00fdmi f\u00e1zemi, a\u017e dos\u00e1hl dne\u0161n\u00ed podoby a dokonalosti.<\/p>\n<p>V tomto zdokonalen\u00e9m designu se mini bob vyr\u00e1b\u00ed v N?mecku ji\u017e od roku 1976 - ji\u017e tehdy se p?i v\u00fdrob? zohled?ovala funk?nost, design, odolnost a \u0161etrnost k \u017eivotn\u00edmu prost?ed\u00ed.<\/p>\n<p>Mini bob m\u00e1 ergonomick\u00fd tvar sed\u00e1tka a dokonale tvarovanou rukoje?, co\u017e zaji\u0161?uje maxim\u00e1ln\u00ed z\u00e1bavu a bezpe?nost pro mal\u00e9 i velk\u00e9.<\/p>\n<p>D\u00edky joysticku a speci\u00e1ln\u00edmu tvaru lze mini bob ?\u00eddit p?esn?, rychle a bezpe?n?. D\u00edky intuitivn\u00ed koncepci ovl\u00e1d\u00e1n\u00ed je radost jezdit od prvn\u00ed minuty. <\/p>\n<p>Ji\u017e n?kolik let p?ed zaveden\u00edm p?\u00edslu\u0161n\u00fdch pr\u00e1vn\u00edch p?edpis? se dbalo na to, aby se mini bob vyr\u00e1b?l bez ftal\u00e1t? (bez zm?k?ovadel). I dnes proch\u00e1z\u00ed mini bob nejp?\u00edsn?j\u0161\u00edmi testy materi\u00e1lu a bezpe?nosti bez jak\u00fdchkoli st\u00ed\u017enost\u00ed.[\/vc_column_text][\/vc_accordion_tab][vc_accordion_tab title=&#8220;Op?t ocen?n\u00ed Bob.art Industry Arward 2014&#8243;][vc_column_text]Nejen ve Formuli 1 je kombinace hmotnosti, rychlosti, stability, dokonal\u00e9ho vyv\u00e1\u017een\u00ed a designu z\u00e1rukou v\u00edt?zstv\u00ed!<\/p>\n<p>Na rozd\u00edl od replik na\u0161eho v\u00fdrobku je tato z\u00e1ruka sou?\u00e1st\u00ed origin\u00e1ln\u00edho mini bob od sam\u00e9ho po?\u00e1tku. To v\u00e1m zaru?uje nejvy\u0161\u0161\u00ed mo\u017enou \u00farove? bezpe?n\u00e9 z\u00e1bavy p?i j\u00edzd?.[\/vc_column_text][\/vc_accordion_tab][vc_accordion_tab title=&#8220;Vynalezeno v Rakousku - Vyrobeno v N?mecku&#8220;][vc_column_text]Od sv\u00e9ho vyn\u00e1lezu v 70. letech 20. stolet\u00ed se mini bob vyr\u00e1b\u00ed v\u00fdhradn? v N?mecku. To zaji\u0161?uje vysok\u00e9 n\u00e1roky kladen\u00e9 na tento vysoce kvalitn\u00ed v\u00fdrobek a zaru?uje u\u017eivateli maxim\u00e1ln\u00ed bezpe?nost a trvanlivost. <\/p>\n<p>Origin\u00e1ln\u00ed mini bob je kvalitn\u00ed v\u00fdrobek pro cel\u00e9 generace - ne jen nudn\u00fd plastov\u00fd bob.[\/vc_column_text][\/vc_accordion_tab][\/vc_accordion][\/vc_column][\/vc_row][vc_row][vc_column][vc_separator][\/vc_column][\/vc_row][vc_row][vc_column][vc_empty_space][vc_cta h2=&#8220;Kliknut\u00edm sem p?ejdete do internetov\u00e9ho obchodu&#8220; txt_align=&#8220;justify&#8220; shape=&#8220;square&#8220; add_button=&#8220;left&#8220; btn_title=&#8220;do mini bob shop Bob&#8220; btn_shape=&#8220;square&#8220; btn_color=&#8220;danger&#8220; btn_size=&#8220;lg&#8220; btn_align=&#8220;right&#8220; btn_i_type=&#8220;the7&#8243; btn_i_icon_the7=&#8220;icomoon-the7-font-the7-arrow-27&#8243; btn_button_block=&#8220;true&#8220; btn_add_icon=&#8220;true&#8220; btn_link=&#8220;url:https%3A%2F%2Fmini-bob.com%2Fmini-bob-zipfelbob-shop%2F|title:koupit%20mini%20bob%20%28Zipfelbob%29|&#8220;]V\u0161echny aktu\u00e1ln? dostupn\u00e9 barvy si m?\u017eete zakoupit tak\u00e9 v na\u0161em internetov\u00e9m obchod?.[\/vc_cta][vc_cta h2=&#8220;Koupit mini bob - zipfelbob?&#8220; txt_align=&#8220;justify&#8220; shape=&#8220;square&#8220; add_button=&#8220;left&#8220; btn_title=&#8220;koupit mini bob&#8220; btn_shape=&#8220;square&#8220; btn_color=&#8220;danger&#8220; btn_size=&#8220;lg&#8220; btn_i_type=&#8220;the7&#8243; btn_i_icon_the7=&#8220;icomoon-the7-font-the7-arrow-27&#8243; btn_add_icon=&#8220;true&#8220; btn_link=&#8220;url:https%3A%2F%2Fmini-bob.com%2Fcs%2Fkoupit-mini-bob-zipfelbob%2F|title:koupit%20mini%20bob%20%28Zipfelbob%29|&#8220;]Origin\u00e1ln\u00ed mini bob m?\u017eete zakoupit u certifikovan\u00fdch prodejc? zde![\/vc_cta][vc_cta h2=&#8220;St\u00e1t se obchodn\u00edm partnerem?&#8220; txt_align=&#8220;justify&#8220; shape=&#8220;square&#8220; add_button=&#8220;left&#8220; btn_title=&#8220;Dotaz na partnera&#8220; btn_shape=&#8220;square&#8220; btn_color=&#8220;danger&#8220; btn_size=&#8220;lg&#8220; btn_align=&#8220;right&#8220; btn_i_type=&#8220;the7&#8243; btn_i_icon_the7=&#8220;icomoon-the7-font-the7-arrow-27&#8243; btn_button_block=&#8220;true&#8220; btn_add_icon=&#8220;true&#8220; btn_link=&#8220;url:https%3A%2F%2Fmini-bob.com%2Fcs%2Ftesime-se-na-vasi-poptavku%2F|title:koupit%20mini%20bob%20%28Zipfelbob%29|&#8220;]M\u00e1te obchod nebo internetov\u00fd obchod a cht?li byste prod\u00e1vat origin\u00e1ln\u00ed mini bob?[\/vc_cta][\/vc_column][\/vc_row][vc_row][vc_column][vc_empty_space][vc_basic_grid post_type=&#8220;post&#8220; max_items=&#8220;10&#8243; element_width=&#8220;3&#8243; grid_id=&#8220;vc_gid:1767299586999-9e25d1ab-97fc-2&#8243;][\/vc_column][\/vc_row]<\/p>\n<\/div>","protected":false},"excerpt":{"rendered":"<p>[vc_row][vc_column][vc_custom_heading text=&#8220;origin\u00e1ln\u00ed Zipfelbob od roku 1976 - mini bob&#8220; font_container=&#8220;tag:h3|text_align:left&#8220; google_fonts=&#8220;font_family:Roboto%20Condensed%3A300%2C300italic%2Cregular%2Citalic%2C700%2C700italic|font_style:400%20regular%3A400%3Anormal&#8220;][vc_empty_space][vc_separator][vc_custom_heading text=&#8220;Kvalita vyr\u00e1b?n\u00e1 v N?mecku od roku 1976&#8243; font_container=&#8220;tag:h3|text_align:left&#8220; google_fonts=&#8220;font_family:Roboto%20Condensed%3A300%2C300italic%2Cregular%2Citalic%2C700%2C700italic|font_style:400%20regular%3A400%3Anormal&#8220;][vc_separator][vc_column_text css=&#8220;&#8220;]Ji\u017e v\u00edce ne\u017e 50 let mini bob (v origin\u00e1le zipflbob) dokazuje, co v n?m je. Mini bob, kter\u00fd se zrodil v Rakousku v 70. letech 20. stolet\u00ed a je v alpsk\u00e9m regionu d?v?rn? zn\u00e1m\u00fd tak\u00e9&hellip;<\/p>\n","protected":false},"author":1,"featured_media":0,"parent":0,"menu_order":0,"comment_status":"closed","ping_status":"closed","template":"","meta":{"_acf_changed":false,"footnotes":""},"class_list":["post-161835","page","type-page","status-publish","hentry","description-off"],"acf":[],"_links":{"self":[{"href":"https:\/\/mini-bob.com\/cs\/wp-json\/wp\/v2\/pages\/161835","targetHints":{"allow":["GET"]}}],"collection":[{"href":"https:\/\/mini-bob.com\/cs\/wp-json\/wp\/v2\/pages"}],"about":[{"href":"https:\/\/mini-bob.com\/cs\/wp-json\/wp\/v2\/types\/page"}],"author":[{"embeddable":true,"href":"https:\/\/mini-bob.com\/cs\/wp-json\/wp\/v2\/users\/1"}],"replies":[{"embeddable":true,"href":"https:\/\/mini-bob.com\/cs\/wp-json\/wp\/v2\/comments?post=161835"}],"version-history":[{"count":7,"href":"https:\/\/mini-bob.com\/cs\/wp-json\/wp\/v2\/pages\/161835\/revisions"}],"predecessor-version":[{"id":165345,"href":"https:\/\/mini-bob.com\/cs\/wp-json\/wp\/v2\/pages\/161835\/revisions\/165345"}],"wp:attachment":[{"href":"https:\/\/mini-bob.com\/cs\/wp-json\/wp\/v2\/media?parent=161835"}],"curies":[{"name":"wp","href":"https:\/\/api.w.org\/{rel}","templated":true}]}}