{"id":161854,"date":"2015-02-05T14:52:33","date_gmt":"2015-02-05T13:52:33","guid":{"rendered":"https:\/\/mini-bob.com\/puvod-mini-bobu\/"},"modified":"2025-12-01T20:06:41","modified_gmt":"2025-12-01T19:06:41","slug":"puvod-mini-bobu","status":"publish","type":"page","link":"https:\/\/mini-bob.com\/cs\/puvod-mini-bobu\/","title":{"rendered":"P?vod mini bobu"},"content":{"rendered":"<div class=\"wpb-content-wrapper\"><p>[vc_row][vc_column][vc_custom_heading text=&#8220;My\u0161lenka&#8220; google_fonts=&#8220;font_family:Roboto%20Condensed%3A300%2C300italic%2Cregular%2Citalic%2C700%2C700italic|font_style:400%20regular%3A400%3Anormal&#8220;][\/vc_column][\/vc_row][vc_row][vc_column width=&#8220;1\/2&#8243;][vc_column_text]N\u00e1pad se zrodil b?hem ly\u017ea?sk\u00fdch pr\u00e1zdnin v Kitzb\u00fchelu v 70. letech 20. stolet\u00ed.<br \/>\nJako my\u0161lenka pro pozd?j\u0161\u00ed z\u00e1kladn\u00ed tvar poslou\u017eila lopata na uhl\u00ed.<\/p>\n<p>D?ti se tehdy sj\u00ed\u017ed?ly po svahu s nejr?zn?j\u0161\u00edm vybaven\u00edm a p?i vzpom\u00ednce na vlastn\u00ed d?tstv\u00ed v Rakousku, kde se r\u00e1dy sj\u00ed\u017ed?ly po svahu s lopatou na uhl\u00ed - n\u00e1sadou vp?edu - vznikl n\u00e1pad vyrobit sportovn\u00ed vybaven\u00ed, kter\u00e9 by mohli pou\u017e\u00edvat mal\u00ed i velc\u00ed p?i zimn\u00edch sportech.[\/vc_column_text][\/vc_column][vc_column width=&#8220;1\/2&#8243;][vc_single_image image=&#8220;161859&#8243; img_size=&#8220;medium&#8220; alignment=&#8220;center&#8220;][\/vc_column][\/vc_row][vc_row][vc_column][vc_custom_heading text=&#8220;V\u00fdvoj&#8220; google_fonts=&#8220;font_family:Roboto%20Condensed%3A300%2C300italic%2Cregular%2Citalic%2C700%2C700italic|font_style:400%20regular%3A400%3Anormal&#8220;][\/vc_column][\/vc_row][vc_row][vc_column]<style type=\"text\/css\" data-type=\"the7_shortcodes-inline-css\">.gallery-shortcode.gallery-masonry-shortcode-id-f8ab2e66a08fd1795e377b21f9e7b96d figure,\n.gallery-shortcode.gallery-masonry-shortcode-id-f8ab2e66a08fd1795e377b21f9e7b96d .rollover,\n.gallery-shortcode.gallery-masonry-shortcode-id-f8ab2e66a08fd1795e377b21f9e7b96d img,\n.gallery-shortcode.gallery-masonry-shortcode-id-f8ab2e66a08fd1795e377b21f9e7b96d .gallery-rollover {\n  border-radius: 0px;\n}\n.gallery-shortcode.gallery-masonry-shortcode-id-f8ab2e66a08fd1795e377b21f9e7b96d.enable-bg-rollover .gallery-rollover {\n  background: -webkit-linear-gradient();\n  background: linear-gradient();\n}\n.gallery-shortcode.gallery-masonry-shortcode-id-f8ab2e66a08fd1795e377b21f9e7b96d.enable-bg-rollover.hover-scale figure .rollover:after {\n  background: -webkit-linear-gradient();\n  background: linear-gradient();\n}\n.gallery-shortcode.gallery-masonry-shortcode-id-f8ab2e66a08fd1795e377b21f9e7b96d .gallery-zoom-ico {\n  width: 44px;\n  height: 44px;\n  line-height: 44px;\n  border-radius: 100px;\n  margin: -22px 0 0 -22px;\n  border-width: 0px;\n  color: #ffffff;\n}\n.dt-icon-bg-on.gallery-shortcode.gallery-masonry-shortcode-id-f8ab2e66a08fd1795e377b21f9e7b96d .gallery-zoom-ico {\n  background: rgba(255,255,255,0.3);\n  box-shadow: none;\n}\n.gallery-shortcode.gallery-masonry-shortcode-id-f8ab2e66a08fd1795e377b21f9e7b96d .gallery-zoom-ico:before,\n.gallery-shortcode.gallery-masonry-shortcode-id-f8ab2e66a08fd1795e377b21f9e7b96d .gallery-zoom-ico span {\n  font-size: 32px;\n  line-height: 44px;\n  color: #ffffff;\n}\n.gallery-shortcode.gallery-masonry-shortcode-id-f8ab2e66a08fd1795e377b21f9e7b96d:not(.resize-by-browser-width) .dt-css-grid {\n  grid-row-gap: 10px;\n  grid-column-gap: 10px;\n  grid-template-columns: repeat(auto-fill,minmax(,1fr));\n}\n.gallery-shortcode.gallery-masonry-shortcode-id-f8ab2e66a08fd1795e377b21f9e7b96d:not(.resize-by-browser-width) .dt-css-grid .double-width {\n  grid-column: span 2;\n}\n.cssgridlegacy.no-cssgrid .gallery-shortcode.gallery-masonry-shortcode-id-f8ab2e66a08fd1795e377b21f9e7b96d:not(.resize-by-browser-width) .dt-css-grid,\n.no-cssgridlegacy.no-cssgrid .gallery-shortcode.gallery-masonry-shortcode-id-f8ab2e66a08fd1795e377b21f9e7b96d:not(.resize-by-browser-width) .dt-css-grid {\n  display: flex;\n  flex-flow: row wrap;\n  margin: -5px;\n}\n.cssgridlegacy.no-cssgrid .gallery-shortcode.gallery-masonry-shortcode-id-f8ab2e66a08fd1795e377b21f9e7b96d:not(.resize-by-browser-width) .dt-css-grid .wf-cell,\n.no-cssgridlegacy.no-cssgrid .gallery-shortcode.gallery-masonry-shortcode-id-f8ab2e66a08fd1795e377b21f9e7b96d:not(.resize-by-browser-width) .dt-css-grid .wf-cell {\n  flex: 1 0 ;\n  max-width: 100%;\n  padding: 5px;\n  box-sizing: border-box;\n}\n.gallery-shortcode.gallery-masonry-shortcode-id-f8ab2e66a08fd1795e377b21f9e7b96d.resize-by-browser-width .dt-css-grid {\n  grid-template-columns: repeat(4,1fr);\n  grid-template-rows: auto;\n  grid-column-gap: 10px;\n  grid-row-gap: 10px;\n}\n.gallery-shortcode.gallery-masonry-shortcode-id-f8ab2e66a08fd1795e377b21f9e7b96d.resize-by-browser-width .dt-css-grid .double-width {\n  grid-column: span 2;\n}\n.cssgridlegacy.no-cssgrid .gallery-shortcode.gallery-masonry-shortcode-id-f8ab2e66a08fd1795e377b21f9e7b96d.resize-by-browser-width .dt-css-grid {\n  margin: -5px;\n}\n.cssgridlegacy.no-cssgrid .gallery-shortcode.gallery-masonry-shortcode-id-f8ab2e66a08fd1795e377b21f9e7b96d.resize-by-browser-width .dt-css-grid .wf-cell {\n  width: 25%;\n  padding: 5px;\n}\n.cssgridlegacy.no-cssgrid .gallery-shortcode.gallery-masonry-shortcode-id-f8ab2e66a08fd1795e377b21f9e7b96d.resize-by-browser-width .dt-css-grid .wf-cell.double-width {\n  width: calc(25%) * 2;\n}\n.gallery-shortcode.gallery-masonry-shortcode-id-f8ab2e66a08fd1795e377b21f9e7b96d.resize-by-browser-width:not(.centered-layout-list):not(.content-bg-on) .dt-css-grid {\n  grid-row-gap: 10px - ;\n}\n@media screen and (max-width: 1199px) {\n  .gallery-shortcode.gallery-masonry-shortcode-id-f8ab2e66a08fd1795e377b21f9e7b96d.resize-by-browser-width .dt-css-grid {\n    grid-template-columns: repeat(4,1fr);\n  }\n  .cssgridlegacy.no-cssgrid .gallery-shortcode.gallery-masonry-shortcode-id-f8ab2e66a08fd1795e377b21f9e7b96d.resize-by-browser-width .dt-css-grid .wf-cell,\n  .no-cssgridlegacy.no-cssgrid .gallery-shortcode.gallery-masonry-shortcode-id-f8ab2e66a08fd1795e377b21f9e7b96d.resize-by-browser-width .dt-css-grid .wf-cell {\n    width: 25%;\n  }\n  .cssgridlegacy.no-cssgrid .gallery-shortcode.gallery-masonry-shortcode-id-f8ab2e66a08fd1795e377b21f9e7b96d.resize-by-browser-width .dt-css-grid .wf-cell.double-width,\n  .no-cssgridlegacy.no-cssgrid .gallery-shortcode.gallery-masonry-shortcode-id-f8ab2e66a08fd1795e377b21f9e7b96d.resize-by-browser-width .dt-css-grid .wf-cell.double-width {\n    width: calc(25%)*2;\n  }\n}\n@media screen and (max-width: 991px) {\n  .gallery-shortcode.gallery-masonry-shortcode-id-f8ab2e66a08fd1795e377b21f9e7b96d.resize-by-browser-width .dt-css-grid {\n    grid-template-columns: repeat(3,1fr);\n  }\n  .cssgridlegacy.no-cssgrid .gallery-shortcode.gallery-masonry-shortcode-id-f8ab2e66a08fd1795e377b21f9e7b96d.resize-by-browser-width .dt-css-grid .wf-cell,\n  .no-cssgridlegacy.no-cssgrid .gallery-shortcode.gallery-masonry-shortcode-id-f8ab2e66a08fd1795e377b21f9e7b96d.resize-by-browser-width .dt-css-grid .wf-cell {\n    width: 33.333333333333%;\n  }\n  .cssgridlegacy.no-cssgrid .gallery-shortcode.gallery-masonry-shortcode-id-f8ab2e66a08fd1795e377b21f9e7b96d.resize-by-browser-width .dt-css-grid .wf-cell.double-width,\n  .no-cssgridlegacy.no-cssgrid .gallery-shortcode.gallery-masonry-shortcode-id-f8ab2e66a08fd1795e377b21f9e7b96d.resize-by-browser-width .dt-css-grid .wf-cell.double-width {\n    width: calc(33.333333333333%)*2;\n  }\n}\n@media screen and (max-width: 767px) {\n  .gallery-shortcode.gallery-masonry-shortcode-id-f8ab2e66a08fd1795e377b21f9e7b96d.resize-by-browser-width .dt-css-grid {\n    grid-template-columns: repeat(2,1fr);\n  }\n  .cssgridlegacy.no-cssgrid .gallery-shortcode.gallery-masonry-shortcode-id-f8ab2e66a08fd1795e377b21f9e7b96d.resize-by-browser-width .dt-css-grid .wf-cell,\n  .no-cssgridlegacy.no-cssgrid .gallery-shortcode.gallery-masonry-shortcode-id-f8ab2e66a08fd1795e377b21f9e7b96d.resize-by-browser-width .dt-css-grid .wf-cell {\n    width: 50%;\n  }\n  .cssgridlegacy.no-cssgrid .gallery-shortcode.gallery-masonry-shortcode-id-f8ab2e66a08fd1795e377b21f9e7b96d.resize-by-browser-width .dt-css-grid .wf-cell.double-width,\n  .no-cssgridlegacy.no-cssgrid .gallery-shortcode.gallery-masonry-shortcode-id-f8ab2e66a08fd1795e377b21f9e7b96d.resize-by-browser-width .dt-css-grid .wf-cell.double-width {\n    width: calc(50%)*2;\n  }\n}<\/style><div class=\"gallery-shortcode dt-gallery-container gallery-masonry-shortcode-id-f8ab2e66a08fd1795e377b21f9e7b96d mode-masonry jquery-filter dt-icon-bg-off quick-scale-img enable-bg-rollover resize-by-browser-width  hover-fade loading-effect-fade-in description-on-hover\" data-padding=\"5px\" data-cur-page=\"1\" data-post-limit=\"-1\" data-pagination-mode=\"none\" data-desktop-columns-num=\"4\" data-v-tablet-columns-num=\"3\" data-h-tablet-columns-num=\"4\" data-phone-columns-num=\"2\" data-width=\"0px\" data-columns=\"0\"><div class=\"iso-container\" ><div class=\"wf-cell iso-item\" data-post-id=\"162268\" data-date=\"2025-12-01T20:10:42+01:00\" data-name=\"1980 \u017elut\u00fd Zipfelbob - mini bob \u017elut\u00fd s malovan\u00fdm &quot;Zipfl&quot; - prototyp\"><figure class=\"post visible\"><a href=\"https:\/\/mini-bob.com\/wp-content\/uploads\/2015\/02\/IMG_2551-1024.jpg\" class=\"rollover dt-pswp-item layzr-bg\" data-large_image_width=\"1024\" data-large_image_height=\"683\" data-dt-img-description=\"\" title=\"1980 \u017elut\u00fd Zipfelbob - mini bob \u017elut\u00fd s malovan\u00fdm &#8222;Zipfl&#8220; - prototyp\"><img fetchpriority=\"high\" decoding=\"async\" class=\"preload-me iso-lazy-load aspect\" src=\"data:image\/svg+xml,%3Csvg%20xmlns%3D&#39;http%3A%2F%2Fwww.w3.org%2F2000%2Fsvg&#39;%20viewBox%3D&#39;0%200%20379%20379&#39;%2F%3E\" data-src=\"https:\/\/mini-bob.com\/wp-content\/uploads\/2015\/02\/IMG_2551-1024-379x379.jpg\" data-srcset=\"https:\/\/mini-bob.com\/wp-content\/uploads\/2015\/02\/IMG_2551-1024-379x379.jpg 379w, https:\/\/mini-bob.com\/wp-content\/uploads\/2015\/02\/IMG_2551-1024-569x569.jpg 569w\" loading=\"eager\" style=\"--ratio: 379 \/ 379\" sizes=\"(max-width: 379px) 100vw, 379px\" alt=\"Prototyp Zipfybob 1970\" width=\"379\" height=\"379\"  \/><span class=\"gallery-rollover\"><span class=\"gallery-zoom-ico icomoon-the7-font-the7-zoom-06\"><span><\/span><\/span><\/span><\/a><\/figure><\/div><div class=\"wf-cell iso-item\" data-post-id=\"162534\" data-date=\"2015-02-15T18:57:46+01:00\" data-name=\"Nosi? v\u00fdvoje zipflbob 1970\"><figure class=\"post visible\"><a href=\"https:\/\/mini-bob.com\/wp-content\/uploads\/2015\/02\/IMG_2537-1024.jpg\" class=\"rollover dt-pswp-item layzr-bg\" data-large_image_width=\"1024\" data-large_image_height=\"683\" data-dt-img-description=\"\" title=\"Nosi? v\u00fdvoje zipflbob 1970\"><img decoding=\"async\" class=\"preload-me iso-lazy-load aspect\" src=\"data:image\/svg+xml,%3Csvg%20xmlns%3D&#39;http%3A%2F%2Fwww.w3.org%2F2000%2Fsvg&#39;%20viewBox%3D&#39;0%200%20379%20379&#39;%2F%3E\" data-src=\"https:\/\/mini-bob.com\/wp-content\/uploads\/2015\/02\/IMG_2537-1024-379x379.jpg\" data-srcset=\"https:\/\/mini-bob.com\/wp-content\/uploads\/2015\/02\/IMG_2537-1024-379x379.jpg 379w, https:\/\/mini-bob.com\/wp-content\/uploads\/2015\/02\/IMG_2537-1024-569x569.jpg 569w\" loading=\"eager\" style=\"--ratio: 379 \/ 379\" sizes=\"(max-width: 379px) 100vw, 379px\" alt=\"Prototyp zipflbob 1970\" width=\"379\" height=\"379\"  \/><span class=\"gallery-rollover\"><span class=\"gallery-zoom-ico icomoon-the7-font-the7-zoom-06\"><span><\/span><\/span><\/span><\/a><\/figure><\/div><div class=\"wf-cell iso-item\" data-post-id=\"162263\" data-date=\"2025-12-01T20:10:42+01:00\" data-name=\"zipflbob 1970 modr\u00e1\"><figure class=\"post visible\"><a href=\"https:\/\/mini-bob.com\/wp-content\/uploads\/2015\/02\/IMG_2812-1024.jpg\" class=\"rollover dt-pswp-item layzr-bg\" data-large_image_width=\"1024\" data-large_image_height=\"683\" data-dt-img-description=\"\" title=\"zipflbob 1970 modr\u00e1\"><img decoding=\"async\" class=\"preload-me iso-lazy-load aspect\" src=\"data:image\/svg+xml,%3Csvg%20xmlns%3D&#39;http%3A%2F%2Fwww.w3.org%2F2000%2Fsvg&#39;%20viewBox%3D&#39;0%200%20379%20379&#39;%2F%3E\" data-src=\"https:\/\/mini-bob.com\/wp-content\/uploads\/2015\/02\/IMG_2812-1024-379x379.jpg\" data-srcset=\"https:\/\/mini-bob.com\/wp-content\/uploads\/2015\/02\/IMG_2812-1024-379x379.jpg 379w, https:\/\/mini-bob.com\/wp-content\/uploads\/2015\/02\/IMG_2812-1024-569x569.jpg 569w\" loading=\"eager\" style=\"--ratio: 379 \/ 379\" sizes=\"(max-width: 379px) 100vw, 379px\" alt=\"Zipfybob zipflbob prototyp 1970\" width=\"379\" height=\"379\"  \/><span class=\"gallery-rollover\"><span class=\"gallery-zoom-ico icomoon-the7-font-the7-zoom-06\"><span><\/span><\/span><\/span><\/a><\/figure><\/div><\/div><!-- iso-container|iso-grid --><\/div>[vc_column_text]V\u00fdvojov\u00e9 vozidlo 1975[\/vc_column_text][\/vc_column][\/vc_row][vc_row][vc_column width=&#8220;1\/2&#8243;][vc_column_text]Po mnoha \u00favah\u00e1ch a n\u00e1vrz\u00edch mo\u017en\u00e9ho tvaru bylo t?eba nejprve naj\u00edt materi\u00e1l, kter\u00fd by krom? dobr\u00fdch kluzn\u00fdch vlastnost\u00ed na sn?hu tak\u00e9 snadno odol\u00e1val teplot\u00e1m od minus 40 stup?? do plus 40 stup??.<\/p>\n<p>Hlavn\u00edm c\u00edlem bylo vyvinout sportovn\u00ed vybaven\u00ed, kter\u00e9 by bylo stejn? vhodn\u00e9 pro d?ti jako pro dosp?l\u00e9. Budouc\u00ed mini bob musel b\u00fdt robustn\u00ed a odoln\u00fd, ale z\u00e1rove? lehk\u00fd a snadno ovladateln\u00fd. <\/p>\n<p>Formy pro prototypy tehdy vyr\u00e1b?l ?ezb\u00e1? z bavorsk\u00e9ho Oberammergau. Proto\u017ee v 70. letech 20. stolet\u00ed byl &#8222;plast&#8220; v t\u00e9 dob? modern\u00edm materi\u00e1lem, hodn? se s n\u00edm experimentovalo - jen n?kolik m\u00e1lo firem dok\u00e1zalo v t\u00e9 dob? tak propracovanou formu dokonale vyrobit. S\u00e1?ky se tehdy vyr\u00e1b?ly v\u00fdhradn? ze d?eva nebo kovu - mini bob se m?l st\u00e1t p?edch?dcem v\u0161ech plastov\u00fdch s\u00e1n?k a plastov\u00fdch bob?&#8230; Po mnoha zkou\u0161k\u00e1ch materi\u00e1lu a zku\u0161ebn\u00edch j\u00edzd\u00e1ch jsme nakonec dosp?li k dne\u0161n\u00edmu plastov\u00e9mu procesu HD-PE.  <\/p>\n<p>Od roku 1976 vyr\u00e1b\u00ed a prod\u00e1v\u00e1 mini bob v t\u00e9m?? nezm?n?n\u00e9 podob? v N?mecku spole?nost Loeger GmbH. Mini bob je tak\u00e9 d?v?rn? zn\u00e1m\u00fd (v z\u00e1vislosti na regionu) jako &#8222;zipflbob&#8220;, &#8222;Zipfelbob&#8220; nebo &#8222;Zipfybob&#8220; a od t\u00e9 doby t?\u0161\u00ed cel\u00e9 generace.[\/vc_column_text][\/vc_column][vc_column width=&#8220;1\/2&#8243;][vc_single_image image=&#8220;161858&#8243; img_size=&#8220;large&#8220;][vc_column_text]Siegmund Loeger a mini bob[\/vc_column_text][\/vc_column][\/vc_row][vc_row][vc_column][vc_custom_heading text=&#8220;P?\u00edb?h&#8220; google_fonts=&#8220;font_family:Roboto%20Condensed%3A300%2C300italic%2Cregular%2Citalic%2C700%2C700italic|font_style:400%20regular%3A400%3Anormal&#8220;][vc_column_text]Jak tento 40 let trvaj\u00edc\u00ed \u00fasp?\u0161n\u00fd p?\u00edb?h pokra?oval, se dozv\u00edte v sekci Historie.[\/vc_column_text][\/vc_column][\/vc_row][vc_row][vc_column]<style type=\"text\/css\" data-type=\"the7_shortcodes-inline-css\">#default-btn-4187ac0d4045c9644b58dffd066ffbcf.ico-right-side > i {\n  margin-right: 0px;\n  margin-left: 8px;\n}\n#default-btn-4187ac0d4045c9644b58dffd066ffbcf > i {\n  margin-right: 8px;\n}<\/style><a href=\"https:\/\/mini-bob.com\/geschichte\/\" class=\"default-btn-shortcode dt-btn dt-btn-l pulse animate-element animation-builder link-hover-off btn-inline-left \" id=\"default-btn-4187ac0d4045c9644b58dffd066ffbcf\" title=\"Historie\"><span>HISTORIE MINI BOBA<\/span><\/a>[\/vc_column][\/vc_row]<\/p>\n<\/div>","protected":false},"excerpt":{"rendered":"<p>[vc_row][vc_column][vc_custom_heading text=&#8220;My\u0161lenka&#8220; google_fonts=&#8220;font_family:Roboto%20Condensed%3A300%2C300italic%2Cregular%2Citalic%2C700%2C700italic|font_style:400%20regular%3A400%3Anormal&#8220;][\/vc_column][\/vc_row][vc_row][vc_column width=&#8220;1\/2&#8243;][vc_column_text]N\u00e1pad se zrodil b?hem ly\u017ea?sk\u00fdch pr\u00e1zdnin v Kitzb\u00fchelu v 70. letech 20. stolet\u00ed. Jako my\u0161lenka pro pozd?j\u0161\u00ed z\u00e1kladn\u00ed tvar poslou\u017eila lopata na uhl\u00ed. D?ti se tehdy sj\u00ed\u017ed?ly po svahu s nejr?zn?j\u0161\u00edm vybaven\u00edm a p?i vzpom\u00ednce na vlastn\u00ed d?tstv\u00ed v Rakousku, kde se r\u00e1dy sj\u00ed\u017ed?ly po svahu s lopatou na uhl\u00ed - n\u00e1sadou&hellip;<\/p>\n","protected":false},"author":1,"featured_media":0,"parent":0,"menu_order":0,"comment_status":"closed","ping_status":"closed","template":"","meta":{"_acf_changed":false,"footnotes":""},"class_list":["post-161854","page","type-page","status-publish","hentry","description-off"],"acf":[],"_links":{"self":[{"href":"https:\/\/mini-bob.com\/cs\/wp-json\/wp\/v2\/pages\/161854","targetHints":{"allow":["GET"]}}],"collection":[{"href":"https:\/\/mini-bob.com\/cs\/wp-json\/wp\/v2\/pages"}],"about":[{"href":"https:\/\/mini-bob.com\/cs\/wp-json\/wp\/v2\/types\/page"}],"author":[{"embeddable":true,"href":"https:\/\/mini-bob.com\/cs\/wp-json\/wp\/v2\/users\/1"}],"replies":[{"embeddable":true,"href":"https:\/\/mini-bob.com\/cs\/wp-json\/wp\/v2\/comments?post=161854"}],"version-history":[{"count":7,"href":"https:\/\/mini-bob.com\/cs\/wp-json\/wp\/v2\/pages\/161854\/revisions"}],"predecessor-version":[{"id":161885,"href":"https:\/\/mini-bob.com\/cs\/wp-json\/wp\/v2\/pages\/161854\/revisions\/161885"}],"wp:attachment":[{"href":"https:\/\/mini-bob.com\/cs\/wp-json\/wp\/v2\/media?parent=161854"}],"curies":[{"name":"wp","href":"https:\/\/api.w.org\/{rel}","templated":true}]}}