{"id":161856,"date":"2015-02-05T15:21:38","date_gmt":"2015-02-05T14:21:38","guid":{"rendered":"https:\/\/mini-bob.com\/pokyny-pro-ridice\/"},"modified":"2025-12-01T20:06:55","modified_gmt":"2025-12-01T19:06:55","slug":"pokyny-pro-ridice","status":"publish","type":"page","link":"https:\/\/mini-bob.com\/cs\/pokyny-pro-ridice\/","title":{"rendered":"Pokyny pro ?idi?e"},"content":{"rendered":"<div class=\"wpb-content-wrapper\"><p>[vc_row][vc_column][vc_custom_heading text=&#8220;Pokyny k ?\u00edzen\u00ed Zipfelbob&#8220; google_fonts=&#8220;font_family:Roboto%20Condensed%3A300%2C300italic%2Cregular%2Citalic%2C700%2C700italic|font_style:400%20regular%3A400%3Anormal&#8220;][vc_column_text]B?hem chvilky se nau?\u00edte, jak bezpe?n? zvl\u00e1dnout mini bob!<br \/>\nVyzkou\u0161ejte a nau?te se techniku j\u00edzdy nejprve na ter\u00e9nu s m\u00edrn\u00fdm sklonem, ne\u017e za?nete pou\u017e\u00edvat mini bob na prudk\u00fdch svaz\u00edch - pomozte d?tem nau?it se to![\/vc_column_text][\/vc_column][\/vc_row][vc_row][vc_column width=&#8220;1\/2&#8243;][vc_single_image image=&#8220;161864&#8243; img_size=&#8220;large&#8220;][\/vc_column][vc_column width=&#8220;1\/2&#8243;][vc_single_image image=&#8220;161865&#8243; img_size=&#8220;large&#8220;][\/vc_column][\/vc_row][vc_row][vc_column][vc_column_text]<strong>Pro za?\u00ednaj\u00edc\u00ed ?idi?e:<\/strong><\/p>\n<p>Brzd?n\u00ed: P?it\u00e1hn?te ?\u00eddic\u00ed p\u00e1ku sm?rem k t?lu (pou\u017e\u00edv\u00e1 se pouze zadn\u00ed hrana mini bobu) a udr\u017eujte horn\u00ed ?\u00e1st t?la ve vzp?\u00edmen\u00e9 poloze. K brzd?n\u00ed nepou\u017e\u00edvejte nohy - ty slou\u017e\u00ed pouze ke stabilit?! <\/p>\n<p>?\u00edzen\u00ed: P?esu?te horn\u00ed ?\u00e1st t?la doleva nebo doprava podle sm?ru, kter\u00fdm chcete ?\u00eddit, a v\u017edy pevn? dr\u017ete rukoje?!<\/p>\n<p>J\u00edzda: Sedn?te si pohodln? na mini bob a dr\u017ete ?\u00edd\u00edtka ob?ma rukama. Nohy by m?ly v\u017edy spo?\u00edvat na op?rn\u00e9 plo\u0161e - b?hem j\u00edzdy by se nohy nem?ly dot\u00fdkat zem?. <\/p>\n<p><strong>Tipy pro profesion\u00e1ly:<\/strong><\/p>\n<p>Rozjezd \/ rovn\u00e9 \u00faseky: Zkontrolujte, zda sed\u00edte bezpe?n? na mini bobu, a sev?ete ?\u00eddic\u00ed ty? mezi nohama. Nyn\u00ed m?\u017eete zajistit pohon ob?ma rukama. <\/p>\n<p>?\u00edzen\u00ed: Pro ?\u00edzen\u00ed v ostr\u00fdch zat\u00e1?k\u00e1ch m?\u017eete tak\u00e9 uvolnit ruku na vnit?n\u00ed stran? zat\u00e1?ky z rukojeti, nat\u00e1hnout ji do strany a lehce s\u00e1hnout do sn?hu. (Ujist?te se, \u017ee m\u00e1te vhodn\u00e9 rukavice a d\u00e1v\u00e1te pozor na mo\u017en\u00e1 nebezpe?\u00ed, jako jsou kameny ve sn?hu). <\/p>\n<p>Rychlost: Profesion\u00e1lov\u00e9 sni\u017euj\u00ed odpor vzduchu t\u00edm, \u017ee horn\u00ed ?\u00e1st t?la posunou co nejv\u00edce dozadu a nat\u00e1hnou nohy (nepou\u0161t?jte pros\u00edm rukoje?!) - t\u00edm se optimalizuje rychlost j\u00edzdy.<\/p>\n<p><strong>Upozorn?n\u00ed: nohy<\/strong> a chodidla nejsou pro j\u00edzdn\u00ed man\u00e9vry nutn\u00e9. Zaji\u0161?uj\u00ed pouze stabilitu! P?e?t?te si tak\u00e9 na\u0161e pokyny k oble?en\u00ed v <a title=\"?ASTO KLADEN\u00c9 DOTAZY\" href=\"https:\/\/mini-bob.com\/cs\/casto-kladene-dotazy\/\">?asto kladen\u00fdch dotazech.<\/a> Ka\u017ed\u00fd m\u00e1 mini bob bezpe?n? pod kontrolou, proto\u017ee poslouch\u00e1 sv\u00e9ho jezdce, a? u\u017e je mlad\u00fd nebo star\u00fd, &#8222;na slovo&#8220;. Posa?te se na n?j a vyrazte.[\/vc_column_text][\/vc_column][\/vc_row][vc_row][vc_column][vc_custom_heading text=&#8220;Historick\u00e9 pokyny k ?\u00edzen\u00ed z roku 1970&#8243; google_fonts=&#8220;font_family:Roboto%20Condensed%3A300%2C300italic%2Cregular%2Citalic%2C700%2C700italic|font_style:400%20regular%3A400%3Anormal&#8220;][vc_single_image image=&#8220;161866&#8243; img_size=&#8220;large&#8220;][\/vc_column][\/vc_row]<\/p>\n<\/div>","protected":false},"excerpt":{"rendered":"<p>[vc_row][vc_column][vc_custom_heading text=&#8220;Pokyny k ?\u00edzen\u00ed Zipfelbob&#8220; google_fonts=&#8220;font_family:Roboto%20Condensed%3A300%2C300italic%2Cregular%2Citalic%2C700%2C700italic|font_style:400%20regular%3A400%3Anormal&#8220;][vc_column_text]B?hem chvilky se nau?\u00edte, jak bezpe?n? zvl\u00e1dnout mini bob! Vyzkou\u0161ejte a nau?te se techniku j\u00edzdy nejprve na ter\u00e9nu s m\u00edrn\u00fdm sklonem, ne\u017e za?nete pou\u017e\u00edvat mini bob na prudk\u00fdch svaz\u00edch - pomozte d?tem nau?it se to![\/vc_column_text][\/vc_column][\/vc_row][vc_row][vc_column width=&#8220;1\/2&#8243;][vc_single_image image=&#8220;161864&#8243; img_size=&#8220;large&#8220;][\/vc_column][vc_column width=&#8220;1\/2&#8243;][vc_single_image image=&#8220;161865&#8243; img_size=&#8220;large&#8220;][\/vc_column][\/vc_row][vc_row][vc_column][vc_column_text]Pro za?\u00ednaj\u00edc\u00ed ?idi?e: Brzd?n\u00ed: P?it\u00e1hn?te ?\u00eddic\u00ed p\u00e1ku sm?rem k t?lu&hellip;<\/p>\n","protected":false},"author":1,"featured_media":0,"parent":0,"menu_order":0,"comment_status":"closed","ping_status":"closed","template":"","meta":{"_acf_changed":false,"footnotes":""},"class_list":["post-161856","page","type-page","status-publish","hentry","description-off"],"acf":[],"_links":{"self":[{"href":"https:\/\/mini-bob.com\/cs\/wp-json\/wp\/v2\/pages\/161856","targetHints":{"allow":["GET"]}}],"collection":[{"href":"https:\/\/mini-bob.com\/cs\/wp-json\/wp\/v2\/pages"}],"about":[{"href":"https:\/\/mini-bob.com\/cs\/wp-json\/wp\/v2\/types\/page"}],"author":[{"embeddable":true,"href":"https:\/\/mini-bob.com\/cs\/wp-json\/wp\/v2\/users\/1"}],"replies":[{"embeddable":true,"href":"https:\/\/mini-bob.com\/cs\/wp-json\/wp\/v2\/comments?post=161856"}],"version-history":[{"count":7,"href":"https:\/\/mini-bob.com\/cs\/wp-json\/wp\/v2\/pages\/161856\/revisions"}],"predecessor-version":[{"id":161907,"href":"https:\/\/mini-bob.com\/cs\/wp-json\/wp\/v2\/pages\/161856\/revisions\/161907"}],"wp:attachment":[{"href":"https:\/\/mini-bob.com\/cs\/wp-json\/wp\/v2\/media?parent=161856"}],"curies":[{"name":"wp","href":"https:\/\/api.w.org\/{rel}","templated":true}]}}