{"id":161872,"date":"2014-03-25T15:34:11","date_gmt":"2014-03-25T14:34:11","guid":{"rendered":"https:\/\/mini-bob.com\/casto-kladene-dotazy\/"},"modified":"2025-12-01T20:06:39","modified_gmt":"2025-12-01T19:06:39","slug":"casto-kladene-dotazy","status":"publish","type":"page","link":"https:\/\/mini-bob.com\/cs\/casto-kladene-dotazy\/","title":{"rendered":"?ASTO KLADEN\u00c9 DOTAZY"},"content":{"rendered":"<div class=\"wpb-content-wrapper\"><p>[vc_row][vc_column][vc_custom_heading text=&#8220;M\u00e1te ot\u00e1zky? Odpov\u00edd\u00e1me na n?! &#8220; font_container=&#8220;tag:h4|text_align:left&#8220; google_fonts=&#8220;font_family:Roboto%20Condensed%3A300%2C300italic%2Cregular%2Citalic%2C700%2C700italic|font_style:400%20regular%3A400%3Anormal&#8220;][vc_column_text]Zde se pokus\u00edme zodpov?d?t v\u0161echny va\u0161e ot\u00e1zky t\u00fdkaj\u00edc\u00ed se mini bobu - pokud st\u00e1le pot?ebujete v\u00edce informac\u00ed, nev\u00e1hejte n\u00e1s kontaktovat![\/vc_column_text][\/vc_column][\/vc_row][vc_row][vc_column][vc_toggle title=&#8220;Jak pozn\u00e1m p?vodn\u00ed mini bob?&#8220; style=&#8220;round&#8220;]Origin\u00e1ln\u00ed mini bob pozn\u00e1te podle nezam?niteln\u00e9ho chr\u00e1n?n\u00e9ho loga mini bob vyra\u017een\u00e9ho na p?edn\u00ed stran?.<\/p>\n<p><img decoding=\"async\" src=\"\/wp-content\/uploads\/2015\/02\/MaxispassmitMinibob.gif\" alt=\"\" width=\"300\">[\/vc_toggle][vc_toggle title=&#8220;Co je to zipflbob?&#8220; style=&#8220;round&#8220;]Mini bob je tak\u00e9 zn\u00e1m\u00fd (v z\u00e1vislosti na n\u00e1?e?\u00ed) jako &#8222;zipflbob&#8220;, &#8222;Zipfelbob&#8220;, &#8222;Zipfibob&#8220; nebo &#8222;Zipfybob&#8220;. Tento term\u00edn vznikl v tyrolsk\u00fdch hor\u00e1ch d\u00edky jeho jedine?n\u00e9mu tvaru. <\/p>\n<p>Tak\u017ee pouze origin\u00e1ln\u00ed mini bob je tak\u00e9 skute?n\u00fd zipflbob![\/vc_toggle][vc_toggle title=&#8220;Jak dlouho je mini bob na trhu?&#8220; style=&#8220;round&#8220;]N\u00e1pad se zrodil b?hem ly\u017ea?sk\u00e9 dovolen\u00e9 v Kitzb\u00fchelu v 70. letech 20. stolet\u00ed.<br \/>\nMini bob vyr\u00e1b\u00ed a prod\u00e1v\u00e1 v t\u00e9m?? nezm?n?n\u00e9 podob? v N?mecku spole?nost Loeger GmbH od roku 1976.[\/vc_toggle][vc_toggle title=&#8220;Kdo vynalezl mini bob?&#8220; style=&#8220;round&#8220;]Mini bob vyvinul a patentoval Siegmund Loeger a Johann Uttenthaler v 70. letech 20. stolet\u00ed. Po smrti Johanna Uttenthalera byla patentov\u00e1 pr\u00e1va p?evedena na spole?nost Loeger GmbH, kter\u00e1 je od t\u00e9 doby v\u00fdhradn\u00edm v\u00fdrobcem a distributorem mini bob?.[\/vc_toggle][vc_toggle title=&#8220;Kde se mini bob vyr\u00e1b\u00ed?&#8220; style=&#8220;round&#8220;]Mini bob se v N?mecku vyr\u00e1b\u00ed od roku 1976. Spolupracujeme s mal\u00fdmi a st?edn\u00edmi rodinn\u00fdmi podniky.[\/vc_toggle][vc_toggle title=&#8220;M?j mini bob m\u00e1 v sedadle dv? d\u00edry. Je to norm\u00e1ln\u00ed? &#8220; style=&#8220;round&#8220;]P?i v\u00fdrob? mini boba je takzvan\u00fd &#8222;potah sedadla&#8220; ve vyfukovac\u00ed form? zav?\u0161en\/p?ipevn?n ke dv?ma &#8222;hrot?m&#8220;. Tyto dva hroty zanech\u00e1vaj\u00ed na povrchu sedadla charakteristick\u00e9 z\u00e1?ezy (viz obr\u00e1zek). Nejedn\u00e1 se o otvory, ale pouze o d?lek v materi\u00e1lu, kter\u00fd nem\u00e1 \u017e\u00e1dn\u00fd vliv na funkci a bezpe?nost mini bob.  <\/p>\n<p>&nbsp;<\/p>\n<p><img loading=\"lazy\" decoding=\"async\" src=\"\/wp-content\/uploads\/2017\/01\/Loch-in-mini-bob-zipflbob.jpg\" alt=\"Otvory v mini bobu - otvory pro sedadla\" width=\"350\" height=\"382\">[\/vc_toggle][vc_toggle title=&#8220;Je mini bob zdravotn? nez\u00e1vadn\u00fd?&#8220; style=&#8220;round&#8220;]Od sv\u00e9ho vyn\u00e1lezu v 70. letech 20. stolet\u00ed byl mini bob navr\u017een tak\u00e9 jako d?tsk\u00e9 s\u00e1?ky. Od sam\u00e9ho po?\u00e1tku byla p?i v\u00fdvoji a v\u00fdb?ru materi\u00e1l? v?nov\u00e1na pozornost sn\u00e1\u0161enlivosti s poko\u017ekou. Nap?\u00edklad p?vodn\u00ed mini bob nepou\u017e\u00edv\u00e1 \u017e\u00e1dn\u00e1 zm?k?ovadla (neobsahuje ftal\u00e1ty).  <\/p>\n<p>Pou\u017eit\u00fd materi\u00e1l HD PE je schv\u00e1len\u00fd pro potraviny, bezpe?n\u00fd pro potraviny a fyziologicky nez\u00e1vadn\u00fd. Materi\u00e1l HD PE se pou\u017e\u00edv\u00e1 nap?\u00edklad tak\u00e9 na prk\u00e9nka na kr\u00e1jen\u00ed v kuchyni a na boxy na skladov\u00e1n\u00ed potravin, kter\u00e9 p?ich\u00e1zej\u00ed do styku s potravinami.[\/vc_toggle][vc_toggle title=&#8220;Lze mini bob recyklovat?&#8220; style=&#8220;round&#8220;]Mini bob je vyroben z vysoce pevn\u00e9ho a odoln\u00e9ho materi\u00e1lu HDPE, co\u017e je zkratka pro polyethylen s vysokou hustotou. HD-PE m\u00e1 vysokou hou\u017eevnatost a tuhost (i p?i velmi n\u00edzk\u00fdch teplot\u00e1ch) a velmi dobrou chemickou odolnost. Origin\u00e1ln\u00ed mini bob je v\u00fdrobek pro cel\u00e9 generace a je navr\u017een pro dlouhou \u017eivotnost.  <\/p>\n<p>Pokud v\u0161ak pot?ebujete mini bob zlikvidovat, nen\u00ed to probl\u00e9m. HD-PE se skl\u00e1d\u00e1 v\u00fdhradn? z uhl\u00edku a vod\u00edku, a proto je jeho likvidace velmi \u0161etrn\u00e1 k \u017eivotn\u00edmu prost?ed\u00ed. Jednodu\u0161e odneste mini bob do nejbli\u017e\u0161\u00edho recykla?n\u00edho centra, aby mohl b\u00fdt spr\u00e1vn? recyklov\u00e1n.[\/vc_toggle][vc_toggle title=&#8220;Po\u0161kozuje mini bob sjezdovku\/povrch?&#8220; style=&#8220;round&#8220;]D\u00edky ploch\u00e9mu proveden\u00ed spodn\u00ed ?\u00e1sti je mini bob obzvl\u00e1\u0161t? \u0161etrn\u00fd na s\u00e1?ka?sk\u00fdch a ly\u017ea?sk\u00fdch svaz\u00edch. Na rozd\u00edl od klasick\u00fdch d?ev?n\u00fdch s\u00e1n?k s pojezdov\u00fdmi p\u00e1sy mini bob dokonce povrch &#8222;v\u00e1lcuje&#8220;, m\u00edsto aby ho ni?il. Mini bob proto nemaj\u00ed \u017e\u00e1dn\u00fd negativn\u00ed vliv na vegetaci ani na upravenou sjezdovku.[\/vc_toggle][vc_toggle title=&#8220;Od kolika let mohu jezdit na mini bobu?&#8220; style=&#8220;round&#8220;]Mini bob je vhodn\u00fd pro v\u0161echny ve v?ku od 3 do 99 let. Z\u00e1bava na mini bobech nezn\u00e1 v?kov\u00e9 omezen\u00ed. D\u00edky n\u00edzk\u00e9 v\u00fd\u0161ce sedadla se mal\u00e9 plastov\u00e9 s\u00e1?ky t\u00e9m?? nep?evr\u00e1t\u00ed, a proto na nich mohou jezdit i ty nejmen\u0161\u00ed d?ti. N\u00edzk\u00e1 hmotnost pouh\u00fdch cca 1,6 kg z n?j d?l\u00e1 jedny z nejleh?\u00edch plastov\u00fdch s\u00e1n?k na trhu, tak\u017ee i ti nejmen\u0161\u00ed p?\u00edznivci mini bob? ho mohou bez n\u00e1mahy vyt\u00e1hnout na svah na prov\u00e1zku.[\/vc_toggle][vc_toggle title=&#8220;Do jak\u00e9 hmotnosti mohu jezdit na mini bob?&#8220; style=&#8220;round&#8220;]D\u00edky nerozbitn\u00e9mu plastov\u00e9mu materi\u00e1lu je mini bob velmi odoln\u00fd a lze na n?m jezdit a\u017e do hmotnosti 100 kg.[\/vc_toggle][vc_toggle title=&#8220;Kde si mohu koupit mini bob?&#8220; style=&#8220;round&#8220;]Mini bob je k dost\u00e1n\u00ed u dob?e z\u00e1soben\u00fdch prodejc? sportovn\u00edch pot?eb a hra?ek a tak\u00e9 na mnoha internetov\u00fdch port\u00e1lech.<br \/>\nV\u0161echny<a href=\"https:\/\/mini-bob.com\/cs\/koupit-mini-bob-zipfelbob\/\">n\u00e1m zn\u00e1m\u00e9 prodejce najdetena &#8222;koupit<\/a> mini bob&#8220;.<\/p>\n<p><a href=\"https:\/\/mini-bob.com\/mini-bob-zipfelbob-shop\/\">A samoz?ejm?<\/a> v na\u0161em obchod?![\/vc_toggle][vc_toggle title=&#8220;V jak\u00fdch barv\u00e1ch je mini bob k dispozici?&#8220; style=&#8220;round&#8220;]Mini bob je v sou?asn\u00e9 dob? k dispozici v ?erven\u00e9, r?\u017eov\u00e9 a modr\u00e9 barv?.<\/p>\n<p>?erven\u00e1 a \u017elut\u00e1 barva se objevuj\u00ed ji\u017e od vyn\u00e1lezu mini boba v 70. letech 20. stolet\u00ed. Po kr\u00e1tkou dobu byl mini bob k dispozici tak\u00e9 v m\u00f3dn\u00edch barv\u00e1ch neonov? zelen\u00e9, neonov? r?\u017eov\u00e9 a ?ern\u00e9 se \u017elut\u00fdm sedlem. <\/p>\n<p>V roce 2010 se objevil oran\u017eov\u00fd zipflbob, kter\u00fd byl v roce 2014 nahrazen &#8222;nov\u00fdm&#8220; \u017elut\u00fdm zipflbobem. V roce 2013 byl mini bob k dispozici v bronzov? metalick\u00e9, zelen? metalick\u00e9 a perle?ov? b\u00edl\u00e9 speci\u00e1ln\u00ed edici v omezen\u00e9m po?tu kus?. V roce 2015 byl mal\u00fd plastov\u00fd bob k dispozici tak\u00e9 ve fialov\u00e9 barv?. Posledn\u00ed speci\u00e1ln\u00ed &#8222;r?\u017eov\u00e1&#8220; barva byla vyrobena v roce 2020.   <\/p>\n<p>Aby to nikdy nebyla nuda, u\u017e pl\u00e1nujeme novou speci\u00e1ln\u00ed barvu!<\/p>\n<p>Vyplat\u00ed se tedy pravideln? nav\u0161t?vovat na\u0161e webov\u00e9 str\u00e1nky :-)[\/vc_toggle][vc_toggle title=&#8220;Mohu si tak\u00e9 koupit mini bob v jednotliv\u00fdch barv\u00e1ch?&#8220; style=&#8220;round&#8220;]Obecn? je mo\u017en\u00e9 vyrobit mini bob v jednotliv\u00fdch barv\u00e1ch, ale je to mo\u017en\u00e9 pouze od ur?it\u00e9ho mno\u017estv\u00ed. Pro firmy a v\u00fdznamn\u00e9 z\u00e1kazn\u00edky m?\u017eeme nap?\u00edklad nab\u00eddnout mini bob v jednotliv\u00fdch barevn\u00fdch kombinac\u00edch jako reklamn\u00ed p?edm?t (viz &#8222;Reference&#8220;)<a href=\"https:\/\/mini-bob.com\/cs\/reklamni-materialy\/\">.<\/a> <\/p>\n<p>T?\u0161\u00edme se na va\u0161i popt\u00e1vku![\/vc_toggle][vc_toggle title=&#8220;Jak se mohu z\u00fa?astnit z\u00e1vod? mini bob??&#8220; style=&#8220;round&#8220;]Z\u00e1vodu mini bob? se m?\u017ee ve v?t\u0161in? p?\u00edpad? z\u00fa?astnit kdokoli. Obvykle se d?l\u00ed na mu\u017esk\u00e9 a \u017eensk\u00e9 kategorie a podle v?ku \u00fa?astn\u00edk?. ?asto existuj\u00ed tak\u00e9 hobby a profesion\u00e1ln\u00ed t?\u00eddy. V\u00edt?zov\u00e9 se pak ur?uj\u00ed vy?azovac\u00edm syst\u00e9mem. No\u0161en\u00ed p?ilby je povinn\u00e9 a doporu?uj\u00ed se chr\u00e1ni?e. P?esn\u00e9 podm\u00ednky pro jednotliv\u00e9 z\u00e1vody v\u00e1m sd?l\u00ed po?adatel.[\/vc_toggle][vc_toggle title=&#8220;Existuj\u00ed z\u00e1vody mini bob??&#8220; style=&#8220;round&#8220;]V sou?asn\u00e9 dob? se po?\u00e1d\u00e1 velk\u00e9 mno\u017estv\u00ed z\u00e1vod? v r?zn\u00fdch t?\u00edd\u00e1ch. Term\u00edny a zpr\u00e1vy o z\u00e1vodech najdete v sekci &#8222;Novinky&#8220;. Existuje sv?tov\u00fd seri\u00e1l zipflbob a mnoho region\u00e1ln\u00edch z\u00e1vod?.  <\/p>\n<p>Pokud sami organizujete Zipfelbobrennen, r\u00e1di v\u00e1s podpo?\u00edme! Sta?\u00ed pou\u017e\u00edt n\u00e1\u0161 <a href=\"https:\/\/mini-bob.com\/cs\/tesime-se-na-vasi-poptavku\/?v=3a52f3c22ed6\">kontaktn\u00ed formul\u00e1?!<\/a>[\/vc_toggle][vc_toggle title=&#8220;Existuj\u00ed mini bob kluby?&#8220; style=&#8220;round&#8220;]Ano, nyn\u00ed existuj\u00ed dob?e organizovan\u00e9 kluby mini bob? \/ zipflbob?.<\/p>\n<p>Pokud byste jako klub cht?li na na\u0161ich str\u00e1nk\u00e1ch zve?ejnit report\u00e1\u017e ze z\u00e1vodu nebo ozn\u00e1men\u00ed o z\u00e1vod? zipflbob?, <a href=\"https:\/\/mini-bob.com\/cs\/tesime-se-na-vasi-poptavku\/?v=3a52f3c22ed6\">kontaktujte<\/a> n\u00e1s - r\u00e1di v\u00e1s podpo?\u00edme![\/vc_toggle][vc_toggle title=&#8220;Kde mohu jezdit na mini bob?&#8220; style=&#8220;round&#8220;]Mini bob lze pou\u017e\u00edt t\u00e9m?? kdekoli. Jako za?\u00edzen\u00ed pro zimn\u00ed sporty se c\u00edt\u00ed stejn? dob?e na mal\u00fdch sn?hov\u00fdch svaz\u00edch jako na strm\u00fdch sjezdovk\u00e1ch. N?kte?\u00ed lid\u00e9 dokonce jezdili na mini bobu na p\u00edsku p?i teplot? +30 C. To je mo\u017en\u00e9 nap?\u00edklad na Monte Kaolino v N?mecku. Dal\u0161\u00ed s\u00e1?ka?sk\u00e9 oblasti v Alp\u00e1ch se sn?hov\u00fdmi zpr\u00e1vami a podm\u00ednkami trat\u00ed najdete v ?\u00e1sti &#8222;Pr?vodce s\u00e1?kov\u00e1n\u00edm&#8220;.[\/vc_toggle][vc_toggle title=&#8220;Co pot?ebuji pro minibobbing? Pot?ebuji speci\u00e1ln\u00ed oble?en\u00ed? &#8220; style=&#8220;round&#8220;]Minibobbing nevy\u017eaduje \u017e\u00e1dn\u00e9 speci\u00e1ln\u00ed oble?en\u00ed, ale stejn? jako u jin\u00fdch zimn\u00edch sport? je d?le\u017eit\u00e9 obl\u00e9kat se p?im??en? po?as\u00ed. Pouze s nepromokav\u00fdm oble?en\u00edm si m?\u017eete z\u00e1bavu opravdu u\u017e\u00edt.<x id=\"gid_0\"><\/x>Doporu?ujeme tak\u00e9 pevnou obuv (nap?. snowboardov\u00e9 boty), stejn? jako no\u0161en\u00ed ly\u017ea?sk\u00fdch br\u00fdl\u00ed, chr\u00e1ni?? a p?ilby.<x id=\"gid_1\"><\/x>Na z\u00e1vodn\u00edch akc\u00edch je p?ilba povinn\u00e1 a chr\u00e1ni?e by se m?ly nosit tak\u00e9. P?i z\u00e1vodech mini bob? se n?kdy dosahuje vysok\u00fdch rychlost\u00ed, proto zde v\u017edy plat\u00ed &#8222;bezpe?nost p?edev\u0161\u00edm&#8220;![\/vc_toggle][vc_toggle title=&#8220;Chci s\u00e1m uspo?\u00e1dat z\u00e1vod mini bob?, co mus\u00edm zv\u00e1\u017eit?&#8220; style=&#8220;round&#8220;]R\u00e1di vyu\u017eijeme na\u0161ich zku\u0161enost\u00ed a pom?\u017eeme v\u00e1m s p?\u00edpravami a zprost?edkujeme v\u00e1m kontakt na profesion\u00e1ln\u00ed organiz\u00e1tory. Z\u00edsk\u00e1te d?le\u017eit\u00e9 tipy pro \u00fasp?\u0161nou a vzru\u0161uj\u00edc\u00ed akci. R\u00e1di tak\u00e9 zve?ejn\u00edme pr?b?h akce na na\u0161\u00ed ofici\u00e1ln\u00ed domovsk\u00e9 str\u00e1nce mini bobu a na Facebooku, stejn? jako report\u00e1\u017ee ze z\u00e1vodu s textem, fotografiemi a videi. Sta?\u00ed n\u00e1m poslat dotaz prost?ednictv\u00edm na\u0161eho <a href=\"https:\/\/mini-bob.com\/cs\/tesime-se-na-vasi-poptavku\/?v=3a52f3c22ed6\">kontaktn\u00edho formul\u00e1?e!<\/a>[\/vc_toggle][\/vc_column][\/vc_row]<\/p>\n<\/div>","protected":false},"excerpt":{"rendered":"<p>[vc_row][vc_column][vc_custom_heading text=&#8220;M\u00e1te ot\u00e1zky? Odpov\u00edd\u00e1me na n?! &#8220; font_container=&#8220;tag:h4|text_align:left&#8220; google_fonts=&#8220;font_family:Roboto%20Condensed%3A300%2C300italic%2Cregular%2Citalic%2C700%2C700italic|font_style:400%20regular%3A400%3Anormal&#8220;][vc_column_text]Zde se pokus\u00edme zodpov?d?t v\u0161echny va\u0161e ot\u00e1zky t\u00fdkaj\u00edc\u00ed se mini bobu - pokud st\u00e1le pot?ebujete v\u00edce informac\u00ed, nev\u00e1hejte n\u00e1s kontaktovat![\/vc_column_text][\/vc_column][\/vc_row][vc_row][vc_column][vc_toggle title=&#8220;Jak pozn\u00e1m p?vodn\u00ed mini bob?&#8220; style=&#8220;round&#8220;]Origin\u00e1ln\u00ed mini bob pozn\u00e1te podle nezam?niteln\u00e9ho chr\u00e1n?n\u00e9ho loga mini bob vyra\u017een\u00e9ho na p?edn\u00ed stran?. [\/vc_toggle][vc_toggle title=&#8220;Co je to zipflbob?&#8220; style=&#8220;round&#8220;]Mini bob je&hellip;<\/p>\n","protected":false},"author":1,"featured_media":0,"parent":0,"menu_order":0,"comment_status":"closed","ping_status":"closed","template":"","meta":{"_acf_changed":false,"footnotes":""},"class_list":["post-161872","page","type-page","status-publish","hentry","description-off"],"acf":[],"_links":{"self":[{"href":"https:\/\/mini-bob.com\/cs\/wp-json\/wp\/v2\/pages\/161872","targetHints":{"allow":["GET"]}}],"collection":[{"href":"https:\/\/mini-bob.com\/cs\/wp-json\/wp\/v2\/pages"}],"about":[{"href":"https:\/\/mini-bob.com\/cs\/wp-json\/wp\/v2\/types\/page"}],"author":[{"embeddable":true,"href":"https:\/\/mini-bob.com\/cs\/wp-json\/wp\/v2\/users\/1"}],"replies":[{"embeddable":true,"href":"https:\/\/mini-bob.com\/cs\/wp-json\/wp\/v2\/comments?post=161872"}],"version-history":[{"count":2,"href":"https:\/\/mini-bob.com\/cs\/wp-json\/wp\/v2\/pages\/161872\/revisions"}],"predecessor-version":[{"id":161880,"href":"https:\/\/mini-bob.com\/cs\/wp-json\/wp\/v2\/pages\/161872\/revisions\/161880"}],"wp:attachment":[{"href":"https:\/\/mini-bob.com\/cs\/wp-json\/wp\/v2\/media?parent=161872"}],"curies":[{"name":"wp","href":"https:\/\/api.w.org\/{rel}","templated":true}]}}