{"id":161886,"date":"2015-02-28T15:18:16","date_gmt":"2015-02-28T14:18:16","guid":{"rendered":"https:\/\/mini-bob.com\/koupit-mini-bob-zipfelbob\/"},"modified":"2025-12-01T20:06:43","modified_gmt":"2025-12-01T19:06:43","slug":"koupit-mini-bob-zipfelbob","status":"publish","type":"page","link":"https:\/\/mini-bob.com\/cs\/koupit-mini-bob-zipfelbob\/","title":{"rendered":"koupit mini bob (Zipfelbob)"},"content":{"rendered":"<div class=\"wpb-content-wrapper\"><p>[vc_row][vc_column][vc_custom_heading text=&#8220;Zipfelbob - koupit origin\u00e1ln\u00ed mini bob v obchodech&#8220; google_fonts=&#8220;font_family:Roboto%20Condensed%3A300%2C300italic%2Cregular%2Citalic%2C700%2C700italic|font_style:400%20regular%3A400%3Anormal&#8220;][vc_column_text]Origin\u00e1ln\u00ed mini bob (Zipfelbob) m?\u017eete zakoupit v dob?e z\u00e1soben\u00e9m obchod? se sportovn\u00edmi pot?ebami a hra?kami ve va\u0161em okol\u00ed!<\/p>\n<p>Pokud v\u00e1\u0161 m\u00edstn\u00ed obchodn\u00edk nem\u00e1 origin\u00e1ln\u00ed mini bob skladem, m?\u017eete ho odk\u00e1zat na n\u00e1s <a href=\"https:\/\/mini-bob.com\/cs\/tesime-se-na-vasi-poptavku\/?v=3a52f3c22ed6\">- v\u00edt\u00e1me dotazy prodejc?<\/a>.[\/vc_column_text]<style type=\"text\/css\" data-type=\"the7_shortcodes-inline-css\">#default-btn-3e74da0a593b5da94e2e577cbf342ae7.ico-right-side > i {\n  margin-right: 0px;\n  margin-left: 8px;\n}\n#default-btn-3e74da0a593b5da94e2e577cbf342ae7 > i {\n  margin-right: 8px;\n}<\/style><a href=\"https:\/\/mini-bob.com\/mini-bob-zipfelbob-shop\/\" class=\"default-btn-shortcode dt-btn dt-btn-l link-hover-off btn-inline-left \" id=\"default-btn-3e74da0a593b5da94e2e577cbf342ae7\" title=\"Origin\u00e1ln\u00ed mini bob (Zipfelbob) Obchod\"><span>KLIKN?TE ZDE PRO OBCHOD<\/span><\/a>[vc_empty_space][vc_column_text]Origin\u00e1ln\u00ed mini bob (Zipfelbob) m?\u017eete zakoupit u n\u00e1sleduj\u00edc\u00edch prodejc?:[\/vc_column_text][\/vc_column][\/vc_row][vc_row][vc_column width=&#8220;1\/2&#8243;][vc_wp_text]<img decoding=\"async\" src=\"\/wp-content\/uploads\/2015\/02\/deutschland.gif\" alt=\"\" width=\"\" height=\"\">  <img decoding=\"async\" src=\"\/wp-content\/uploads\/2015\/02\/oestereich.gif\" alt=\"\" width=\"\" height=\"\">  <img decoding=\"async\" src=\"\/wp-content\/uploads\/2015\/02\/schweiz02.gif\" alt=\"\" width=\"\" height=\"\"><\/p>\n<p>N?mecko, Rakousko a \u0160v\u00fdcarsko<\/p>\n<p>Zde m?\u017eete z\u00edskat <strong>speci\u00e1ln\u00ed edice<\/strong> origin\u00e1ln\u00edch mini bob? online:<\/p>\n<p><strong>mini bob Webshop<\/strong><br \/>\ne-mail: vertrieb@mini-bob.com<\/p>\n<p>&nbsp;<\/p>\n<p><strong>P?vodn\u00ed mini bob ve v\u0161ech ostatn\u00edch barv\u00e1ch si m?\u017eete po?\u00eddit online zde:<\/strong><\/p>\n<p><strong>Rodelfuehrer.de<\/strong><br \/>\nFr\u00fchlingstr. 13<br \/>\n<strong>D-82223 Eichenau<\/strong><br \/>\nTelefon: +49(0)89\/381695562<br \/>\n<a href=\"https:\/\/www.rodelfuehrer.de\/rodel-shop\/Zipflbob-Minibob\" target=\"_blank\" rel=\"nofollow noopener\">Webov\u00fd obchod<\/a>: www.rodelfuehrer.de<\/p>\n<p>&nbsp;<\/p>\n<p><strong>OBI Landsberg<\/strong><br \/>\nAm Penzinger Feld 21<br \/>\n<strong>D-86899 Landsberg<\/strong> am Lech<br \/>\nTelefon: +49(0)8191 973900<br \/>\nWebov\u00e9 str\u00e1nky: <a href=\"https:\/\/www.obi.de\/baumarkt\/landsberg-am-lech\/\" target=\"_blank\" rel=\"nofollow noopener\">OBI Landsberg<\/a><\/p>\n<p>&nbsp;<\/p>\n<p><strong>JAKO-O M\u00f6bel und Spielmittel f\u00fcr die junge Familie GmbH<\/strong><br \/>\nAugust-Grosch-Stra\u00dfe 28-38<br \/>\n<strong>D-96476 Bad<\/strong> Rodach<br \/>\n<a href=\"https:\/\/www.jako-o.de\/produkte-sport-kinder-sportgeraete-wintersport-mini-bob--047626.html\" target=\"_blank\" rel=\"nofollow noopener\">Webov\u00fd obchod<\/a>: www.jako-o.de<\/p>\n<p>&nbsp;<\/p>\n<p><strong>Online obchod JAKO-O Austria<\/strong><br \/>\n<strong>AT<\/strong><br \/>\n<a href=\"https:\/\/www.jako-o.at\/produkte-sport-sportarten-wintersport-mini-bob--047626.html\" target=\"_blank\" rel=\"nofollow noopener\">Webshop<\/a>: www.jako-o.at<\/p>\n<p>&nbsp;<\/p>\n<p><strong>Kastner &amp; \u00d6hler Mode GmbH<\/strong><br \/>\nSackstra\u00dfe 7-13<br \/>\n<strong>AT-8010 Graz<\/strong><br \/>\nTelefon: +43 (0)316 870-0<br \/>\nE-mail: <a href=\"https:\/\/www.kastner-oehler.at\/ZipflBob.html\" target=\"_blank\" rel=\"nofollow noopener\">kontakt@kastner-oehler.at<\/a><br \/>\nWebshop: www.kastner-oehler.at<\/p>\n<p>&nbsp;<\/p>\n<p><strong>McTREK ( <\/strong>YEAH! AG)<br \/>\nKeltenstr. 20b<br \/>\n<strong>D-63486 Bruchk\u00f6bel<\/strong><br \/>\nTel: +49 (0)6181-952630<br \/>\n<a href=\"https:\/\/www.mctrek.de\" target=\"_blank\" rel=\"nofollow noopener\"> Webshop: www.mctrek.de<\/a><\/p>\n<p>&nbsp;<\/p>\n<p><strong>Globetrotter Equipment GmbH<\/strong><br \/>\n<strong>V cel\u00e9m N?mecku<\/strong><br \/>\nKoupit na m\u00edst?: <a href=\"https:\/\/www.globetrotter.de\/filialen\/\" target=\"_blank\" rel=\"nofollow noopener\">Vyhled\u00e1va? obchod?<\/a><br \/>\n<a href=\"https:\/\/www.globetrotter.de\/shop\/zipflbob-308405\/\" target=\"_blank\" rel=\"nofollow noopener\">Webov\u00fd obchod<\/a>: www.globetrotter.de<\/p>\n<p>&nbsp;<\/p>\n<p><strong>SchuhSki<\/strong><br \/>\nSalzburger Stra\u00dfe 92<br \/>\n<strong>AT-4820 Bad<\/strong> Ischl<br \/>\nTelefon: +43 720 530 936<br \/>\nE-mail: <a href=\"https:\/\/www.schuhski.com\/e-vendo.php?SessionId=&amp;a=search&amp;SearchStr=mini-bob\" target=\"_blank\" rel=\"nofollow noopener\">support@schuhski.com<\/a><br \/>\nWebshop: www.schuhski.com<\/p>\n<p>&nbsp;<\/p>\n<p><strong>Sport M\u00fcller<\/strong><br \/>\nPassauer Strasse 24<br \/>\n<strong>D-94060 Pocking<\/strong><br \/>\nTelefon: +49(0)8531 4803<br \/>\nE-mail: <a href=\"https:\/\/www.sportmueller-pocking.de\" target=\"_blank\" rel=\"nofollow noopener\">info@sportmueller-pocking.de<\/a><br \/>\nWebov\u00fd obchod: www.sportmueller-pocking.de<\/p>\n<p>&nbsp;<\/p>\n<p><strong>Probst Dom\u00e1c\u00ed pot?eby<\/strong><br \/>\nBahnhofstr. 2<br \/>\n<strong>D-83661 Lenggries<\/strong><br \/>\nTelefon: +49(0)8042 8931<br \/>\nE-mail: <a href=\"https:\/\/www.haushaltswaren-lenggries.de\/\" target=\"_blank\" rel=\"nofollow noopener\">probst@haushaltswaren-lenggries.de<\/a><br \/>\nWeb: https:\/\/haushaltswaren-lenggries.de<\/p>\n<p>&nbsp;<\/p>\n<p><strong>Sport EDER + BERGER GmbH &amp; Co. KG<\/strong><br \/>\nSulzbacher Str. 1<br \/>\n<strong>D- 94152<\/strong> Neuhaus am Inn<br \/>\nTelefon: +49(0)8503 86 10<br \/>\nE-mail: <a href=\"https:\/\/www.tauchshop-online.de\/zipflbob_minibob-onlineshop.php\" target=\"_blank\" rel=\"nofollow noopener\">versand@eder-tauchsport.de<\/a><br \/>\nWebshop: www.tauchshop-online.de<\/p>\n<p>&nbsp;<\/p>\n<p><strong>Sportovn\u00ed profesion\u00e1l<\/strong><br \/>\nFalkenburg 102<br \/>\n<strong>AT-8952 Irdning<\/strong>( <strong>online doprava \u0160v\u00fdcarsko!)<\/strong><br \/>\nTelefon: +43 (0) 3682 229527<br \/>\nE-mail: <a href=\"https:\/\/www.sportsprofi.com\/Sportarten\/Rodelsport\/Bobs\/Bob-mit-Stiel-Zipfelbob.html\" target=\"_blank\" rel=\"nofollow noopener\">office@sportsprofi.com<br \/>\n<\/a> Webshop: www.sportsprofi.com<\/p>\n<p>&nbsp;<\/p>\n<p><strong>Sportworld24 GmbH<\/strong><br \/>\nGehringstrasse 26a<br \/>\n<strong>D-93444 Bad<\/strong> K\u00f6tzting<br \/>\nE-mail: <a href=\"https:\/\/www.sportworld24.de\/de\/mini-bob-schlitten-bob-mini.html\" target=\"_blank\" rel=\"nofollow noopener\">info@sportworld24.de<br \/>\n<\/a> Webshop: www.sportworld24.de[\/vc_wp_text][\/vc_column][vc_column width=&#8220;1\/2&#8243;][vc_wp_text]<\/p>\n<p>&nbsp;<\/p>\n<p><img loading=\"lazy\" decoding=\"async\" src=\"\/wp-content\/uploads\/2015\/02\/deutschland.gif\" width=\"46\" height=\"31\" alt=\"\"><\/p>\n<p><strong>INTERSPORT Multichannel GmbH<\/strong><br \/>\nWannen\u00e4ckerstrasse 36<br \/>\n<strong>D-74078 Heilbronn<\/strong><br \/>\nTelefon: +49 7131 123 00 90<br \/>\nE-mail: service@intersport.de.<\/p>\n<p>Vyhled\u00e1va? prodejc?: <a href=\"https:\/\/www.intersport.de\/suche?SearchTerm=M%C3%BCnchen&amp;SelectedSearchResult=MerchantSearch\" target=\"_blank\" rel=\"nofollow noopener\">www.intersport.de<\/a><\/p>\n<p>&nbsp;<\/p>\n<p><img decoding=\"async\" src=\"\/wp-content\/uploads\/2015\/02\/oestereich.gif\" alt=\"\" width=\"\" height=\"\"><\/p>\n<p><strong>INTERSPORT Austria Gesellschaft mbH<\/strong><br \/>\nFlugplatzstra\u00dfe 10<br \/>\n<strong>AT-4600 Wels<\/strong><br \/>\nTelefon: +43 7242 233 - 0<br \/>\n<a href=\"https:\/\/www.intersport.at\" target=\"_blank\" rel=\"nofollow noopener\">E-mail: headoffice@intersport.at<\/a><br \/>\nWeb: www.intersport.at<\/p>\n<p>Vyhled\u00e1va? prodejc?: <a href=\"https:\/\/www.intersport.at\/standorte\/index.html\" target=\"_blank\" rel=\"nofollow noopener\">www.intersport.at<\/a><\/p>\n<p>Webov\u00fd obchod: <a href=\"https:\/\/www.intersport.at\/eshop\/Snow-Ice\/Bobs-Schlitten\/Minibob-mit-Stiel-rot-30-000.html\" target=\"_blank\" rel=\"nofollow noopener\">www.intersport.at<\/a><\/p>\n<p>&nbsp;<\/p>\n<p><img decoding=\"async\" src=\"\/wp-content\/uploads\/2017\/06\/spanien.gif\" alt=\"\" width=\"\" height=\"\">  <img loading=\"lazy\" decoding=\"async\" src=\"\/wp-content\/uploads\/2017\/06\/andorra.gif\" alt=\"\" width=\"46\" height=\"31\">  <img loading=\"lazy\" decoding=\"async\" src=\"\/wp-content\/uploads\/2017\/06\/portugal.gif\" alt=\"\" width=\"46\" height=\"31\"><\/p>\n<p><strong>\u0160pan?lsko, Andorra a Portugalsko<br \/>\n<\/strong><\/p>\n<p><strong>Whitefun Sports<\/strong><br \/>\nc\/North 8<br \/>\n<strong>ES 25550<\/strong> Bossost<br \/>\nTelefon: + 34 667594488<br \/>\nE-mail <a href=\"https:\/\/www.whitefun.com\/sports\/es\/home\/70-minibob.html\" target=\"_blank\" rel=\"nofollow noopener\">: info@whitefun.com<\/a><br \/>\nWebov\u00fd obchod: www.whitefun.com.<\/p>\n<p>&nbsp;<\/p>\n<p><img loading=\"lazy\" decoding=\"async\" src=\"\/wp-content\/uploads\/2018\/01\/frankreich.gif\" width=\"46\" height=\"31\" alt=\"\"><\/p>\n<p><strong>Francie<br \/>\n<\/strong><\/p>\n<p><strong>Val d&#8217;Allos Sport<\/strong><br \/>\n04260 La Foux d&#8217;Allos<br \/>\nOuvert toute la saison d&#8217;hiver 7\/7<br \/>\nTelefon: + <a class=\"_sEo iGHZATw6ZO1Y-6WH35iSZ2V0 rllt__link\" style=\"padding-right: 0;\" tabindex=\"0\" role=\"link\" data-rtid=\"iGHZATw6ZO1Y\" data-cid=\"1123861482795003801\" data-ved=\"0ahUKEwi_u-SP1cjYAhWB2KQKHee6BxIQyTMILzAA\"><span class=\"rllt__details lqhpac\">33 6 24 82 57 73<\/span><\/a><br \/>\nE-mail: info@valdallossport.fr<br \/>\n<a href=\"https:\/\/www.valdallossport.fr\/produit\/luge-mini-bob-val-d-allos-sport\/\" target=\"_blank\" rel=\"nofollow noopener\"> Webov\u00fd obchod: www.valdallossport.fr<\/a><\/p>\n<p>&nbsp;<\/p>\n<p><img loading=\"lazy\" decoding=\"async\" src=\"\/wp-content\/uploads\/2018\/11\/hu.png\" width=\"46\" height=\"31\" alt=\"\"><\/p>\n<p><strong>Ma?arsko<br \/>\n<\/strong><\/p>\n<p><strong>SKI TRAVEL UTAZASI IRODA<\/strong><br \/>\n8200 Veszprem<br \/>\n<span class=\"rllt__details lqhpac\">Budapest ut 89\/A.<\/span><br \/>\n<span class=\"rllt__details lqhpac\"> Telefon: + 36 88 567 401<br \/>\n<a href=\"https:\/\/www.sitanoda.hu\" target=\"_blank\" rel=\"nofollow noopener\"> E-mail: sitanoda@skitravel.hu<br \/>\nWebshop: www.sitanoda.hu<\/a><\/span><\/p>\n<p>&nbsp;<\/p>\n<p><img decoding=\"async\" src=\"\/wp-content\/uploads\/2015\/02\/rumaenien.gif\" alt=\"\" width=\"\" height=\"\"><\/p>\n<p><strong>Rumunsko<\/strong><\/p>\n<p><strong>SC Toptools SRL<\/strong><br \/>\nStr. Meteor 71B<br \/>\nCluj Napoca 400492<br \/>\nTelefon: <a href=\"https:\/\/www.sanius.ro\" target=\"_blank\" rel=\"nofollow noopener\">+40264438490<br \/>\n<\/a> E-mail: info@sanuis.ro<br \/>\nWebshop: www.sanius.ro<\/p>\n<p>&nbsp;<\/p>\n<p><img decoding=\"async\" src=\"\/wp-content\/uploads\/2015\/02\/europa.gif\" alt=\"\" width=\"\" height=\"\"><\/p>\n<p><strong style=\"font-style: normal;\">IIC-INTERSPORT International Corporation<\/strong><br \/>\n<a href=\"https:\/\/www.intersport.com\" target=\"_blank\" rel=\"nofollow noopener\"> Web: www.intersport.com<\/a><\/p>\n<p>&nbsp;<\/p>\n<p><img loading=\"lazy\" decoding=\"async\" src=\"\/wp-content\/uploads\/2016\/08\/norwegen.gif\" alt=\"\" width=\"46\" height=\"31\">  <img loading=\"lazy\" decoding=\"async\" src=\"\/wp-content\/uploads\/2016\/08\/finnland.gif\" alt=\"\" width=\"46\" height=\"31\">  <img loading=\"lazy\" decoding=\"async\" src=\"\/wp-content\/uploads\/2016\/08\/schweden.gif\" alt=\"\" width=\"46\" height=\"31\"><\/p>\n<p>mini bob ve Skandin\u00e1vii:<\/p>\n<p>Norsko:<\/p>\n<p><strong style=\"font-style: normal;\">Snowcon<\/strong><br \/>\n<a href=\"https:\/\/snowcon.no\/shop\/\" target=\"_blank\" rel=\"nofollow noopener\"> Web: www.snowcon.no<br \/>\nmail: kundeservice@snowcon.no<\/a><\/p>\n<p>\u0160v\u00e9dsko:<\/p>\n<p><strong style=\"font-style: normal;\">Snowcon<\/strong><br \/>\n<a href=\"https:\/\/snowcon.se\/shop\/\" target=\"_blank\" rel=\"nofollow noopener\"> Web: www.snowcon.se<br \/>\nmail: kundeservice@snowcon.se<\/a><\/p>\n<p>Finsko:<\/p>\n<p><strong style=\"font-style: normal;\">Snowcon<\/strong><br \/>\n<a href=\"https:\/\/snowcon.fi\/shop\/\" target=\"_blank\" rel=\"nofollow noopener\"> Web: www.snowcon.fi<br \/>\nmail: kundeservice@snowcon.fi<\/a><\/p>\n<p>[\/vc_wp_text][\/vc_column][\/vc_row][vc_row][vc_column][vc_empty_space][\/vc_column][\/vc_row][vc_row][vc_column][vc_custom_heading text=&#8220;Chcete se st\u00e1t origin\u00e1ln\u00edm prodejcem mini bob??&#8220; google_fonts=&#8220;font_family:Roboto%20Condensed%3A300%2C300italic%2Cregular%2Citalic%2C700%2C700italic|font_style:400%20regular%3A400%3Anormal&#8220;]<style type=\"text\/css\" data-type=\"the7_shortcodes-inline-css\">#default-btn-9d63a6c334e068fdddf94b74381d0dea.ico-right-side > i {\n  margin-right: 0px;\n  margin-left: 8px;\n}\n#default-btn-9d63a6c334e068fdddf94b74381d0dea > i {\n  margin-right: 8px;\n}<\/style><a href=\"https:\/\/mini-bob.com\/cs\/tesime-se-na-vasi-poptavku\/\" class=\"default-btn-shortcode dt-btn dt-btn-l pulse animate-element animation-builder link-hover-off btn-inline-left \" id=\"default-btn-9d63a6c334e068fdddf94b74381d0dea\" title=\"T?\u0161\u00edme se na va\u0161i popt\u00e1vku!\"><span>ST\u00c1T SE PRODEJCEM<\/span><\/a>[\/vc_column][\/vc_row][vc_row][vc_column][vc_empty_space][\/vc_column][\/vc_row][vc_row][vc_column][vc_column_text]P?i koupi mini bobu (nebo Zipfybobu, zipflbobu ?i Zipfelbobu) se v\u017edy ujist?te, \u017ee se jedn\u00e1 o origin\u00e1ln\u00ed mini bob! Pozn\u00e1te to podle origin\u00e1ln\u00edho loga mini bobu. V\u00edce informac\u00ed o n?m najdete pod odkazem: <a href=\"https:\/\/mini-bob.com\/cs\/mini-bob\/\">mini bob<\/a>  <\/p>\n<p>Pokud hled\u00e1te dokonal\u00fd <a href=\"https:\/\/mini-bob.com\/cs\/plastove-sanky-koupit-plastove-sanky\/\">plastov\u00fd bob, popo<\/a> <a href=\"https:\/\/mini-bob.com\/cs\/poporutscher-plastova-miska-nebo-mini-bob\/\">slide, plastov\u00e9<\/a> <a href=\"https:\/\/mini-bob.com\/cs\/plastove-sanky-koupit-plastove-sanky\/\">s\u00e1?ky, bob nebo bobov\u00e9<\/a> <a href=\"https:\/\/mini-bob.com\/cs\/billet-bob-koupit\/\">s\u00e1?ky<\/a>, <a href=\"https:\/\/mini-bob.com\/cs\/bobove-sane-min-bob-dokonale-moderni-sane\/\">m?li byste si vybrat <\/a>origin\u00e1ln\u00ed mini bob!<\/p>\n<p>Kupte si origin\u00e1ln\u00ed Zipfelbob - kvalita vyr\u00e1b?n\u00e1 v N?mecku od roku 1976[\/vc_column_text][\/vc_column][\/vc_row]<\/p>\n<\/div>","protected":false},"excerpt":{"rendered":"<p>[vc_row][vc_column][vc_custom_heading text=&#8220;Zipfelbob - koupit origin\u00e1ln\u00ed mini bob v obchodech&#8220; google_fonts=&#8220;font_family:Roboto%20Condensed%3A300%2C300italic%2Cregular%2Citalic%2C700%2C700italic|font_style:400%20regular%3A400%3Anormal&#8220;][vc_column_text]Origin\u00e1ln\u00ed mini bob (Zipfelbob) m?\u017eete zakoupit v dob?e z\u00e1soben\u00e9m obchod? se sportovn\u00edmi pot?ebami a hra?kami ve va\u0161em okol\u00ed! Pokud v\u00e1\u0161 m\u00edstn\u00ed obchodn\u00edk nem\u00e1 origin\u00e1ln\u00ed mini bob skladem, m?\u017eete ho odk\u00e1zat na n\u00e1s - v\u00edt\u00e1me dotazy prodejc?.[\/vc_column_text][vc_empty_space][vc_column_text]Origin\u00e1ln\u00ed mini bob (Zipfelbob) m?\u017eete zakoupit u n\u00e1sleduj\u00edc\u00edch prodejc?:[\/vc_column_text][\/vc_column][\/vc_row][vc_row][vc_column width=&#8220;1\/2&#8243;][vc_wp_text] N?mecko,&hellip;<\/p>\n","protected":false},"author":1,"featured_media":0,"parent":0,"menu_order":0,"comment_status":"closed","ping_status":"closed","template":"","meta":{"_acf_changed":false,"footnotes":""},"class_list":["post-161886","page","type-page","status-publish","hentry","description-off"],"acf":[],"_links":{"self":[{"href":"https:\/\/mini-bob.com\/cs\/wp-json\/wp\/v2\/pages\/161886","targetHints":{"allow":["GET"]}}],"collection":[{"href":"https:\/\/mini-bob.com\/cs\/wp-json\/wp\/v2\/pages"}],"about":[{"href":"https:\/\/mini-bob.com\/cs\/wp-json\/wp\/v2\/types\/page"}],"author":[{"embeddable":true,"href":"https:\/\/mini-bob.com\/cs\/wp-json\/wp\/v2\/users\/1"}],"replies":[{"embeddable":true,"href":"https:\/\/mini-bob.com\/cs\/wp-json\/wp\/v2\/comments?post=161886"}],"version-history":[{"count":2,"href":"https:\/\/mini-bob.com\/cs\/wp-json\/wp\/v2\/pages\/161886\/revisions"}],"predecessor-version":[{"id":161890,"href":"https:\/\/mini-bob.com\/cs\/wp-json\/wp\/v2\/pages\/161886\/revisions\/161890"}],"wp:attachment":[{"href":"https:\/\/mini-bob.com\/cs\/wp-json\/wp\/v2\/media?parent=161886"}],"curies":[{"name":"wp","href":"https:\/\/api.w.org\/{rel}","templated":true}]}}