{"id":161888,"date":"2015-08-07T11:32:01","date_gmt":"2015-08-07T09:32:01","guid":{"rendered":"https:\/\/mini-bob.com\/plastove-sanky-koupit-plastove-sanky\/"},"modified":"2025-12-01T20:06:44","modified_gmt":"2025-12-01T19:06:44","slug":"plastove-sanky-koupit-plastove-sanky","status":"publish","type":"page","link":"https:\/\/mini-bob.com\/cs\/plastove-sanky-koupit-plastove-sanky\/","title":{"rendered":"Plastov\u00e9 s\u00e1?ky - Koupit plastov\u00e9 s\u00e1?ky"},"content":{"rendered":"<div class=\"wpb-content-wrapper\"><p>[vc_row][vc_column][vc_custom_heading text=&#8220;Koupit plastov\u00fd bob - origin\u00e1ln\u00ed mini bob od roku 1976&#8243; google_fonts=&#8220;font_family:Roboto%3A100%2C100italic%2C300%2C300italic%2Cregular%2Citalic%2C500%2C500italic%2C700%2C700italic%2C900%2C900italic|font_style:400%20regular%3A400%3Anormal&#8220;][vc_column_text]Hled\u00e1te pro sebe nebo pro sv\u00e9 d?ti ty nejlep\u0161\u00ed plastov\u00e9 boby nebo plastov\u00e9 s\u00e1?ky?<\/p>\n<p>A? u\u017e chcete koupit plastov\u00e9 boby jako d\u00e1rek, nebo sami hled\u00e1te maxim\u00e1ln\u00ed z\u00e1bavu p?i s\u00e1?kov\u00e1n\u00ed&#8230;<\/p>\n<p>jste na spr\u00e1vn\u00e9m m\u00edst? s origin\u00e1ln\u00edmi mini boby!<\/p>\n<p>Zde se dozv\u00edte, jak\u00e9 jsou asi nejlep\u0161\u00ed plastov\u00e9 boby nebo plastov\u00e9 s\u00e1?ky![\/vc_column_text][\/vc_column][\/vc_row][vc_row][vc_column]<style type=\"text\/css\" data-type=\"the7_shortcodes-inline-css\">#default-btn-147c0f87b67fc31efe2b746e312c0662.ico-right-side > i {\n  margin-right: 0px;\n  margin-left: 8px;\n}\n#default-btn-147c0f87b67fc31efe2b746e312c0662 > i {\n  margin-right: 8px;\n}<\/style><a href=\"https:\/\/mini-bob.com\/mini-bob-zipfelbob-shop\/\" class=\"default-btn-shortcode dt-btn dt-btn-l link-hover-off btn-inline-left \" id=\"default-btn-147c0f87b67fc31efe2b746e312c0662\" title=\"Origin\u00e1ln\u00ed mini bob (Zipfelbob) Obchod\"><i class=\"icomoon-the7-font-the7-arrow-27\"><\/i><span>koupit origin\u00e1ln\u00ed minibob nyn\u00ed<\/span><\/a>[\/vc_column][\/vc_row][vc_row][vc_column width=&#8220;1\/2&#8243;][vc_wp_text]<\/p>\n<p><a href=\"\/\"><img decoding=\"async\" class=\"wp-image-1733 size-medium\" src=\"\/wp-content\/uploads\/2014\/03\/mini-bob-rot-350px.png\" alt=\"Koupit plastov\u00fd bob\" width=\"500\"><\/a><\/p>\n<p>[\/vc_wp_text][\/vc_column][vc_column width=&#8220;1\/2&#8243;][vc_wp_text]<\/p>\n<p>&nbsp;<\/p>\n<p>&nbsp;<\/p>\n<p>&nbsp;<\/p>\n<p>&nbsp;<\/p>\n<p><a href=\"\/\"><img decoding=\"async\" class=\"wp-image-1733 size-medium\" src=\"\/wp-content\/uploads\/2015\/02\/mini-bob-logo-original10-300x152.png\" alt=\"Logo P?vodn\u00ed zipflbob\" width=\"300\" srcset=\"https:\/\/mini-bob.com\/wp-content\/uploads\/2015\/02\/mini-bob-logo-original10-300x152.png 300w, https:\/\/mini-bob.com\/wp-content\/uploads\/2015\/02\/mini-bob-logo-original10.png 500w\" sizes=\"(max-width: 300px) 100vw, 300px\" \/><\/a><\/p>\n<p>[\/vc_wp_text][\/vc_column][\/vc_row][vc_row][vc_column]<style type=\"text\/css\" data-type=\"the7_shortcodes-inline-css\">.gallery-shortcode.gallery-masonry-shortcode-id-f48d8b6e84b09c1f137d732db6ef2108 figure,\n.gallery-shortcode.gallery-masonry-shortcode-id-f48d8b6e84b09c1f137d732db6ef2108 .rollover,\n.gallery-shortcode.gallery-masonry-shortcode-id-f48d8b6e84b09c1f137d732db6ef2108 img,\n.gallery-shortcode.gallery-masonry-shortcode-id-f48d8b6e84b09c1f137d732db6ef2108 .gallery-rollover {\n  border-radius: 0px;\n}\n.gallery-shortcode.gallery-masonry-shortcode-id-f48d8b6e84b09c1f137d732db6ef2108.enable-bg-rollover .gallery-rollover {\n  background: -webkit-linear-gradient();\n  background: linear-gradient();\n}\n.gallery-shortcode.gallery-masonry-shortcode-id-f48d8b6e84b09c1f137d732db6ef2108.enable-bg-rollover.hover-scale figure .rollover:after {\n  background: -webkit-linear-gradient();\n  background: linear-gradient();\n}\n.gallery-shortcode.gallery-masonry-shortcode-id-f48d8b6e84b09c1f137d732db6ef2108 .gallery-zoom-ico {\n  width: 44px;\n  height: 44px;\n  line-height: 44px;\n  border-radius: 100px;\n  margin: -22px 0 0 -22px;\n  border-width: 0px;\n  color: #ffffff;\n}\n.dt-icon-bg-on.gallery-shortcode.gallery-masonry-shortcode-id-f48d8b6e84b09c1f137d732db6ef2108 .gallery-zoom-ico {\n  background: rgba(255,255,255,0.3);\n  box-shadow: none;\n}\n.gallery-shortcode.gallery-masonry-shortcode-id-f48d8b6e84b09c1f137d732db6ef2108 .gallery-zoom-ico:before,\n.gallery-shortcode.gallery-masonry-shortcode-id-f48d8b6e84b09c1f137d732db6ef2108 .gallery-zoom-ico span {\n  font-size: 32px;\n  line-height: 44px;\n  color: #ffffff;\n}\n.gallery-shortcode.gallery-masonry-shortcode-id-f48d8b6e84b09c1f137d732db6ef2108:not(.resize-by-browser-width) .dt-css-grid {\n  grid-row-gap: 10px;\n  grid-column-gap: 10px;\n  grid-template-columns: repeat(auto-fill,minmax(,1fr));\n}\n.gallery-shortcode.gallery-masonry-shortcode-id-f48d8b6e84b09c1f137d732db6ef2108:not(.resize-by-browser-width) .dt-css-grid .double-width {\n  grid-column: span 2;\n}\n.cssgridlegacy.no-cssgrid .gallery-shortcode.gallery-masonry-shortcode-id-f48d8b6e84b09c1f137d732db6ef2108:not(.resize-by-browser-width) .dt-css-grid,\n.no-cssgridlegacy.no-cssgrid .gallery-shortcode.gallery-masonry-shortcode-id-f48d8b6e84b09c1f137d732db6ef2108:not(.resize-by-browser-width) .dt-css-grid {\n  display: flex;\n  flex-flow: row wrap;\n  margin: -5px;\n}\n.cssgridlegacy.no-cssgrid .gallery-shortcode.gallery-masonry-shortcode-id-f48d8b6e84b09c1f137d732db6ef2108:not(.resize-by-browser-width) .dt-css-grid .wf-cell,\n.no-cssgridlegacy.no-cssgrid .gallery-shortcode.gallery-masonry-shortcode-id-f48d8b6e84b09c1f137d732db6ef2108:not(.resize-by-browser-width) .dt-css-grid .wf-cell {\n  flex: 1 0 ;\n  max-width: 100%;\n  padding: 5px;\n  box-sizing: border-box;\n}\n.gallery-shortcode.gallery-masonry-shortcode-id-f48d8b6e84b09c1f137d732db6ef2108.resize-by-browser-width .dt-css-grid {\n  grid-template-columns: repeat(3,1fr);\n  grid-template-rows: auto;\n  grid-column-gap: 10px;\n  grid-row-gap: 10px;\n}\n.gallery-shortcode.gallery-masonry-shortcode-id-f48d8b6e84b09c1f137d732db6ef2108.resize-by-browser-width .dt-css-grid .double-width {\n  grid-column: span 2;\n}\n.cssgridlegacy.no-cssgrid .gallery-shortcode.gallery-masonry-shortcode-id-f48d8b6e84b09c1f137d732db6ef2108.resize-by-browser-width .dt-css-grid {\n  margin: -5px;\n}\n.cssgridlegacy.no-cssgrid .gallery-shortcode.gallery-masonry-shortcode-id-f48d8b6e84b09c1f137d732db6ef2108.resize-by-browser-width .dt-css-grid .wf-cell {\n  width: 33.333333333333%;\n  padding: 5px;\n}\n.cssgridlegacy.no-cssgrid .gallery-shortcode.gallery-masonry-shortcode-id-f48d8b6e84b09c1f137d732db6ef2108.resize-by-browser-width .dt-css-grid .wf-cell.double-width {\n  width: calc(33.333333333333%) * 2;\n}\n.gallery-shortcode.gallery-masonry-shortcode-id-f48d8b6e84b09c1f137d732db6ef2108.resize-by-browser-width:not(.centered-layout-list):not(.content-bg-on) .dt-css-grid {\n  grid-row-gap: 10px - ;\n}\n@media screen and (max-width: 1199px) {\n  .gallery-shortcode.gallery-masonry-shortcode-id-f48d8b6e84b09c1f137d732db6ef2108.resize-by-browser-width .dt-css-grid {\n    grid-template-columns: repeat(3,1fr);\n  }\n  .cssgridlegacy.no-cssgrid .gallery-shortcode.gallery-masonry-shortcode-id-f48d8b6e84b09c1f137d732db6ef2108.resize-by-browser-width .dt-css-grid .wf-cell,\n  .no-cssgridlegacy.no-cssgrid .gallery-shortcode.gallery-masonry-shortcode-id-f48d8b6e84b09c1f137d732db6ef2108.resize-by-browser-width .dt-css-grid .wf-cell {\n    width: 33.333333333333%;\n  }\n  .cssgridlegacy.no-cssgrid .gallery-shortcode.gallery-masonry-shortcode-id-f48d8b6e84b09c1f137d732db6ef2108.resize-by-browser-width .dt-css-grid .wf-cell.double-width,\n  .no-cssgridlegacy.no-cssgrid .gallery-shortcode.gallery-masonry-shortcode-id-f48d8b6e84b09c1f137d732db6ef2108.resize-by-browser-width .dt-css-grid .wf-cell.double-width {\n    width: calc(33.333333333333%)*2;\n  }\n}\n@media screen and (max-width: 991px) {\n  .gallery-shortcode.gallery-masonry-shortcode-id-f48d8b6e84b09c1f137d732db6ef2108.resize-by-browser-width .dt-css-grid {\n    grid-template-columns: repeat(3,1fr);\n  }\n  .cssgridlegacy.no-cssgrid .gallery-shortcode.gallery-masonry-shortcode-id-f48d8b6e84b09c1f137d732db6ef2108.resize-by-browser-width .dt-css-grid .wf-cell,\n  .no-cssgridlegacy.no-cssgrid .gallery-shortcode.gallery-masonry-shortcode-id-f48d8b6e84b09c1f137d732db6ef2108.resize-by-browser-width .dt-css-grid .wf-cell {\n    width: 33.333333333333%;\n  }\n  .cssgridlegacy.no-cssgrid .gallery-shortcode.gallery-masonry-shortcode-id-f48d8b6e84b09c1f137d732db6ef2108.resize-by-browser-width .dt-css-grid .wf-cell.double-width,\n  .no-cssgridlegacy.no-cssgrid .gallery-shortcode.gallery-masonry-shortcode-id-f48d8b6e84b09c1f137d732db6ef2108.resize-by-browser-width .dt-css-grid .wf-cell.double-width {\n    width: calc(33.333333333333%)*2;\n  }\n}\n@media screen and (max-width: 767px) {\n  .gallery-shortcode.gallery-masonry-shortcode-id-f48d8b6e84b09c1f137d732db6ef2108.resize-by-browser-width .dt-css-grid {\n    grid-template-columns: repeat(2,1fr);\n  }\n  .cssgridlegacy.no-cssgrid .gallery-shortcode.gallery-masonry-shortcode-id-f48d8b6e84b09c1f137d732db6ef2108.resize-by-browser-width .dt-css-grid .wf-cell,\n  .no-cssgridlegacy.no-cssgrid .gallery-shortcode.gallery-masonry-shortcode-id-f48d8b6e84b09c1f137d732db6ef2108.resize-by-browser-width .dt-css-grid .wf-cell {\n    width: 50%;\n  }\n  .cssgridlegacy.no-cssgrid .gallery-shortcode.gallery-masonry-shortcode-id-f48d8b6e84b09c1f137d732db6ef2108.resize-by-browser-width .dt-css-grid .wf-cell.double-width,\n  .no-cssgridlegacy.no-cssgrid .gallery-shortcode.gallery-masonry-shortcode-id-f48d8b6e84b09c1f137d732db6ef2108.resize-by-browser-width .dt-css-grid .wf-cell.double-width {\n    width: calc(50%)*2;\n  }\n}<\/style><div class=\"gallery-shortcode dt-gallery-container gallery-masonry-shortcode-id-f48d8b6e84b09c1f137d732db6ef2108 mode-masonry jquery-filter dt-icon-bg-off quick-scale-img enable-bg-rollover resize-by-browser-width  hover-fade loading-effect-none description-on-hover\" data-padding=\"5px\" data-cur-page=\"1\" data-post-limit=\"-1\" data-pagination-mode=\"none\" data-desktop-columns-num=\"3\" data-v-tablet-columns-num=\"3\" data-h-tablet-columns-num=\"3\" data-phone-columns-num=\"2\" data-width=\"0px\" data-columns=\"0\"><div class=\"iso-container\" ><div class=\"wf-cell iso-item\" data-post-id=\"162336\" data-date=\"2015-03-03T16:38:49+01:00\" data-name=\"JUMP-09-1024\"><figure class=\"post visible\"><a href=\"https:\/\/mini-bob.com\/wp-content\/uploads\/2015\/03\/JUMP-09-1024.jpg\" class=\"rollover dt-pswp-item layzr-bg\" data-large_image_width=\"1024\" data-large_image_height=\"683\" data-dt-img-description=\"\" title=\"JUMP-09-1024\"><img fetchpriority=\"high\" decoding=\"async\" class=\"preload-me iso-lazy-load aspect\" src=\"data:image\/svg+xml,%3Csvg%20xmlns%3D&#039;http%3A%2F%2Fwww.w3.org%2F2000%2Fsvg&#039;%20viewBox%3D&#039;0%200%20379%20253&#039;%2F%3E\" data-src=\"https:\/\/mini-bob.com\/wp-content\/uploads\/2015\/03\/JUMP-09-1024-379x253.jpg\" data-srcset=\"https:\/\/mini-bob.com\/wp-content\/uploads\/2015\/03\/JUMP-09-1024-379x253.jpg 379w, https:\/\/mini-bob.com\/wp-content\/uploads\/2015\/03\/JUMP-09-1024-569x380.jpg 569w\" loading=\"eager\" style=\"--ratio: 379 \/ 253\" sizes=\"(max-width: 379px) 100vw, 379px\" alt=\"\" width=\"379\" height=\"253\"><span class=\"gallery-rollover\"><span class=\"gallery-zoom-ico icomoon-the7-font-the7-zoom-06\"><span><\/span><\/span><\/span><\/a><\/figure><\/div><div class=\"wf-cell iso-item\" data-post-id=\"162323\" data-date=\"2015-01-20T15:58:56+01:00\" data-name=\"mini bob\"><figure class=\"post visible\"><a href=\"https:\/\/mini-bob.com\/wp-content\/uploads\/2015\/01\/mini-bob-race6.jpg\" class=\"rollover dt-pswp-item layzr-bg\" data-large_image_width=\"1179\" data-large_image_height=\"758\" data-dt-img-description=\"\" title=\"mini bob\"><img decoding=\"async\" class=\"preload-me iso-lazy-load aspect\" src=\"data:image\/svg+xml,%3Csvg%20xmlns%3D&#039;http%3A%2F%2Fwww.w3.org%2F2000%2Fsvg&#039;%20viewBox%3D&#039;0%200%20379%20244&#039;%2F%3E\" data-src=\"https:\/\/mini-bob.com\/wp-content\/uploads\/2015\/01\/mini-bob-race6-379x244.jpg\" data-srcset=\"https:\/\/mini-bob.com\/wp-content\/uploads\/2015\/01\/mini-bob-race6-379x244.jpg 379w, https:\/\/mini-bob.com\/wp-content\/uploads\/2015\/01\/mini-bob-race6-569x366.jpg 569w\" loading=\"eager\" style=\"--ratio: 379 \/ 244\" sizes=\"(max-width: 379px) 100vw, 379px\" alt=\"\" width=\"379\" height=\"244\"><span class=\"gallery-rollover\"><span class=\"gallery-zoom-ico icomoon-the7-font-the7-zoom-06\"><span><\/span><\/span><\/span><\/a><\/figure><\/div><div class=\"wf-cell iso-item\" data-post-id=\"162452\" data-date=\"2018-02-27T16:24:25+01:00\" data-name=\"Zipfelbob modr\u00fd a ?erven\u00fd - Dammkar\"><figure class=\"post visible\"><a href=\"https:\/\/mini-bob.com\/wp-content\/uploads\/2018\/02\/Zipfelbob-Dammkar.jpg\" class=\"rollover dt-pswp-item layzr-bg\" data-large_image_width=\"1210\" data-large_image_height=\"907\" data-dt-img-description=\"\" title=\"Zipfelbob modr\u00fd a ?erven\u00fd - Dammkar\"><img decoding=\"async\" class=\"preload-me iso-lazy-load aspect\" src=\"data:image\/svg+xml,%3Csvg%20xmlns%3D&#39;http%3A%2F%2Fwww.w3.org%2F2000%2Fsvg&#39;%20viewBox%3D&#39;0%200%20379%20284&#39;%2F%3E\" data-src=\"https:\/\/mini-bob.com\/wp-content\/uploads\/2018\/02\/Zipfelbob-Dammkar-379x284.jpg\" data-srcset=\"https:\/\/mini-bob.com\/wp-content\/uploads\/2018\/02\/Zipfelbob-Dammkar-379x284.jpg 379w, https:\/\/mini-bob.com\/wp-content\/uploads\/2018\/02\/Zipfelbob-Dammkar-569x426.jpg 569w\" loading=\"eager\" style=\"--ratio: 379 \/ 284\" sizes=\"(max-width: 379px) 100vw, 379px\" alt=\"Dammkar sestup Zipfy\" width=\"379\" height=\"284\"  \/><span class=\"gallery-rollover\"><span class=\"gallery-zoom-ico icomoon-the7-font-the7-zoom-06\"><span><\/span><\/span><\/span><\/a><\/figure><\/div><\/div><!-- iso-container|iso-grid --><\/div>[\/vc_column][\/vc_row][vc_row][vc_column][vc_wp_text]<\/p>\n<p>Plastov\u00fd bob: &#8222;Maxim\u00e1ln\u00ed z\u00e1bava s mini bobem&#8220; pro d?ti i dosp?l\u00e9 - to je slogan mal\u00e9ho plastov\u00e9ho boba ji\u017e od roku 1976!<\/p>\n<p>Stejn? jako s\u00e1?ky Davos, plastov\u00e9 s\u00e1?ky, plastov\u00fd bob, tobog\u00e1n, popo san?, <a href=\"https:\/\/mini-bob.com\/cs\/poporutscher-plastova-miska-nebo-mini-bob\/\">tobog\u00e1n, bob<\/a>, plastov\u00e1 m\u00edsa, klouzac\u00ed tal\u00ed?, sn?hov\u00e1 skluzavka, skluzavka na zadek, sn?hov\u00fd kluz\u00e1k, sn?hov\u00fd streaker, sn?hov\u00fd wok, airboard nebo jednoduch\u00e1 skluzavka, jsou plastov\u00e9 s\u00e1?ky &#8222;mini bob&#8220; ide\u00e1ln\u00edm prost?edkem pro maxim\u00e1ln\u00ed zimn\u00ed z\u00e1bavu na sn?hu na sjezdovce, s\u00e1?ka?sk\u00e9 dr\u00e1ze nebo jednodu\u0161e na svahu ve vesnici. Klasick\u00e9 d?ev?n\u00e9 s\u00e1?ky se ?\u00edd\u00ed v\u017edy nohama tak, \u017ee se dot\u00fdkaj\u00ed zem?. S takzvan\u00fdm airboardem, typem nafukovac\u00edch san\u00ed, se nad s\u00e1?ka?skou dr\u00e1hou prolet\u00edte (podobn? jako vzn\u00e1\u0161edlo nad vodou). Plastov\u00fd bob &#8222;mini bob&#8220; se ovl\u00e1d\u00e1 velmi snadno pomoc\u00ed joysticku a p?en\u00e1\u0161en\u00edm v\u00e1hy. Boby, s\u00e1n? a s\u00e1?ky jsou proto ide\u00e1ln\u00edm sportovn\u00edm vybaven\u00edm pro zimn\u00ed radov\u00e1nky pro mal\u00e9 i velk\u00e9.    <\/p>\n<p>Mal\u00fd plastov\u00fd bob nebo plastov\u00e9 s\u00e1?ky &#8222;mini bob&#8220; jsou ide\u00e1ln\u00ed pro d?ti, proto\u017ee se daj\u00ed rychle a bezpe?n? ovl\u00e1dat - va\u0161e d\u00edt? si na s\u00e1?ka?sk\u00e9 dr\u00e1ze rychle u\u017eije spoustu z\u00e1bavy a bude &#8222;kr\u00e1lem&#8220; na svahu.<\/p>\n<p>Pokud chcete sob? nebo sv\u00fdm d?tem koupit nov\u00e9 plastov\u00e9 boby nebo plastov\u00e9 s\u00e1?ky, m?li byste v?novat pozornost n?kolika v?cem:<\/p>\n<p>1. kvalita - plastov\u00fd bob by nem?l b\u00fdt levn\u00fd pod?adn\u00fd v\u00fdrobek - origin\u00e1ln\u00ed mini bob se vyr\u00e1b\u00ed v\u00fdhradn? v N?mecku - ka\u017ed\u00fd bob je po v\u00fdrob? zkontrolov\u00e1n, zda nem\u00e1 vady, a v p?\u00edpad? pot?eby ru?n? p?epracov\u00e1n.<\/p>\n<p>2. hmotnost jezdce ve spojen\u00ed s plastov\u00fdm bobem. Mini bob je ur?en pro d?ti od 3 let a dosp?l\u00e9 do hmotnosti 90 kg. <\/p>\n<p>3. v\u00fdvoj - plastov\u00fd bob by m?l b\u00fdt vyzkou\u0161en\u00fd a testovan\u00fd po mnoho let a v\u017edy bezchybn? fungovat. V\u017edy by m?la b\u00fdt zaru?ena dlouh\u00e1 \u017eivotnost navzdory intenzivn\u00edmu pou\u017e\u00edv\u00e1n\u00ed. P?vodn\u00ed mini bob je na trhu v nezm?n?n\u00e9 podob? ji\u017e od roku 1976 a t?\u0161\u00ed se velk\u00e9 oblib? po cel\u00e9 generace.  <\/p>\n<p>Vyberte si proto plastov\u00e9 boby nebo plastov\u00e9 s\u00e1?ky, kter\u00e9 v\u00e1m, va\u0161\u00ed rodin? a p?\u00e1tel?m poskytnou spoustu z\u00e1bavy na dlouhou dobu. Plastov\u00e9 boby &#8222;mini bob&#8220; jsou k dost\u00e1n\u00ed v dob?e z\u00e1soben\u00fdch prodejn\u00e1ch sportovn\u00edch pot?eb a hra?ek i v mnoha internetov\u00fdch obchodech! V\u017edy v\u0161ak hledejte origin\u00e1ln\u00ed logo &#8222;mini bob&#8220; a p?i n\u00e1kupu plastov\u00e9ho boba se ptejte prodejce na &#8222;origin\u00e1l&#8220;!  <\/p>\n<p>Prodejce najdete na na\u0161\u00ed<a href=\"https:\/\/mini-bob.com\/cs\/koupit-mini-bob-zipfelbob\/\">str\u00e1nce&#8220;Koupit mini bob&#8220;<\/a>.<\/p>\n<p>[\/vc_wp_text][\/vc_column][\/vc_row][vc_row][vc_column]<style type=\"text\/css\" data-type=\"the7_shortcodes-inline-css\">#default-btn-147c0f87b67fc31efe2b746e312c0662.ico-right-side > i {\n  margin-right: 0px;\n  margin-left: 8px;\n}\n#default-btn-147c0f87b67fc31efe2b746e312c0662 > i {\n  margin-right: 8px;\n}<\/style><a href=\"https:\/\/mini-bob.com\/mini-bob-zipfelbob-shop\/\" class=\"default-btn-shortcode dt-btn dt-btn-l link-hover-off btn-inline-left \" id=\"default-btn-147c0f87b67fc31efe2b746e312c0662\" title=\"Origin\u00e1ln\u00ed mini bob (Zipfelbob) Obchod\"><i class=\"icomoon-the7-font-the7-arrow-27\"><\/i><span>Kupte si origin\u00e1ln\u00ed minibob - plastov\u00fd bob!<\/span><\/a>[\/vc_column][\/vc_row]<\/p>\n<\/div>","protected":false},"excerpt":{"rendered":"<p>[vc_row][vc_column][vc_custom_heading text=&#8220;Koupit plastov\u00fd bob - origin\u00e1ln\u00ed mini bob od roku 1976&#8243; google_fonts=&#8220;font_family:Roboto%3A100%2C100italic%2C300%2C300italic%2Cregular%2Citalic%2C500%2C500italic%2C700%2C700italic%2C900%2C900italic|font_style:400%20regular%3A400%3Anormal&#8220;][vc_column_text]Hled\u00e1te pro sebe nebo pro sv\u00e9 d?ti ty nejlep\u0161\u00ed plastov\u00e9 boby nebo plastov\u00e9 s\u00e1?ky? A? u\u017e chcete koupit plastov\u00e9 boby jako d\u00e1rek, nebo sami hled\u00e1te maxim\u00e1ln\u00ed z\u00e1bavu p?i s\u00e1?kov\u00e1n\u00ed&#8230; jste na spr\u00e1vn\u00e9m m\u00edst? s origin\u00e1ln\u00edmi mini boby! Zde se dozv\u00edte, jak\u00e9 jsou asi nejlep\u0161\u00ed&hellip;<\/p>\n","protected":false},"author":1,"featured_media":0,"parent":0,"menu_order":0,"comment_status":"closed","ping_status":"closed","template":"","meta":{"_acf_changed":false,"footnotes":""},"class_list":["post-161888","page","type-page","status-publish","hentry","description-off"],"acf":[],"_links":{"self":[{"href":"https:\/\/mini-bob.com\/cs\/wp-json\/wp\/v2\/pages\/161888","targetHints":{"allow":["GET"]}}],"collection":[{"href":"https:\/\/mini-bob.com\/cs\/wp-json\/wp\/v2\/pages"}],"about":[{"href":"https:\/\/mini-bob.com\/cs\/wp-json\/wp\/v2\/types\/page"}],"author":[{"embeddable":true,"href":"https:\/\/mini-bob.com\/cs\/wp-json\/wp\/v2\/users\/1"}],"replies":[{"embeddable":true,"href":"https:\/\/mini-bob.com\/cs\/wp-json\/wp\/v2\/comments?post=161888"}],"version-history":[{"count":2,"href":"https:\/\/mini-bob.com\/cs\/wp-json\/wp\/v2\/pages\/161888\/revisions"}],"predecessor-version":[{"id":161893,"href":"https:\/\/mini-bob.com\/cs\/wp-json\/wp\/v2\/pages\/161888\/revisions\/161893"}],"wp:attachment":[{"href":"https:\/\/mini-bob.com\/cs\/wp-json\/wp\/v2\/media?parent=161888"}],"curies":[{"name":"wp","href":"https:\/\/api.w.org\/{rel}","templated":true}]}}