{"id":161894,"date":"2015-10-25T13:37:22","date_gmt":"2015-10-25T12:37:22","guid":{"rendered":"https:\/\/mini-bob.com\/cerveny-mini-bob-zipflbob\/"},"modified":"2025-12-01T20:06:54","modified_gmt":"2025-12-01T19:06:54","slug":"cerveny-mini-bob-zipflbob","status":"publish","type":"page","link":"https:\/\/mini-bob.com\/cs\/cerveny-mini-bob-zipflbob\/","title":{"rendered":"?erven\u00fd mini bob \/ zipflbob"},"content":{"rendered":"<div class=\"wpb-content-wrapper\"><p>[vc_row][vc_column width=&#8220;1\/2&#8243;]\n\t\t\t\t<p class=\"rs-p-wp-fix\"><\/p>\n\t\t\t\t<sr7-module data-alias=\"mini-bob-detail\" data-id=\"2\" id=\"SR7_2_1\" data-version=\"6.7.52\">\n\t\t\t\t\t<sr7-adjuster><\/sr7-adjuster>\n\t\t\t\t\t<sr7-content>\n\t\t\t\t\t\t<sr7-slide id=\"SR7_2_1-5\" data-key=\"5\">\n\t\t\t\t\t\t\t<sr7-bg id=\"SR7_2_1-5-slidebg\" class=\"sr7-layer\"><noscript><img decoding=\"async\" src=\"https:\/\/mini-bob.com\/wp-content\/uploads\/2015\/02\/IMG_2427-500.jpg\" alt=\"\" title=\"?erven\u00fd mini bob \/ zipflbob\"><\/noscript><\/sr7-bg>\n\t\t\t\t\t\t<\/sr7-slide>\n\t\t\t\t\t\t<sr7-slide id=\"SR7_2_1-6\" data-key=\"6\">\n\t\t\t\t\t\t\t<sr7-bg id=\"SR7_2_1-6-slidebg\" class=\"sr7-layer\"><noscript><img decoding=\"async\" src=\"https:\/\/mini-bob.com\/wp-content\/uploads\/2015\/02\/IMG_2529-500.jpg\" alt=\"\" title=\"?erven\u00fd mini bob \/ zipflbob\"><\/noscript><\/sr7-bg>\n\t\t\t\t\t\t<\/sr7-slide>\n\t\t\t\t\t\t<sr7-slide id=\"SR7_2_1-7\" data-key=\"7\">\n\t\t\t\t\t\t\t<sr7-bg id=\"SR7_2_1-7-slidebg\" class=\"sr7-layer\"><noscript><img decoding=\"async\" src=\"https:\/\/mini-bob.com\/wp-content\/uploads\/2015\/02\/IMG_2517-500.jpg\" alt=\"\" title=\"?erven\u00fd mini bob \/ zipflbob\"><\/noscript><\/sr7-bg>\n\t\t\t\t\t\t<\/sr7-slide>\n\t\t\t\t\t\t<sr7-slide id=\"SR7_2_1-8\" data-key=\"8\">\n\t\t\t\t\t\t\t<sr7-bg id=\"SR7_2_1-8-slidebg\" class=\"sr7-layer\"><noscript><img decoding=\"async\" src=\"https:\/\/mini-bob.com\/wp-content\/uploads\/2015\/02\/IMG_2442-500.jpg\" alt=\"\" title=\"?erven\u00fd mini bob \/ zipflbob\"><\/noscript><\/sr7-bg>\n\t\t\t\t\t\t<\/sr7-slide>\n\t\t\t\t\t\t<sr7-slide id=\"SR7_2_1-9\" data-key=\"9\">\n\t\t\t\t\t\t\t<sr7-bg id=\"SR7_2_1-9-slidebg\" class=\"sr7-layer\"><noscript><img decoding=\"async\" src=\"https:\/\/mini-bob.com\/wp-content\/uploads\/2015\/02\/IMG_2435-500.jpg\" alt=\"\" title=\"?erven\u00fd mini bob \/ zipflbob\"><\/noscript><\/sr7-bg>\n\t\t\t\t\t\t<\/sr7-slide>\n\t\t\t\t\t\t<sr7-slide id=\"SR7_2_1-10\" data-key=\"10\">\n\t\t\t\t\t\t\t<sr7-bg id=\"SR7_2_1-10-slidebg\" class=\"sr7-layer\"><noscript><img decoding=\"async\" src=\"https:\/\/mini-bob.com\/wp-content\/uploads\/2015\/02\/IMG_2418-500.jpg\" alt=\"\" title=\"?erven\u00fd mini bob \/ zipflbob\"><\/noscript><\/sr7-bg>\n\t\t\t\t\t\t<\/sr7-slide>\n\t\t\t\t\t\t<sr7-slide id=\"SR7_2_1-11\" data-key=\"11\">\n\t\t\t\t\t\t\t<sr7-bg id=\"SR7_2_1-11-slidebg\" class=\"sr7-layer\"><noscript><img decoding=\"async\" src=\"https:\/\/mini-bob.com\/wp-content\/uploads\/2015\/02\/IMG_2495-500.jpg\" alt=\"\" title=\"?erven\u00fd mini bob \/ zipflbob\"><\/noscript><\/sr7-bg>\n\t\t\t\t\t\t<\/sr7-slide>\n\t\t\t\t\t\t<sr7-slide id=\"SR7_2_1-47\" data-key=\"47\">\n\t\t\t\t\t\t<\/sr7-slide>\n\t\t\t\t\t<\/sr7-content>\n\t\t\t\t<\/sr7-module>\n\t\t\t\t<script>\n\t\t\t\t\twindow.SR7 ??={};SR7.PMH ??={}; SR7.PMH[\"SR7_2_1\"] = {cn:100,state:false,fn: function() { if (window._tpt!==undefined && window._tpt.prepareModuleHeight !== undefined) {  _tpt.prepareModuleHeight({id:\"SR7_2_1\",el:[],type:'standard',shdw:'1',gh:[350],gw:[200],vpt:['-200px'],size:{fullWidth:false, fullHeight:false},mh:'0',onh:0,onw:0,bg:{color:'#E9E9E9'},plType:'0',plColor:'#FFFFFF'});   SR7.PMH[\"SR7_2_1\"].state=true;} else if(SR7.PMH[\"SR7_2_1\"].cn-->0)\tsetTimeout( SR7.PMH[\"SR7_2_1\"].fn,19);}};SR7.PMH[\"SR7_2_1\" ].fn();\n\t\t\t\t<\/script>\n[\/vc_column][vc_column width=&#8220;1\/2&#8243;][vc_custom_heading text=&#8220;Origin\u00e1ln\u00ed mini bob (zipflbob) v ?erven\u00e9 barv?&#8220; google_fonts=&#8220;font_family:Roboto%20Condensed%3A300%2C300italic%2Cregular%2Citalic%2C700%2C700italic|font_style:400%20regular%3A400%3Anormal&#8220;][vc_wp_text]P?vodn\u00ed mini bob (Zipfelbob) v ?erven\u00e9 barv? je na trhu od roku 1976.<\/p>\n<p>V\u00fdrobci z D\u00e1ln\u00e9ho v\u00fdchodu nyn\u00ed pro sv\u00e9 kopie pou\u017e\u00edvaj\u00ed tak\u00e9 barevnou kombinaci &#8222;?erven\u00e1 a ?ern\u00e1&#8220;, aby vzbudili dojem, \u017ee se jedn\u00e1 o origin\u00e1ln\u00ed mini bob. Pouze s origin\u00e1ln\u00edm logem mini bobu je ?erven\u00fd zipflbob skute?n? origin\u00e1ln\u00ed ?erven\u00fd mini bob! <\/p>\n<p>A? je to mu\u017e nebo \u017eena, mlad\u00fd nebo star\u00fd - z\u00e1bava s mini bobem je zaru?ena pro ka\u017ed\u00e9ho![\/vc_wp_text]<style type=\"text\/css\" data-type=\"the7_shortcodes-inline-css\">#default-btn-56a701d3600aa27be535cfe84f51f886.ico-right-side > i {\n  margin-right: 0px;\n  margin-left: 8px;\n}\n#default-btn-56a701d3600aa27be535cfe84f51f886 > i {\n  margin-right: 8px;\n}<\/style><a href=\"https:\/\/mini-bob.com\/produkt\/mini-bob-zipfelbob-rot\/\" class=\"default-btn-shortcode dt-btn dt-btn-l pulse animate-element animation-builder link-hover-off btn-inline-left \" id=\"default-btn-56a701d3600aa27be535cfe84f51f886\" title=\"mini bob\"><span>KOUPIT ?ERVEN\u00dd ZIPFELBOB<\/span><\/a>[\/vc_column][\/vc_row][vc_row][vc_column width=&#8220;1\/2&#8243;][vc_empty_space height=&#8220;110px&#8220;][vc_column_text]Na po?\u00e1tku sv\u00e9ho vyn\u00e1lezu se p?vodn\u00ed mini bob, zn\u00e1m\u00fd tak\u00e9 jako Zipfelbob nebo plastov\u00fd bob, vyr\u00e1b?l cel\u00fd v ?erven\u00e9 barv?, teprve pozd?ji bylo rozhodnuto o pou\u017eit\u00ed kontrastn\u00edch barev ?erven\u00e9 a ?ern\u00e9 (&#8222;Zipfl&#8220; a sed\u00e1tko v ?ern\u00e9 barv?, t?lo Zipflbobu v ?erven\u00e9 barv?), jak si jej m?\u017eete koupit dodnes.<\/p>\n<p>?erven\u00fd mini bob obzvl\u00e1\u0161? dob?e vynik\u00e1 na sn?hob\u00edl\u00e9m povrchu a od roku 1976 poskytuje barvu na sn?hu.<\/p>\n<p>?erven\u00fd zipflbob, ovlivn?n\u00fd barevnou dobou 70. let, p?sob\u00ed na kopc\u00edch a sjezdovk\u00e1ch dodnes - evergreen v ?erven\u00e9 barv?.[\/vc_column_text][vc_empty_space]<style type=\"text\/css\" data-type=\"the7_shortcodes-inline-css\">#default-btn-c028380d6de62d445148610dda9fd3a9.ico-right-side > i {\n  margin-right: 0px;\n  margin-left: 8px;\n}\n#default-btn-c028380d6de62d445148610dda9fd3a9 > i {\n  margin-right: 8px;\n}<\/style><a href=\"https:\/\/mini-bob.com\/der-mini-bob\/\" class=\"default-btn-shortcode dt-btn dt-btn-l pulse animate-element animation-builder link-hover-off btn-inline-left \" id=\"default-btn-c028380d6de62d445148610dda9fd3a9\" title=\"mini bob\"><span>MINI BOB V JIN\u00ddCH BARV\u00c1CH<\/span><\/a>[vc_empty_space]<style type=\"text\/css\" data-type=\"the7_shortcodes-inline-css\">#default-btn-40775b9cf2d71f9136325de682b7456b.ico-right-side > i {\n  margin-right: 0px;\n  margin-left: 8px;\n}\n#default-btn-40775b9cf2d71f9136325de682b7456b > i {\n  margin-right: 8px;\n}<\/style><a href=\"https:\/\/mini-bob.com\/mini-bob-zipfelbob-shop\/\" class=\"default-btn-shortcode dt-btn dt-btn-l pulse animate-element animation-builder link-hover-off btn-inline-left \" id=\"default-btn-40775b9cf2d71f9136325de682b7456b\" title=\"Origin\u00e1ln\u00ed mini bob (Zipfelbob) Obchod\"><span>KLIKNUT\u00cdM SEM P?EJDETE P?\u00cdMO DO OBCHODU<\/span><\/a>[\/vc_column][vc_column width=&#8220;1\/2&#8243; css=&#8220;.vc_custom_1660905577148{padding-top: 70px !important;}&#8220;][vc_single_image image=&#8220;161895&#8243; img_size=&#8220;large&#8220;][\/vc_column][\/vc_row][vc_row][vc_column][vc_single_image image=&#8220;161896&#8243; img_size=&#8220;full&#8220;][\/vc_column][\/vc_row][vc_row][vc_column][vc_wp_text]Origin\u00e1ln\u00ed mini bob v klasick\u00e9 ?erveno-?ern\u00e9 barv? - evergreen mezi plastov\u00fdmi boby[\/vc_wp_text][\/vc_column][\/vc_row]<\/p>\n<\/div>","protected":false},"excerpt":{"rendered":"<p>[vc_row][vc_column width=&#8220;1\/2&#8243;][\/vc_column][vc_column width=&#8220;1\/2&#8243;][vc_custom_heading text=&#8220;Origin\u00e1ln\u00ed mini bob (zipflbob) v ?erven\u00e9 barv?&#8220; google_fonts=&#8220;font_family:Roboto%20Condensed%3A300%2C300italic%2Cregular%2Citalic%2C700%2C700italic|font_style:400%20regular%3A400%3Anormal&#8220;][vc_wp_text]P?vodn\u00ed mini bob (Zipfelbob) v ?erven\u00e9 barv? je na trhu od roku 1976. V\u00fdrobci z D\u00e1ln\u00e9ho v\u00fdchodu nyn\u00ed pro sv\u00e9 kopie pou\u017e\u00edvaj\u00ed tak\u00e9 barevnou kombinaci &#8222;?erven\u00e1 a ?ern\u00e1&#8220;, aby vzbudili dojem, \u017ee se jedn\u00e1 o origin\u00e1ln\u00ed mini bob. Pouze s origin\u00e1ln\u00edm logem mini bobu je&hellip;<\/p>\n","protected":false},"author":1,"featured_media":0,"parent":0,"menu_order":0,"comment_status":"closed","ping_status":"closed","template":"","meta":{"_acf_changed":false,"footnotes":""},"class_list":["post-161894","page","type-page","status-publish","hentry","description-off"],"acf":[],"_links":{"self":[{"href":"https:\/\/mini-bob.com\/cs\/wp-json\/wp\/v2\/pages\/161894","targetHints":{"allow":["GET"]}}],"collection":[{"href":"https:\/\/mini-bob.com\/cs\/wp-json\/wp\/v2\/pages"}],"about":[{"href":"https:\/\/mini-bob.com\/cs\/wp-json\/wp\/v2\/types\/page"}],"author":[{"embeddable":true,"href":"https:\/\/mini-bob.com\/cs\/wp-json\/wp\/v2\/users\/1"}],"replies":[{"embeddable":true,"href":"https:\/\/mini-bob.com\/cs\/wp-json\/wp\/v2\/comments?post=161894"}],"version-history":[{"count":3,"href":"https:\/\/mini-bob.com\/cs\/wp-json\/wp\/v2\/pages\/161894\/revisions"}],"predecessor-version":[{"id":161905,"href":"https:\/\/mini-bob.com\/cs\/wp-json\/wp\/v2\/pages\/161894\/revisions\/161905"}],"wp:attachment":[{"href":"https:\/\/mini-bob.com\/cs\/wp-json\/wp\/v2\/media?parent=161894"}],"curies":[{"name":"wp","href":"https:\/\/api.w.org\/{rel}","templated":true}]}}