{"id":161926,"date":"2022-09-23T17:26:41","date_gmt":"2022-09-23T15:26:41","guid":{"rendered":"https:\/\/mini-bob.com\/tyrkysovy-mini-bob-zipflbob\/"},"modified":"2025-12-01T20:07:08","modified_gmt":"2025-12-01T19:07:08","slug":"tyrkysovy-mini-bob-zipflbob","status":"publish","type":"page","link":"https:\/\/mini-bob.com\/cs\/tyrkysovy-mini-bob-zipflbob\/","title":{"rendered":"tyrkysov\u00fd mini bob \/ zipflbob"},"content":{"rendered":"<div class=\"wpb-content-wrapper\"><p>[vc_row][vc_column width=&#8220;1\/2&#8243;][vc_single_image image=&#8220;161927&#8243; img_size=&#8220;large&#8220;][\/vc_column][vc_column width=&#8220;1\/2&#8243;][vc_custom_heading text=&#8220;Origin\u00e1ln\u00ed mini bob (zipflbob) v tyrkysov\u00e9 barv?&#8220; google_fonts=&#8220;font_family:Roboto%20Condensed%3A300%2C300italic%2Cregular%2Citalic%2C700%2C700italic|font_style:400%20regular%3A400%3Anormal&#8220;][vc_column_text]Origin\u00e1ln\u00ed mini bob (Zipfelbob) je od z\u00e1?\u00ed 2022 k dispozici ve speci\u00e1ln\u00ed tyrkysov\u00e9 barv?.<\/p>\n<p>Tentokr\u00e1t zipflbob ve speci\u00e1ln\u00ed tyrkysov\u00e9 barv? nenahrad\u00ed zipfelbob ve speci\u00e1ln\u00ed r?\u017eov\u00e9 barv?, jak je obvykl\u00e9. Naopak! Origin\u00e1ln\u00ed mini bob v m\u00e1tov\u00e9 barv? je dopl?kem na\u0161eho obchodu, kter\u00fd n\u00e1m umo\u017e?uje nab\u00eddnout na\u0161im mal\u00fdm i velk\u00fdm z\u00e1kazn\u00edk?m \u0161irokou \u0161k\u00e1lu barev. V?rni heslu: ?\u00edm barevn?j\u0161\u00ed, t\u00edm lep\u0161\u00ed.   <\/p>\n<p>Tato speci\u00e1ln\u00ed kombinace modr\u00e9 a zelen\u00e9 okam\u017eit? upout\u00e1 pozornost a v roce 2022 bude nepostradateln\u00e1. Proto pro n\u00e1s bylo d?le\u017eit\u00e9 vyrobit origin\u00e1ln\u00ed mini bob v trendov\u00e9 tyrkysov\u00e9 barv?. A sv?tl\u00e9 barvy jsou u d?t\u00ed v\u017edy obzvl\u00e1\u0161? obl\u00edben\u00e9. Fialov\u00e1 a tyrkysov\u00e1 barva p?ipom\u00ednaj\u00ed zejm\u00e9na obl\u00edbenou ledovou kr\u00e1lovnu a co by se mohlo l\u00e9pe hodit ke sn?hu ne\u017e tyrkysov\u00fd Original mini bob?   <\/p>\n<p>Podobn\u00fd &#8222;benz\u00ednov\u00fd&#8220; mini bob se vyr\u00e1b?l u\u017e v 70. letech a u\u017e tehdy byl dob?e p?ijat. A jak v\u0161ichni v\u00edme, trend se ka\u017ed\u00fdch p\u00e1r let opakuje. O to lep\u0161\u00ed je, \u017ee m?\u017eeme tuto barevnou paletu op?t vyu\u017e\u00edt a p?en\u00e9st kousek 70. let do sou?asnosti.[\/vc_column_text]<style type=\"text\/css\" data-type=\"the7_shortcodes-inline-css\">#default-btn-7641c4c38ab5eb006300552df39e91e1.ico-right-side > i {\n  margin-right: 0px;\n  margin-left: 8px;\n}\n#default-btn-7641c4c38ab5eb006300552df39e91e1 > i {\n  margin-right: 8px;\n}<\/style><a href=\"https:\/\/mini-bob.com\/produkt\/tuerkis-original-mini-bob-zipfelbob\/\" class=\"default-btn-shortcode dt-btn dt-btn-l pulse animate-element animation-builder link-hover-off btn-inline-left \" id=\"default-btn-7641c4c38ab5eb006300552df39e91e1\" title=\"++NOV\u00c1 BARVA++ P?vodn\u00ed mini bob (\u0161pi?at\u00fd bob) v tyrkysov\u00e9 barv?\"><span>KOUPIT TYRKYSOV\u00dd ZIPFELBOB<\/span><\/a>[\/vc_column][\/vc_row][vc_row][vc_column][vc_empty_space][\/vc_column][\/vc_row][vc_row][vc_column width=&#8220;1\/2&#8243;][vc_empty_space height=&#8220;60px&#8220;][vc_empty_space height=&#8220;60px&#8220;]<style type=\"text\/css\" data-type=\"the7_shortcodes-inline-css\">#default-btn-1787e00501031148d8b32e2ed075ee5a.ico-right-side > i {\n  margin-right: 0px;\n  margin-left: 8px;\n}\n#default-btn-1787e00501031148d8b32e2ed075ee5a > i {\n  margin-right: 8px;\n}<\/style><div class=\"btn-align-center\"><a href=\"https:\/\/mini-bob.com\/cs\/mini-bob\/\" class=\"default-btn-shortcode dt-btn dt-btn-l pulse animate-element animation-builder link-hover-off \" id=\"default-btn-1787e00501031148d8b32e2ed075ee5a\" title=\"mini bob\"><span>MINI BOB V JIN\u00ddCH BARV\u00c1CH<\/span><\/a><\/div>[vc_empty_space]<style type=\"text\/css\" data-type=\"the7_shortcodes-inline-css\">#default-btn-85b3cfc4143c149b9f59e91496e906a1.ico-right-side > i {\n  margin-right: 0px;\n  margin-left: 8px;\n}\n#default-btn-85b3cfc4143c149b9f59e91496e906a1 > i {\n  margin-right: 8px;\n}<\/style><div class=\"btn-align-center\"><a href=\"https:\/\/mini-bob.com\/mini-bob-zipfelbob-shop\/\" class=\"default-btn-shortcode dt-btn dt-btn-l pulse animate-element animation-builder link-hover-off \" id=\"default-btn-85b3cfc4143c149b9f59e91496e906a1\" title=\"Origin\u00e1ln\u00ed mini bob (Zipfelbob) Obchod\"><span>KLIKNUT\u00cdM SEM P?EJDETE P?\u00cdMO DO OBCHODU<\/span><\/a><\/div>[\/vc_column][vc_column width=&#8220;1\/2&#8243;][vc_single_image image=&#8220;161928&#8243; img_size=&#8220;large&#8220;][vc_column_text]Vych\u00e1z\u00ed z podobn\u00e9ho modelu Zipfybob v benzinov\u00e9 barv? ze 70. let.[\/vc_column_text][\/vc_column][\/vc_row]<\/p>\n<\/div>","protected":false},"excerpt":{"rendered":"<p>[vc_row][vc_column width=&#8220;1\/2&#8243;][vc_single_image image=&#8220;161927&#8243; img_size=&#8220;large&#8220;][\/vc_column][vc_column width=&#8220;1\/2&#8243;][vc_custom_heading text=&#8220;Origin\u00e1ln\u00ed mini bob (zipflbob) v tyrkysov\u00e9 barv?&#8220; google_fonts=&#8220;font_family:Roboto%20Condensed%3A300%2C300italic%2Cregular%2Citalic%2C700%2C700italic|font_style:400%20regular%3A400%3Anormal&#8220;][vc_column_text]Origin\u00e1ln\u00ed mini bob (Zipfelbob) je od z\u00e1?\u00ed 2022 k dispozici ve speci\u00e1ln\u00ed tyrkysov\u00e9 barv?. Tentokr\u00e1t zipflbob ve speci\u00e1ln\u00ed tyrkysov\u00e9 barv? nenahrad\u00ed zipfelbob ve speci\u00e1ln\u00ed r?\u017eov\u00e9 barv?, jak je obvykl\u00e9. Naopak! Origin\u00e1ln\u00ed mini bob v m\u00e1tov\u00e9 barv? je dopl?kem na\u0161eho obchodu, kter\u00fd n\u00e1m umo\u017e?uje&hellip;<\/p>\n","protected":false},"author":3,"featured_media":0,"parent":0,"menu_order":0,"comment_status":"closed","ping_status":"closed","template":"","meta":{"_acf_changed":false,"footnotes":""},"class_list":["post-161926","page","type-page","status-publish","hentry","description-off"],"acf":[],"_links":{"self":[{"href":"https:\/\/mini-bob.com\/cs\/wp-json\/wp\/v2\/pages\/161926","targetHints":{"allow":["GET"]}}],"collection":[{"href":"https:\/\/mini-bob.com\/cs\/wp-json\/wp\/v2\/pages"}],"about":[{"href":"https:\/\/mini-bob.com\/cs\/wp-json\/wp\/v2\/types\/page"}],"author":[{"embeddable":true,"href":"https:\/\/mini-bob.com\/cs\/wp-json\/wp\/v2\/users\/3"}],"replies":[{"embeddable":true,"href":"https:\/\/mini-bob.com\/cs\/wp-json\/wp\/v2\/comments?post=161926"}],"version-history":[{"count":3,"href":"https:\/\/mini-bob.com\/cs\/wp-json\/wp\/v2\/pages\/161926\/revisions"}],"predecessor-version":[{"id":161933,"href":"https:\/\/mini-bob.com\/cs\/wp-json\/wp\/v2\/pages\/161926\/revisions\/161933"}],"wp:attachment":[{"href":"https:\/\/mini-bob.com\/cs\/wp-json\/wp\/v2\/media?parent=161926"}],"curies":[{"name":"wp","href":"https:\/\/api.w.org\/{rel}","templated":true}]}}