{"id":161935,"date":"2015-10-25T15:30:06","date_gmt":"2015-10-25T14:30:06","guid":{"rendered":"https:\/\/mini-bob.com\/fialovy-mini-bob-zipflbob\/"},"modified":"2025-12-01T20:07:14","modified_gmt":"2025-12-01T19:07:14","slug":"fialovy-mini-bob-zipflbob","status":"publish","type":"page","link":"https:\/\/mini-bob.com\/cs\/fialovy-mini-bob-zipflbob\/","title":{"rendered":"fialov\u00fd mini bob \/ zipflbob"},"content":{"rendered":"<div class=\"wpb-content-wrapper\"><p>[vc_row][vc_column width=&#8220;1\/2&#8243;][vc_single_image image=&#8220;161937&#8243; img_size=&#8220;large&#8220;][\/vc_column][vc_column width=&#8220;1\/2&#8243;][vc_custom_heading text=&#8220;Origin\u00e1ln\u00ed mini bob (zipflbob) ve fialov\u00e9 barv?&#8220; google_fonts=&#8220;font_family:Roboto%20Condensed%3A300%2C300italic%2Cregular%2Citalic%2C700%2C700italic|font_style:400%20regular%3A400%3Anormal&#8220;][vc_column_text]Od roku 2015 je origin\u00e1ln\u00ed mini bob (zipflbob) k dispozici ve fialov\u00e9 barv?, zn\u00e1m\u00e9 tak\u00e9 jako:<\/p>\n<p><strong>Fialov\u00e1:<\/strong> barva fialov\u00e1 hrani?\u00ed s fialovou nebo je tak\u00e9 zn\u00e1m\u00e1 jako tmav? fialov\u00e1 (violet zipflbob).<\/p>\n<p><strong>Fialov\u00e1:<\/strong> Fialov\u00e1 je sv?tlej\u0161\u00ed fialov\u00e1, kter\u00e1 je tak\u00e9 zn\u00e1m\u00e1 jako purpurov\u00e1 (purpurov\u00fd zipflbob).<\/p>\n<p><strong>Purpurov\u00e1:<\/strong> Purpurov\u00e1 je mezi fialovou a ?ervenou a je dopl?kovou barvou k zelen\u00e9! (magenta color zipflbob) <\/p>\n<p><strong>R?\u017eov\u00e1:<\/strong> R?\u017eov\u00e1 je velmi jasn\u00e1 purpurov\u00e1 barva v pastelov\u00fdch odst\u00ednech (r?\u017eov\u00fd zipflbob).<\/p>\n<p>V 90. letech se vyr\u00e1b?la a dva roky prod\u00e1vala speci\u00e1ln\u00ed neonov? r?\u017eov\u00e1 barva.[\/vc_column_text][\/vc_column][\/vc_row][vc_row][vc_column width=&#8220;1\/2&#8243;][vc_empty_space height=&#8220;90px&#8220;]<style type=\"text\/css\" data-type=\"the7_shortcodes-inline-css\">#default-btn-85b3cfc4143c149b9f59e91496e906a1.ico-right-side > i {\n  margin-right: 0px;\n  margin-left: 8px;\n}\n#default-btn-85b3cfc4143c149b9f59e91496e906a1 > i {\n  margin-right: 8px;\n}<\/style><div class=\"btn-align-center\"><a href=\"https:\/\/mini-bob.com\/mini-bob-zipfelbob-shop\/\" class=\"default-btn-shortcode dt-btn dt-btn-l pulse animate-element animation-builder link-hover-off \" id=\"default-btn-85b3cfc4143c149b9f59e91496e906a1\" title=\"Origin\u00e1ln\u00ed mini bob (Zipfelbob) Obchod\"><span>KLIKNUT\u00cdM SEM P?EJDETE P?\u00cdMO DO OBCHODU<\/span><\/a><\/div>[vc_empty_space]<style type=\"text\/css\" data-type=\"the7_shortcodes-inline-css\">#default-btn-1787e00501031148d8b32e2ed075ee5a.ico-right-side > i {\n  margin-right: 0px;\n  margin-left: 8px;\n}\n#default-btn-1787e00501031148d8b32e2ed075ee5a > i {\n  margin-right: 8px;\n}<\/style><div class=\"btn-align-center\"><a href=\"https:\/\/mini-bob.com\/cs\/mini-bob\/\" class=\"default-btn-shortcode dt-btn dt-btn-l pulse animate-element animation-builder link-hover-off \" id=\"default-btn-1787e00501031148d8b32e2ed075ee5a\" title=\"mini bob\"><span>MINI BOB V JIN\u00ddCH BARV\u00c1CH<\/span><\/a><\/div>[\/vc_column][vc_column width=&#8220;1\/2&#8243;][vc_single_image image=&#8220;161920&#8243; img_size=&#8220;large&#8220;][\/vc_column][\/vc_row]<\/p>\n<\/div>","protected":false},"excerpt":{"rendered":"<p>[vc_row][vc_column width=&#8220;1\/2&#8243;][vc_single_image image=&#8220;161937&#8243; img_size=&#8220;large&#8220;][\/vc_column][vc_column width=&#8220;1\/2&#8243;][vc_custom_heading text=&#8220;Origin\u00e1ln\u00ed mini bob (zipflbob) ve fialov\u00e9 barv?&#8220; google_fonts=&#8220;font_family:Roboto%20Condensed%3A300%2C300italic%2Cregular%2Citalic%2C700%2C700italic|font_style:400%20regular%3A400%3Anormal&#8220;][vc_column_text]Od roku 2015 je origin\u00e1ln\u00ed mini bob (zipflbob) k dispozici ve fialov\u00e9 barv?, zn\u00e1m\u00e9 tak\u00e9 jako: Fialov\u00e1: barva fialov\u00e1 hrani?\u00ed s fialovou nebo je tak\u00e9 zn\u00e1m\u00e1 jako tmav? fialov\u00e1 (violet zipflbob). Fialov\u00e1: Fialov\u00e1 je sv?tlej\u0161\u00ed fialov\u00e1, kter\u00e1 je tak\u00e9 zn\u00e1m\u00e1 jako purpurov\u00e1 (purpurov\u00fd&hellip;<\/p>\n","protected":false},"author":1,"featured_media":0,"parent":0,"menu_order":0,"comment_status":"closed","ping_status":"closed","template":"","meta":{"_acf_changed":false,"footnotes":""},"class_list":["post-161935","page","type-page","status-publish","hentry","description-off"],"acf":[],"_links":{"self":[{"href":"https:\/\/mini-bob.com\/cs\/wp-json\/wp\/v2\/pages\/161935","targetHints":{"allow":["GET"]}}],"collection":[{"href":"https:\/\/mini-bob.com\/cs\/wp-json\/wp\/v2\/pages"}],"about":[{"href":"https:\/\/mini-bob.com\/cs\/wp-json\/wp\/v2\/types\/page"}],"author":[{"embeddable":true,"href":"https:\/\/mini-bob.com\/cs\/wp-json\/wp\/v2\/users\/1"}],"replies":[{"embeddable":true,"href":"https:\/\/mini-bob.com\/cs\/wp-json\/wp\/v2\/comments?post=161935"}],"version-history":[{"count":3,"href":"https:\/\/mini-bob.com\/cs\/wp-json\/wp\/v2\/pages\/161935\/revisions"}],"predecessor-version":[{"id":161947,"href":"https:\/\/mini-bob.com\/cs\/wp-json\/wp\/v2\/pages\/161935\/revisions\/161947"}],"wp:attachment":[{"href":"https:\/\/mini-bob.com\/cs\/wp-json\/wp\/v2\/media?parent=161935"}],"curies":[{"name":"wp","href":"https:\/\/api.w.org\/{rel}","templated":true}]}}