{"id":161936,"date":"2015-10-25T14:32:44","date_gmt":"2015-10-25T13:32:44","guid":{"rendered":"https:\/\/mini-bob.com\/zeleny-mini-bob-zipflbob-zipfelbob-v-zelene-barve\/"},"modified":"2025-12-01T20:07:15","modified_gmt":"2025-12-01T19:07:15","slug":"zeleny-mini-bob-zipflbob-zipfelbob-v-zelene-barve","status":"publish","type":"page","link":"https:\/\/mini-bob.com\/cs\/zeleny-mini-bob-zipflbob-zipfelbob-v-zelene-barve\/","title":{"rendered":"zelen\u00fd mini bob \/ zipflbob \/ zipfelbob v zelen\u00e9 barv?"},"content":{"rendered":"<div class=\"wpb-content-wrapper\"><p>[vc_row][vc_column][vc_custom_heading text=&#8220;origin\u00e1ln\u00ed Zipfelbob v zelen\u00e9 barv?&#8220; font_container=&#8220;tag:h1|text_align:left&#8220; google_fonts=&#8220;font_family:Roboto%20Condensed%3A300%2C300italic%2Cregular%2Citalic%2C700%2C700italic|font_style:400%20regular%3A400%3Anormal&#8220;][\/vc_column][\/vc_row][vc_row][vc_column width=&#8220;1\/2&#8243;][vc_single_image image=&#8220;161940&#8243; img_size=&#8220;large&#8220;][\/vc_column][vc_column width=&#8220;1\/2&#8243;][vc_custom_heading text=&#8220;origin\u00e1ln\u00ed mini bob (zipflbob) v zelen\u00e9 barv?&#8220; google_fonts=&#8220;font_family:Roboto%20Condensed%3A300%2C300italic%2Cregular%2Citalic%2C700%2C700italic|font_style:400%20regular%3A400%3Anormal&#8220;][vc_column_text]P?vodn\u00ed mini bob (zipflbob) se vyr\u00e1b\u00ed a prod\u00e1v\u00e1 v r?zn\u00fdch odst\u00ednech zelen\u00e9 barvy od roku 1976.<\/p>\n<p>V 90. letech byla nap?\u00edklad popul\u00e1rn\u00ed neonov? zelen\u00e1 speci\u00e1ln\u00ed edice, kter\u00e1 se vyr\u00e1b?la a prod\u00e1vala pouze dva roky.<\/p>\n<p>V na\u0161em internetov\u00e9m obchod? je nyn\u00ed k dispozici tak\u00e9 speci\u00e1ln\u00ed edice &#8222;green-glitter&#8220; limitovan\u00e1 na 300 kus?.<\/p>\n<p>Zelen\u00e1 je velmi obl\u00edben\u00e1 barva s r?zn\u00fdmi v\u00fdznamy v mnoha n\u00e1bo\u017eenstv\u00edch a kultur\u00e1ch. Zelen\u00e1 nap?\u00edklad ?asto symbolizuje barvu vzk?\u00ed\u0161en\u00ed a probouzej\u00edc\u00edho se jara. <\/p>\n<p>zelen\u00fd mini bob \/ zipflbob je na sjezdovce skute?n? atraktivn\u00ed a na slunci p?sob\u00ed obzvl\u00e1\u0161? efektn?.[\/vc_column_text]<style type=\"text\/css\" data-type=\"the7_shortcodes-inline-css\">#default-btn-40775b9cf2d71f9136325de682b7456b.ico-right-side > i {\n  margin-right: 0px;\n  margin-left: 8px;\n}\n#default-btn-40775b9cf2d71f9136325de682b7456b > i {\n  margin-right: 8px;\n}<\/style><a href=\"https:\/\/mini-bob.com\/mini-bob-zipfelbob-shop\/\" class=\"default-btn-shortcode dt-btn dt-btn-l pulse animate-element animation-builder link-hover-off btn-inline-left \" id=\"default-btn-40775b9cf2d71f9136325de682b7456b\" title=\"Origin\u00e1ln\u00ed mini bob (Zipfelbob) Obchod\"><span>KLIKN?TE ZDE PRO OBCHOD!<\/span><\/a>[\/vc_column][\/vc_row][vc_row][vc_column width=&#8220;1\/2&#8243;][vc_custom_heading text=&#8220;Zipfelbob zelen\u00fd od 2018&#8243; google_fonts=&#8220;font_family:Roboto%20Condensed%3A300%2C300italic%2Cregular%2Citalic%2C700%2C700italic|font_style:400%20regular%3A400%3Anormal&#8220;][vc_single_image image=&#8220;161941&#8243; img_size=&#8220;large&#8220; add_caption=&#8220;yes&#8220;][\/vc_column][vc_column width=&#8220;1\/2&#8243;][vc_custom_heading text=&#8220;P?vodn\u00ed minibob v zelen\u00e9 barv?&#8220; google_fonts=&#8220;font_family:Roboto%20Condensed%3A300%2C300italic%2Cregular%2Citalic%2C700%2C700italic|font_style:400%20regular%3A400%3Anormal&#8220;][vc_single_image image=&#8220;161942&#8243; img_size=&#8220;large&#8220; add_caption=&#8220;yes&#8220;][\/vc_column][\/vc_row][vc_row][vc_column width=&#8220;1\/2&#8243;][vc_custom_heading text=&#8220;Speci\u00e1ln\u00ed edice zelen\u00e9 metal\u00edzy na sn?hu&#8220; google_fonts=&#8220;font_family:Roboto%20Condensed%3A300%2C300italic%2Cregular%2Citalic%2C700%2C700italic|font_style:400%20regular%3A400%3Anormal&#8220;][vc_single_image image=&#8220;161943&#8243; img_size=&#8220;large&#8220; add_caption=&#8220;yes&#8220;][\/vc_column][vc_column width=&#8220;1\/2&#8243;][vc_custom_heading text=&#8220;zelen\u00fd plastov\u00fd bob - mini bob&#8220; google_fonts=&#8220;font_family:Roboto%20Condensed%3A300%2C300italic%2Cregular%2Citalic%2C700%2C700italic|font_style:400%20regular%3A400%3Anormal&#8220;][vc_single_image image=&#8220;161944&#8243; img_size=&#8220;large&#8220; add_caption=&#8220;yes&#8220;][\/vc_column][\/vc_row]<\/p>\n<\/div>","protected":false},"excerpt":{"rendered":"<p>[vc_row][vc_column][vc_custom_heading text=&#8220;origin\u00e1ln\u00ed Zipfelbob v zelen\u00e9 barv?&#8220; font_container=&#8220;tag:h1|text_align:left&#8220; google_fonts=&#8220;font_family:Roboto%20Condensed%3A300%2C300italic%2Cregular%2Citalic%2C700%2C700italic|font_style:400%20regular%3A400%3Anormal&#8220;][\/vc_column][\/vc_row][vc_row][vc_column width=&#8220;1\/2&#8243;][vc_single_image image=&#8220;161940&#8243; img_size=&#8220;large&#8220;][\/vc_column][vc_column width=&#8220;1\/2&#8243;][vc_custom_heading text=&#8220;origin\u00e1ln\u00ed mini bob (zipflbob) v zelen\u00e9 barv?&#8220; google_fonts=&#8220;font_family:Roboto%20Condensed%3A300%2C300italic%2Cregular%2Citalic%2C700%2C700italic|font_style:400%20regular%3A400%3Anormal&#8220;][vc_column_text]P?vodn\u00ed mini bob (zipflbob) se vyr\u00e1b\u00ed a prod\u00e1v\u00e1 v r?zn\u00fdch odst\u00ednech zelen\u00e9 barvy od roku 1976. V 90. letech byla nap?\u00edklad popul\u00e1rn\u00ed neonov? zelen\u00e1 speci\u00e1ln\u00ed edice, kter\u00e1 se vyr\u00e1b?la a prod\u00e1vala pouze dva roky. V na\u0161em&hellip;<\/p>\n","protected":false},"author":1,"featured_media":0,"parent":0,"menu_order":0,"comment_status":"closed","ping_status":"closed","template":"","meta":{"_acf_changed":false,"footnotes":""},"class_list":["post-161936","page","type-page","status-publish","hentry","description-off"],"acf":[],"_links":{"self":[{"href":"https:\/\/mini-bob.com\/cs\/wp-json\/wp\/v2\/pages\/161936","targetHints":{"allow":["GET"]}}],"collection":[{"href":"https:\/\/mini-bob.com\/cs\/wp-json\/wp\/v2\/pages"}],"about":[{"href":"https:\/\/mini-bob.com\/cs\/wp-json\/wp\/v2\/types\/page"}],"author":[{"embeddable":true,"href":"https:\/\/mini-bob.com\/cs\/wp-json\/wp\/v2\/users\/1"}],"replies":[{"embeddable":true,"href":"https:\/\/mini-bob.com\/cs\/wp-json\/wp\/v2\/comments?post=161936"}],"version-history":[{"count":3,"href":"https:\/\/mini-bob.com\/cs\/wp-json\/wp\/v2\/pages\/161936\/revisions"}],"predecessor-version":[{"id":161948,"href":"https:\/\/mini-bob.com\/cs\/wp-json\/wp\/v2\/pages\/161936\/revisions\/161948"}],"wp:attachment":[{"href":"https:\/\/mini-bob.com\/cs\/wp-json\/wp\/v2\/media?parent=161936"}],"curies":[{"name":"wp","href":"https:\/\/api.w.org\/{rel}","templated":true}]}}