{"id":161949,"date":"2015-10-27T16:34:53","date_gmt":"2015-10-27T15:34:53","guid":{"rendered":"https:\/\/mini-bob.com\/oranzovy-mini-bob-zipflbob\/"},"modified":"2025-12-01T20:07:22","modified_gmt":"2025-12-01T19:07:22","slug":"oranzovy-mini-bob-zipflbob","status":"publish","type":"page","link":"https:\/\/mini-bob.com\/cs\/oranzovy-mini-bob-zipflbob\/","title":{"rendered":"oran\u017eov\u00fd mini bob \/ zipflbob"},"content":{"rendered":"<div class=\"wpb-content-wrapper\"><p>[vc_row][vc_column width=&#8220;1\/2&#8243;][vc_single_image image=&#8220;161950&#8243; img_size=&#8220;large&#8220;][\/vc_column][vc_column width=&#8220;1\/2&#8243;][vc_custom_heading text=&#8220;Origin\u00e1ln\u00ed mini bob (zipflbob) v oran\u017eov\u00e9 barv?&#8220; google_fonts=&#8220;font_family:Roboto%20Condensed%3A300%2C300italic%2Cregular%2Citalic%2C700%2C700italic|font_style:400%20regular%3A400%3Anormal&#8220;][vc_column_text]Oran\u017eov\u00fd mini bob (Zipfelbob) nahradil \u017elut\u00fd mini bob v roce 2010 a vyr\u00e1b?l se a prod\u00e1val a\u017e do roku 2014.<\/p>\n<p>Oran\u017eov\u00fd zipflbob - mini bob jako speci\u00e1ln\u00ed barva v retro designu m?l p?ipom\u00ednat barvy obl\u00edben\u00e9 v 70. letech.<\/p>\n<p>Oran\u017eov\u00e1 barva dominovala ka\u017edodenn\u00edmu \u017eivotu v 70. letech. V oran\u017eov\u00e9 barv? jezdila auta, oran\u017eovou a \u017elutou barvou byly vytapetov\u00e1ny st?ny a v oran\u017eov\u00e9 barv? se vyr\u00e1b?ly kuchy?sk\u00e9 spot?ebi?e a n\u00e1bytek.[\/vc_column_text][vc_empty_space]<style type=\"text\/css\" data-type=\"the7_shortcodes-inline-css\">#default-btn-40775b9cf2d71f9136325de682b7456b.ico-right-side > i {\n  margin-right: 0px;\n  margin-left: 8px;\n}\n#default-btn-40775b9cf2d71f9136325de682b7456b > i {\n  margin-right: 8px;\n}<\/style><a href=\"https:\/\/mini-bob.com\/mini-bob-zipfelbob-shop\/\" class=\"default-btn-shortcode dt-btn dt-btn-l pulse animate-element animation-builder link-hover-off btn-inline-left \" id=\"default-btn-40775b9cf2d71f9136325de682b7456b\" title=\"Origin\u00e1ln\u00ed mini bob (Zipfelbob) Obchod\"><span>KLIKNUT\u00cdM SEM P?EJDETE P?\u00cdMO DO OBCHODU<\/span><\/a>[\/vc_column][\/vc_row][vc_row][vc_column][vc_empty_space][\/vc_column][\/vc_row][vc_row][vc_column width=&#8220;1\/2&#8243;][vc_empty_space][vc_empty_space]<style type=\"text\/css\" data-type=\"the7_shortcodes-inline-css\">#default-btn-1787e00501031148d8b32e2ed075ee5a.ico-right-side > i {\n  margin-right: 0px;\n  margin-left: 8px;\n}\n#default-btn-1787e00501031148d8b32e2ed075ee5a > i {\n  margin-right: 8px;\n}<\/style><div class=\"btn-align-center\"><a href=\"https:\/\/mini-bob.com\/cs\/mini-bob\/\" class=\"default-btn-shortcode dt-btn dt-btn-l pulse animate-element animation-builder link-hover-off \" id=\"default-btn-1787e00501031148d8b32e2ed075ee5a\" title=\"mini bob\"><span>MINI BOB V JIN\u00ddCH BARV\u00c1CH<\/span><\/a><\/div>[\/vc_column][vc_column width=&#8220;1\/2&#8243;][vc_single_image image=&#8220;161917&#8243; img_size=&#8220;large&#8220;][\/vc_column][\/vc_row]<\/p>\n<\/div>","protected":false},"excerpt":{"rendered":"<p>[vc_row][vc_column width=&#8220;1\/2&#8243;][vc_single_image image=&#8220;161950&#8243; img_size=&#8220;large&#8220;][\/vc_column][vc_column width=&#8220;1\/2&#8243;][vc_custom_heading text=&#8220;Origin\u00e1ln\u00ed mini bob (zipflbob) v oran\u017eov\u00e9 barv?&#8220; google_fonts=&#8220;font_family:Roboto%20Condensed%3A300%2C300italic%2Cregular%2Citalic%2C700%2C700italic|font_style:400%20regular%3A400%3Anormal&#8220;][vc_column_text]Oran\u017eov\u00fd mini bob (Zipfelbob) nahradil \u017elut\u00fd mini bob v roce 2010 a vyr\u00e1b?l se a prod\u00e1val a\u017e do roku 2014. Oran\u017eov\u00fd zipflbob - mini bob jako speci\u00e1ln\u00ed barva v retro designu m?l p?ipom\u00ednat barvy obl\u00edben\u00e9 v 70. letech. Oran\u017eov\u00e1 barva dominovala ka\u017edodenn\u00edmu \u017eivotu&hellip;<\/p>\n","protected":false},"author":1,"featured_media":0,"parent":0,"menu_order":0,"comment_status":"closed","ping_status":"closed","template":"","meta":{"_acf_changed":false,"footnotes":""},"class_list":["post-161949","page","type-page","status-publish","hentry","description-off"],"acf":[],"_links":{"self":[{"href":"https:\/\/mini-bob.com\/cs\/wp-json\/wp\/v2\/pages\/161949","targetHints":{"allow":["GET"]}}],"collection":[{"href":"https:\/\/mini-bob.com\/cs\/wp-json\/wp\/v2\/pages"}],"about":[{"href":"https:\/\/mini-bob.com\/cs\/wp-json\/wp\/v2\/types\/page"}],"author":[{"embeddable":true,"href":"https:\/\/mini-bob.com\/cs\/wp-json\/wp\/v2\/users\/1"}],"replies":[{"embeddable":true,"href":"https:\/\/mini-bob.com\/cs\/wp-json\/wp\/v2\/comments?post=161949"}],"version-history":[{"count":3,"href":"https:\/\/mini-bob.com\/cs\/wp-json\/wp\/v2\/pages\/161949\/revisions"}],"predecessor-version":[{"id":161954,"href":"https:\/\/mini-bob.com\/cs\/wp-json\/wp\/v2\/pages\/161949\/revisions\/161954"}],"wp:attachment":[{"href":"https:\/\/mini-bob.com\/cs\/wp-json\/wp\/v2\/media?parent=161949"}],"curies":[{"name":"wp","href":"https:\/\/api.w.org\/{rel}","templated":true}]}}