{"id":161953,"date":"2015-12-07T17:28:58","date_gmt":"2015-12-07T16:28:58","guid":{"rendered":"https:\/\/mini-bob.com\/zpusoby-prepravy\/"},"modified":"2015-12-07T17:28:58","modified_gmt":"2015-12-07T16:28:58","slug":"zpusoby-prepravy","status":"publish","type":"page","link":"https:\/\/mini-bob.com\/cs\/zpusoby-prepravy\/","title":{"rendered":"Zp?soby p?epravy"},"content":{"rendered":"<p>Zp?soby p?epravy<\/p>\n<p>Informace o cen?<\/p>\n<p>N\u00e1klady na dopravu z\u00e1vis\u00ed na mno\u017estv\u00ed objednan\u00e9ho zbo\u017e\u00ed a zp?sobu dopravy. Budou v\u00e1m sd?leny b?hem procesu objedn\u00e1v\u00e1n\u00ed. <\/p>\n<p>N\u00e1sleduj\u00edc\u00ed seznam slou\u017e\u00ed pro va\u0161i informaci a orientaci.<br \/>\nSkute?n\u00e9 n\u00e1klady na dopravu jsou ur?eny b?hem procesu objedn\u00e1v\u00e1n\u00ed, kter\u00fd lze kdykoli zru\u0161it.<\/p>\n<p>N\u00e1klady na dopravu:<\/p>\n<p>V r\u00e1mci N?mecka DHL Paket pau\u0161\u00e1ln\u00ed sazba 4,99 EUR<br \/>\nMimo N?mecko, ale v r\u00e1mci Evropy* DHL Premium Paket pau\u0161\u00e1ln\u00ed sazba 10,50 EUR<\/p>\n<p>Z\u00e1silky do \u0160v\u00fdcarska p?epravuje spole?nost DHL jako poji\u0161t?nou z\u00e1silku za pau\u0161\u00e1ln\u00ed cenu 26,90 EUR - dbejte pros\u00edm na celn\u00ed p?edpisy ve va\u0161\u00ed zemi!<\/p>\n<p>Z\u00e1silky mimo EU a dal\u0161\u00ed zem? (nap?. Norsko, Finsko) jsou zpracov\u00e1v\u00e1ny spole?nost\u00ed DHL jako poji\u0161t?n\u00e1 z\u00e1silka za pau\u0161\u00e1ln\u00ed sazbu 26,90 EUR - dbejte pros\u00edm na celn\u00ed p?edpisy ve va\u0161\u00ed zemi!<\/p>\n<p>Dob\u00edrka plus poplatek DHL ve v\u00fd\u0161i 4,00 EUR <\/p>\n<p>V\u0161echny ceny pro doru?ovac\u00ed adresy v EU jsou v?etn? n?meck\u00e9 DPH 19 % - dbejte pros\u00edm na celn\u00ed p?edpisy ve va\u0161\u00ed zemi! <\/p>\n<p>*P?i doru?en\u00ed mimo N?mecko se mohou uplatnit dal\u0161\u00ed cla, dan? a poplatky<br \/>\nPoplatek za vr\u00e1cen\u00ed nedoru?iteln\u00fdch z\u00e1silek DHL (\u00a7 4 odst. 6 VOP PAKET\/EXPRESS NATIONAL), pokud za nedoru?en\u00ed nen\u00ed odpov?dn\u00e1 spole?nost DHL: 4,99 EUR za z\u00e1silku.<br \/>\nPoplatek za vr\u00e1cen\u00ed z\u00e1silky ve v\u00fd\u0161i 4,99 EUR bude \u00fa?tov\u00e1n tak\u00e9 za p?edb?\u017en\u00e9 dispozice (&#8222;okam\u017eit\u00e9 vr\u00e1cen\u00ed&#8220;, &#8222;zpr\u00e1va o nedoru?itelnosti&#8220;, pl\u00e1novan\u00e9 doru?en\u00ed&#8220;, &#8222;doru?en\u00ed bez sousedstv\u00ed&#8220;) ve v\u0161ech p?\u00edpadech, kdy je z\u00e1silka vr\u00e1cena.<\/p>\n<p>Plat\u00ed V\u0161eobecn\u00e9 obchodn\u00ed podm\u00ednky spole?nosti DHL Parcel\/Express National (VOP Parcel\/Express National) v aktu\u00e1ln\u00edm zn?n\u00ed (k dispozici na adrese www.dhl.de).<\/p>\n","protected":false},"excerpt":{"rendered":"<p>Zp?soby p?epravy Informace o cen? N\u00e1klady na dopravu z\u00e1vis\u00ed na mno\u017estv\u00ed objednan\u00e9ho zbo\u017e\u00ed a zp?sobu dopravy. Budou v\u00e1m sd?leny b?hem procesu objedn\u00e1v\u00e1n\u00ed. N\u00e1sleduj\u00edc\u00ed seznam slou\u017e\u00ed pro va\u0161i informaci a orientaci. Skute?n\u00e9 n\u00e1klady na dopravu jsou ur?eny b?hem procesu objedn\u00e1v\u00e1n\u00ed, kter\u00fd lze kdykoli zru\u0161it. N\u00e1klady na dopravu: V r\u00e1mci N?mecka DHL Paket pau\u0161\u00e1ln\u00ed sazba 4,99 EUR&hellip;<\/p>\n","protected":false},"author":1,"featured_media":0,"parent":0,"menu_order":0,"comment_status":"closed","ping_status":"closed","template":"","meta":{"_acf_changed":false,"footnotes":""},"class_list":["post-161953","page","type-page","status-publish","hentry","description-off"],"acf":[],"_links":{"self":[{"href":"https:\/\/mini-bob.com\/cs\/wp-json\/wp\/v2\/pages\/161953","targetHints":{"allow":["GET"]}}],"collection":[{"href":"https:\/\/mini-bob.com\/cs\/wp-json\/wp\/v2\/pages"}],"about":[{"href":"https:\/\/mini-bob.com\/cs\/wp-json\/wp\/v2\/types\/page"}],"author":[{"embeddable":true,"href":"https:\/\/mini-bob.com\/cs\/wp-json\/wp\/v2\/users\/1"}],"replies":[{"embeddable":true,"href":"https:\/\/mini-bob.com\/cs\/wp-json\/wp\/v2\/comments?post=161953"}],"version-history":[{"count":0,"href":"https:\/\/mini-bob.com\/cs\/wp-json\/wp\/v2\/pages\/161953\/revisions"}],"wp:attachment":[{"href":"https:\/\/mini-bob.com\/cs\/wp-json\/wp\/v2\/media?parent=161953"}],"curies":[{"name":"wp","href":"https:\/\/api.w.org\/{rel}","templated":true}]}}