{"id":161964,"date":"2015-10-27T17:12:27","date_gmt":"2015-10-27T16:12:27","guid":{"rendered":"https:\/\/mini-bob.com\/bronzovy-mini-bob-zipflbob\/"},"modified":"2025-12-01T20:07:37","modified_gmt":"2025-12-01T19:07:37","slug":"bronzovy-mini-bob-zipflbob","status":"publish","type":"page","link":"https:\/\/mini-bob.com\/cs\/bronzovy-mini-bob-zipflbob\/","title":{"rendered":"bronzov\u00fd mini bob \/ zipflbob"},"content":{"rendered":"<div class=\"wpb-content-wrapper\"><p>[vc_row][vc_column width=&#8220;1\/2&#8243;][vc_single_image image=&#8220;161965&#8243; img_size=&#8220;large&#8220;][\/vc_column][vc_column width=&#8220;1\/2&#8243;][vc_custom_heading text=&#8220;Origin\u00e1ln\u00ed mini bob (zipflbob) v bronzov\u00e9 barv?&#8220; google_fonts=&#8220;font_family:Roboto%20Condensed%3A300%2C300italic%2Cregular%2Citalic%2C700%2C700italic|font_style:400%20regular%3A400%3Anormal&#8220;][vc_column_text]P?vodn\u00ed mini bob v bronzov\u00e9 barv? je velmi speci\u00e1ln\u00ed model Zipfelbob a byl limitov\u00e1n na pouh\u00fdch 700 kus?.<\/p>\n<p>V roce 2014 byla spolu se speci\u00e1ln\u00ed barvou &#8222;Green Glitter&#8220; limitov\u00e1na tak\u00e9 speci\u00e1ln\u00ed s\u00e9rie p?vodn\u00edho mini boba v bronzov\u00e9 barv? na pouh\u00fdch 700 kus?.<\/p>\n<p>Tato jedine?n\u00e1 barva se na slunci opravdu vyj\u00edm\u00e1 a inspiruje nejen mlad\u00e9 jezdce na Zipflbobu, ale zejm\u00e9na Zipflbobery 2. a 3. generace.<\/p>\n<p>Bronzov\u00fd mini bob lze zakoupit prost?ednictv\u00edm na\u0161eho internetov\u00e9ho obchodu (do vyprod\u00e1n\u00ed z\u00e1sob).[\/vc_column_text]<style type=\"text\/css\" data-type=\"the7_shortcodes-inline-css\">#default-btn-aa5429ba0d87e2530795475cef1ab9b7.ico-right-side > i {\n  margin-right: 0px;\n  margin-left: 8px;\n}\n#default-btn-aa5429ba0d87e2530795475cef1ab9b7 > i {\n  margin-right: 8px;\n}<\/style><a href=\"https:\/\/mini-bob.com\/produkt\/mini-bob-zipfelbob-in-bronze-metallic\/\" class=\"default-btn-shortcode dt-btn dt-btn-l pulse animate-element animation-builder link-hover-off btn-inline-left \" id=\"default-btn-aa5429ba0d87e2530795475cef1ab9b7\" title=\"+VYPROD\u00c1NO+ Edice mini bob (Zipfelbob) v bronzov\u00e9 barv?\"><span>KOUPIT BRONZOV\u00dd ZIPFELBOB<\/span><\/a>[\/vc_column][\/vc_row][vc_row][vc_column width=&#8220;1\/2&#8243;][vc_empty_space height=&#8220;120px&#8220;]<style type=\"text\/css\" data-type=\"the7_shortcodes-inline-css\">#default-btn-1787e00501031148d8b32e2ed075ee5a.ico-right-side > i {\n  margin-right: 0px;\n  margin-left: 8px;\n}\n#default-btn-1787e00501031148d8b32e2ed075ee5a > i {\n  margin-right: 8px;\n}<\/style><div class=\"btn-align-center\"><a href=\"https:\/\/mini-bob.com\/cs\/mini-bob\/\" class=\"default-btn-shortcode dt-btn dt-btn-l pulse animate-element animation-builder link-hover-off \" id=\"default-btn-1787e00501031148d8b32e2ed075ee5a\" title=\"mini bob\"><span>MINI BOB V JIN\u00ddCH BARV\u00c1CH<\/span><\/a><\/div>[vc_empty_space]<style type=\"text\/css\" data-type=\"the7_shortcodes-inline-css\">#default-btn-85b3cfc4143c149b9f59e91496e906a1.ico-right-side > i {\n  margin-right: 0px;\n  margin-left: 8px;\n}\n#default-btn-85b3cfc4143c149b9f59e91496e906a1 > i {\n  margin-right: 8px;\n}<\/style><div class=\"btn-align-center\"><a href=\"https:\/\/mini-bob.com\/mini-bob-zipfelbob-shop\/\" class=\"default-btn-shortcode dt-btn dt-btn-l pulse animate-element animation-builder link-hover-off \" id=\"default-btn-85b3cfc4143c149b9f59e91496e906a1\" title=\"Origin\u00e1ln\u00ed mini bob (Zipfelbob) Obchod\"><span>KLIKNUT\u00cdM SEM P?EJDETE P?\u00cdMO DO OBCHODU<\/span><\/a><\/div>[\/vc_column][vc_column width=&#8220;1\/2&#8243;][vc_single_image image=&#8220;161966&#8243; img_size=&#8220;large&#8220;][\/vc_column][\/vc_row]<\/p>\n<\/div>","protected":false},"excerpt":{"rendered":"<p>[vc_row][vc_column width=&#8220;1\/2&#8243;][vc_single_image image=&#8220;161965&#8243; img_size=&#8220;large&#8220;][\/vc_column][vc_column width=&#8220;1\/2&#8243;][vc_custom_heading text=&#8220;Origin\u00e1ln\u00ed mini bob (zipflbob) v bronzov\u00e9 barv?&#8220; google_fonts=&#8220;font_family:Roboto%20Condensed%3A300%2C300italic%2Cregular%2Citalic%2C700%2C700italic|font_style:400%20regular%3A400%3Anormal&#8220;][vc_column_text]P?vodn\u00ed mini bob v bronzov\u00e9 barv? je velmi speci\u00e1ln\u00ed model Zipfelbob a byl limitov\u00e1n na pouh\u00fdch 700 kus?. V roce 2014 byla spolu se speci\u00e1ln\u00ed barvou &#8222;Green Glitter&#8220; limitov\u00e1na tak\u00e9 speci\u00e1ln\u00ed s\u00e9rie p?vodn\u00edho mini boba v bronzov\u00e9 barv? na pouh\u00fdch 700 kus?. Tato&hellip;<\/p>\n","protected":false},"author":1,"featured_media":0,"parent":0,"menu_order":0,"comment_status":"closed","ping_status":"closed","template":"","meta":{"_acf_changed":false,"footnotes":""},"class_list":["post-161964","page","type-page","status-publish","hentry","description-off"],"acf":[],"_links":{"self":[{"href":"https:\/\/mini-bob.com\/cs\/wp-json\/wp\/v2\/pages\/161964","targetHints":{"allow":["GET"]}}],"collection":[{"href":"https:\/\/mini-bob.com\/cs\/wp-json\/wp\/v2\/pages"}],"about":[{"href":"https:\/\/mini-bob.com\/cs\/wp-json\/wp\/v2\/types\/page"}],"author":[{"embeddable":true,"href":"https:\/\/mini-bob.com\/cs\/wp-json\/wp\/v2\/users\/1"}],"replies":[{"embeddable":true,"href":"https:\/\/mini-bob.com\/cs\/wp-json\/wp\/v2\/comments?post=161964"}],"version-history":[{"count":3,"href":"https:\/\/mini-bob.com\/cs\/wp-json\/wp\/v2\/pages\/161964\/revisions"}],"predecessor-version":[{"id":161971,"href":"https:\/\/mini-bob.com\/cs\/wp-json\/wp\/v2\/pages\/161964\/revisions\/161971"}],"wp:attachment":[{"href":"https:\/\/mini-bob.com\/cs\/wp-json\/wp\/v2\/media?parent=161964"}],"curies":[{"name":"wp","href":"https:\/\/api.w.org\/{rel}","templated":true}]}}