{"id":161970,"date":"2015-12-16T19:20:05","date_gmt":"2015-12-16T18:20:05","guid":{"rendered":"https:\/\/mini-bob.com\/puvodni-zipfelbob\/"},"modified":"2025-12-01T20:07:45","modified_gmt":"2025-12-01T19:07:45","slug":"puvodni-zipfelbob","status":"publish","type":"page","link":"https:\/\/mini-bob.com\/cs\/puvodni-zipfelbob\/","title":{"rendered":"p?vodn\u00ed Zipfelbob"},"content":{"rendered":"<div class=\"wpb-content-wrapper\"><p>[vc_row][vc_column width=&#8220;1\/2&#8243;][vc_wp_text]<\/p>\n<p><img decoding=\"async\" class=\"wp-image-1733 size-medium\" src=\"\/wp-content\/uploads\/2014\/03\/mini-bob-rot-350px.png\" alt=\"P?vodn\u00ed zipflbob v ?erven\u00e9 barv?\"><\/p>\n<p>[\/vc_wp_text][\/vc_column][vc_column width=&#8220;1\/2&#8243; css=&#8220;.vc_custom_1660904565980{padding-top: 70px !important;}&#8220;][vc_wp_text]<img loading=\"lazy\" decoding=\"async\" class=\"alignnone wp-image-151941 size-large\" src=\"https:\/\/mini-bob.com\/wp-content\/uploads\/2023\/03\/220319_mini-bob_Logo_1976_RGB_RZ-1024x492.png\" alt=\"\" width=\"1024\" height=\"492\" srcset=\"https:\/\/mini-bob.com\/wp-content\/uploads\/2023\/03\/220319_mini-bob_Logo_1976_RGB_RZ-1024x492.png 1024w, https:\/\/mini-bob.com\/wp-content\/uploads\/2023\/03\/220319_mini-bob_Logo_1976_RGB_RZ-300x144.png 300w, https:\/\/mini-bob.com\/wp-content\/uploads\/2023\/03\/220319_mini-bob_Logo_1976_RGB_RZ-768x369.png 768w, https:\/\/mini-bob.com\/wp-content\/uploads\/2023\/03\/220319_mini-bob_Logo_1976_RGB_RZ-1536x737.png 1536w, https:\/\/mini-bob.com\/wp-content\/uploads\/2023\/03\/220319_mini-bob_Logo_1976_RGB_RZ-2048x983.png 2048w, https:\/\/mini-bob.com\/wp-content\/uploads\/2023\/03\/220319_mini-bob_Logo_1976_RGB_RZ-600x288.png 600w\" sizes=\"auto, (max-width: 1024px) 100vw, 1024px\" \/>[\/vc_wp_text][\/vc_column][\/vc_row][vc_row][vc_column][vc_wp_text]<\/p>\n<p>Zde najdete v\u0161echny pot?ebn\u00e9 informace o skute?n\u00e9m Zipfelbobu (mini bob).<\/p>\n<p>Zipfelbob (mini bob) vyr\u00e1b\u00ed spole?nost Loeger GmbH v nezm?n?n\u00e9 podob? a prod\u00e1v\u00e1 jej po cel\u00e9m sv?t? od roku 1976.<\/p>\n<p>V sekci &#8222;mini bob&#8220; se dozv\u00edte v\u0161e o historii prav\u00e9ho Zipfelbobu.<\/p>\n<p>N\u00e1zev Zipfelbob nebo &#8222;Zipfybob&#8220; &#8222;zipflbob&#8220; poch\u00e1z\u00ed z alpsk\u00e9 oblasti a v jednotliv\u00fdch regionech se li\u0161\u00ed.<\/p>\n<p>Zipfelbob je prav\u00fd mini bob pouze tehdy, pokud je opat?en logem &#8222;Original mini bob&#8220;!<\/p>\n<p>[\/vc_wp_text]<style type=\"text\/css\" data-type=\"the7_shortcodes-inline-css\">#default-btn-560734a80758439d6d0c58599313a889.ico-right-side > i {\n  margin-right: 0px;\n  margin-left: 8px;\n}\n#default-btn-560734a80758439d6d0c58599313a889 > i {\n  margin-right: 8px;\n}<\/style><a href=\"https:\/\/mini-bob.com\/cs\/\" class=\"default-btn-shortcode dt-btn dt-btn-l pulse animate-element animation-builder link-hover-off btn-inline-left \" id=\"default-btn-560734a80758439d6d0c58599313a889\" title=\"Domov mini bob - origin\u00e1ln\u00ed zipflbob\"><span>KLIKN?TE ZDE PRO MINI BOB<\/span><\/a>[\/vc_column][\/vc_row][vc_row][vc_column][vc_column_text]N\u00e1pad na origin\u00e1ln\u00ed Zipfelbob neboli Zipfybob se zrodil v Rakousku v roce 1976 a od t\u00e9 doby jej pod n\u00e1zvem &#8222;mini bob&#8220; vyr\u00e1b\u00ed a prod\u00e1v\u00e1 n?meck\u00e1 spole?nost Loeger GmbH.<\/p>\n<p>Jeho inovativn\u00ed, odv\u00e1\u017en\u00fd a jedine?n\u00fd tvar byl od t\u00e9 doby n?kolikr\u00e1t okop\u00edrov\u00e1n.[\/vc_column_text][vc_empty_space][\/vc_column][\/vc_row][vc_row][vc_column width=&#8220;1\/2&#8243;][vc_single_image image=&#8220;161973&#8243; img_size=&#8220;medium&#8220;][\/vc_column][vc_column width=&#8220;1\/2&#8243;][vc_single_image image=&#8220;161974&#8243; img_size=&#8220;medium&#8220;][\/vc_column][\/vc_row][vc_row][vc_column][vc_column_text]origin\u00e1ln\u00ed Zipfelbob (minibob) je k dispozici v mnoha r?zn\u00fdch barv\u00e1ch. Od sv\u00e9ho vyn\u00e1lezu v roce 1976 jsou k dispozici klasick\u00e9 barvy ?erven\u00e1, \u017elut\u00e1, oran\u017eov\u00e1, ?ern\u00e1 a zelen\u00e1. V pr?b?hu let p?ibylo mnoho dal\u0161\u00edch barev, ?asto jako speci\u00e1ln\u00ed limitovan\u00e9 edice. V\u0161echny aktu\u00e1ln\u00ed barvy najdete v na\u0161em <a href=\"https:\/\/mini-bob.com\/mini-bob-zipfelbob-shop\/\">obchod?.<\/a> P?vodn\u00ed minibob pozn\u00e1te podle charakteristick\u00e9ho tvaru a loga &#8222;original mini bob&#8220;. Origin\u00e1ln\u00ed minibob Zipfelbob je vysoce kvalitn\u00ed a robustn? zpracovan\u00fd a vydr\u017e\u00ed i ty nejextr\u00e9mn?j\u0161\u00ed podm\u00ednky. D\u00edky v\u00fdrob? v N?mecku a vysok\u00e9mu standardu kvality zaji\u0161?ujeme, \u017ee n\u00e1\u0161 v\u00fdrobek spl?uje ty nejvy\u0161\u0161\u00ed n\u00e1roky.[\/vc_column_text][\/vc_column][\/vc_row]<\/p>\n<\/div>","protected":false},"excerpt":{"rendered":"<p>[vc_row][vc_column width=&#8220;1\/2&#8243;][vc_wp_text] [\/vc_wp_text][\/vc_column][vc_column width=&#8220;1\/2&#8243; css=&#8220;.vc_custom_1660904565980{padding-top: 70px !important;}&#8220;][vc_wp_text][\/vc_wp_text][\/vc_column][\/vc_row][vc_row][vc_column][vc_wp_text] Zde najdete v\u0161echny pot?ebn\u00e9 informace o skute?n\u00e9m Zipfelbobu (mini bob). Zipfelbob (mini bob) vyr\u00e1b\u00ed spole?nost Loeger GmbH v nezm?n?n\u00e9 podob? a prod\u00e1v\u00e1 jej po cel\u00e9m sv?t? od roku 1976. V sekci &#8222;mini bob&#8220; se dozv\u00edte v\u0161e o historii prav\u00e9ho Zipfelbobu. N\u00e1zev Zipfelbob nebo &#8222;Zipfybob&#8220; &#8222;zipflbob&#8220; poch\u00e1z\u00ed z alpsk\u00e9&hellip;<\/p>\n","protected":false},"author":1,"featured_media":0,"parent":0,"menu_order":0,"comment_status":"closed","ping_status":"closed","template":"","meta":{"_acf_changed":false,"footnotes":""},"class_list":["post-161970","page","type-page","status-publish","hentry","description-off"],"acf":[],"_links":{"self":[{"href":"https:\/\/mini-bob.com\/cs\/wp-json\/wp\/v2\/pages\/161970","targetHints":{"allow":["GET"]}}],"collection":[{"href":"https:\/\/mini-bob.com\/cs\/wp-json\/wp\/v2\/pages"}],"about":[{"href":"https:\/\/mini-bob.com\/cs\/wp-json\/wp\/v2\/types\/page"}],"author":[{"embeddable":true,"href":"https:\/\/mini-bob.com\/cs\/wp-json\/wp\/v2\/users\/1"}],"replies":[{"embeddable":true,"href":"https:\/\/mini-bob.com\/cs\/wp-json\/wp\/v2\/comments?post=161970"}],"version-history":[{"count":7,"href":"https:\/\/mini-bob.com\/cs\/wp-json\/wp\/v2\/pages\/161970\/revisions"}],"predecessor-version":[{"id":161996,"href":"https:\/\/mini-bob.com\/cs\/wp-json\/wp\/v2\/pages\/161970\/revisions\/161996"}],"wp:attachment":[{"href":"https:\/\/mini-bob.com\/cs\/wp-json\/wp\/v2\/media?parent=161970"}],"curies":[{"name":"wp","href":"https:\/\/api.w.org\/{rel}","templated":true}]}}