{"id":161979,"date":"2016-01-16T15:14:45","date_gmt":"2016-01-16T14:14:45","guid":{"rendered":"https:\/\/mini-bob.com\/poporutscher-plastova-miska-nebo-mini-bob\/"},"modified":"2025-12-01T20:07:42","modified_gmt":"2025-12-01T19:07:42","slug":"poporutscher-plastova-miska-nebo-mini-bob","status":"publish","type":"page","link":"https:\/\/mini-bob.com\/cs\/poporutscher-plastova-miska-nebo-mini-bob\/","title":{"rendered":"Poporutscher - plastov\u00e1 miska nebo mini bob?"},"content":{"rendered":"<div class=\"wpb-content-wrapper\"><p>[vc_row][vc_column][vc_custom_heading text=&#8220;Poporutscher vs. origin\u00e1ln\u00ed mini bob&#8220; google_fonts=&#8220;font_family:Roboto%20Condensed%3A300%2C300italic%2Cregular%2Citalic%2C700%2C700italic|font_style:400%20regular%3A400%3Anormal&#8220;][vc_column_text]V\u0161ichni je znaj\u00ed, mal\u00e9 popo skluzavky, sn?hov\u00e9 skluzavky, skluzn\u00e9 desky, bum skluzavky, plastov\u00e9 skluzavky, sn?hov\u00e9 woksy, sn?hov\u00e9 kluz\u00e1ky, sn?hov\u00e9 speedery nebo plastov\u00e9 misky za p\u00e1r eur, kter\u00e9 se dnes daj\u00ed koupit v\u0161ude&#8230; N?kte?\u00ed lid\u00e9 dokonce nech\u00e1vaj\u00ed sv\u00e9 d\u00edt? sj\u00ed\u017ed?t svah na igelitov\u00e9m pytli nebo dokonce na kalhot\u00e1ch.[\/vc_column_text][\/vc_column][\/vc_row][vc_row][vc_column width=&#8220;1\/2&#8243;][vc_single_image image=&#8220;161982&#8243; img_size=&#8220;large&#8220;][\/vc_column][vc_column width=&#8220;1\/2&#8243;][vc_column_text]Pro? bych ale m?l sv\u00e9mu d\u00edt?ti nebo sob? koupit kvalitn\u00ed mini bob a ne oby?ejnou skluzavku popo?<\/p>\n<p>P?vodn\u00ed mini bob se vyr\u00e1b\u00ed jako zna?kov\u00fd v\u00fdrobek v N?mecku ji\u017e v\u00edce ne\u017e 40 let a d\u00edky sv\u00e9 konstrukci je bezpe?nou a osv?d?enou sou?\u00e1st\u00ed zimn\u00edho sportovn\u00edho vybaven\u00ed pro ka\u017ed\u00e9ho.<\/p>\n<p>V porovn\u00e1n\u00ed s jednoduch\u00fdm popo skluzavkou vydr\u017e\u00ed mini bob po cel\u00e9 generace a nerozbije se p?i prvn\u00edm kontaktu s kameny nebo jin\u00fdmi tvrd\u00fdmi povrchy - jde o udr\u017eitelnou investici.<\/p>\n<p>Konstrukce mini bobu m\u00e1 tak\u00e9 jasn\u00e9 v\u00fdhody oproti jednoduch\u00fdm plastov\u00fdm sko?epin\u00e1m - nejen\u017ee je materi\u00e1l mnohem siln?j\u0161\u00ed, a tud\u00ed\u017e robustn?j\u0161\u00ed, ale dut\u00e1 konstrukce t?la mini bobu tlum\u00ed n\u00e1razy, kter\u00e9 by jinak dopadly p?\u00edmo na p\u00e1te? d\u00edt?te, a chr\u00e1n\u00ed tak jeho z\u00e1da.<\/p>\n<p>D\u00edky speci\u00e1ln\u00ed konstrukci s ?\u00eddic\u00ed a brzdnou ty?\u00ed a brzdnou hranou m?\u017ee d\u00edt? mini bob rychle a bezpe?n? ovl\u00e1dat a p?edev\u0161\u00edm snadno zabrzdit - u popo skluzavky obvykle nen\u00ed \u017e\u00e1dn\u00e9 technick\u00e9 za?\u00edzen\u00ed pro ?\u00edzen\u00ed a brzd?n\u00ed, tak\u017ee d\u00edt? m\u00e1 ?asto pouze mo\u017enost sesko?it nebo se srazit.[\/vc_column_text][\/vc_column][\/vc_row][vc_row][vc_column][vc_empty_space][\/vc_column][\/vc_row][vc_row][vc_column][vc_cta h2=&#8220;Ve\u0161ker\u00e9 informace o Ultimate popo slide &#8222;mini bob&#8222;&#8220; add_button=&#8220;right&#8220; btn_title=&#8220;NA mini bob&#8220; btn_link=&#8220;url:https%3A%2F%2Fmini-bob.com%2Fcs%2F|title:Domov%20mini%20bob%20-%20origin%C3%A1ln%C3%AD%20zipflbob|&#8220;]<\/p>\n<h4>Zde najdete ve\u0161ker\u00e9 informace o popo slide &#8222;mini bob&#8220;.<\/h4>\n<p>[\/vc_cta][\/vc_column][\/vc_row][vc_row][vc_column width=&#8220;1\/2&#8243;][vc_column_text]Mal\u00fd plastov\u00fd mini bob je vhodn\u00fd pro ka\u017ed\u00e9ho, a? u\u017e je mal\u00fd nebo velk\u00fd!<\/p>\n<p><strong>Ide\u00e1ln\u00ed plastov\u00fd bob pro d?ti a dosp\u00edvaj\u00edc\u00ed<\/strong>.<\/p>\n<p>V na\u0161ich <a href=\"https:\/\/mini-bob.com\/cs\/casto-kladene-dotazy\/?v=3a52f3c22ed6\">FAQ ( <\/a>ot\u00e1zk\u00e1ch a odpov?d\u00edch) najdete v\u00edce informac\u00ed o origin\u00e1ln\u00edm mini bobu<\/p>\n<p>V sekci &#8222;mini bob&#8220; najdete v\u00edce technick\u00fdch informac\u00ed o origin\u00e1ln\u00edm mini bobu<\/p>\n<p>Origin\u00e1ln\u00ed mini bob m?\u017eete zakoupit ve specializovan\u00fdch obchodech nebo online - seznam prodejc? <a href=\"https:\/\/mini-bob.com\/cs\/koupit-mini-bob-zipfelbob\/?v=3a52f3c22ed6\">najdete zde:<\/a> koupit mini bob<\/p>\n<p>Pokud m\u00e1te jako rodi? jak\u00e9koliv dotazy ohledn? mini bobu - kontaktujte n\u00e1s, r\u00e1di v\u00e1m pom?\u017eeme![\/vc_column_text][\/vc_column][vc_column width=&#8220;1\/2&#8243;][vc_single_image image=&#8220;161983&#8243; img_size=&#8220;large&#8220;][\/vc_column][\/vc_row][vc_row][vc_column][vc_empty_space][\/vc_column][\/vc_row][vc_row][vc_column width=&#8220;1\/2&#8243;][vc_single_image image=&#8220;161984&#8243; img_size=&#8220;large&#8220;][\/vc_column][vc_column width=&#8220;1\/2&#8243;][vc_column_text]Na sv\u00e9 si p?ijdou i opravdov\u00ed z\u00e1vodn\u00edci - d\u00edky stabiln\u00ed konstrukci a p?esn\u00e9mu ?\u00edzen\u00ed je mini bob skv?lou z\u00e1bavou i pro pokro?il\u00e9 ?idi?e![\/vc_column_text][\/vc_column][\/vc_row][vc_row][vc_column][vc_masonry_media_grid initial_loading_animation=&#8220;fadeIn&#8220; grid_id=&#8220;vc_gid:1661520873153-92b3fc5c-85e7-6&#8243; include=&#8220;161985,161986,161987,161941,161988,161989&#8243;][\/vc_column][\/vc_row]<\/p>\n<\/div>","protected":false},"excerpt":{"rendered":"<p>[vc_row][vc_column][vc_custom_heading text=&#8220;Poporutscher vs. origin\u00e1ln\u00ed mini bob&#8220; google_fonts=&#8220;font_family:Roboto%20Condensed%3A300%2C300italic%2Cregular%2Citalic%2C700%2C700italic|font_style:400%20regular%3A400%3Anormal&#8220;][vc_column_text]V\u0161ichni je znaj\u00ed, mal\u00e9 popo skluzavky, sn?hov\u00e9 skluzavky, skluzn\u00e9 desky, bum skluzavky, plastov\u00e9 skluzavky, sn?hov\u00e9 woksy, sn?hov\u00e9 kluz\u00e1ky, sn?hov\u00e9 speedery nebo plastov\u00e9 misky za p\u00e1r eur, kter\u00e9 se dnes daj\u00ed koupit v\u0161ude&#8230; N?kte?\u00ed lid\u00e9 dokonce nech\u00e1vaj\u00ed sv\u00e9 d\u00edt? sj\u00ed\u017ed?t svah na igelitov\u00e9m pytli nebo dokonce na kalhot\u00e1ch.[\/vc_column_text][\/vc_column][\/vc_row][vc_row][vc_column width=&#8220;1\/2&#8243;][vc_single_image image=&#8220;161982&#8243;&hellip;<\/p>\n","protected":false},"author":1,"featured_media":0,"parent":0,"menu_order":0,"comment_status":"closed","ping_status":"closed","template":"","meta":{"_acf_changed":false,"footnotes":""},"class_list":["post-161979","page","type-page","status-publish","hentry","description-off"],"acf":[],"_links":{"self":[{"href":"https:\/\/mini-bob.com\/cs\/wp-json\/wp\/v2\/pages\/161979","targetHints":{"allow":["GET"]}}],"collection":[{"href":"https:\/\/mini-bob.com\/cs\/wp-json\/wp\/v2\/pages"}],"about":[{"href":"https:\/\/mini-bob.com\/cs\/wp-json\/wp\/v2\/types\/page"}],"author":[{"embeddable":true,"href":"https:\/\/mini-bob.com\/cs\/wp-json\/wp\/v2\/users\/1"}],"replies":[{"embeddable":true,"href":"https:\/\/mini-bob.com\/cs\/wp-json\/wp\/v2\/comments?post=161979"}],"version-history":[{"count":3,"href":"https:\/\/mini-bob.com\/cs\/wp-json\/wp\/v2\/pages\/161979\/revisions"}],"predecessor-version":[{"id":161993,"href":"https:\/\/mini-bob.com\/cs\/wp-json\/wp\/v2\/pages\/161979\/revisions\/161993"}],"wp:attachment":[{"href":"https:\/\/mini-bob.com\/cs\/wp-json\/wp\/v2\/media?parent=161979"}],"curies":[{"name":"wp","href":"https:\/\/api.w.org\/{rel}","templated":true}]}}