{"id":162260,"date":"2015-10-25T14:47:40","date_gmt":"2015-10-25T13:47:40","guid":{"rendered":"https:\/\/mini-bob.com\/modry-mini-bob-zipflbob\/"},"modified":"2025-12-01T20:10:44","modified_gmt":"2025-12-01T19:10:44","slug":"modry-mini-bob-zipflbob","status":"publish","type":"page","link":"https:\/\/mini-bob.com\/cs\/modry-mini-bob-zipflbob\/","title":{"rendered":"modr\u00fd mini bob \/ zipflbob"},"content":{"rendered":"<div class=\"wpb-content-wrapper\"><p>[vc_row][vc_column width=&#8220;1\/2&#8243;][vc_single_image image=&#8220;162262&#8243; img_size=&#8220;large&#8220;][\/vc_column][vc_column width=&#8220;1\/2&#8243;][vc_custom_heading text=&#8220;Origin\u00e1ln\u00ed mini bob (zipflbob) v modr\u00e9 barv?&#8220; google_fonts=&#8220;font_family:Roboto%20Condensed%3A300%2C300italic%2Cregular%2Citalic%2C700%2C700italic|font_style:400%20regular%3A400%3Anormal&#8220;][vc_column_text]Stejn? jako ?erven\u00fd mini bob (zipflbob) je i p?vodn\u00ed mini bob (zipflbob) od roku 1976 k dispozici v modr\u00e9 barv?.<\/p>\n<p>Stejn? jako ?erven\u00fd mini bob se i modr\u00fd zipflbob zpo?\u00e1tku vyr\u00e1b?l a prod\u00e1val v\u00fdhradn? v modr\u00e9 barv? - teprve pozd?ji byla na rukojeti (Zipfl) a sedadle modr\u00e9ho zipflbob vytvo?ena kontrastn\u00ed ?ern\u00e1 barva.<\/p>\n<p>Prvn\u00ed odst\u00edn modr\u00e9 byl je\u0161t? pom?rn? tmav\u00fd a v kombinaci s ?ernou se stal mnohem sv?tlej\u0161\u00edm. Mnoho lid\u00ed modr\u00e9mu mini bobu tak\u00e9 ?\u00edk\u00e1 &#8222;\u0161moul\u00ed bob&#8220;, proto\u017ee barva velmi p?ipom\u00edn\u00e1 mal\u00e9 \u0160mouly.[\/vc_column_text]<style type=\"text\/css\" data-type=\"the7_shortcodes-inline-css\">#default-btn-e3e2051f06ed9514520dcd2490967d04.ico-right-side > i {\n  margin-right: 0px;\n  margin-left: 8px;\n}\n#default-btn-e3e2051f06ed9514520dcd2490967d04 > i {\n  margin-right: 8px;\n}<\/style><a href=\"https:\/\/mini-bob.com\/produkt\/mini-bob-zipfelbob-in-blau\/\" class=\"default-btn-shortcode dt-btn dt-btn-l pulse animate-element animation-builder link-hover-off btn-inline-left  vc_custom_1661157285387\" id=\"default-btn-e3e2051f06ed9514520dcd2490967d04\" title=\"origin\u00e1ln\u00ed mini bob (Zipfelbob) v modr\u00e9 barv?\"><span>KOUPIT MODR\u00dd ZIPFELBOB<\/span><\/a>[\/vc_column][\/vc_row][vc_row][vc_column][vc_empty_space][\/vc_column][\/vc_row][vc_row][vc_column width=&#8220;1\/2&#8243;][vc_custom_heading text=&#8220;Modr\u00fd Zipfelbob (mini bob) v 70. letech 20. stolet\u00ed.&#8220; font_container=&#8220;tag:h3|text_align:left&#8220; google_fonts=&#8220;font_family:Roboto%20Condensed%3A300%2C300italic%2Cregular%2Citalic%2C700%2C700italic|font_style:400%20regular%3A400%3Anormal&#8220;][vc_column_text]N?kolik let po p?vodn\u00edm \u017elut\u00e9m mini bobu a ?erven\u00e9m mini bobu n\u00e1sledovala dal\u0161\u00ed barva Zipfelbobu. Brzy bylo jasn\u00e9, \u017ee to bude modr\u00fd zipflbob. <\/p>\n<p>P?vodn\u00ed modr\u00fd mini bob s typickou zipflbob je zde tak\u00e9 vyobrazen v modr\u00e9 barv?. Zde je jasn? patrn\u00e9: Je\u0161t? v 70. letech byly obl\u00edben\u00e9 plastov\u00e9 boby kompletn? zbarveny do p?\u00edslu\u0161n\u00e9 barvy, v?etn? p?vodn\u00edho modr\u00e9ho mini boba - mezit\u00edm se ?ern\u00e1 rukoje? (Zipfl) a ?ern\u00e9 sed\u00e1tko Zipfibobu staly rozpoznateln\u00fdmi a daly podn?t ke kop\u00edrov\u00e1n\u00ed. <\/p>\n<p>Vedle ?erven\u00e9ho Zipfelbobu je dnes modr\u00fd Zipfelbob jednou z nejobl\u00edben?j\u0161\u00edch variant mini bob?. Nepostradateln\u00fdm se stal zejm\u00e9na &#8222;Schlumpfbob&#8220;.[\/vc_column_text][vc_empty_space height=&#8220;20px&#8220;]<style type=\"text\/css\" data-type=\"the7_shortcodes-inline-css\">#default-btn-91d43debd991bbc3bbcc2cc43e9187da.ico-right-side > i {\n  margin-right: 0px;\n  margin-left: 8px;\n}\n#default-btn-91d43debd991bbc3bbcc2cc43e9187da > i {\n  margin-right: 8px;\n}<\/style><a href=\"https:\/\/mini-bob.com\/cs\/mini-bob\/\" class=\"default-btn-shortcode dt-btn dt-btn-l pulse animate-element animation-builder link-hover-off btn-inline-left \" id=\"default-btn-91d43debd991bbc3bbcc2cc43e9187da\" title=\"mini bob\"><span>MINI BOB V JIN\u00ddCH BARV\u00c1CH<\/span><\/a>[vc_empty_space]<style type=\"text\/css\" data-type=\"the7_shortcodes-inline-css\">#default-btn-40775b9cf2d71f9136325de682b7456b.ico-right-side > i {\n  margin-right: 0px;\n  margin-left: 8px;\n}\n#default-btn-40775b9cf2d71f9136325de682b7456b > i {\n  margin-right: 8px;\n}<\/style><a href=\"https:\/\/mini-bob.com\/mini-bob-zipfelbob-shop\/\" class=\"default-btn-shortcode dt-btn dt-btn-l pulse animate-element animation-builder link-hover-off btn-inline-left \" id=\"default-btn-40775b9cf2d71f9136325de682b7456b\" title=\"Origin\u00e1ln\u00ed mini bob (Zipfelbob) Obchod\"><span>KLIKNUT\u00cdM SEM P?EJDETE P?\u00cdMO DO OBCHODU<\/span><\/a>[\/vc_column][vc_column width=&#8220;1\/2&#8243;][vc_single_image image=&#8220;162263&#8243; img_size=&#8220;large&#8220;][vc_column_text]P?vodn\u00ed modr\u00fd minibob (Zipfybob, zipflbob) ze 70. let 20. stolet\u00ed[\/vc_column_text][\/vc_column][\/vc_row]<\/p>\n<\/div>","protected":false},"excerpt":{"rendered":"<p>[vc_row][vc_column width=&#8220;1\/2&#8243;][vc_single_image image=&#8220;162262&#8243; img_size=&#8220;large&#8220;][\/vc_column][vc_column width=&#8220;1\/2&#8243;][vc_custom_heading text=&#8220;Origin\u00e1ln\u00ed mini bob (zipflbob) v modr\u00e9 barv?&#8220; google_fonts=&#8220;font_family:Roboto%20Condensed%3A300%2C300italic%2Cregular%2Citalic%2C700%2C700italic|font_style:400%20regular%3A400%3Anormal&#8220;][vc_column_text]Stejn? jako ?erven\u00fd mini bob (zipflbob) je i p?vodn\u00ed mini bob (zipflbob) od roku 1976 k dispozici v modr\u00e9 barv?. Stejn? jako ?erven\u00fd mini bob se i modr\u00fd zipflbob zpo?\u00e1tku vyr\u00e1b?l a prod\u00e1val v\u00fdhradn? v modr\u00e9 barv? - teprve pozd?ji byla na rukojeti&hellip;<\/p>\n","protected":false},"author":1,"featured_media":0,"parent":0,"menu_order":0,"comment_status":"closed","ping_status":"closed","template":"","meta":{"_acf_changed":false,"footnotes":""},"class_list":["post-162260","page","type-page","status-publish","hentry","description-off"],"acf":[],"_links":{"self":[{"href":"https:\/\/mini-bob.com\/cs\/wp-json\/wp\/v2\/pages\/162260","targetHints":{"allow":["GET"]}}],"collection":[{"href":"https:\/\/mini-bob.com\/cs\/wp-json\/wp\/v2\/pages"}],"about":[{"href":"https:\/\/mini-bob.com\/cs\/wp-json\/wp\/v2\/types\/page"}],"author":[{"embeddable":true,"href":"https:\/\/mini-bob.com\/cs\/wp-json\/wp\/v2\/users\/1"}],"replies":[{"embeddable":true,"href":"https:\/\/mini-bob.com\/cs\/wp-json\/wp\/v2\/comments?post=162260"}],"version-history":[{"count":3,"href":"https:\/\/mini-bob.com\/cs\/wp-json\/wp\/v2\/pages\/162260\/revisions"}],"predecessor-version":[{"id":162271,"href":"https:\/\/mini-bob.com\/cs\/wp-json\/wp\/v2\/pages\/162260\/revisions\/162271"}],"wp:attachment":[{"href":"https:\/\/mini-bob.com\/cs\/wp-json\/wp\/v2\/media?parent=162260"}],"curies":[{"name":"wp","href":"https:\/\/api.w.org\/{rel}","templated":true}]}}