{"id":162261,"date":"2015-10-27T16:51:48","date_gmt":"2015-10-27T15:51:48","guid":{"rendered":"https:\/\/mini-bob.com\/zluty-mini-bob-zipflbob\/"},"modified":"2025-12-01T20:10:45","modified_gmt":"2025-12-01T19:10:45","slug":"zluty-mini-bob-zipflbob","status":"publish","type":"page","link":"https:\/\/mini-bob.com\/cs\/zluty-mini-bob-zipflbob\/","title":{"rendered":"\u017elut\u00fd mini bob \/ zipflbob"},"content":{"rendered":"<div class=\"wpb-content-wrapper\"><p>[vc_row][vc_column width=&#8220;1\/2&#8243;][vc_single_image image=&#8220;162267&#8243; img_size=&#8220;large&#8220;][\/vc_column][vc_column width=&#8220;1\/2&#8243;][vc_custom_heading text=&#8220;Origin\u00e1ln\u00ed mini bob (Zipfelbob) ve \u017elut\u00e9 barv?&#8220; google_fonts=&#8220;font_family:Roboto%20Condensed%3A300%2C300italic%2Cregular%2Citalic%2C700%2C700italic|font_style:400%20regular%3A400%3Anormal&#8220;][vc_column_text]Mini bob (zipflbob) se vyr\u00e1b?l a prod\u00e1val ve \u017elut\u00e9 barv? od roku 1976 do roku 2010.<\/p>\n<p>V po?\u00e1tc\u00edch v\u00fdroby zipflbobu se mal\u00e9 plastov\u00e9 s\u00e1?ky \/ plastov\u00e9 boby je\u0161t? vyr\u00e1b?ly a prod\u00e1valy se \u017elutou rukojet\u00ed (Zipfl) a pouze s ?ern\u00fdm sedlem. Pozd?ji, od 80. let 20. stolet\u00ed, se rukoje? stala rovn?\u017e ?ernou a \u017elut\u00e1 barva se stala v\u00fdrazn?j\u0161\u00ed. <\/p>\n<p>Stejn? jako ?erven\u00fd zipflbob a modr\u00fd zipflbob se i \u017elut\u00fd zipflbob stal evergreenem. \u017dlut\u00e1 barva byla nahrazena oran\u017eovou a\u017e v roce 2010. <\/p>\n<p>Od roku 2017 je k dispozici nov\u00e1 edice p?vodn\u00edho mini bobu ve \u017elut\u00e9 barv?.[\/vc_column_text]<style type=\"text\/css\" data-type=\"the7_shortcodes-inline-css\">#default-btn-5e6d6aea970e72f19c0a46dbf99a9839.ico-right-side > i {\n  margin-right: 0px;\n  margin-left: 8px;\n}\n#default-btn-5e6d6aea970e72f19c0a46dbf99a9839 > i {\n  margin-right: 8px;\n}<\/style><a href=\"https:\/\/mini-bob.com\/produkt\/mini-bob-zipfelbob-in-gelb\/\" class=\"default-btn-shortcode dt-btn dt-btn-l pulse animate-element animation-builder link-hover-off btn-inline-left \" id=\"default-btn-5e6d6aea970e72f19c0a46dbf99a9839\" title=\"+VYPROD\u00c1NO+ origin\u00e1ln\u00ed mini bob (Zipfelbob) ve \u017elut\u00e9 barv?\"><span>KOUPIT \u017dLUT\u00dd ZIPFELBOB<\/span><\/a>[\/vc_column][\/vc_row][vc_row][vc_column][vc_empty_space][\/vc_column][\/vc_row][vc_row][vc_column width=&#8220;1\/2&#8243;][vc_empty_space height=&#8220;70px&#8220;][vc_custom_heading text=&#8220;1980 Prototyp \u017elut\u00e9ho boba s lakovanou rukojet\u00ed (Zipfy)&#8220; google_fonts=&#8220;font_family:Roboto%20Condensed%3A300%2C300italic%2Cregular%2Citalic%2C700%2C700italic|font_style:400%20regular%3A400%3Anormal&#8220;][vc_empty_space height=&#8220;50px&#8220;]<style type=\"text\/css\" data-type=\"the7_shortcodes-inline-css\">#default-btn-91d43debd991bbc3bbcc2cc43e9187da.ico-right-side > i {\n  margin-right: 0px;\n  margin-left: 8px;\n}\n#default-btn-91d43debd991bbc3bbcc2cc43e9187da > i {\n  margin-right: 8px;\n}<\/style><a href=\"https:\/\/mini-bob.com\/cs\/mini-bob\/\" class=\"default-btn-shortcode dt-btn dt-btn-l pulse animate-element animation-builder link-hover-off btn-inline-left \" id=\"default-btn-91d43debd991bbc3bbcc2cc43e9187da\" title=\"mini bob\"><span>MINI BOB V JIN\u00ddCH BARV\u00c1CH<\/span><\/a>[vc_empty_space]<style type=\"text\/css\" data-type=\"the7_shortcodes-inline-css\">#default-btn-40775b9cf2d71f9136325de682b7456b.ico-right-side > i {\n  margin-right: 0px;\n  margin-left: 8px;\n}\n#default-btn-40775b9cf2d71f9136325de682b7456b > i {\n  margin-right: 8px;\n}<\/style><a href=\"https:\/\/mini-bob.com\/mini-bob-zipfelbob-shop\/\" class=\"default-btn-shortcode dt-btn dt-btn-l pulse animate-element animation-builder link-hover-off btn-inline-left \" id=\"default-btn-40775b9cf2d71f9136325de682b7456b\" title=\"Origin\u00e1ln\u00ed mini bob (Zipfelbob) Obchod\"><span>KLIKNUT\u00cdM SEM P?EJDETE P?\u00cdMO DO OBCHODU<\/span><\/a>[\/vc_column][vc_column width=&#8220;1\/2&#8243;][vc_single_image image=&#8220;162268&#8243; img_size=&#8220;large&#8220;][\/vc_column][\/vc_row]<\/p>\n<\/div>","protected":false},"excerpt":{"rendered":"<p>[vc_row][vc_column width=&#8220;1\/2&#8243;][vc_single_image image=&#8220;162267&#8243; img_size=&#8220;large&#8220;][\/vc_column][vc_column width=&#8220;1\/2&#8243;][vc_custom_heading text=&#8220;Origin\u00e1ln\u00ed mini bob (Zipfelbob) ve \u017elut\u00e9 barv?&#8220; google_fonts=&#8220;font_family:Roboto%20Condensed%3A300%2C300italic%2Cregular%2Citalic%2C700%2C700italic|font_style:400%20regular%3A400%3Anormal&#8220;][vc_column_text]Mini bob (zipflbob) se vyr\u00e1b?l a prod\u00e1val ve \u017elut\u00e9 barv? od roku 1976 do roku 2010. V po?\u00e1tc\u00edch v\u00fdroby zipflbobu se mal\u00e9 plastov\u00e9 s\u00e1?ky \/ plastov\u00e9 boby je\u0161t? vyr\u00e1b?ly a prod\u00e1valy se \u017elutou rukojet\u00ed (Zipfl) a pouze s ?ern\u00fdm sedlem. Pozd?ji, od 80.&hellip;<\/p>\n","protected":false},"author":1,"featured_media":0,"parent":0,"menu_order":0,"comment_status":"closed","ping_status":"closed","template":"","meta":{"_acf_changed":false,"footnotes":""},"class_list":["post-162261","page","type-page","status-publish","hentry","description-off"],"acf":[],"_links":{"self":[{"href":"https:\/\/mini-bob.com\/cs\/wp-json\/wp\/v2\/pages\/162261","targetHints":{"allow":["GET"]}}],"collection":[{"href":"https:\/\/mini-bob.com\/cs\/wp-json\/wp\/v2\/pages"}],"about":[{"href":"https:\/\/mini-bob.com\/cs\/wp-json\/wp\/v2\/types\/page"}],"author":[{"embeddable":true,"href":"https:\/\/mini-bob.com\/cs\/wp-json\/wp\/v2\/users\/1"}],"replies":[{"embeddable":true,"href":"https:\/\/mini-bob.com\/cs\/wp-json\/wp\/v2\/comments?post=162261"}],"version-history":[{"count":3,"href":"https:\/\/mini-bob.com\/cs\/wp-json\/wp\/v2\/pages\/162261\/revisions"}],"predecessor-version":[{"id":162272,"href":"https:\/\/mini-bob.com\/cs\/wp-json\/wp\/v2\/pages\/162261\/revisions\/162272"}],"wp:attachment":[{"href":"https:\/\/mini-bob.com\/cs\/wp-json\/wp\/v2\/media?parent=162261"}],"curies":[{"name":"wp","href":"https:\/\/api.w.org\/{rel}","templated":true}]}}