{"id":162265,"date":"2015-12-07T17:28:58","date_gmt":"2015-12-07T16:28:58","guid":{"rendered":"https:\/\/mini-bob.com\/gtc\/"},"modified":"2025-12-09T09:42:15","modified_gmt":"2025-12-09T08:42:15","slug":"gtc","status":"publish","type":"page","link":"https:\/\/mini-bob.com\/cs\/gtc\/","title":{"rendered":"GTC"},"content":{"rendered":"<h1>V\u0161eobecn\u00e9 podm\u00ednky<\/h1>\n<h3>\u00a7 1 Platnost, definice pojm?<\/h3>\n<p>Spole?nost Loeger GmbH, Hauptstr. 57, D-82327 Tutzing, N?mecko (d\u00e1le jen &#8222;my&#8220; nebo &#8222;mini bob shop&#8220;) provozuje internetov\u00fd obchod se zbo\u017e\u00edm na internetov\u00e9 str\u00e1nce https:\/\/mini-bob.com. N\u00e1sleduj\u00edc\u00ed v\u0161eobecn\u00e9 obchodn\u00ed podm\u00ednky plat\u00ed pro v\u0161echny slu\u017eby mezi n\u00e1mi a na\u0161imi z\u00e1kazn\u00edky (d\u00e1le jen: &#8222;z\u00e1kazn\u00edk&#8220; nebo &#8222;vy&#8220;) ve zn?n\u00ed platn\u00e9m v dob? objedn\u00e1vky, pokud nen\u00ed v\u00fdslovn? dohodnuto jinak.  <\/p>\n<p>(2) &#8222;Spot?ebitelem&#8220; ve smyslu t?chto obchodn\u00edch podm\u00ednek je ka\u017ed\u00e1 fyzick\u00e1 osoba, kter\u00e1 uzav\u00edr\u00e1 pr\u00e1vn\u00ed \u00fakon za \u00fa?elem, kter\u00fd se p?ev\u00e1\u017en? net\u00fdk\u00e1 jej\u00ed obchodn\u00ed, podnikatelsk\u00e9 nebo profesn\u00ed ?innosti. &#8222;Podnikatel&#8220; je fyzick\u00e1 nebo pr\u00e1vnick\u00e1 osoba nebo spole?nost s pr\u00e1vn\u00ed subjektivitou, kter\u00e1 p?i uzav\u00edr\u00e1n\u00ed pr\u00e1vn\u00edho \u00fakonu jedn\u00e1 v r\u00e1mci sv\u00e9 podnikatelsk\u00e9 ?innosti nebo v r\u00e1mci samostatn\u00e9ho v\u00fdkonu povol\u00e1n\u00ed, p?i?em\u017e spole?nost\u00ed s pr\u00e1vn\u00ed subjektivitou se rozum\u00ed spole?nost se zp?sobilost\u00ed nab\u00fdvat pr\u00e1va a vstupovat do z\u00e1vazk?. <\/p>\n<h3>\u00a7 2 Uzav\u00edr\u00e1n\u00ed smluv, ulo\u017een\u00ed textu smlouvy<\/h3>\n<p>(1) N\u00e1sleduj\u00edc\u00ed ustanoven\u00ed o uzav\u00edr\u00e1n\u00ed smluv se vztahuj\u00ed na objedn\u00e1vky zadan\u00e9 prost?ednictv\u00edm na\u0161eho internetov\u00e9ho obchodu na adrese https:\/\/mini-bob.com.<\/p>\n<p>(2) Na\u0161e prezentace produkt? na internetu jsou nez\u00e1vazn\u00e9 a nep?edstavuj\u00ed z\u00e1vaznou nab\u00eddku na uzav?en\u00ed smlouvy.<\/p>\n<p>(3) Po p?ijet\u00ed objedn\u00e1vky v na\u0161em internetov\u00e9m obchod? plat\u00ed n\u00e1sleduj\u00edc\u00ed pravidla: Z\u00e1kazn\u00edk pod\u00e1v\u00e1 z\u00e1vaznou smluvn\u00ed nab\u00eddku t\u00edm, \u017ee \u00fasp?\u0161n? dokon?\u00ed objedn\u00e1vkov\u00fd postup uveden\u00fd v na\u0161em internetov\u00e9m obchod?. Objedn\u00e1vka se prov\u00e1d\u00ed v n\u00e1sleduj\u00edc\u00edch kroc\u00edch: <\/p>\n<ol>\n<li>V\u00fdb?r po\u017eadovan\u00e9ho zbo\u017e\u00ed,<\/li>\n<li>P?idejte produkty kliknut\u00edm na p?\u00edslu\u0161n\u00e9 tla?\u00edtko (nap?. &#8222;P?idat do ko\u0161\u00edku&#8220;, &#8222;P?idat do n\u00e1kupn\u00ed ta\u0161ky&#8220; nebo podobn\u00e9),<\/li>\n<li>Zkontrolujte \u00fadaje v n\u00e1kupn\u00edm ko\u0161\u00edku,<\/li>\n<li>P?ehled objedn\u00e1vek vyvol\u00e1te kliknut\u00edm na p?\u00edslu\u0161n\u00e9 tla?\u00edtko (nap?. &#8222;Pokra?ovat k pokladn?&#8220;, &#8222;Pokra?ovat k platb?&#8220;, &#8222;Na p?ehled objedn\u00e1vek&#8220; nebo podobn?),<\/li>\n<li>Zad\u00e1n\u00ed\/ov??en\u00ed adresy a kontaktn\u00edch \u00fadaj?, v\u00fdb?r zp?sobu platby, potvrzen\u00ed v\u0161eobecn\u00fdch podm\u00ednek a storno podm\u00ednek,<\/li>\n<li>Pokud se sjednan\u00e1 jakost zbo\u017e\u00ed odchyluje od jeho obvykl\u00e9 jakosti a podm\u00ednek pou\u017eit\u00ed, je t?eba potvrdit negativn\u00ed dohodu o jakosti,<\/li>\n<li>Objedn\u00e1vku dokon?\u00edte kliknut\u00edm na tla?\u00edtko &#8222;Koupit nyn\u00ed&#8220;. T\u00edm je va\u0161e objedn\u00e1vka z\u00e1vazn\u00e1. <\/li>\n<li>Smlouva je uzav?ena, jakmile od n\u00e1s do t?\u00ed pracovn\u00edch dn? obdr\u017e\u00edte potvrzen\u00ed objedn\u00e1vky na zadanou e-mailovou adresu.<\/li>\n<\/ol>\n<p>(4) V p?\u00edpad? uzav?en\u00ed smlouvy se smlouva uzav\u00edr\u00e1 se spole?nost\u00ed Loeger GmbH, Hauptstr. 57, D-82327 Tutzing, N?mecko. <\/p>\n<p>(5) P?ed zad\u00e1n\u00edm objedn\u00e1vky lze \u00fadaje o smlouv? vytisknout nebo elektronicky ulo\u017eit pomoc\u00ed funkce tisku v prohl\u00ed\u017ee?i. Zpracov\u00e1n\u00ed objedn\u00e1vky a p?ed\u00e1n\u00ed v\u0161ech informac\u00ed pot?ebn\u00fdch v souvislosti s uzav?en\u00edm smlouvy, zejm\u00e9na \u00fadaj? o objedn\u00e1vce, VOP a storno podm\u00ednek, se prov\u00e1d\u00ed e-mailem po odesl\u00e1n\u00ed objedn\u00e1vky, v n?kter\u00fdch p?\u00edpadech automaticky. Text smlouvy po jej\u00edm uzav?en\u00ed neukl\u00e1d\u00e1me.  <\/p>\n<p>(6) Chyby p?i zad\u00e1v\u00e1n\u00ed lze opravit pomoc\u00ed obvykl\u00fdch funkc\u00ed kl\u00e1vesnice, my\u0161i a prohl\u00ed\u017ee?e (nap?. tla?\u00edtka &#8222;zp?t&#8220; v prohl\u00ed\u017ee?i). Lze je tak\u00e9 opravit p?ed?asn\u00fdm zru\u0161en\u00edm procesu objedn\u00e1vky, zav?en\u00edm okna prohl\u00ed\u017ee?e a opakov\u00e1n\u00edm procesu. <\/p>\n<p>(7) Zpracov\u00e1n\u00ed objedn\u00e1vky a p?ed\u00e1n\u00ed v\u0161ech informac\u00ed po\u017eadovan\u00fdch v souvislosti s uzav?en\u00edm smlouvy je ?\u00e1ste?n? automatizov\u00e1no prost?ednictv\u00edm e-mailu. Mus\u00edte se proto ujistit, \u017ee e-mailov\u00e1 adresa, kterou jste n\u00e1m poskytli, je spr\u00e1vn\u00e1, \u017ee p?\u00edjem e-mail? je technicky zaji\u0161t?n a zejm\u00e9na \u017ee mu nebr\u00e1n\u00ed SPAM filtry. <\/p>\n<h3>\u00a7 3 P?edm?t smlouvy a z\u00e1kladn\u00ed vlastnosti v\u00fdrobk?<\/h3>\n<p>(1) P?edm?tem smlouvy je n\u00e1\u0161 internetov\u00fd obchod:<\/p>\n<ol style=\"list-style-type: lower-alpha\">\n<li>Prodej zbo\u017e\u00ed. Konkr\u00e9tn\u00ed nab\u00edzen\u00e9 zbo\u017e\u00ed naleznete na na\u0161ich produktov\u00fdch str\u00e1nk\u00e1ch. <\/li>\n<\/ol>\n<p>(2) Z\u00e1kladn\u00ed vlastnosti zbo\u017e\u00ed jsou uvedeny v popisu zbo\u017e\u00ed. Pokud se sjednan\u00e1 jakost zbo\u017e\u00ed odchyluje od jeho obvykl\u00e9 jakosti a podm\u00ednek pou\u017eit\u00ed, mus\u00ed b\u00fdt tato skute?nost v\u00fdslovn? uvedena v popisu polo\u017eky (negativn\u00ed ujedn\u00e1n\u00ed o jakosti). Pokud z\u00e1kazn\u00edk s negativn\u00ed jakostn\u00ed odchylkou v\u00fdslovn? souhlasil, je t\u00edm vymezen p?edm?t smlouvy.  <\/p>\n<h3>\u00a7 4 Ceny, n\u00e1klady na dopravu a dod\u00e1n\u00ed<\/h3>\n<p>(1) Ceny uveden\u00e9 v p?\u00edslu\u0161n\u00fdch nab\u00eddk\u00e1ch a n\u00e1klady na dopravu jsou celkov\u00e9 ceny a zahrnuj\u00ed v\u0161echny slo\u017eky ceny v?etn? v\u0161ech platn\u00fdch dan\u00ed.<\/p>\n<p>(2) P?\u00edslu\u0161n\u00e1 kupn\u00ed cena mus\u00ed b\u00fdt uhrazena p?ed dod\u00e1n\u00edm v\u00fdrobku (z\u00e1loha), pokud v\u00fdslovn? nenab\u00edz\u00edme n\u00e1kup na \u00fa?et. Zp?soby platby, kter\u00e9 m\u00e1te k dispozici, jsou uvedeny pod p?\u00edslu\u0161n? ozna?en\u00fdm tla?\u00edtkem v internetov\u00e9m obchod? nebo v p?\u00edslu\u0161n\u00e9 nab\u00eddce. Nen\u00ed-li u jednotliv\u00fdch zp?sob? platby uvedeno jinak, jsou platebn\u00ed n\u00e1roky splatn\u00e9 okam\u017eit?.  <\/p>\n<p>(3) Krom? uveden\u00fdch cen mohou b\u00fdt p?i dod\u00e1n\u00ed v\u00fdrobk? \u00fa?tov\u00e1ny n\u00e1klady na dopravu, pokud nen\u00ed p?\u00edslu\u0161n\u00e1 polo\u017eka ozna?ena jako bez n\u00e1klad? na dopravu. N\u00e1klady na dopravu v\u00e1m budou op?t jasn? sd?leny u nab\u00eddek, p?\u00edpadn? v syst\u00e9mu n\u00e1kupn\u00edho ko\u0161\u00edku a v p?ehledu objedn\u00e1vek. <\/p>\n<p>(4) Pokud nen\u00ed v popisu produktu jasn? uvedeno jinak, jsou v\u0161echny nab\u00edzen\u00e9 produkty p?ipraveny k okam\u017eit\u00e9 expedici (dodac\u00ed lh?ta: objedn\u00e1vka po-p\u00e1 do 16:00 expedice obvykle tent\u00fd\u017e den po obdr\u017een\u00ed platby).<\/p>\n<p>(5) Pro oblast doru?ov\u00e1n\u00ed plat\u00ed n\u00e1sleduj\u00edc\u00ed omezen\u00ed: Doru?en\u00ed se prov\u00e1d\u00ed do t?chto zem\u00ed: Andorra, Belgie, N?mecko, D\u00e1nsko, Finsko, Francie, Irsko, It\u00e1lie, Chorvatsko, Lichten\u0161tejnsko, Nizozemsko, Norsko, Polsko, \u0160v\u00e9dsko, \u0160v\u00fdcarsko, Slovensko, Slovinsko, \u0160pan?lsko, ?esk\u00e1 republika, Velk\u00e1 Brit\u00e1nie, Rakousko.<\/p>\n<p>(6) Pokud se dod\u00e1vka zbo\u017e\u00ed nezda?\u00ed z d?vod? na va\u0161\u00ed stran?, ponesete p?im??en\u00e9 n\u00e1klady, kter\u00e9 n\u00e1m v d?sledku toho vzniknou. To neplat\u00ed, pokud jde o n\u00e1klady na zp?tnou p?epravu, pokud \u00fa?inn? uplatn\u00edte sv\u00e9 pr\u00e1vo na odstoupen\u00ed od smlouvy. Pokud \u00fa?inn? uplatn\u00edte sv\u00e9 pr\u00e1vo na odstoupen\u00ed od smlouvy, vztahuje se na n\u00e1klady na vr\u00e1cen\u00ed zbo\u017e\u00ed ustanoven\u00ed n\u00e1mi u?in?n\u00e9 v z\u00e1sad\u00e1ch pro odstoupen\u00ed od smlouvy.  <\/p>\n<h3>\u00a7 5 Zadr\u017eovac\u00ed pr\u00e1vo, v\u00fdhrada vlastnictv\u00ed<\/h3>\n<p>(1) Zadr\u017eovac\u00ed pr\u00e1vo m?\u017eete uplatnit pouze v p?\u00edpad?, \u017ee se t\u00fdk\u00e1 n\u00e1rok? vypl\u00fdvaj\u00edc\u00edch z t\u00e9ho\u017e smluvn\u00edho vztahu.<\/p>\n<p>(2) Zbo\u017e\u00ed z?st\u00e1v\u00e1 na\u0161\u00edm majetkem a\u017e do \u00fapln\u00e9ho zaplacen\u00ed kupn\u00ed ceny.<\/p>\n<h3>\u00a7 6 Pr\u00e1vo na odstoupen\u00ed od smlouvy<\/h3>\n<p>Jako spot?ebitel m\u00e1te pr\u00e1vo na odstoupen\u00ed od smlouvy. Toto pr\u00e1vo se ?\u00edd\u00ed na\u0161imi <a href=\"https:\/\/mini-bob.com\/cs\/storno-podminky\/\">z\u00e1sadami pro zru\u0161en\u00ed objedn\u00e1vky.<\/a> <\/p>\n<h3>\u00a7 7 Zn?n\u00ed smlouvy<\/h3>\n<p>Jazykem smlouvy je v\u00fdhradn? n?m?ina.<\/p>\n<h3>\u00a7 8 Odpov?dnost<\/h3>\n<p>(1) S v\u00fdhradou n\u00e1sleduj\u00edc\u00edch v\u00fdjimek je na\u0161e odpov?dnost za poru\u0161en\u00ed smluvn\u00edch povinnost\u00ed a za neopr\u00e1vn?n\u00e9 jedn\u00e1n\u00ed omezena na \u00famysl nebo hrubou nedbalost.<\/p>\n<p>(2) V p?\u00edpad? lehk\u00e9 nedbalosti odpov\u00edd\u00e1me bez omezen\u00ed za \u00fajmu na \u017eivot?, zdrav\u00ed nebo v p?\u00edpad? poru\u0161en\u00ed podstatn\u00e9 smluvn\u00ed povinnosti. Jsme-li v prodlen\u00ed s pln?n\u00edm z d?vodu lehk\u00e9 nedbalosti, stalo-li se pln?n\u00ed nemo\u017en\u00fdm nebo poru\u0161ili-li jsme podstatnou smluvn\u00ed povinnost, je odpov?dnost za majetkov\u00e9 \u0161kody a finan?n\u00ed ztr\u00e1ty z toho vypl\u00fdvaj\u00edc\u00ed omezena na <strong>p?edv\u00eddatelnou \u0161kodu typickou pro danou smlouvu.<\/strong> Podstatnou smluvn\u00ed povinnost\u00ed se rozum\u00ed povinnost, jej\u00ed\u017e spln?n\u00ed je nezbytn\u00e9 pro ?\u00e1dn\u00e9 pln?n\u00ed smlouvy, jej\u00ed\u017e poru\u0161en\u00ed ohro\u017euje dosa\u017een\u00ed \u00fa?elu smlouvy a na jej\u00ed\u017e spln?n\u00ed se m?\u017eete pravideln? spol\u00e9hat. Pat?\u00ed sem zejm\u00e9na na\u0161e povinnost jednat a plnit smluvn? dlu\u017enou slu\u017ebu, kter\u00e1 je pops\u00e1na v \u00a7 3.   <\/p>\n<h3>\u00a7 9 Z\u00e1ruka<\/h3>\n<p>(1) Z\u00e1ruka se ?\u00edd\u00ed z\u00e1konn\u00fdmi ustanoven\u00edmi.<\/p>\n<p>(2) Z\u00e1ru?n\u00ed doba na zbo\u017e\u00ed dodan\u00e9 podnikatel?m je 12 m?s\u00edc?.<\/p>\n<p>(3) Jako spot?ebitel jste povinni zkontrolovat v?c\/digit\u00e1ln\u00ed zbo\u017e\u00ed nebo poskytnutou slu\u017ebu ihned po spln?n\u00ed smlouvy z hlediska \u00faplnosti, zjevn\u00fdch vad a po\u0161kozen\u00ed p?i p?eprav? a co nejd?\u00edve n\u00e1s a dopravce informovat o p?\u00edpadn\u00fdch reklamac\u00edch. Pokud tak neu?in\u00edte, nebude to m\u00edt samoz?ejm? \u017e\u00e1dn\u00fd vliv na va\u0161e z\u00e1konn\u00e9 z\u00e1ru?n\u00ed n\u00e1roky. <\/p>\n<h3>\u00a7 10 Z\u00e1v?re?n\u00e1 ustanoven\u00ed\/?e\u0161en\u00ed spor?<\/h3>\n<p>(1) Pou\u017eije se n?meck\u00e9 pr\u00e1vo. V p?\u00edpad? spot?ebitel? se tato volba pr\u00e1va uplatn\u00ed pouze tehdy, pokud t\u00edm nen\u00ed zru\u0161ena ochrana poskytovan\u00e1 kogentn\u00edmi ustanoven\u00edmi pr\u00e1va st\u00e1tu obvykl\u00e9ho bydli\u0161t? spot?ebitele (z\u00e1sada v\u00fdhodnosti). <\/p>\n<p>(2) Ustanoven\u00ed \u00damluvy OSN o smlouv\u00e1ch o mezin\u00e1rodn\u00ed koupi zbo\u017e\u00ed se v\u00fdslovn? nepou\u017eij\u00ed.<\/p>\n<p>(3) Je-li z\u00e1kazn\u00edkem obchodn\u00edk, pr\u00e1vnick\u00e1 osoba ve?ejn\u00e9ho pr\u00e1va nebo speci\u00e1ln\u00ed fond ve?ejn\u00e9ho pr\u00e1va, je m\u00edstn? p?\u00edslu\u0161n\u00fdm soudem pro v\u0161echny spory vypl\u00fdvaj\u00edc\u00ed ze smluvn\u00edch vztah? mezi z\u00e1kazn\u00edkem a poskytovatelem s\u00eddlo poskytovatele.<\/p>\n<p>(4)  \n\nZur Teilnahme an einem Streitbeilegungsverfahren vor einer Verbraucherschlichtungsstelle sind wir nicht verpflichtet und nicht bereit.<\/p>\n","protected":false},"excerpt":{"rendered":"<p>V\u0161eobecn\u00e9 podm\u00ednky \u00a7 1 Platnost, definice pojm? Spole?nost Loeger GmbH, Hauptstr. 57, D-82327 Tutzing, N?mecko (d\u00e1le jen &#8222;my&#8220; nebo &#8222;mini bob shop&#8220;) provozuje internetov\u00fd obchod se zbo\u017e\u00edm na internetov\u00e9 str\u00e1nce https:\/\/mini-bob.com. N\u00e1sleduj\u00edc\u00ed v\u0161eobecn\u00e9 obchodn\u00ed podm\u00ednky plat\u00ed pro v\u0161echny slu\u017eby mezi n\u00e1mi a na\u0161imi z\u00e1kazn\u00edky (d\u00e1le jen: &#8222;z\u00e1kazn\u00edk&#8220; nebo &#8222;vy&#8220;) ve zn?n\u00ed platn\u00e9m v dob? objedn\u00e1vky,&hellip;<\/p>\n","protected":false},"author":1,"featured_media":0,"parent":0,"menu_order":0,"comment_status":"closed","ping_status":"closed","template":"","meta":{"_acf_changed":false,"footnotes":""},"class_list":["post-162265","page","type-page","status-publish","hentry","description-off"],"acf":[],"_links":{"self":[{"href":"https:\/\/mini-bob.com\/cs\/wp-json\/wp\/v2\/pages\/162265","targetHints":{"allow":["GET"]}}],"collection":[{"href":"https:\/\/mini-bob.com\/cs\/wp-json\/wp\/v2\/pages"}],"about":[{"href":"https:\/\/mini-bob.com\/cs\/wp-json\/wp\/v2\/types\/page"}],"author":[{"embeddable":true,"href":"https:\/\/mini-bob.com\/cs\/wp-json\/wp\/v2\/users\/1"}],"replies":[{"embeddable":true,"href":"https:\/\/mini-bob.com\/cs\/wp-json\/wp\/v2\/comments?post=162265"}],"version-history":[{"count":1,"href":"https:\/\/mini-bob.com\/cs\/wp-json\/wp\/v2\/pages\/162265\/revisions"}],"predecessor-version":[{"id":163352,"href":"https:\/\/mini-bob.com\/cs\/wp-json\/wp\/v2\/pages\/162265\/revisions\/163352"}],"wp:attachment":[{"href":"https:\/\/mini-bob.com\/cs\/wp-json\/wp\/v2\/media?parent=162265"}],"curies":[{"name":"wp","href":"https:\/\/api.w.org\/{rel}","templated":true}]}}