{"id":162279,"date":"2016-09-29T10:48:08","date_gmt":"2016-09-29T08:48:08","guid":{"rendered":"https:\/\/mini-bob.com\/historie\/"},"modified":"2025-12-01T20:10:51","modified_gmt":"2025-12-01T19:10:51","slug":"historie","status":"publish","type":"page","link":"https:\/\/mini-bob.com\/cs\/historie\/","title":{"rendered":"Historie"},"content":{"rendered":"<div class=\"wpb-content-wrapper\"><p>[vc_row][vc_column width=&#8220;1\/2&#8243;][vc_single_image image=&#8220;162280&#8243; img_size=&#8220;large&#8220;][\/vc_column][vc_column width=&#8220;1\/2&#8243;][vc_custom_heading text=&#8220;70. l\u00e9ta 20. stolet\u00ed&#8220; google_fonts=&#8220;font_family:Roboto%20Condensed%3A300%2C300italic%2Cregular%2Citalic%2C700%2C700italic|font_style:400%20regular%3A400%3Anormal&#8220;][vc_column_text]V roce 1970 v Kitzb\u00fchelu nastal ten spr\u00e1vn\u00fd ?as. Po mnoha noc\u00edch tvrd\u00e9 pr\u00e1ce a nes?etn\u00fdch testovac\u00edch j\u00edzd\u00e1ch se zrodil mini bob. Patent na plastov\u00fd bob &#8222;mini bob&#8220; byl ud?len 4. srpna 1970.  <\/p>\n<p>Tehdy Siegmund Loeger jezdil od jednoho sportovn\u00edho obchodu ke druh\u00e9mu v autobusu VW, aby propagoval mini bob. V t\u00e9 dob? se o inovativn\u00edch plastov\u00fdch san\u00edch dozv?d?la tak\u00e9 rakousk\u00e1 spole?nost Semperit, kter\u00e1 nab\u00eddla jejich celosv?tov\u00fd prodej a velkos\u00e9riovou v\u00fdrobu. Semperit pak po t?i roky vyr\u00e1b?l a prod\u00e1val mini bob po cel\u00e9m sv?t? v\u00fdhradn? jako dr\u017eitel licence.  <\/p>\n<p>Triumf\u00e1ln\u00ed pochod mini bob za?al&#8230;[\/vc_column_text]<style type=\"text\/css\" data-type=\"the7_shortcodes-inline-css\">#default-btn-6616ce386c7e6319fa118081fc34e302.ico-right-side > i {\n  margin-right: 0px;\n  margin-left: 8px;\n}\n#default-btn-6616ce386c7e6319fa118081fc34e302 > i {\n  margin-right: 8px;\n}<\/style><a href=\"https:\/\/mini-bob.com\/cs\/mini-bob-v-80-letech\/\" class=\"default-btn-shortcode dt-btn dt-btn-l pulse animate-element animation-builder link-hover-off btn-inline-left \" id=\"default-btn-6616ce386c7e6319fa118081fc34e302\" title=\"mini bob v 80. letech\"><span>ZDE SE VRAC\u00cdME DO 80. LET MINUL\u00c9HO STOLET\u00cd<\/span><\/a>[\/vc_column][\/vc_row][vc_row][vc_column][vc_empty_space][\/vc_column][\/vc_row][vc_row][vc_column]<style type=\"text\/css\" data-type=\"the7_shortcodes-inline-css\">.gallery-shortcode.gallery-masonry-shortcode-id-c671b8d3279728ea1f3b0b0e92280d0b figure,\n.gallery-shortcode.gallery-masonry-shortcode-id-c671b8d3279728ea1f3b0b0e92280d0b .rollover,\n.gallery-shortcode.gallery-masonry-shortcode-id-c671b8d3279728ea1f3b0b0e92280d0b img,\n.gallery-shortcode.gallery-masonry-shortcode-id-c671b8d3279728ea1f3b0b0e92280d0b .gallery-rollover {\n  border-radius: 0px;\n}\n.gallery-shortcode.gallery-masonry-shortcode-id-c671b8d3279728ea1f3b0b0e92280d0b.enable-bg-rollover .gallery-rollover {\n  background: -webkit-linear-gradient();\n  background: linear-gradient();\n}\n.gallery-shortcode.gallery-masonry-shortcode-id-c671b8d3279728ea1f3b0b0e92280d0b.enable-bg-rollover.hover-scale figure .rollover:after {\n  background: -webkit-linear-gradient();\n  background: linear-gradient();\n}\n.gallery-shortcode.gallery-masonry-shortcode-id-c671b8d3279728ea1f3b0b0e92280d0b .gallery-zoom-ico {\n  width: 44px;\n  height: 44px;\n  line-height: 44px;\n  border-radius: 100px;\n  margin: -22px 0 0 -22px;\n  border-width: 0px;\n  color: #ffffff;\n}\n.dt-icon-bg-on.gallery-shortcode.gallery-masonry-shortcode-id-c671b8d3279728ea1f3b0b0e92280d0b .gallery-zoom-ico {\n  background: rgba(255,255,255,0.3);\n  box-shadow: none;\n}\n.gallery-shortcode.gallery-masonry-shortcode-id-c671b8d3279728ea1f3b0b0e92280d0b .gallery-zoom-ico:before,\n.gallery-shortcode.gallery-masonry-shortcode-id-c671b8d3279728ea1f3b0b0e92280d0b .gallery-zoom-ico span {\n  font-size: 32px;\n  line-height: 44px;\n  color: #ffffff;\n}\n.gallery-shortcode.gallery-masonry-shortcode-id-c671b8d3279728ea1f3b0b0e92280d0b:not(.resize-by-browser-width) .dt-css-grid {\n  grid-row-gap: 10px;\n  grid-column-gap: 10px;\n  grid-template-columns: repeat(auto-fill,minmax(,1fr));\n}\n.gallery-shortcode.gallery-masonry-shortcode-id-c671b8d3279728ea1f3b0b0e92280d0b:not(.resize-by-browser-width) .dt-css-grid .double-width {\n  grid-column: span 2;\n}\n.cssgridlegacy.no-cssgrid .gallery-shortcode.gallery-masonry-shortcode-id-c671b8d3279728ea1f3b0b0e92280d0b:not(.resize-by-browser-width) .dt-css-grid,\n.no-cssgridlegacy.no-cssgrid .gallery-shortcode.gallery-masonry-shortcode-id-c671b8d3279728ea1f3b0b0e92280d0b:not(.resize-by-browser-width) .dt-css-grid {\n  display: flex;\n  flex-flow: row wrap;\n  margin: -5px;\n}\n.cssgridlegacy.no-cssgrid .gallery-shortcode.gallery-masonry-shortcode-id-c671b8d3279728ea1f3b0b0e92280d0b:not(.resize-by-browser-width) .dt-css-grid .wf-cell,\n.no-cssgridlegacy.no-cssgrid .gallery-shortcode.gallery-masonry-shortcode-id-c671b8d3279728ea1f3b0b0e92280d0b:not(.resize-by-browser-width) .dt-css-grid .wf-cell {\n  flex: 1 0 ;\n  max-width: 100%;\n  padding: 5px;\n  box-sizing: border-box;\n}\n.gallery-shortcode.gallery-masonry-shortcode-id-c671b8d3279728ea1f3b0b0e92280d0b.resize-by-browser-width .dt-css-grid {\n  grid-template-columns: repeat(6,1fr);\n  grid-template-rows: auto;\n  grid-column-gap: 10px;\n  grid-row-gap: 10px;\n}\n.gallery-shortcode.gallery-masonry-shortcode-id-c671b8d3279728ea1f3b0b0e92280d0b.resize-by-browser-width .dt-css-grid .double-width {\n  grid-column: span 2;\n}\n.cssgridlegacy.no-cssgrid .gallery-shortcode.gallery-masonry-shortcode-id-c671b8d3279728ea1f3b0b0e92280d0b.resize-by-browser-width .dt-css-grid {\n  margin: -5px;\n}\n.cssgridlegacy.no-cssgrid .gallery-shortcode.gallery-masonry-shortcode-id-c671b8d3279728ea1f3b0b0e92280d0b.resize-by-browser-width .dt-css-grid .wf-cell {\n  width: 16.666666666667%;\n  padding: 5px;\n}\n.cssgridlegacy.no-cssgrid .gallery-shortcode.gallery-masonry-shortcode-id-c671b8d3279728ea1f3b0b0e92280d0b.resize-by-browser-width .dt-css-grid .wf-cell.double-width {\n  width: calc(16.666666666667%) * 2;\n}\n.gallery-shortcode.gallery-masonry-shortcode-id-c671b8d3279728ea1f3b0b0e92280d0b.resize-by-browser-width:not(.centered-layout-list):not(.content-bg-on) .dt-css-grid {\n  grid-row-gap: 10px - ;\n}\n@media screen and (max-width: 1199px) {\n  .gallery-shortcode.gallery-masonry-shortcode-id-c671b8d3279728ea1f3b0b0e92280d0b.resize-by-browser-width .dt-css-grid {\n    grid-template-columns: repeat(4,1fr);\n  }\n  .cssgridlegacy.no-cssgrid .gallery-shortcode.gallery-masonry-shortcode-id-c671b8d3279728ea1f3b0b0e92280d0b.resize-by-browser-width .dt-css-grid .wf-cell,\n  .no-cssgridlegacy.no-cssgrid .gallery-shortcode.gallery-masonry-shortcode-id-c671b8d3279728ea1f3b0b0e92280d0b.resize-by-browser-width .dt-css-grid .wf-cell {\n    width: 25%;\n  }\n  .cssgridlegacy.no-cssgrid .gallery-shortcode.gallery-masonry-shortcode-id-c671b8d3279728ea1f3b0b0e92280d0b.resize-by-browser-width .dt-css-grid .wf-cell.double-width,\n  .no-cssgridlegacy.no-cssgrid .gallery-shortcode.gallery-masonry-shortcode-id-c671b8d3279728ea1f3b0b0e92280d0b.resize-by-browser-width .dt-css-grid .wf-cell.double-width {\n    width: calc(25%)*2;\n  }\n}\n@media screen and (max-width: 991px) {\n  .gallery-shortcode.gallery-masonry-shortcode-id-c671b8d3279728ea1f3b0b0e92280d0b.resize-by-browser-width .dt-css-grid {\n    grid-template-columns: repeat(3,1fr);\n  }\n  .cssgridlegacy.no-cssgrid .gallery-shortcode.gallery-masonry-shortcode-id-c671b8d3279728ea1f3b0b0e92280d0b.resize-by-browser-width .dt-css-grid .wf-cell,\n  .no-cssgridlegacy.no-cssgrid .gallery-shortcode.gallery-masonry-shortcode-id-c671b8d3279728ea1f3b0b0e92280d0b.resize-by-browser-width .dt-css-grid .wf-cell {\n    width: 33.333333333333%;\n  }\n  .cssgridlegacy.no-cssgrid .gallery-shortcode.gallery-masonry-shortcode-id-c671b8d3279728ea1f3b0b0e92280d0b.resize-by-browser-width .dt-css-grid .wf-cell.double-width,\n  .no-cssgridlegacy.no-cssgrid .gallery-shortcode.gallery-masonry-shortcode-id-c671b8d3279728ea1f3b0b0e92280d0b.resize-by-browser-width .dt-css-grid .wf-cell.double-width {\n    width: calc(33.333333333333%)*2;\n  }\n}\n@media screen and (max-width: 767px) {\n  .gallery-shortcode.gallery-masonry-shortcode-id-c671b8d3279728ea1f3b0b0e92280d0b.resize-by-browser-width .dt-css-grid {\n    grid-template-columns: repeat(2,1fr);\n  }\n  .cssgridlegacy.no-cssgrid .gallery-shortcode.gallery-masonry-shortcode-id-c671b8d3279728ea1f3b0b0e92280d0b.resize-by-browser-width .dt-css-grid .wf-cell,\n  .no-cssgridlegacy.no-cssgrid .gallery-shortcode.gallery-masonry-shortcode-id-c671b8d3279728ea1f3b0b0e92280d0b.resize-by-browser-width .dt-css-grid .wf-cell {\n    width: 50%;\n  }\n  .cssgridlegacy.no-cssgrid .gallery-shortcode.gallery-masonry-shortcode-id-c671b8d3279728ea1f3b0b0e92280d0b.resize-by-browser-width .dt-css-grid .wf-cell.double-width,\n  .no-cssgridlegacy.no-cssgrid .gallery-shortcode.gallery-masonry-shortcode-id-c671b8d3279728ea1f3b0b0e92280d0b.resize-by-browser-width .dt-css-grid .wf-cell.double-width {\n    width: calc(50%)*2;\n  }\n}<\/style><div class=\"gallery-shortcode dt-gallery-container gallery-masonry-shortcode-id-c671b8d3279728ea1f3b0b0e92280d0b mode-grid jquery-filter dt-icon-bg-off quick-scale-img dt-css-grid-wrap enable-bg-rollover resize-by-browser-width  hover-fade loading-effect-fade-in description-on-hover\" data-padding=\"5px\" data-cur-page=\"1\" data-post-limit=\"-1\" data-pagination-mode=\"none\" data-desktop-columns-num=\"6\" data-v-tablet-columns-num=\"3\" data-h-tablet-columns-num=\"4\" data-phone-columns-num=\"2\" data-width=\"0px\" data-columns=\"0\"><div class=\"dt-css-grid\" ><div class=\"wf-cell\" data-post-id=\"162101\" data-date=\"2025-12-01T20:09:08+01:00\" data-name=\"Rosi Mittermaier mini bob\"><figure class=\"post visible\"><a href=\"https:\/\/mini-bob.com\/wp-content\/uploads\/2015\/02\/Rosi-cr.jpg\" class=\"rollover dt-pswp-item layzr-bg\" data-large_image_width=\"719\" data-large_image_height=\"938\" data-dt-img-description=\"\" title=\"Rosi Mittermaier mini bob\"><img fetchpriority=\"high\" decoding=\"async\" class=\"preload-me iso-lazy-load aspect\" src=\"data:image\/svg+xml,%3Csvg%20xmlns%3D&#39;http%3A%2F%2Fwww.w3.org%2F2000%2Fsvg&#39;%20viewBox%3D&#39;0%200%20379%20379&#39;%2F%3E\" data-src=\"https:\/\/mini-bob.com\/wp-content\/uploads\/2015\/02\/Rosi-cr-379x379.jpg\" data-srcset=\"https:\/\/mini-bob.com\/wp-content\/uploads\/2015\/02\/Rosi-cr-379x379.jpg 379w, https:\/\/mini-bob.com\/wp-content\/uploads\/2015\/02\/Rosi-cr-569x569.jpg 569w\" loading=\"eager\" style=\"--ratio: 379 \/ 379\" sizes=\"(max-width: 379px) 100vw, 379px\" alt=\"Ly\u017ea?ka Rosi Mittermaierov\u00e1 a minibob\" width=\"379\" height=\"379\"  \/><span class=\"gallery-rollover\"><span class=\"gallery-zoom-ico icomoon-the7-font-the7-zoom-06\"><span><\/span><\/span><\/span><\/a><\/figure><\/div><div class=\"wf-cell\" data-post-id=\"161866\" data-date=\"2025-12-01T20:06:30+01:00\" data-name=\"mini bob n\u00e1vod k j\u00edzd? 1970\"><figure class=\"post visible\"><a href=\"https:\/\/mini-bob.com\/wp-content\/uploads\/2015\/02\/Fahranleitung-rotate.jpg\" class=\"rollover dt-pswp-item layzr-bg\" data-large_image_width=\"1360\" data-large_image_height=\"1920\" data-dt-img-description=\"\" title=\"mini bob n\u00e1vod k j\u00edzd? 1970\"><img decoding=\"async\" class=\"preload-me iso-lazy-load aspect\" src=\"data:image\/svg+xml,%3Csvg%20xmlns%3D&#039;http%3A%2F%2Fwww.w3.org%2F2000%2Fsvg&#039;%20viewBox%3D&#039;0%200%20379%20379&#039;%2F%3E\" data-src=\"https:\/\/mini-bob.com\/wp-content\/uploads\/2015\/02\/Fahranleitung-rotate-379x379.jpg\" data-srcset=\"https:\/\/mini-bob.com\/wp-content\/uploads\/2015\/02\/Fahranleitung-rotate-379x379.jpg 379w, https:\/\/mini-bob.com\/wp-content\/uploads\/2015\/02\/Fahranleitung-rotate-569x569.jpg 569w\" loading=\"eager\" style=\"--ratio: 379 \/ 379\" sizes=\"(max-width: 379px) 100vw, 379px\" alt=\"\" width=\"379\" height=\"379\"><span class=\"gallery-rollover\"><span class=\"gallery-zoom-ico icomoon-the7-font-the7-zoom-06\"><span><\/span><\/span><\/span><\/a><\/figure><\/div><\/div><!-- iso-container|iso-grid --><\/div>[\/vc_column][\/vc_row]<\/p>\n<\/div>","protected":false},"excerpt":{"rendered":"<p>[vc_row][vc_column width=&#8220;1\/2&#8243;][vc_single_image image=&#8220;162280&#8243; img_size=&#8220;large&#8220;][\/vc_column][vc_column width=&#8220;1\/2&#8243;][vc_custom_heading text=&#8220;70. l\u00e9ta 20. stolet\u00ed&#8220; google_fonts=&#8220;font_family:Roboto%20Condensed%3A300%2C300italic%2Cregular%2Citalic%2C700%2C700italic|font_style:400%20regular%3A400%3Anormal&#8220;][vc_column_text]V roce 1970 v Kitzb\u00fchelu nastal ten spr\u00e1vn\u00fd ?as. Po mnoha noc\u00edch tvrd\u00e9 pr\u00e1ce a nes?etn\u00fdch testovac\u00edch j\u00edzd\u00e1ch se zrodil mini bob. Patent na plastov\u00fd bob &#8222;mini bob&#8220; byl ud?len 4. srpna 1970. Tehdy Siegmund Loeger jezdil od jednoho sportovn\u00edho obchodu ke druh\u00e9mu v autobusu VW,&hellip;<\/p>\n","protected":false},"author":1,"featured_media":0,"parent":0,"menu_order":0,"comment_status":"closed","ping_status":"closed","template":"","meta":{"_acf_changed":false,"footnotes":""},"class_list":["post-162279","page","type-page","status-publish","hentry","description-off"],"acf":[],"_links":{"self":[{"href":"https:\/\/mini-bob.com\/cs\/wp-json\/wp\/v2\/pages\/162279","targetHints":{"allow":["GET"]}}],"collection":[{"href":"https:\/\/mini-bob.com\/cs\/wp-json\/wp\/v2\/pages"}],"about":[{"href":"https:\/\/mini-bob.com\/cs\/wp-json\/wp\/v2\/types\/page"}],"author":[{"embeddable":true,"href":"https:\/\/mini-bob.com\/cs\/wp-json\/wp\/v2\/users\/1"}],"replies":[{"embeddable":true,"href":"https:\/\/mini-bob.com\/cs\/wp-json\/wp\/v2\/comments?post=162279"}],"version-history":[{"count":3,"href":"https:\/\/mini-bob.com\/cs\/wp-json\/wp\/v2\/pages\/162279\/revisions"}],"predecessor-version":[{"id":162287,"href":"https:\/\/mini-bob.com\/cs\/wp-json\/wp\/v2\/pages\/162279\/revisions\/162287"}],"wp:attachment":[{"href":"https:\/\/mini-bob.com\/cs\/wp-json\/wp\/v2\/media?parent=162279"}],"curies":[{"name":"wp","href":"https:\/\/api.w.org\/{rel}","templated":true}]}}