{"id":162291,"date":"2017-01-20T14:13:33","date_gmt":"2017-01-20T13:13:33","guid":{"rendered":"https:\/\/mini-bob.com\/billet-bob-koupit\/"},"modified":"2025-12-01T20:10:57","modified_gmt":"2025-12-01T19:10:57","slug":"billet-bob-koupit","status":"publish","type":"page","link":"https:\/\/mini-bob.com\/cs\/billet-bob-koupit\/","title":{"rendered":"Billet bob - koupit"},"content":{"rendered":"<div class=\"wpb-content-wrapper\"><p>[vc_row][vc_column][vc_custom_heading text=&#8220;mini bob - vyn\u00e1lezci bobu na polena&#8220; font_container=&#8220;tag:h1|text_align:left&#8220; google_fonts=&#8220;font_family:Roboto%20Condensed%3A300%2C300italic%2Cregular%2Citalic%2C700%2C700italic|font_style:400%20regular%3A400%3Anormal&#8220;][vc_column_text]<\/p>\n<p style=\"text-align: center;\"><iframe loading=\"lazy\" src=\"https:\/\/player.vimeo.com\/video\/200398022\" width=\"640\" height=\"360\" frameborder=\"0\" allowfullscreen=\"allowfullscreen\"><\/iframe><\/p>\n<p>[\/vc_column_text][\/vc_column][\/vc_row][vc_row][vc_column][vc_column_text]<\/p>\n<div class=\"gt3_col12 module_number_2 module_cont module_text_area \" data-appear-top-offset=\"-100\">\n<div class=\"module_content\">\n<p>Hled\u00e1te origin\u00e1ln\u00ed mini bob? <g id=\"gid_0\"> Origin\u00e1ln\u00ed mini bob <\/g> si m?\u017eete koupit <g id=\"gid_0\"> u <\/g> n\u00e1s! &#8222;Made in Germany since 1976&#8220; - tak se mini bob proslavil d\u00edky sv\u00e9mu jedine?n\u00e9mu joysticku.  <\/p>\n<p>Ty?ov\u00fd bob se vyzna?uje vysokou kvalitou a odolnost\u00ed - rychle a snadno se ovl\u00e1d\u00e1 a bezpe?n? ?\u00edd\u00ed a brzd\u00ed.<\/p>\n<p>D\u00edky ?\u00eddic\u00ed ty?i m?\u017eete bob kdykoli bezpe?n? a rychle zabrzdit - jednodu\u0161e p?it\u00e1hn?te ty? k sob? a zastavte mini bob zadn\u00ed hranou.<\/p>\n<p>P?en\u00e1\u0161en\u00edm v\u00e1hy m?\u017eete s bobovou hol\u00ed prov\u00e1d?t jednoduch\u00e9 a p?esn\u00e9 zat\u00e1?ky na sn?hu. D\u00edky bezpe?n\u00e9mu \u00fachopu m\u00e1te v\u017edy plnou kontrolu. <\/p>\n<p>Profesion\u00e1lov\u00e9 mohou zvl\u00e1dnout oblouky je\u0161t? pevn?ji, kdy\u017e se budou dr\u017eet hole pouze jednou rukou a vnit?n\u00ed rukou se budou dot\u00fdkat sn?hu.<\/p>\n<p>Maxi z\u00e1bava s mini bobem - dokonal\u00fdm ty?ov\u00fdm bobem!<\/p><\/div>\n<\/div>\n<p>[\/vc_column_text][\/vc_column][\/vc_row][vc_row][vc_column][vc_custom_heading text=&#8220;Prod\u00e1m origin\u00e1ln\u00ed kuli?kov\u00fd bob&#8220; google_fonts=&#8220;font_family:Roboto%20Condensed%3A300%2C300italic%2Cregular%2Citalic%2C700%2C700italic|font_style:400%20regular%3A400%3Anormal&#8220;]<style type=\"text\/css\" data-type=\"the7_shortcodes-inline-css\">#default-btn-8a9b953d748c72cb986b701d1ba7ec51.ico-right-side > i {\n  margin-right: 0px;\n  margin-left: 8px;\n}\n#default-btn-8a9b953d748c72cb986b701d1ba7ec51 > i {\n  margin-right: 8px;\n}<\/style><a href=\"https:\/\/mini-bob.com\/mini-bob-zipfelbob-shop\/\" class=\"default-btn-shortcode dt-btn dt-btn-l pulse animate-element animation-builder link-hover-off btn-inline-left \" target=\"_blank\" id=\"default-btn-8a9b953d748c72cb986b701d1ba7ec51\" title=\"Origin\u00e1ln\u00ed mini bob (Zipfelbob) Obchod\" rel=\"noopener\"><span>Koupit Billet Bob<\/span><\/a>[\/vc_column][\/vc_row][vc_row][vc_column][vc_empty_space]<style type=\"text\/css\" data-type=\"the7_shortcodes-inline-css\">.gallery-shortcode.gallery-masonry-shortcode-id-cac64779c0eb42466fe2dd7e1fff6a14 figure,\n.gallery-shortcode.gallery-masonry-shortcode-id-cac64779c0eb42466fe2dd7e1fff6a14 .rollover,\n.gallery-shortcode.gallery-masonry-shortcode-id-cac64779c0eb42466fe2dd7e1fff6a14 img,\n.gallery-shortcode.gallery-masonry-shortcode-id-cac64779c0eb42466fe2dd7e1fff6a14 .gallery-rollover {\n  border-radius: 0px;\n}\n.gallery-shortcode.gallery-masonry-shortcode-id-cac64779c0eb42466fe2dd7e1fff6a14.enable-bg-rollover .gallery-rollover {\n  background: -webkit-linear-gradient();\n  background: linear-gradient();\n}\n.gallery-shortcode.gallery-masonry-shortcode-id-cac64779c0eb42466fe2dd7e1fff6a14.enable-bg-rollover.hover-scale figure .rollover:after {\n  background: -webkit-linear-gradient();\n  background: linear-gradient();\n}\n.gallery-shortcode.gallery-masonry-shortcode-id-cac64779c0eb42466fe2dd7e1fff6a14 .gallery-zoom-ico {\n  width: 44px;\n  height: 44px;\n  line-height: 44px;\n  border-radius: 100px;\n  margin: -22px 0 0 -22px;\n  border-width: 0px;\n  color: #ffffff;\n}\n.dt-icon-bg-on.gallery-shortcode.gallery-masonry-shortcode-id-cac64779c0eb42466fe2dd7e1fff6a14 .gallery-zoom-ico {\n  background: rgba(255,255,255,0.3);\n  box-shadow: none;\n}\n.gallery-shortcode.gallery-masonry-shortcode-id-cac64779c0eb42466fe2dd7e1fff6a14 .gallery-zoom-ico:before,\n.gallery-shortcode.gallery-masonry-shortcode-id-cac64779c0eb42466fe2dd7e1fff6a14 .gallery-zoom-ico span {\n  font-size: 32px;\n  line-height: 44px;\n  color: #ffffff;\n}\n.gallery-shortcode.gallery-masonry-shortcode-id-cac64779c0eb42466fe2dd7e1fff6a14:not(.resize-by-browser-width) .dt-css-grid {\n  grid-row-gap: 10px;\n  grid-column-gap: 10px;\n  grid-template-columns: repeat(auto-fill,minmax(,1fr));\n}\n.gallery-shortcode.gallery-masonry-shortcode-id-cac64779c0eb42466fe2dd7e1fff6a14:not(.resize-by-browser-width) .dt-css-grid .double-width {\n  grid-column: span 2;\n}\n.cssgridlegacy.no-cssgrid .gallery-shortcode.gallery-masonry-shortcode-id-cac64779c0eb42466fe2dd7e1fff6a14:not(.resize-by-browser-width) .dt-css-grid,\n.no-cssgridlegacy.no-cssgrid .gallery-shortcode.gallery-masonry-shortcode-id-cac64779c0eb42466fe2dd7e1fff6a14:not(.resize-by-browser-width) .dt-css-grid {\n  display: flex;\n  flex-flow: row wrap;\n  margin: -5px;\n}\n.cssgridlegacy.no-cssgrid .gallery-shortcode.gallery-masonry-shortcode-id-cac64779c0eb42466fe2dd7e1fff6a14:not(.resize-by-browser-width) .dt-css-grid .wf-cell,\n.no-cssgridlegacy.no-cssgrid .gallery-shortcode.gallery-masonry-shortcode-id-cac64779c0eb42466fe2dd7e1fff6a14:not(.resize-by-browser-width) .dt-css-grid .wf-cell {\n  flex: 1 0 ;\n  max-width: 100%;\n  padding: 5px;\n  box-sizing: border-box;\n}\n.gallery-shortcode.gallery-masonry-shortcode-id-cac64779c0eb42466fe2dd7e1fff6a14.resize-by-browser-width .dt-css-grid {\n  grid-template-columns: repeat(3,1fr);\n  grid-template-rows: auto;\n  grid-column-gap: 10px;\n  grid-row-gap: 10px;\n}\n.gallery-shortcode.gallery-masonry-shortcode-id-cac64779c0eb42466fe2dd7e1fff6a14.resize-by-browser-width .dt-css-grid .double-width {\n  grid-column: span 2;\n}\n.cssgridlegacy.no-cssgrid .gallery-shortcode.gallery-masonry-shortcode-id-cac64779c0eb42466fe2dd7e1fff6a14.resize-by-browser-width .dt-css-grid {\n  margin: -5px;\n}\n.cssgridlegacy.no-cssgrid .gallery-shortcode.gallery-masonry-shortcode-id-cac64779c0eb42466fe2dd7e1fff6a14.resize-by-browser-width .dt-css-grid .wf-cell {\n  width: 33.333333333333%;\n  padding: 5px;\n}\n.cssgridlegacy.no-cssgrid .gallery-shortcode.gallery-masonry-shortcode-id-cac64779c0eb42466fe2dd7e1fff6a14.resize-by-browser-width .dt-css-grid .wf-cell.double-width {\n  width: calc(33.333333333333%) * 2;\n}\n.gallery-shortcode.gallery-masonry-shortcode-id-cac64779c0eb42466fe2dd7e1fff6a14.resize-by-browser-width:not(.centered-layout-list):not(.content-bg-on) .dt-css-grid {\n  grid-row-gap: 10px - ;\n}\n@media screen and (max-width: 1199px) {\n  .gallery-shortcode.gallery-masonry-shortcode-id-cac64779c0eb42466fe2dd7e1fff6a14.resize-by-browser-width .dt-css-grid {\n    grid-template-columns: repeat(4,1fr);\n  }\n  .cssgridlegacy.no-cssgrid .gallery-shortcode.gallery-masonry-shortcode-id-cac64779c0eb42466fe2dd7e1fff6a14.resize-by-browser-width .dt-css-grid .wf-cell,\n  .no-cssgridlegacy.no-cssgrid .gallery-shortcode.gallery-masonry-shortcode-id-cac64779c0eb42466fe2dd7e1fff6a14.resize-by-browser-width .dt-css-grid .wf-cell {\n    width: 25%;\n  }\n  .cssgridlegacy.no-cssgrid .gallery-shortcode.gallery-masonry-shortcode-id-cac64779c0eb42466fe2dd7e1fff6a14.resize-by-browser-width .dt-css-grid .wf-cell.double-width,\n  .no-cssgridlegacy.no-cssgrid .gallery-shortcode.gallery-masonry-shortcode-id-cac64779c0eb42466fe2dd7e1fff6a14.resize-by-browser-width .dt-css-grid .wf-cell.double-width {\n    width: calc(25%)*2;\n  }\n}\n@media screen and (max-width: 991px) {\n  .gallery-shortcode.gallery-masonry-shortcode-id-cac64779c0eb42466fe2dd7e1fff6a14.resize-by-browser-width .dt-css-grid {\n    grid-template-columns: repeat(3,1fr);\n  }\n  .cssgridlegacy.no-cssgrid .gallery-shortcode.gallery-masonry-shortcode-id-cac64779c0eb42466fe2dd7e1fff6a14.resize-by-browser-width .dt-css-grid .wf-cell,\n  .no-cssgridlegacy.no-cssgrid .gallery-shortcode.gallery-masonry-shortcode-id-cac64779c0eb42466fe2dd7e1fff6a14.resize-by-browser-width .dt-css-grid .wf-cell {\n    width: 33.333333333333%;\n  }\n  .cssgridlegacy.no-cssgrid .gallery-shortcode.gallery-masonry-shortcode-id-cac64779c0eb42466fe2dd7e1fff6a14.resize-by-browser-width .dt-css-grid .wf-cell.double-width,\n  .no-cssgridlegacy.no-cssgrid .gallery-shortcode.gallery-masonry-shortcode-id-cac64779c0eb42466fe2dd7e1fff6a14.resize-by-browser-width .dt-css-grid .wf-cell.double-width {\n    width: calc(33.333333333333%)*2;\n  }\n}\n@media screen and (max-width: 767px) {\n  .gallery-shortcode.gallery-masonry-shortcode-id-cac64779c0eb42466fe2dd7e1fff6a14.resize-by-browser-width .dt-css-grid {\n    grid-template-columns: repeat(2,1fr);\n  }\n  .cssgridlegacy.no-cssgrid .gallery-shortcode.gallery-masonry-shortcode-id-cac64779c0eb42466fe2dd7e1fff6a14.resize-by-browser-width .dt-css-grid .wf-cell,\n  .no-cssgridlegacy.no-cssgrid .gallery-shortcode.gallery-masonry-shortcode-id-cac64779c0eb42466fe2dd7e1fff6a14.resize-by-browser-width .dt-css-grid .wf-cell {\n    width: 50%;\n  }\n  .cssgridlegacy.no-cssgrid .gallery-shortcode.gallery-masonry-shortcode-id-cac64779c0eb42466fe2dd7e1fff6a14.resize-by-browser-width .dt-css-grid .wf-cell.double-width,\n  .no-cssgridlegacy.no-cssgrid .gallery-shortcode.gallery-masonry-shortcode-id-cac64779c0eb42466fe2dd7e1fff6a14.resize-by-browser-width .dt-css-grid .wf-cell.double-width {\n    width: calc(50%)*2;\n  }\n}<\/style><div class=\"gallery-shortcode dt-gallery-container gallery-masonry-shortcode-id-cac64779c0eb42466fe2dd7e1fff6a14 mode-masonry jquery-filter dt-icon-bg-off resize-by-browser-width  hover-fade loading-effect-fade-in description-on-hover\" data-padding=\"5px\" data-cur-page=\"1\" data-post-limit=\"-1\" data-pagination-mode=\"none\" data-desktop-columns-num=\"3\" data-v-tablet-columns-num=\"3\" data-h-tablet-columns-num=\"4\" data-phone-columns-num=\"2\" data-width=\"0px\" data-columns=\"0\"><div class=\"iso-container\" ><div class=\"wf-cell iso-item\" data-post-id=\"162594\" data-date=\"2021-02-13T11:42:32+01:00\" data-name=\"Zipfelbob-Pink-Minibob-600\"><figure class=\"post visible\"><span class=\"rollover layzr-bg\"  title=\"Zipfelbob-Pink-Minibob-600\"><img fetchpriority=\"high\" decoding=\"async\" class=\"preload-me iso-lazy-load aspect\" src=\"data:image\/svg+xml,%3Csvg%20xmlns%3D&#039;http%3A%2F%2Fwww.w3.org%2F2000%2Fsvg&#039;%20viewBox%3D&#039;0%200%20379%20379&#039;%2F%3E\" data-src=\"https:\/\/mini-bob.com\/wp-content\/uploads\/2002\/01\/Zipfelbob-Pink-Minibob-600-379x379.png\" data-srcset=\"https:\/\/mini-bob.com\/wp-content\/uploads\/2002\/01\/Zipfelbob-Pink-Minibob-600-379x379.png 379w, https:\/\/mini-bob.com\/wp-content\/uploads\/2002\/01\/Zipfelbob-Pink-Minibob-600-569x569.png 569w\" loading=\"eager\" style=\"--ratio: 379 \/ 379\" sizes=\"(max-width: 379px) 100vw, 379px\" alt=\"\" width=\"379\" height=\"379\"><span class=\"gallery-rollover\"><\/span><\/span><\/figure><\/div><div class=\"wf-cell iso-item\" data-post-id=\"161940\" data-date=\"2025-12-01T20:07:12+01:00\" data-name=\"zelen\u00fd Zipfelbob\"><figure class=\"post visible\"><span class=\"rollover layzr-bg\"  title=\"zelen\u00fd Zipfelbob\"><img decoding=\"async\" class=\"preload-me iso-lazy-load aspect\" src=\"data:image\/svg+xml,%3Csvg%20xmlns%3D&#39;http%3A%2F%2Fwww.w3.org%2F2000%2Fsvg&#39;%20viewBox%3D&#39;0%200%20379%20379&#39;%2F%3E\" data-src=\"https:\/\/mini-bob.com\/wp-content\/uploads\/2018\/11\/minibob-gruen-zipfelbob-gruen-shop-379x379.jpg\" data-srcset=\"https:\/\/mini-bob.com\/wp-content\/uploads\/2018\/11\/minibob-gruen-zipfelbob-gruen-shop-379x379.jpg 379w, https:\/\/mini-bob.com\/wp-content\/uploads\/2018\/11\/minibob-gruen-zipfelbob-gruen-shop-569x569.jpg 569w\" loading=\"eager\" style=\"--ratio: 379 \/ 379\" sizes=\"(max-width: 379px) 100vw, 379px\" alt=\"origin\u00e1ln\u00ed minibob zelen\u00fd\" width=\"379\" height=\"379\"  \/><span class=\"gallery-rollover\"><\/span><\/span><\/figure><\/div><div class=\"wf-cell iso-item\" data-post-id=\"163027\" data-date=\"2025-12-02T10:33:30+01:00\" data-name=\"mini bob modr\u00fd\"><figure class=\"post visible\"><span class=\"rollover layzr-bg\"  title=\"mini bob modr\u00fd\"><img decoding=\"async\" class=\"preload-me iso-lazy-load aspect\" src=\"data:image\/svg+xml,%3Csvg%20xmlns%3D&#39;http%3A%2F%2Fwww.w3.org%2F2000%2Fsvg&#39;%20viewBox%3D&#39;0%200%20379%20354&#39;%2F%3E\" data-src=\"https:\/\/mini-bob.com\/wp-content\/uploads\/2017\/10\/Mini-Bob-4.10.2012-36597-379x354.jpg\" data-srcset=\"https:\/\/mini-bob.com\/wp-content\/uploads\/2017\/10\/Mini-Bob-4.10.2012-36597-379x354.jpg 379w, https:\/\/mini-bob.com\/wp-content\/uploads\/2017\/10\/Mini-Bob-4.10.2012-36597-569x531.jpg 569w\" loading=\"eager\" style=\"--ratio: 379 \/ 354\" sizes=\"(max-width: 379px) 100vw, 379px\" alt=\"Zipfelbob blue\" width=\"379\" height=\"354\"  \/><span class=\"gallery-rollover\"><\/span><\/span><\/figure><\/div><div class=\"wf-cell iso-item\" data-post-id=\"163018\" data-date=\"2025-12-02T10:33:25+01:00\" data-name=\"mini bob 15.05.2017 36603-yellow2\"><figure class=\"post visible\"><span class=\"rollover layzr-bg\"  title=\"mini bob 15.05.2017 36603-yellow2\"><img decoding=\"async\" class=\"preload-me iso-lazy-load aspect\" src=\"data:image\/svg+xml,%3Csvg%20xmlns%3D&#039;http%3A%2F%2Fwww.w3.org%2F2000%2Fsvg&#039;%20viewBox%3D&#039;0%200%20379%20354&#039;%2F%3E\" data-src=\"https:\/\/mini-bob.com\/wp-content\/uploads\/2017\/10\/Mini-Bob-15.05.2017-36603-gelb2-379x354.jpg\" data-srcset=\"https:\/\/mini-bob.com\/wp-content\/uploads\/2017\/10\/Mini-Bob-15.05.2017-36603-gelb2-379x354.jpg 379w, https:\/\/mini-bob.com\/wp-content\/uploads\/2017\/10\/Mini-Bob-15.05.2017-36603-gelb2-569x531.jpg 569w\" loading=\"eager\" style=\"--ratio: 379 \/ 354\" sizes=\"(max-width: 379px) 100vw, 379px\" alt=\"\" width=\"379\" height=\"354\"><span class=\"gallery-rollover\"><\/span><\/span><\/figure><\/div><\/div><!-- iso-container|iso-grid --><\/div>[\/vc_column][\/vc_row]<\/p>\n<\/div>","protected":false},"excerpt":{"rendered":"<p>[vc_row][vc_column][vc_custom_heading text=&#8220;mini bob - vyn\u00e1lezci bobu na polena&#8220; font_container=&#8220;tag:h1|text_align:left&#8220; google_fonts=&#8220;font_family:Roboto%20Condensed%3A300%2C300italic%2Cregular%2Citalic%2C700%2C700italic|font_style:400%20regular%3A400%3Anormal&#8220;][vc_column_text] [\/vc_column_text][\/vc_column][\/vc_row][vc_row][vc_column][vc_column_text] Hled\u00e1te origin\u00e1ln\u00ed mini bob? Origin\u00e1ln\u00ed mini bob si m?\u017eete koupit u n\u00e1s! &#8222;Made in Germany since 1976&#8220; - tak se mini bob proslavil d\u00edky sv\u00e9mu jedine?n\u00e9mu joysticku. Ty?ov\u00fd bob se vyzna?uje vysokou kvalitou a odolnost\u00ed - rychle a snadno se ovl\u00e1d\u00e1 a bezpe?n? ?\u00edd\u00ed&hellip;<\/p>\n","protected":false},"author":1,"featured_media":0,"parent":0,"menu_order":0,"comment_status":"closed","ping_status":"closed","template":"","meta":{"_acf_changed":false,"footnotes":""},"class_list":["post-162291","page","type-page","status-publish","hentry","description-off"],"acf":[],"_links":{"self":[{"href":"https:\/\/mini-bob.com\/cs\/wp-json\/wp\/v2\/pages\/162291","targetHints":{"allow":["GET"]}}],"collection":[{"href":"https:\/\/mini-bob.com\/cs\/wp-json\/wp\/v2\/pages"}],"about":[{"href":"https:\/\/mini-bob.com\/cs\/wp-json\/wp\/v2\/types\/page"}],"author":[{"embeddable":true,"href":"https:\/\/mini-bob.com\/cs\/wp-json\/wp\/v2\/users\/1"}],"replies":[{"embeddable":true,"href":"https:\/\/mini-bob.com\/cs\/wp-json\/wp\/v2\/comments?post=162291"}],"version-history":[{"count":2,"href":"https:\/\/mini-bob.com\/cs\/wp-json\/wp\/v2\/pages\/162291\/revisions"}],"predecessor-version":[{"id":162300,"href":"https:\/\/mini-bob.com\/cs\/wp-json\/wp\/v2\/pages\/162291\/revisions\/162300"}],"wp:attachment":[{"href":"https:\/\/mini-bob.com\/cs\/wp-json\/wp\/v2\/media?parent=162291"}],"curies":[{"name":"wp","href":"https:\/\/api.w.org\/{rel}","templated":true}]}}