{"id":162293,"date":"2017-01-08T13:29:04","date_gmt":"2017-01-08T12:29:04","guid":{"rendered":"https:\/\/mini-bob.com\/koupit-ultimatni-sanky-originalni-mini-bob\/"},"modified":"2025-12-01T20:11:00","modified_gmt":"2025-12-01T19:11:00","slug":"koupit-ultimatni-sanky-originalni-mini-bob","status":"publish","type":"page","link":"https:\/\/mini-bob.com\/cs\/koupit-ultimatni-sanky-originalni-mini-bob\/","title":{"rendered":"koupit ultim\u00e1tn\u00ed s\u00e1?ky - origin\u00e1ln\u00ed mini bob"},"content":{"rendered":"<div class=\"wpb-content-wrapper\"><p>[vc_row][vc_column][vc_custom_heading text=&#8220;Maxi z\u00e1bava s mini bobem - ultim\u00e1tn\u00ed s\u00e1?ky&#8220; font_container=&#8220;tag:h1|text_align:left&#8220; google_fonts=&#8220;font_family:Roboto%20Condensed%3A300%2C300italic%2Cregular%2Citalic%2C700%2C700italic|font_style:400%20regular%3A400%3Anormal&#8220;][\/vc_column][\/vc_row][vc_row][vc_column][vc_custom_heading text=&#8220;Pokud na s\u00e1?k\u00e1ch, tak s mini bobem!&#8220; font_container=&#8220;tag:h2|text_align:center&#8220; google_fonts=&#8220;font_family:Roboto%20Condensed%3A300%2C300italic%2Cregular%2Citalic%2C700%2C700italic|font_style:400%20regular%3A400%3Anormal&#8220;][\/vc_column][\/vc_row][vc_row][vc_column][vc_single_image image=&#8220;162295&#8243; img_size=&#8220;large&#8220; alignment=&#8220;center&#8220; onclick=&#8220;zoom&#8220; lazy_loading=&#8220;true&#8220;][\/vc_column][\/vc_row][vc_row][vc_column][vc_custom_heading text=&#8220;Jedine?n\u00e9 a mo\u017en\u00e1 nejlep\u0161\u00ed s\u00e1?ky pro z\u00e1bavu na sn?hu - vyr\u00e1b?n\u00e9 v N?mecku od roku 1976!&#8220; font_container=&#8220;tag:h2|text_align:center&#8220; google_fonts=&#8220;font_family:Roboto%20Condensed%3A300%2C300italic%2Cregular%2Citalic%2C700%2C700italic|font_style:400%20regular%3A400%3Anormal&#8220;][vc_column_text]Zn\u00e1te pouze obvykl\u00e9 d?ev?n\u00e9 s\u00e1?ky? Pak budete p?ekvapeni, jak\u00e1 z\u00e1bava m?\u017ee b\u00fdt s\u00e1?kov\u00e1n\u00ed! <\/p>\n<p>Origin\u00e1ln\u00ed mini bob, vynalezen\u00fd v rakousk\u00fdch Alp\u00e1ch a vyr\u00e1b?n\u00fd v N?mecku podle nejvy\u0161\u0161\u00edch standard? kvality od roku 1976, nab\u00edz\u00ed maxim\u00e1ln\u00ed z\u00e1bavu p?i j\u00edzd? a maxim\u00e1ln\u00ed bezpe?nost.<\/p>\n<p>D\u00edky sv\u00e9mu jedine?n\u00e9mu tvaru a koncepci jsou mini bob mnohem lep\u0161\u00ed ne\u017e b?\u017en\u00e9 s\u00e1?ky. Rychle se s n\u00edm nau?\u00edte p?esn? ?\u00eddit a rychle a \u00fa?inn? brzdit. <\/p>\n<p>S mal\u00fdmi mini s\u00e1?kami je mo\u017en\u00e9 v\u0161e - od jednoduch\u00e9ho sjezdu z mal\u00e9ho kopce a\u017e po velkolep\u00e9 kousky.<\/p>\n<p>Origin\u00e1ln\u00ed mini bob si m?\u017eete zakoupit v mnoha r?zn\u00fdch barv\u00e1ch. Pokud si tedy chcete koupit s\u00e1?ky, m\u00e1te nyn\u00ed na v\u00fdb?r z mnoha pestr\u00fdch barev, kter\u00e9 na sn?hu vypadaj\u00ed obzvl\u00e1\u0161? dob?e.[\/vc_column_text][\/vc_column][\/vc_row][vc_row][vc_column][vc_custom_heading text=&#8220;mini bob - koupit ultim\u00e1tn\u00ed s\u00e1n??&#8220; google_fonts=&#8220;font_family:Roboto%20Condensed%3A300%2C300italic%2Cregular%2Citalic%2C700%2C700italic|font_style:400%20regular%3A400%3Anormal&#8220;]<style type=\"text\/css\" data-type=\"the7_shortcodes-inline-css\">#default-btn-40775b9cf2d71f9136325de682b7456b.ico-right-side > i {\n  margin-right: 0px;\n  margin-left: 8px;\n}\n#default-btn-40775b9cf2d71f9136325de682b7456b > i {\n  margin-right: 8px;\n}<\/style><a href=\"https:\/\/mini-bob.com\/mini-bob-zipfelbob-shop\/\" class=\"default-btn-shortcode dt-btn dt-btn-l pulse animate-element animation-builder link-hover-off btn-inline-left \" id=\"default-btn-40775b9cf2d71f9136325de682b7456b\" title=\"Origin\u00e1ln\u00ed mini bob (Zipfelbob) Obchod\"><span>KUPTE SI MINI BOB!<\/span><\/a>[\/vc_column][\/vc_row][vc_row][vc_column][vc_empty_space][vc_masonry_media_grid initial_loading_animation=&#8220;fadeIn&#8220; grid_id=&#8220;vc_gid:1662623660523-c096aec2-2791-10&#8243; include=&#8220;161983,162067,162296,162298,162299&#8243;][\/vc_column][\/vc_row][vc_row][vc_column][vc_column_text]Origin\u00e1ln\u00ed mini bob nen\u00ed vyroben ze d?eva jako b?\u017en\u00e9 s\u00e1?ky, ale z nezni?iteln\u00e9ho plastu, kter\u00fd je extr\u00e9mn? odoln\u00fd a vydr\u017e\u00ed i ty nejn\u00e1ro?n?j\u0161\u00ed s\u00e1?ka?sk\u00e9 dr\u00e1hy. Tam, kde se d?ev?n\u00e9 s\u00e1?ky zlom\u00ed nebo plastov\u00e9 sko?epinov\u00e9 boby rozbij\u00ed, origin\u00e1ln\u00ed mini bob funguj\u00ed d\u00e1l. To znamen\u00e1 men\u0161\u00ed riziko zran?n\u00ed ne\u017e u b?\u017en\u00fdch s\u00e1n?k.  <\/p>\n<p>D\u00edky n\u00edzk\u00e9mu t?\u017ei\u0161ti je riziko zran?n\u00ed velmi n\u00edzk\u00e9 i v p?\u00edpad? p\u00e1du, a proto mohou na mini bob jezdit osoby ve v?ku 3-99 let.<\/p>\n<p>Mini bob nab\u00edz\u00ed dokonal\u00fd z\u00e1\u017eitek ze s\u00e1?kov\u00e1n\u00ed pro mal\u00e9 i velk\u00e9.<\/p>\n<p>D\u00edky jedine?n\u00e9mu zp?sobu brzd?n\u00ed (sta?\u00ed zat\u00e1hnout ?\u00eddic\u00ed p\u00e1ku sm?rem k t?lu) lze minibob rychle a bezpe?n? zastavit.[\/vc_column_text][vc_custom_heading text=&#8220;mini bob - origin\u00e1ln\u00ed zp?sob s\u00e1?kov\u00e1n\u00ed!&#8220; google_fonts=&#8220;font_family:Roboto%20Condensed%3A300%2C300italic%2Cregular%2Citalic%2C700%2C700italic|font_style:400%20regular%3A400%3Anormal&#8220;][\/vc_column][\/vc_row][vc_row][vc_column][vc_column_text]V sek <a href=\"https:\/\/mini-bob.com\/cs\/casto-kladene-dotazy\/\">ci FAQ (<\/a> ot\u00e1zky a odpov?di) naleznete dal\u0161\u00ed informace o origin\u00e1ln\u00edm mini bob<\/p>\n<p><a href=\"https:\/\/mini-bob.com\/cs\/mini-bob\/\">V sekci &#8222;mini bob<\/a> &#8220; naleznete dal\u0161\u00ed technick\u00e9 informace o origin\u00e1ln\u00edm mini bob<\/p>\n<p>Origin\u00e1ln\u00ed mini bob m?\u017eete zakoupit ve specializovan\u00fdch obchodech nebo online - seznam prodejc? <a href=\"https:\/\/mini-bob.com\/cs\/koupit-mini-bob-zipfelbob\/\">naleznete zde:<\/a> koupit mini bob<\/p>\n<p>Pokud m\u00e1te jako rodi?e jak\u00e9koliv <a href=\"https:\/\/mini-bob.com\/cs\/tesime-se-na-vasi-poptavku\/\">dotazy<\/a> ohledn? mini bob? - kontaktujte n\u00e1s, r\u00e1di v\u00e1m pom?\u017eeme![\/vc_column_text][\/vc_column][\/vc_row]<\/p>\n<\/div>","protected":false},"excerpt":{"rendered":"<p>[vc_row][vc_column][vc_custom_heading text=&#8220;Maxi z\u00e1bava s mini bobem - ultim\u00e1tn\u00ed s\u00e1?ky&#8220; font_container=&#8220;tag:h1|text_align:left&#8220; google_fonts=&#8220;font_family:Roboto%20Condensed%3A300%2C300italic%2Cregular%2Citalic%2C700%2C700italic|font_style:400%20regular%3A400%3Anormal&#8220;][\/vc_column][\/vc_row][vc_row][vc_column][vc_custom_heading text=&#8220;Pokud na s\u00e1?k\u00e1ch, tak s mini bobem!&#8220; font_container=&#8220;tag:h2|text_align:center&#8220; google_fonts=&#8220;font_family:Roboto%20Condensed%3A300%2C300italic%2Cregular%2Citalic%2C700%2C700italic|font_style:400%20regular%3A400%3Anormal&#8220;][\/vc_column][\/vc_row][vc_row][vc_column][vc_single_image image=&#8220;162295&#8243; img_size=&#8220;large&#8220; alignment=&#8220;center&#8220; onclick=&#8220;zoom&#8220; lazy_loading=&#8220;true&#8220;][\/vc_column][\/vc_row][vc_row][vc_column][vc_custom_heading text=&#8220;Jedine?n\u00e9 a mo\u017en\u00e1 nejlep\u0161\u00ed s\u00e1?ky pro z\u00e1bavu na sn?hu - vyr\u00e1b?n\u00e9 v N?mecku od roku 1976!&#8220; font_container=&#8220;tag:h2|text_align:center&#8220; google_fonts=&#8220;font_family:Roboto%20Condensed%3A300%2C300italic%2Cregular%2Citalic%2C700%2C700italic|font_style:400%20regular%3A400%3Anormal&#8220;][vc_column_text]Zn\u00e1te pouze obvykl\u00e9 d?ev?n\u00e9 s\u00e1?ky? Pak budete p?ekvapeni, jak\u00e1 z\u00e1bava m?\u017ee b\u00fdt s\u00e1?kov\u00e1n\u00ed!&hellip;<\/p>\n","protected":false},"author":1,"featured_media":0,"parent":0,"menu_order":0,"comment_status":"closed","ping_status":"closed","template":"","meta":{"_acf_changed":false,"footnotes":""},"class_list":["post-162293","page","type-page","status-publish","hentry","description-off"],"acf":[],"_links":{"self":[{"href":"https:\/\/mini-bob.com\/cs\/wp-json\/wp\/v2\/pages\/162293","targetHints":{"allow":["GET"]}}],"collection":[{"href":"https:\/\/mini-bob.com\/cs\/wp-json\/wp\/v2\/pages"}],"about":[{"href":"https:\/\/mini-bob.com\/cs\/wp-json\/wp\/v2\/types\/page"}],"author":[{"embeddable":true,"href":"https:\/\/mini-bob.com\/cs\/wp-json\/wp\/v2\/users\/1"}],"replies":[{"embeddable":true,"href":"https:\/\/mini-bob.com\/cs\/wp-json\/wp\/v2\/comments?post=162293"}],"version-history":[{"count":4,"href":"https:\/\/mini-bob.com\/cs\/wp-json\/wp\/v2\/pages\/162293\/revisions"}],"predecessor-version":[{"id":162310,"href":"https:\/\/mini-bob.com\/cs\/wp-json\/wp\/v2\/pages\/162293\/revisions\/162310"}],"wp:attachment":[{"href":"https:\/\/mini-bob.com\/cs\/wp-json\/wp\/v2\/media?parent=162293"}],"curies":[{"name":"wp","href":"https:\/\/api.w.org\/{rel}","templated":true}]}}