{"id":162294,"date":"2018-01-08T10:13:22","date_gmt":"2018-01-08T09:13:22","guid":{"rendered":"https:\/\/mini-bob.com\/stielbob-koupit\/"},"modified":"2025-12-01T20:11:00","modified_gmt":"2025-12-01T19:11:00","slug":"stielbob-koupit","status":"publish","type":"page","link":"https:\/\/mini-bob.com\/cs\/stielbob-koupit\/","title":{"rendered":"Stielbob - koupit"},"content":{"rendered":"<div class=\"wpb-content-wrapper\"><p>[vc_row][vc_column][vc_custom_heading text=&#8220;mini bob - vyn\u00e1lezci bobu s rukojet\u00ed - bob s rukojet\u00ed&#8220; font_container=&#8220;tag:h1|text_align:left&#8220; google_fonts=&#8220;font_family:Roboto%20Condensed%3A300%2C300italic%2Cregular%2Citalic%2C700%2C700italic|font_style:400%20regular%3A400%3Anormal&#8220;][vc_column_text]<\/p>\n<p style=\"text-align: center;\"><iframe loading=\"lazy\" src=\"https:\/\/www.youtube.com\/embed\/gqhoRT8uukk?rel=0&amp;controls=0&amp;showinfo=0&amp;autoplay=1\" width=\"560\" height=\"315\" frameborder=\"0\" allowfullscreen=\"allowfullscreen\"><\/iframe><\/p>\n<p>[\/vc_column_text][\/vc_column][\/vc_row][vc_row][vc_column][vc_column_text]Hled\u00e1te origin\u00e1ln\u00ed bob Stiel? <g id=\"gid_0\">Origin\u00e1ln\u00ed mini bob <\/g>si m?\u017eete koupit <g id=\"gid_0\">u <\/g>n\u00e1s! &#8222;Made in Germany since 1976&#8243; - tak se mini bob proslavil d\u00edky sv\u00e9 jedine?n\u00e9 rukojeti ?\u00edzen\u00ed a brzdy.  <\/p>\n<p>Stielbob se vyzna?uje vysokou kvalitou a odolnost\u00ed - je rychle a snadno ovladateln\u00fd a bezpe?n\u00fd p?i ?\u00edzen\u00ed a brzd?n\u00ed.<\/p>\n<p>D\u00edky ?\u00eddic\u00ed rukojeti m?\u017eete mini bob kdykoli bezpe?n? a rychle zabrzdit - sta?\u00ed zat\u00e1hnout za rukoje? sm?rem k sob? a zabrzdit zadn\u00ed hranou, abyste mini bob zastavili.<\/p>\n<p>D\u00edky p?en\u00e1\u0161en\u00ed v\u00e1hy m?\u017eete s ly\u017e\u00ed Stielbob snadno a p?esn? proj\u00ed\u017ed?t zat\u00e1?ky na sn?hu. D\u00edky jeho bezpe?n\u00e9mu dr\u017een\u00ed budete m\u00edt v\u017edy plnou kontrolu. <\/p>\n<p>Profesion\u00e1lov\u00e9 mohou zvl\u00e1dnout oblouky je\u0161t? pevn?ji, pokud se dr\u017e\u00ed ty?e pouze jednou rukou a dot\u00fdkaj\u00ed se sn?hu rukou na vnit?n\u00ed stran? oblouku.<\/p>\n<p>Maxi z\u00e1bava s mini bobem - dokonal\u00fdm bobem s rukojet\u00ed![\/vc_column_text][\/vc_column][\/vc_row][vc_row][vc_column][vc_empty_space][\/vc_column][\/vc_row][vc_row][vc_column][vc_custom_heading text=&#8220;koupit origin\u00e1ln\u00ed rukoje? bob - the original mini bob&#8220; google_fonts=&#8220;font_family:Roboto%20Condensed%3A300%2C300italic%2Cregular%2Citalic%2C700%2C700italic|font_style:400%20regular%3A400%3Anormal&#8220;][vc_empty_space][vc_cta h2=&#8220;Zde si m?\u017eete koupit origin\u00e1ln\u00ed Stielbob - mini bob!&#8220; add_button=&#8220;right&#8220; btn_title=&#8220;KOUPIT STIELBOB&#8220; btn_shape=&#8220;square&#8220; btn_link=&#8220;url:https%3A%2F%2Fmini-bob.com%2Fmini-bob-zipfelbob-shop%2F|title:Origin%C3%A1ln%C3%AD%20mini%20bob%20%28Zipfelbob%29%20Obchod|&#8220;]koupit origin\u00e1ln\u00ed Stielbob z roku 1976![\/vc_cta][\/vc_column][\/vc_row][vc_row][vc_column][vc_empty_space][\/vc_column][\/vc_row][vc_row][vc_column][vc_custom_heading text=&#8220;mini bob - origin\u00e1ln\u00ed rukoje? bob!&#8220; google_fonts=&#8220;font_family:Roboto%20Condensed%3A300%2C300italic%2Cregular%2Citalic%2C700%2C700italic|font_style:400%20regular%3A400%3Anormal&#8220;]<style type=\"text\/css\" data-type=\"the7_shortcodes-inline-css\">.gallery-shortcode.gallery-masonry-shortcode-id-17cc640280095f02b2e90fd3db988cd6 figure,\n.gallery-shortcode.gallery-masonry-shortcode-id-17cc640280095f02b2e90fd3db988cd6 .rollover,\n.gallery-shortcode.gallery-masonry-shortcode-id-17cc640280095f02b2e90fd3db988cd6 img,\n.gallery-shortcode.gallery-masonry-shortcode-id-17cc640280095f02b2e90fd3db988cd6 .gallery-rollover {\n  border-radius: 0px;\n}\n.gallery-shortcode.gallery-masonry-shortcode-id-17cc640280095f02b2e90fd3db988cd6.enable-bg-rollover .gallery-rollover {\n  background: -webkit-linear-gradient();\n  background: linear-gradient();\n}\n.gallery-shortcode.gallery-masonry-shortcode-id-17cc640280095f02b2e90fd3db988cd6.enable-bg-rollover.hover-scale figure .rollover:after {\n  background: -webkit-linear-gradient();\n  background: linear-gradient();\n}\n.gallery-shortcode.gallery-masonry-shortcode-id-17cc640280095f02b2e90fd3db988cd6 .gallery-zoom-ico {\n  width: 44px;\n  height: 44px;\n  line-height: 44px;\n  border-radius: 100px;\n  margin: -22px 0 0 -22px;\n  border-width: 0px;\n  color: #ffffff;\n}\n.dt-icon-bg-on.gallery-shortcode.gallery-masonry-shortcode-id-17cc640280095f02b2e90fd3db988cd6 .gallery-zoom-ico {\n  background: rgba(255,255,255,0.3);\n  box-shadow: none;\n}\n.gallery-shortcode.gallery-masonry-shortcode-id-17cc640280095f02b2e90fd3db988cd6 .gallery-zoom-ico:before,\n.gallery-shortcode.gallery-masonry-shortcode-id-17cc640280095f02b2e90fd3db988cd6 .gallery-zoom-ico span {\n  font-size: 32px;\n  line-height: 44px;\n  color: #ffffff;\n}\n.gallery-shortcode.gallery-masonry-shortcode-id-17cc640280095f02b2e90fd3db988cd6:not(.resize-by-browser-width) .dt-css-grid {\n  grid-row-gap: 10px;\n  grid-column-gap: 10px;\n  grid-template-columns: repeat(auto-fill,minmax(,1fr));\n}\n.gallery-shortcode.gallery-masonry-shortcode-id-17cc640280095f02b2e90fd3db988cd6:not(.resize-by-browser-width) .dt-css-grid .double-width {\n  grid-column: span 2;\n}\n.cssgridlegacy.no-cssgrid .gallery-shortcode.gallery-masonry-shortcode-id-17cc640280095f02b2e90fd3db988cd6:not(.resize-by-browser-width) .dt-css-grid,\n.no-cssgridlegacy.no-cssgrid .gallery-shortcode.gallery-masonry-shortcode-id-17cc640280095f02b2e90fd3db988cd6:not(.resize-by-browser-width) .dt-css-grid {\n  display: flex;\n  flex-flow: row wrap;\n  margin: -5px;\n}\n.cssgridlegacy.no-cssgrid .gallery-shortcode.gallery-masonry-shortcode-id-17cc640280095f02b2e90fd3db988cd6:not(.resize-by-browser-width) .dt-css-grid .wf-cell,\n.no-cssgridlegacy.no-cssgrid .gallery-shortcode.gallery-masonry-shortcode-id-17cc640280095f02b2e90fd3db988cd6:not(.resize-by-browser-width) .dt-css-grid .wf-cell {\n  flex: 1 0 ;\n  max-width: 100%;\n  padding: 5px;\n  box-sizing: border-box;\n}\n.gallery-shortcode.gallery-masonry-shortcode-id-17cc640280095f02b2e90fd3db988cd6.resize-by-browser-width .dt-css-grid {\n  grid-template-columns: repeat(5,1fr);\n  grid-template-rows: auto;\n  grid-column-gap: 10px;\n  grid-row-gap: 10px;\n}\n.gallery-shortcode.gallery-masonry-shortcode-id-17cc640280095f02b2e90fd3db988cd6.resize-by-browser-width .dt-css-grid .double-width {\n  grid-column: span 2;\n}\n.cssgridlegacy.no-cssgrid .gallery-shortcode.gallery-masonry-shortcode-id-17cc640280095f02b2e90fd3db988cd6.resize-by-browser-width .dt-css-grid {\n  margin: -5px;\n}\n.cssgridlegacy.no-cssgrid .gallery-shortcode.gallery-masonry-shortcode-id-17cc640280095f02b2e90fd3db988cd6.resize-by-browser-width .dt-css-grid .wf-cell {\n  width: 20%;\n  padding: 5px;\n}\n.cssgridlegacy.no-cssgrid .gallery-shortcode.gallery-masonry-shortcode-id-17cc640280095f02b2e90fd3db988cd6.resize-by-browser-width .dt-css-grid .wf-cell.double-width {\n  width: calc(20%) * 2;\n}\n.gallery-shortcode.gallery-masonry-shortcode-id-17cc640280095f02b2e90fd3db988cd6.resize-by-browser-width:not(.centered-layout-list):not(.content-bg-on) .dt-css-grid {\n  grid-row-gap: 10px - ;\n}\n@media screen and (max-width: 1199px) {\n  .gallery-shortcode.gallery-masonry-shortcode-id-17cc640280095f02b2e90fd3db988cd6.resize-by-browser-width .dt-css-grid {\n    grid-template-columns: repeat(4,1fr);\n  }\n  .cssgridlegacy.no-cssgrid .gallery-shortcode.gallery-masonry-shortcode-id-17cc640280095f02b2e90fd3db988cd6.resize-by-browser-width .dt-css-grid .wf-cell,\n  .no-cssgridlegacy.no-cssgrid .gallery-shortcode.gallery-masonry-shortcode-id-17cc640280095f02b2e90fd3db988cd6.resize-by-browser-width .dt-css-grid .wf-cell {\n    width: 25%;\n  }\n  .cssgridlegacy.no-cssgrid .gallery-shortcode.gallery-masonry-shortcode-id-17cc640280095f02b2e90fd3db988cd6.resize-by-browser-width .dt-css-grid .wf-cell.double-width,\n  .no-cssgridlegacy.no-cssgrid .gallery-shortcode.gallery-masonry-shortcode-id-17cc640280095f02b2e90fd3db988cd6.resize-by-browser-width .dt-css-grid .wf-cell.double-width {\n    width: calc(25%)*2;\n  }\n}\n@media screen and (max-width: 991px) {\n  .gallery-shortcode.gallery-masonry-shortcode-id-17cc640280095f02b2e90fd3db988cd6.resize-by-browser-width .dt-css-grid {\n    grid-template-columns: repeat(3,1fr);\n  }\n  .cssgridlegacy.no-cssgrid .gallery-shortcode.gallery-masonry-shortcode-id-17cc640280095f02b2e90fd3db988cd6.resize-by-browser-width .dt-css-grid .wf-cell,\n  .no-cssgridlegacy.no-cssgrid .gallery-shortcode.gallery-masonry-shortcode-id-17cc640280095f02b2e90fd3db988cd6.resize-by-browser-width .dt-css-grid .wf-cell {\n    width: 33.333333333333%;\n  }\n  .cssgridlegacy.no-cssgrid .gallery-shortcode.gallery-masonry-shortcode-id-17cc640280095f02b2e90fd3db988cd6.resize-by-browser-width .dt-css-grid .wf-cell.double-width,\n  .no-cssgridlegacy.no-cssgrid .gallery-shortcode.gallery-masonry-shortcode-id-17cc640280095f02b2e90fd3db988cd6.resize-by-browser-width .dt-css-grid .wf-cell.double-width {\n    width: calc(33.333333333333%)*2;\n  }\n}\n@media screen and (max-width: 767px) {\n  .gallery-shortcode.gallery-masonry-shortcode-id-17cc640280095f02b2e90fd3db988cd6.resize-by-browser-width .dt-css-grid {\n    grid-template-columns: repeat(2,1fr);\n  }\n  .cssgridlegacy.no-cssgrid .gallery-shortcode.gallery-masonry-shortcode-id-17cc640280095f02b2e90fd3db988cd6.resize-by-browser-width .dt-css-grid .wf-cell,\n  .no-cssgridlegacy.no-cssgrid .gallery-shortcode.gallery-masonry-shortcode-id-17cc640280095f02b2e90fd3db988cd6.resize-by-browser-width .dt-css-grid .wf-cell {\n    width: 50%;\n  }\n  .cssgridlegacy.no-cssgrid .gallery-shortcode.gallery-masonry-shortcode-id-17cc640280095f02b2e90fd3db988cd6.resize-by-browser-width .dt-css-grid .wf-cell.double-width,\n  .no-cssgridlegacy.no-cssgrid .gallery-shortcode.gallery-masonry-shortcode-id-17cc640280095f02b2e90fd3db988cd6.resize-by-browser-width .dt-css-grid .wf-cell.double-width {\n    width: calc(50%)*2;\n  }\n}<\/style><div class=\"gallery-shortcode dt-gallery-container gallery-masonry-shortcode-id-17cc640280095f02b2e90fd3db988cd6 mode-masonry jquery-filter dt-icon-bg-off quick-scale-img enable-bg-rollover resize-by-browser-width  hover-fade loading-effect-fade-in description-on-hover\" data-padding=\"5px\" data-cur-page=\"1\" data-post-limit=\"-1\" data-pagination-mode=\"none\" data-desktop-columns-num=\"5\" data-v-tablet-columns-num=\"3\" data-h-tablet-columns-num=\"4\" data-phone-columns-num=\"2\" data-width=\"0px\" data-columns=\"0\"><div class=\"iso-container\" ><div class=\"wf-cell iso-item\" data-post-id=\"163006\" data-date=\"2018-08-06T10:49:46+02:00\" data-name=\"minibob zipfelbob zelen\u00e9 t?pytky ve sn?hu\"><figure class=\"post visible\"><a href=\"https:\/\/mini-bob.com\/wp-content\/uploads\/2015\/12\/minibob-zipfelbob-gr\u00fcn-glitter-im-schnee.jpg\" class=\"rollover dt-pswp-item layzr-bg\" data-large_image_width=\"683\" data-large_image_height=\"683\" data-dt-img-description=\"\" title=\"minibob zipfelbob zelen\u00e9 t?pytky ve sn?hu\"><img fetchpriority=\"high\" decoding=\"async\" class=\"preload-me iso-lazy-load aspect\" src=\"data:image\/svg+xml,%3Csvg%20xmlns%3D&#039;http%3A%2F%2Fwww.w3.org%2F2000%2Fsvg&#039;%20viewBox%3D&#039;0%200%20379%20379&#039;%2F%3E\" data-src=\"https:\/\/mini-bob.com\/wp-content\/uploads\/2015\/12\/minibob-zipfelbob-gr\u00fcn-glitter-im-schnee-379x379.jpg\" data-srcset=\"https:\/\/mini-bob.com\/wp-content\/uploads\/2015\/12\/minibob-zipfelbob-gr\u00fcn-glitter-im-schnee-379x379.jpg 379w, https:\/\/mini-bob.com\/wp-content\/uploads\/2015\/12\/minibob-zipfelbob-gr\u00fcn-glitter-im-schnee-569x569.jpg 569w\" loading=\"eager\" style=\"--ratio: 379 \/ 379\" sizes=\"(max-width: 379px) 100vw, 379px\" alt=\"\" width=\"379\" height=\"379\"><span class=\"gallery-rollover\"><span class=\"gallery-zoom-ico icomoon-the7-font-the7-zoom-06\"><span><\/span><\/span><\/span><\/a><\/figure><\/div><div class=\"wf-cell iso-item\" data-post-id=\"163025\" data-date=\"2018-09-01T18:23:01+02:00\" data-name=\"Zipfelbob modr\u00fd na sn?hu\"><figure class=\"post visible\"><a href=\"https:\/\/mini-bob.com\/wp-content\/uploads\/2017\/10\/minibob-blau-zipfelbob.jpg\" class=\"rollover dt-pswp-item layzr-bg\" data-large_image_width=\"683\" data-large_image_height=\"683\" data-dt-img-description=\"\" title=\"Zipfelbob modr\u00fd na sn?hu\"><img decoding=\"async\" class=\"preload-me iso-lazy-load aspect\" src=\"data:image\/svg+xml,%3Csvg%20xmlns%3D&#39;http%3A%2F%2Fwww.w3.org%2F2000%2Fsvg&#39;%20viewBox%3D&#39;0%200%20379%20379&#39;%2F%3E\" data-src=\"https:\/\/mini-bob.com\/wp-content\/uploads\/2017\/10\/minibob-blau-zipfelbob-379x379.jpg\" data-srcset=\"https:\/\/mini-bob.com\/wp-content\/uploads\/2017\/10\/minibob-blau-zipfelbob-379x379.jpg 379w, https:\/\/mini-bob.com\/wp-content\/uploads\/2017\/10\/minibob-blau-zipfelbob-569x569.jpg 569w\" loading=\"eager\" style=\"--ratio: 379 \/ 379\" sizes=\"(max-width: 379px) 100vw, 379px\" alt=\"modr\u00fd \u0161pi?at\u00fd bob\" width=\"379\" height=\"379\"  \/><span class=\"gallery-rollover\"><span class=\"gallery-zoom-ico icomoon-the7-font-the7-zoom-06\"><span><\/span><\/span><\/span><\/a><\/figure><\/div><div class=\"wf-cell iso-item\" data-post-id=\"162516\" data-date=\"2015-09-05T18:46:20+02:00\" data-name=\"Blog Zipfelboba Rotschera\"><figure class=\"post visible\"><a href=\"https:\/\/mini-bob.com\/wp-content\/uploads\/2015\/09\/Zipfelbob-002.jpg\" class=\"rollover dt-pswp-item layzr-bg\" data-large_image_width=\"1000\" data-large_image_height=\"666\" data-dt-img-description=\"\" title=\"Blog Zipfelboba Rotschera\"><img decoding=\"async\" class=\"preload-me iso-lazy-load aspect\" src=\"data:image\/svg+xml,%3Csvg%20xmlns%3D&#39;http%3A%2F%2Fwww.w3.org%2F2000%2Fsvg&#39;%20viewBox%3D&#39;0%200%20379%20379&#39;%2F%3E\" data-src=\"https:\/\/mini-bob.com\/wp-content\/uploads\/2015\/09\/Zipfelbob-002-379x379.jpg\" data-srcset=\"https:\/\/mini-bob.com\/wp-content\/uploads\/2015\/09\/Zipfelbob-002-379x379.jpg 379w, https:\/\/mini-bob.com\/wp-content\/uploads\/2015\/09\/Zipfelbob-002-569x569.jpg 569w\" loading=\"eager\" style=\"--ratio: 379 \/ 379\" sizes=\"(max-width: 379px) 100vw, 379px\" alt=\"zipflbob Rotscher&#039;s blog\" width=\"379\" height=\"379\"  \/><span class=\"gallery-rollover\"><span class=\"gallery-zoom-ico icomoon-the7-font-the7-zoom-06\"><span><\/span><\/span><\/span><\/a><\/figure><\/div><\/div><!-- iso-container|iso-grid --><\/div>[vc_empty_space][vc_single_image image=&#8220;162238&#8243; img_size=&#8220;full&#8220;][\/vc_column][\/vc_row][vc_row][vc_column][vc_column_text]V na\u0161em obchod? najdete origin\u00e1ln\u00ed mini bob s d?myslnou rukojet\u00ed jako volant a ?\u00eddic\u00ed p\u00e1ku v r?zn\u00fdch barv\u00e1ch.<\/p>\n<p>Kupte si origin\u00e1l![\/vc_column_text][\/vc_column][\/vc_row]<\/p>\n<\/div>","protected":false},"excerpt":{"rendered":"<p>[vc_row][vc_column][vc_custom_heading text=&#8220;mini bob - vyn\u00e1lezci bobu s rukojet\u00ed - bob s rukojet\u00ed&#8220; font_container=&#8220;tag:h1|text_align:left&#8220; google_fonts=&#8220;font_family:Roboto%20Condensed%3A300%2C300italic%2Cregular%2Citalic%2C700%2C700italic|font_style:400%20regular%3A400%3Anormal&#8220;][vc_column_text] [\/vc_column_text][\/vc_column][\/vc_row][vc_row][vc_column][vc_column_text]Hled\u00e1te origin\u00e1ln\u00ed bob Stiel? Origin\u00e1ln\u00ed mini bob si m?\u017eete koupit u n\u00e1s! &#8222;Made in Germany since 1976&#8243; - tak se mini bob proslavil d\u00edky sv\u00e9 jedine?n\u00e9 rukojeti ?\u00edzen\u00ed a brzdy. Stielbob se vyzna?uje vysokou kvalitou a odolnost\u00ed - je rychle a&hellip;<\/p>\n","protected":false},"author":1,"featured_media":0,"parent":0,"menu_order":0,"comment_status":"closed","ping_status":"closed","template":"","meta":{"_acf_changed":false,"footnotes":""},"class_list":["post-162294","page","type-page","status-publish","hentry","description-off"],"acf":[],"_links":{"self":[{"href":"https:\/\/mini-bob.com\/cs\/wp-json\/wp\/v2\/pages\/162294","targetHints":{"allow":["GET"]}}],"collection":[{"href":"https:\/\/mini-bob.com\/cs\/wp-json\/wp\/v2\/pages"}],"about":[{"href":"https:\/\/mini-bob.com\/cs\/wp-json\/wp\/v2\/types\/page"}],"author":[{"embeddable":true,"href":"https:\/\/mini-bob.com\/cs\/wp-json\/wp\/v2\/users\/1"}],"replies":[{"embeddable":true,"href":"https:\/\/mini-bob.com\/cs\/wp-json\/wp\/v2\/comments?post=162294"}],"version-history":[{"count":3,"href":"https:\/\/mini-bob.com\/cs\/wp-json\/wp\/v2\/pages\/162294\/revisions"}],"predecessor-version":[{"id":162311,"href":"https:\/\/mini-bob.com\/cs\/wp-json\/wp\/v2\/pages\/162294\/revisions\/162311"}],"wp:attachment":[{"href":"https:\/\/mini-bob.com\/cs\/wp-json\/wp\/v2\/media?parent=162294"}],"curies":[{"name":"wp","href":"https:\/\/api.w.org\/{rel}","templated":true}]}}