{"id":162301,"date":"2022-05-27T09:24:00","date_gmt":"2022-05-27T07:24:00","guid":{"rendered":"https:\/\/mini-bob.com\/autenticnost-hodnoceni\/"},"modified":"2022-05-27T09:24:00","modified_gmt":"2022-05-27T07:24:00","slug":"autenticnost-hodnoceni","status":"publish","type":"page","link":"https:\/\/mini-bob.com\/cs\/autenticnost-hodnoceni\/","title":{"rendered":"Autenti?nost hodnocen\u00ed"},"content":{"rendered":"<h1>Pozn\u00e1mka k pravosti hodnocen\u00ed<\/h1>\n<p>Recenze na na\u0161ich webov\u00fdch str\u00e1nk\u00e1ch mohou zad\u00e1vat pouze z\u00e1kazn\u00edci, a to pouze na produkty, kter\u00e9 u n\u00e1s skute?n? zakoupili.<\/p>\n<p>Voliteln\u00e1 opat?en\u00ed filtru p?i odes\u00edl\u00e1n\u00ed hodnocen\u00ed:<\/p>\n<ul>\n<li>Z\u00e1kazn\u00edci mohou zanechat recenzi pouze v p?\u00edpad?, \u017ee si dan\u00fd produkt skute?n? zakoupili.<\/li>\n<li>Dvoj\u00ed hodnocen\u00ed t\u00e9ho\u017e produktu nepovolujeme.<\/li>\n<li>Recenze jsou n\u00e1mi ru?n? kontrolov\u00e1ny z hlediska pravosti (porovn\u00e1n\u00ed objedn\u00e1vky, jm\u00e9na a e-mailu kupuj\u00edc\u00edho) a aktivuj\u00ed se a\u017e po \u00fasp?\u0161n\u00e9m ov??en\u00ed.<\/li>\n<li>Hodnocen\u00ed zve?ej?ujeme bez ohledu na v\u00fdsledek: &#8222;dobr\u00fd nebo \u0161patn\u00fd&#8220; - jsme otev?eni kritice!<\/li>\n<\/ul>\n","protected":false},"excerpt":{"rendered":"<p>Pozn\u00e1mka k pravosti hodnocen\u00ed Recenze na na\u0161ich webov\u00fdch str\u00e1nk\u00e1ch mohou zad\u00e1vat pouze z\u00e1kazn\u00edci, a to pouze na produkty, kter\u00e9 u n\u00e1s skute?n? zakoupili. Voliteln\u00e1 opat?en\u00ed filtru p?i odes\u00edl\u00e1n\u00ed hodnocen\u00ed: Z\u00e1kazn\u00edci mohou zanechat recenzi pouze v p?\u00edpad?, \u017ee si dan\u00fd produkt skute?n? zakoupili. Dvoj\u00ed hodnocen\u00ed t\u00e9ho\u017e produktu nepovolujeme. Recenze jsou n\u00e1mi ru?n? kontrolov\u00e1ny z hlediska pravosti&hellip;<\/p>\n","protected":false},"author":1,"featured_media":0,"parent":0,"menu_order":0,"comment_status":"closed","ping_status":"closed","template":"","meta":{"_acf_changed":false,"footnotes":""},"class_list":["post-162301","page","type-page","status-publish","hentry","description-off"],"acf":[],"_links":{"self":[{"href":"https:\/\/mini-bob.com\/cs\/wp-json\/wp\/v2\/pages\/162301","targetHints":{"allow":["GET"]}}],"collection":[{"href":"https:\/\/mini-bob.com\/cs\/wp-json\/wp\/v2\/pages"}],"about":[{"href":"https:\/\/mini-bob.com\/cs\/wp-json\/wp\/v2\/types\/page"}],"author":[{"embeddable":true,"href":"https:\/\/mini-bob.com\/cs\/wp-json\/wp\/v2\/users\/1"}],"replies":[{"embeddable":true,"href":"https:\/\/mini-bob.com\/cs\/wp-json\/wp\/v2\/comments?post=162301"}],"version-history":[{"count":0,"href":"https:\/\/mini-bob.com\/cs\/wp-json\/wp\/v2\/pages\/162301\/revisions"}],"wp:attachment":[{"href":"https:\/\/mini-bob.com\/cs\/wp-json\/wp\/v2\/media?parent=162301"}],"curies":[{"name":"wp","href":"https:\/\/api.w.org\/{rel}","templated":true}]}}