{"id":162307,"date":"2017-01-20T21:03:33","date_gmt":"2017-01-20T20:03:33","guid":{"rendered":"https:\/\/mini-bob.com\/bobove-sane-min-bob-dokonale-moderni-sane\/"},"modified":"2025-12-01T20:11:01","modified_gmt":"2025-12-01T19:11:01","slug":"bobove-sane-min-bob-dokonale-moderni-sane","status":"publish","type":"page","link":"https:\/\/mini-bob.com\/cs\/bobove-sane-min-bob-dokonale-moderni-sane\/","title":{"rendered":"bobov\u00e9 san? min bob - dokonal\u00e9 modern\u00ed san?"},"content":{"rendered":"<div class=\"wpb-content-wrapper\"><p>[vc_row][vc_column][vc_custom_heading text=&#8220;Takto dnes vypad\u00e1 akce s bobov\u00fdmi san?mi!&#8220; google_fonts=&#8220;font_family:Roboto%20Condensed%3A300%2C300italic%2Cregular%2Citalic%2C700%2C700italic|font_style:400%20regular%3A400%3Anormal&#8220;][vc_column_text]\u0160pi?kov\u00e9 s\u00e1n? pro mal\u00e9 i velk\u00e9, prov??en\u00e9 mnoha testy - nezm?n?n\u00e9 a vyzkou\u0161en\u00e9 od roku 1976.[\/vc_column_text][vc_video link=&#8220;https:\/\/player.vimeo.com\/video\/200398022&#8243;][vc_column_text]Zn\u00e1te pouze &#8222;norm\u00e1ln\u00ed&#8220; d?ev?n\u00e9 s\u00e1n? nebo plastov\u00e9 ?\u00eddic\u00ed s\u00e1n?? Pak byste rozhodn? m?li vyzkou\u0161et origin\u00e1ln\u00ed mini bob! Jedn\u00e1 se o inovativn\u00ed s\u00e1?ky, kter\u00e9 jsou sice na trhu ji\u017e od roku 1976, ale jejich koncepce ve srovn\u00e1n\u00ed s tradi?n\u00edmi d?ev?n\u00fdmi s\u00e1?kami st\u00e1le ohromuje. V mnoha srovn\u00e1vac\u00edch testech san\u00ed znovu a znovu dokazuje, jak geni\u00e1ln\u00ed a jednoduch\u00e1 je jeho koncepce. Proto byl minibob ji\u017e n?kolikr\u00e1t okop\u00edrov\u00e1n a jeho koncept ?\u00eddic\u00ed ty?e napodoben.    <\/p>\n<p>P?i koupi san\u00ed se proto ujist?te, \u017ee kupujete origin\u00e1ln\u00ed mini bob - bohu\u017eel dnes existuje mnoho levn\u00fdch kopi\u00ed z D\u00e1ln\u00e9ho v\u00fdchodu, kter\u00e9 ?asto nespl?uj\u00ed po\u017eadovan\u00e9 vysok\u00e9 bezpe?nostn\u00ed standardy.<\/p>\n<p>S\u00e1?kov\u00e1n\u00ed 2.0 - origin\u00e1ln\u00ed mini bob![\/vc_column_text][\/vc_column][\/vc_row][vc_row][vc_column][vc_empty_space][\/vc_column][\/vc_row][vc_row][vc_column][vc_custom_heading text=&#8220;nejlep\u0161\u00ed bobov\u00e9 s\u00e1n? dne\u0161ka&#8220; google_fonts=&#8220;font_family:Roboto%20Condensed%3A300%2C300italic%2Cregular%2Citalic%2C700%2C700italic|font_style:400%20regular%3A400%3Anormal&#8220;][vc_column_text]V 70. letech 20. stolet\u00ed byl vynalezen a st\u00e1le je modern\u00ed - nad?asov\u00e1 klasika: mini bob.<\/p>\n<p>Pokud hled\u00e1te s\u00e1?ky, kter\u00e9 jsou skv?lou z\u00e1bavou na sn?hu a kter\u00e9 zvl\u00e1dnou rychle, snadno a bezpe?n? mal\u00ed i velc\u00ed, pak v\u00e1s na\u0161e plastov\u00e9 s\u00e1?ky &#8222;mini bob&#8220; ur?it? pot?\u0161\u00ed!<\/p>\n<p>Od sv\u00e9ho vyn\u00e1lezu v Rakousku v 70. letech 20. stolet\u00ed se mini bob vyr\u00e1b\u00ed v N?mecku a od t\u00e9 doby inspiruje cel\u00e9 generace.<\/p>\n<p>D\u00edky lehk\u00e9 a robustn\u00ed plastov\u00e9 konstrukci s dut\u00fdm t?lem mohou mal\u00e9 s\u00e1?ky bob p?ev\u00e1\u017eet a ovl\u00e1dat i ty nejmen\u0161\u00ed d?ti. D\u00edky stabiln\u00ed konstrukci nep?edstavuj\u00ed pro &#8222;mini bob&#8220; \u017e\u00e1dn\u00fd probl\u00e9m ani vysoc\u00ed a t?\u017ec\u00ed jezdci - s\u00e1?ky mohou v\u00e1\u017eit a\u017e 100 kg![\/vc_column_text][\/vc_column][\/vc_row][vc_row][vc_column][vc_custom_heading text=&#8220;koupit bob san? mini bob&#8220; google_fonts=&#8220;font_family:Roboto%20Condensed%3A300%2C300italic%2Cregular%2Citalic%2C700%2C700italic|font_style:400%20regular%3A400%3Anormal&#8220;][vc_column_text]<\/p>\n<h4>zde si m?\u017eete zakoupit ultim\u00e1tn\u00ed bobov\u00e9 s\u00e1n? &#8218;mini bob&#8216;!<\/h4>\n<p>[\/vc_column_text]<style type=\"text\/css\" data-type=\"the7_shortcodes-inline-css\">#default-btn-40775b9cf2d71f9136325de682b7456b.ico-right-side > i {\n  margin-right: 0px;\n  margin-left: 8px;\n}\n#default-btn-40775b9cf2d71f9136325de682b7456b > i {\n  margin-right: 8px;\n}<\/style><a href=\"https:\/\/mini-bob.com\/mini-bob-zipfelbob-shop\/\" class=\"default-btn-shortcode dt-btn dt-btn-l pulse animate-element animation-builder link-hover-off btn-inline-left \" id=\"default-btn-40775b9cf2d71f9136325de682b7456b\" title=\"Origin\u00e1ln\u00ed mini bob (Zipfelbob) Obchod\"><span>KOUPIT mini bob<\/span><\/a>[\/vc_column][\/vc_row][vc_row][vc_column][vc_empty_space][\/vc_column][\/vc_row][vc_row][vc_column][vc_custom_heading text=&#8220;Ve\u0161ker\u00e9 informace o bobu &#8222;mini bob&#8222;&#8220; google_fonts=&#8220;font_family:Roboto%20Condensed%3A300%2C300italic%2Cregular%2Citalic%2C700%2C700italic|font_style:400%20regular%3A400%3Anormal&#8220;][vc_single_image image=&#8220;162295&#8243; img_size=&#8220;large&#8220;][vc_column_text]bob sledge<\/p>\n<p>&nbsp;<\/p>\n<p>Na na\u0161ich webov\u00fdch str\u00e1nk\u00e1ch najdete v\u0161echny pot?ebn\u00e9 informace, od historie mini bobu a\u017e po jeho sou?asn\u00fd v\u00fdvoj. M\u00e1te-li jak\u00e9koli dotazy, m?\u017eete se pod\u00edvat na na\u0161e rozs\u00e1hl\u00e9 nej?ast?j\u0161\u00ed dotazy <a href=\"https:\/\/mini-bob.com\/cs\/casto-kladene-dotazy\/\">a kontaktovat<\/a> n\u00e1s p?\u00edmo. <\/p>\n<p>Pokud si chcete koupit origin\u00e1ln\u00ed mini bob, najdete to, co hled\u00e1te, pod polo\u017ekou &#8222;koupit mini bob&#8220;. Odtud se m?\u017eete dostat do na\u0161eho obchodu se speci\u00e1ln\u00edmi edicemi a tak\u00e9 k prodejc?m, kte?\u00ed prod\u00e1vaj\u00ed s\u00e1?ky bob online a v kamenn\u00fdch obchodech. <\/p>\n<p>Pokud hled\u00e1te informace o san\u00edch, najdete u\u017eite?n\u00e9 ?l\u00e1nky tak\u00e9 v na\u0161\u00ed sekci novinek.[\/vc_column_text][\/vc_column][\/vc_row]<\/p>\n<\/div>","protected":false},"excerpt":{"rendered":"<p>[vc_row][vc_column][vc_custom_heading text=&#8220;Takto dnes vypad\u00e1 akce s bobov\u00fdmi san?mi!&#8220; google_fonts=&#8220;font_family:Roboto%20Condensed%3A300%2C300italic%2Cregular%2Citalic%2C700%2C700italic|font_style:400%20regular%3A400%3Anormal&#8220;][vc_column_text]\u0160pi?kov\u00e9 s\u00e1n? pro mal\u00e9 i velk\u00e9, prov??en\u00e9 mnoha testy - nezm?n?n\u00e9 a vyzkou\u0161en\u00e9 od roku 1976.[\/vc_column_text][vc_video link=&#8220;https:\/\/player.vimeo.com\/video\/200398022&#8243;][vc_column_text]Zn\u00e1te pouze &#8222;norm\u00e1ln\u00ed&#8220; d?ev?n\u00e9 s\u00e1n? nebo plastov\u00e9 ?\u00eddic\u00ed s\u00e1n?? Pak byste rozhodn? m?li vyzkou\u0161et origin\u00e1ln\u00ed mini bob! Jedn\u00e1 se o inovativn\u00ed s\u00e1?ky, kter\u00e9 jsou sice na trhu ji\u017e od roku 1976,&hellip;<\/p>\n","protected":false},"author":1,"featured_media":0,"parent":0,"menu_order":0,"comment_status":"closed","ping_status":"closed","template":"","meta":{"_acf_changed":false,"footnotes":""},"class_list":["post-162307","page","type-page","status-publish","hentry","description-off"],"acf":[],"_links":{"self":[{"href":"https:\/\/mini-bob.com\/cs\/wp-json\/wp\/v2\/pages\/162307","targetHints":{"allow":["GET"]}}],"collection":[{"href":"https:\/\/mini-bob.com\/cs\/wp-json\/wp\/v2\/pages"}],"about":[{"href":"https:\/\/mini-bob.com\/cs\/wp-json\/wp\/v2\/types\/page"}],"author":[{"embeddable":true,"href":"https:\/\/mini-bob.com\/cs\/wp-json\/wp\/v2\/users\/1"}],"replies":[{"embeddable":true,"href":"https:\/\/mini-bob.com\/cs\/wp-json\/wp\/v2\/comments?post=162307"}],"version-history":[{"count":3,"href":"https:\/\/mini-bob.com\/cs\/wp-json\/wp\/v2\/pages\/162307\/revisions"}],"predecessor-version":[{"id":162312,"href":"https:\/\/mini-bob.com\/cs\/wp-json\/wp\/v2\/pages\/162307\/revisions\/162312"}],"wp:attachment":[{"href":"https:\/\/mini-bob.com\/cs\/wp-json\/wp\/v2\/media?parent=162307"}],"curies":[{"name":"wp","href":"https:\/\/api.w.org\/{rel}","templated":true}]}}