{"id":162324,"date":"2022-08-22T16:16:54","date_gmt":"2022-08-22T14:16:54","guid":{"rendered":"https:\/\/mini-bob.com\/ruzovy-mini-bob-zipfelbob\/"},"modified":"2025-12-01T20:11:11","modified_gmt":"2025-12-01T19:11:11","slug":"ruzovy-mini-bob-zipfelbob","status":"publish","type":"page","link":"https:\/\/mini-bob.com\/cs\/ruzovy-mini-bob-zipfelbob\/","title":{"rendered":"r?\u017eov\u00fd mini bob \/ Zipfelbob"},"content":{"rendered":"<div class=\"wpb-content-wrapper\"><p>[vc_row][vc_column width=&#8220;1\/2&#8243;][vc_single_image image=&#8220;162326&#8243; img_size=&#8220;large&#8220;][\/vc_column][vc_column width=&#8220;1\/2&#8243;][vc_custom_heading text=&#8220;Origin\u00e1ln\u00ed mini bob (zipflbob) v r?\u017eov\u00e9 barv?&#8220; google_fonts=&#8220;font_family:Roboto%20Condensed%3A300%2C300italic%2Cregular%2Citalic%2C700%2C700italic|font_style:400%20regular%3A400%3Anormal&#8220;][vc_column_text]Mini bob (Zipfelbob) je od roku 2020 k dispozici ve speci\u00e1ln\u00ed r?\u017eov\u00e9 barv?.<\/p>\n<p>Po neonov? r?\u017eov\u00e9m mini bobu (80. l\u00e9ta), fialov\u00e9m mini bobu (90. l\u00e9ta), Zipfelbobu v designu Milka (2000) a zipflbobu ve &#8222;fialov\u00e9&#8220; barv? (2010) n\u00e1sledoval v roce 2020 kone?n? vytou\u017een\u00fd p?vodn\u00ed mini bob v r?\u017eov\u00e9 barv?.<br \/>\nVysok\u00e1 popt\u00e1vka po &#8222;d\u00edv?\u00edm&#8220; plastov\u00e9m bobu n\u00e1s p?ivedla k na\u0161\u00ed speci\u00e1ln\u00ed barv?: r?\u017eov\u00e9.<br \/>\nV\u017edy? co by se k na\u0161emu Zipfibobu ze 70. let mohlo hodit l\u00e9pe ne\u017e r?\u017eov\u00e1 barva (jej\u00ed\u017e n\u00e1zev poch\u00e1z\u00ed od stejnojmenn\u00e9 kv?tiny), kter\u00e1 se v 70. letech stala \u017eensk\u00fdm symbolem? P?esn? tak, origin\u00e1ln\u00ed mini bob v r?\u017eov\u00e9 barv?. <\/p>\n<p>Ji\u017e v\u00edce ne\u017e 45 let pou\u017e\u00edv\u00e1me tyto barvy znovu a znovu, ?\u00edm\u017e zaji\u0161?ujeme, \u017ee slavn\u00fd Zipfelbob neust\u00e1le m?n\u00ed barvu.[\/vc_column_text][\/vc_column][\/vc_row][vc_row][vc_column width=&#8220;1\/2&#8243;][vc_empty_space height=&#8220;200px&#8220;]<style type=\"text\/css\" data-type=\"the7_shortcodes-inline-css\">#default-btn-e039bcb8febd2b5b06de0e0d1523ba81.ico-right-side > i {\n  margin-right: 0px;\n  margin-left: 8px;\n}\n#default-btn-e039bcb8febd2b5b06de0e0d1523ba81 > i {\n  margin-right: 8px;\n}<\/style><a href=\"https:\/\/mini-bob.com\/produkt\/mini-bob-zipfelbob-pink\/\" class=\"default-btn-shortcode dt-btn dt-btn-l pulse animate-element animation-builder link-hover-off btn-inline-left \" id=\"default-btn-e039bcb8febd2b5b06de0e0d1523ba81\" title=\"origin\u00e1ln\u00ed mini bob (\u0161pi?at\u00fd bob) v r?\u017eov\u00e9 barv?\"><span>KOUPIT R?\u017dOV\u00dd ZIPFELBOB<\/span><\/a>[vc_empty_space]<style type=\"text\/css\" data-type=\"the7_shortcodes-inline-css\">#default-btn-91d43debd991bbc3bbcc2cc43e9187da.ico-right-side > i {\n  margin-right: 0px;\n  margin-left: 8px;\n}\n#default-btn-91d43debd991bbc3bbcc2cc43e9187da > i {\n  margin-right: 8px;\n}<\/style><a href=\"https:\/\/mini-bob.com\/cs\/mini-bob\/\" class=\"default-btn-shortcode dt-btn dt-btn-l pulse animate-element animation-builder link-hover-off btn-inline-left \" id=\"default-btn-91d43debd991bbc3bbcc2cc43e9187da\" title=\"mini bob\"><span>MINI BOB V JIN\u00ddCH BARV\u00c1CH<\/span><\/a>[vc_empty_space]<style type=\"text\/css\" data-type=\"the7_shortcodes-inline-css\">#default-btn-40775b9cf2d71f9136325de682b7456b.ico-right-side > i {\n  margin-right: 0px;\n  margin-left: 8px;\n}\n#default-btn-40775b9cf2d71f9136325de682b7456b > i {\n  margin-right: 8px;\n}<\/style><a href=\"https:\/\/mini-bob.com\/mini-bob-zipfelbob-shop\/\" class=\"default-btn-shortcode dt-btn dt-btn-l pulse animate-element animation-builder link-hover-off btn-inline-left \" id=\"default-btn-40775b9cf2d71f9136325de682b7456b\" title=\"Origin\u00e1ln\u00ed mini bob (Zipfelbob) Obchod\"><span>KLIKNUT\u00cdM SEM P?EJDETE P?\u00cdMO DO OBCHODU<\/span><\/a>[\/vc_column][vc_column width=&#8220;1\/2&#8243;][vc_single_image image=&#8220;162327&#8243; img_size=&#8220;large&#8220;][\/vc_column][\/vc_row][vc_row][vc_column][vc_single_image image=&#8220;162328&#8243; img_size=&#8220;full&#8220; alignment=&#8220;center&#8220;][\/vc_column][\/vc_row]<\/p>\n<\/div>","protected":false},"excerpt":{"rendered":"<p>[vc_row][vc_column width=&#8220;1\/2&#8243;][vc_single_image image=&#8220;162326&#8243; img_size=&#8220;large&#8220;][\/vc_column][vc_column width=&#8220;1\/2&#8243;][vc_custom_heading text=&#8220;Origin\u00e1ln\u00ed mini bob (zipflbob) v r?\u017eov\u00e9 barv?&#8220; google_fonts=&#8220;font_family:Roboto%20Condensed%3A300%2C300italic%2Cregular%2Citalic%2C700%2C700italic|font_style:400%20regular%3A400%3Anormal&#8220;][vc_column_text]Mini bob (Zipfelbob) je od roku 2020 k dispozici ve speci\u00e1ln\u00ed r?\u017eov\u00e9 barv?. Po neonov? r?\u017eov\u00e9m mini bobu (80. l\u00e9ta), fialov\u00e9m mini bobu (90. l\u00e9ta), Zipfelbobu v designu Milka (2000) a zipflbobu ve &#8222;fialov\u00e9&#8220; barv? (2010) n\u00e1sledoval v roce 2020 kone?n? vytou\u017een\u00fd p?vodn\u00ed&hellip;<\/p>\n","protected":false},"author":3,"featured_media":0,"parent":0,"menu_order":0,"comment_status":"closed","ping_status":"closed","template":"","meta":{"_acf_changed":false,"footnotes":""},"class_list":["post-162324","page","type-page","status-publish","hentry","description-off"],"acf":[],"_links":{"self":[{"href":"https:\/\/mini-bob.com\/cs\/wp-json\/wp\/v2\/pages\/162324","targetHints":{"allow":["GET"]}}],"collection":[{"href":"https:\/\/mini-bob.com\/cs\/wp-json\/wp\/v2\/pages"}],"about":[{"href":"https:\/\/mini-bob.com\/cs\/wp-json\/wp\/v2\/types\/page"}],"author":[{"embeddable":true,"href":"https:\/\/mini-bob.com\/cs\/wp-json\/wp\/v2\/users\/3"}],"replies":[{"embeddable":true,"href":"https:\/\/mini-bob.com\/cs\/wp-json\/wp\/v2\/comments?post=162324"}],"version-history":[{"count":3,"href":"https:\/\/mini-bob.com\/cs\/wp-json\/wp\/v2\/pages\/162324\/revisions"}],"predecessor-version":[{"id":162334,"href":"https:\/\/mini-bob.com\/cs\/wp-json\/wp\/v2\/pages\/162324\/revisions\/162334"}],"wp:attachment":[{"href":"https:\/\/mini-bob.com\/cs\/wp-json\/wp\/v2\/media?parent=162324"}],"curies":[{"name":"wp","href":"https:\/\/api.w.org\/{rel}","templated":true}]}}