{"id":162379,"date":"2015-12-07T17:28:58","date_gmt":"2015-12-07T16:28:58","guid":{"rendered":"https:\/\/mini-bob.com\/storno-podminky\/"},"modified":"2026-04-23T20:53:07","modified_gmt":"2026-04-23T18:53:07","slug":"storno-podminky","status":"publish","type":"page","link":"https:\/\/mini-bob.com\/cs\/storno-podminky\/","title":{"rendered":"Storno podm\u00ednky"},"content":{"rendered":"<h3>Pr\u00e1vo spot?ebitel? na odstoupen\u00ed od smlouvy<\/h3>\n<p>(Spot?ebitelem se rozum\u00ed ka\u017ed\u00e1 fyzick\u00e1 osoba, kter\u00e1 uzav\u00edr\u00e1 pr\u00e1vn\u00ed \u00fakon za \u00fa?elem, kter\u00fd se p?ev\u00e1\u017en? net\u00fdk\u00e1 jej\u00ed obchodn\u00ed, podnikatelsk\u00e9 nebo profesn\u00ed ?innosti).<\/p>\n<h1>Storno podm\u00ednky<\/h1>\n<h3>Pr\u00e1vo na zru\u0161en\u00ed<\/h3>\n<p>M\u00e1te pr\u00e1vo odstoupit od t\u00e9to smlouvy do ?trn\u00e1cti dn? bez ud\u00e1n\u00ed d?vodu.<\/p>\n<p>Lh?ta pro odstoupen\u00ed od smlouvy je ?trn\u00e1ct dn\u00ed od data,<\/p>\n<ul>\n<li>p?i kter\u00e9m jste vy nebo v\u00e1mi ur?en\u00e1 t?et\u00ed strana, kter\u00e1 nen\u00ed dopravcem, p?evzali nebo p?evezmete zbo\u017e\u00ed, pokud jste si objednali jedno nebo v\u00edce zbo\u017e\u00ed v r\u00e1mci jedn\u00e9 objedn\u00e1vky a toto zbo\u017e\u00ed je nebo bude dod\u00e1no jednotn?, nebo<\/li>\n<li>kdy jste vy nebo v\u00e1mi ur?en\u00e1 t?et\u00ed strana, kter\u00e1 nen\u00ed dopravcem, p?evzali posledn\u00ed zbo\u017e\u00ed, pokud jste si v r\u00e1mci jedn\u00e9 objedn\u00e1vky objednali v\u00edce druh? zbo\u017e\u00ed a tyto byly dod\u00e1ny samostatn?, nebo<\/li>\n<li>kdy jste vy nebo v\u00e1mi ur?en\u00e1 t?et\u00ed osoba, kter\u00e1 nen\u00ed dopravcem, p?evzali posledn\u00ed d\u00edl?\u00ed z\u00e1silku nebo posledn\u00ed kus, pokud jste si objednali zbo\u017e\u00ed, kter\u00e9 je dod\u00e1v\u00e1no v n?kolika d\u00edl?\u00edch z\u00e1silk\u00e1ch nebo kusech, nebo<\/li>\n<li>kdy jste vy nebo v\u00e1mi ur?en\u00e1 t?et\u00ed osoba, kter\u00e1 nen\u00ed dopravcem, p?evzali prvn\u00ed zbo\u017e\u00ed, pokud jste uzav?eli smlouvu o pravideln\u00e9m dod\u00e1v\u00e1n\u00ed zbo\u017e\u00ed po stanovenou dobu.<\/li>\n<\/ul>\n<p>Sv\u00e9 pr\u00e1vo na odstoupen\u00ed od smlouvy m?\u017eete uplatnit tak\u00e9 online na adrese https:\/\/mini-bob.com\/vertrag-widerrufen\/. Pokud vyu\u017eijete tuto online funkci, neprodlen? v\u00e1m za\u0161leme potvrzen\u00ed o p?ijet\u00ed na trval\u00e9m nosi?i (nap?. e-mailem) s informacemi o obsahu ozn\u00e1men\u00ed o zru\u0161en\u00ed a datu a ?ase jeho p?ijet\u00ed. <\/p>\n<p>Pro dodr\u017een\u00ed lh?ty pro odstoupen\u00ed od smlouvy sta?\u00ed, abyste p?ed jej\u00edm uplynut\u00edm odeslali ozn\u00e1men\u00ed o odstoupen\u00ed od smlouvy prost?ednictv\u00edm funkce pro odstoupen\u00ed od smlouvy (tzv. &#8222;tla?\u00edtko pro odstoupen\u00ed od smlouvy&#8220;).<\/p>\n<p>Sv\u00e9 pr\u00e1vo na odstoupen\u00ed od smlouvy m?\u017eete uplatnit tak\u00e9 tak, \u017ee n\u00e1s (Loeger GmbH, Hauptstra\u00dfe 57, N?mecko, telefonn\u00ed ?\u00edslo: +49(0)815892101, e-mailov\u00e1 adresa: info@mini-bob.com) informujete o sv\u00e9m rozhodnut\u00ed odstoupit od t\u00e9to smlouvy prost?ednictv\u00edm jasn\u00e9ho prohl\u00e1\u0161en\u00ed (nap?. dopisu zaslan\u00e9ho po\u0161tou nebo e-mailem). M?\u017eete pou\u017e\u00edt p?ilo\u017een\u00fd vzorov\u00fd formul\u00e1? pro odstoupen\u00ed od smlouvy, nen\u00ed to v\u0161ak povinn\u00e9.<\/p>\n<p>V takov\u00e9m p?\u00edpad? sta?\u00ed, abyste pro dodr\u017een\u00ed lh?ty pro odstoupen\u00ed od smlouvy zaslali ozn\u00e1men\u00ed o uplatn?n\u00ed pr\u00e1va na odstoupen\u00ed od smlouvy p?ed uplynut\u00edm lh?ty pro odstoupen\u00ed od smlouvy.<\/p>\n<h3>D?sledky zru\u0161en\u00ed<\/h3>\n<p>Odstoup\u00edte-li od t\u00e9to smlouvy, vr\u00e1t\u00edme v\u00e1m v\u0161echny platby, kter\u00e9 jsme od v\u00e1s obdr\u017eeli, v?etn? n\u00e1klad? na doru?en\u00ed (s v\u00fdjimkou dodate?n\u00fdch n\u00e1klad? vypl\u00fdvaj\u00edc\u00edch z va\u0161\u00ed volby jin\u00e9ho typu doru?en\u00ed, ne\u017e je nejlevn?j\u0161\u00ed typ standardn\u00edho doru?en\u00ed, kter\u00fd nab\u00edz\u00edme), a to bez zbyte?n\u00e9ho odkladu a v ka\u017ed\u00e9m p?\u00edpad? nejpozd?ji do 14 dn? ode dne, kdy jsme byli informov\u00e1ni o va\u0161em rozhodnut\u00ed odstoupit od t\u00e9to smlouvy. Pro toto vr\u00e1cen\u00ed pou\u017eijeme stejn\u00fd platebn\u00ed prost?edek, kter\u00fd jste pou\u017eili pro p?vodn\u00ed transakci, pokud se s v\u00e1mi v\u00fdslovn? nedohodneme jinak; v \u017e\u00e1dn\u00e9m p?\u00edpad? v\u00e1m za toto vr\u00e1cen\u00ed nebudou \u00fa?tov\u00e1ny \u017e\u00e1dn\u00e9 poplatky. <\/p>\n<p>M?\u017eeme v\u00e1m odm\u00edtnout vr\u00e1tit pen\u00edze, dokud neobdr\u017e\u00edme zbo\u017e\u00ed zp?t nebo dokud nep?edlo\u017e\u00edte d?kaz, \u017ee jste zbo\u017e\u00ed vr\u00e1tili, podle toho, co nastane d?\u00edve.<\/p>\n<p>Zbo\u017e\u00ed n\u00e1m mus\u00edte vr\u00e1tit nebo p?edat neprodlen?, nejpozd?ji v\u0161ak do ?trn\u00e1cti dn? ode dne, kdy jste n\u00e1s informovali o odstoupen\u00ed od t\u00e9to smlouvy. Lh?ta je dodr\u017eena, pokud zbo\u017e\u00ed ode\u0161lete p?ed uplynut\u00edm ?trn\u00e1ctidenn\u00ed lh?ty. <\/p>\n<p>P?\u00edm\u00e9 n\u00e1klady na vr\u00e1cen\u00ed zbo\u017e\u00ed nesete vy.<\/p>\n<p>Ztr\u00e1tu hodnoty zbo\u017e\u00ed mus\u00edte uhradit pouze v p?\u00edpad?, \u017ee ke ztr\u00e1t? hodnoty do\u0161lo v d?sledku manipulace se zbo\u017e\u00edm, kter\u00e1 nen\u00ed nezbytn\u00e1 pro kontrolu jeho stavu, vlastnost\u00ed a funk?nosti.<\/p>\n<h2>Vzorov\u00fd formul\u00e1? pro zru\u0161en\u00ed<\/h2>\n<p>(Pokud si p?ejete smlouvu zru\u0161it, pou\u017eijte pros\u00edm funkci online zru\u0161en\u00ed, kterou poskytujeme na adrese https:\/\/mini-bob.com\/vertrag-widerrufen\/, nebo vypl?te tento formul\u00e1? a za\u0161lete n\u00e1m jej zp?t).<\/p>\n<p>- Na<\/p>\n<p>Loeger GmbH, Hauptstra\u00dfe 57, N?mecko, telefonn\u00ed ?\u00edslo: +49(0)815892101, e-mailov\u00e1 adresa: info@mini-bob.com.<\/p>\n<p>- J\u00e1\/my (*) t\u00edmto ru\u0161\u00edm\/ru\u0161\u00edme smlouvu uzav?enou mezi mnou\/n\u00e1mi (*) na n\u00e1kup n\u00e1sleduj\u00edc\u00edho zbo\u017e\u00ed (*)\/poskytnut\u00ed n\u00e1sleduj\u00edc\u00ed slu\u017eby (*).<\/p>\n<p>- Objedn\u00e1no dne (*)\/p?ijato dne (*)<\/p>\n<p>- Jm\u00e9no spot?ebitele (spot?ebitel?)<\/p>\n<p>- Adresa spot?ebitele (spot?ebitel?)<\/p>\n<p>- Podpis spot?ebitele (spot?ebitel?) (pouze v p?\u00edpad? ozn\u00e1men\u00ed v pap\u00edrov\u00e9 podob?)<\/p>\n<p>- datum<\/p>\n<p>___________<br \/>\n(*) Nehod\u00edc\u00ed se \u0161krtn?te.<\/p>\n","protected":false},"excerpt":{"rendered":"<p>Pr\u00e1vo spot?ebitel? na odstoupen\u00ed od smlouvy (Spot?ebitelem se rozum\u00ed ka\u017ed\u00e1 fyzick\u00e1 osoba, kter\u00e1 uzav\u00edr\u00e1 pr\u00e1vn\u00ed \u00fakon za \u00fa?elem, kter\u00fd se p?ev\u00e1\u017en? net\u00fdk\u00e1 jej\u00ed obchodn\u00ed, podnikatelsk\u00e9 nebo profesn\u00ed ?innosti). Storno podm\u00ednky Pr\u00e1vo na zru\u0161en\u00ed M\u00e1te pr\u00e1vo odstoupit od t\u00e9to smlouvy do ?trn\u00e1cti dn? bez ud\u00e1n\u00ed d?vodu. Lh?ta pro odstoupen\u00ed od smlouvy je ?trn\u00e1ct dn\u00ed od data,&hellip;<\/p>\n","protected":false},"author":1,"featured_media":0,"parent":0,"menu_order":0,"comment_status":"closed","ping_status":"closed","template":"","meta":{"_acf_changed":false,"footnotes":""},"class_list":["post-162379","page","type-page","status-publish","hentry","description-off"],"acf":[],"_links":{"self":[{"href":"https:\/\/mini-bob.com\/cs\/wp-json\/wp\/v2\/pages\/162379","targetHints":{"allow":["GET"]}}],"collection":[{"href":"https:\/\/mini-bob.com\/cs\/wp-json\/wp\/v2\/pages"}],"about":[{"href":"https:\/\/mini-bob.com\/cs\/wp-json\/wp\/v2\/types\/page"}],"author":[{"embeddable":true,"href":"https:\/\/mini-bob.com\/cs\/wp-json\/wp\/v2\/users\/1"}],"replies":[{"embeddable":true,"href":"https:\/\/mini-bob.com\/cs\/wp-json\/wp\/v2\/comments?post=162379"}],"version-history":[{"count":1,"href":"https:\/\/mini-bob.com\/cs\/wp-json\/wp\/v2\/pages\/162379\/revisions"}],"predecessor-version":[{"id":166371,"href":"https:\/\/mini-bob.com\/cs\/wp-json\/wp\/v2\/pages\/162379\/revisions\/166371"}],"wp:attachment":[{"href":"https:\/\/mini-bob.com\/cs\/wp-json\/wp\/v2\/media?parent=162379"}],"curies":[{"name":"wp","href":"https:\/\/api.w.org\/{rel}","templated":true}]}}