{"id":162190,"date":"2019-11-01T11:18:24","date_gmt":"2019-11-01T10:18:24","guid":{"rendered":"https:\/\/mini-bob.com\/produkt\/original-mini-bob-zipfelbob-hoodie-kids-tmave-modra\/"},"modified":"2019-11-01T11:18:24","modified_gmt":"2019-11-01T10:18:24","slug":"original-mini-bob-zipfelbob-hoodie-kids-tmave-modra","status":"publish","type":"product","link":"https:\/\/mini-bob.com\/cs\/produkt\/original-mini-bob-zipfelbob-hoodie-kids-tmave-modra\/","title":{"rendered":"Original mini bob - Zipfelbob Hoodie Kids - tmav? modr\u00e1"},"content":{"rendered":"<h2>Original mini bob (Zipfelbob) D?tsk\u00e1 mikina s kapuc\u00ed - tmav? modr\u00e1<\/h2>\n<ul>\n<li>80 % ?esan\u00e1 a krou\u017ekovan\u00e1 bavlna, 20 % polyester (3 vrstvy).<\/li>\n<li>Jemn\u00fd a velmi hladk\u00fd povrch ze 100% bavlny<\/li>\n<li>Kart\u00e1?ovan\u00e1 fleecov\u00e1 tkanina na vnit?n\u00ed stran?<\/li>\n<li>Dvouvrstv\u00e1 kapuce (bez stahovac\u00edch \u0161??rek)<\/li>\n<li>\u0160ir\u0161\u00ed lem a man\u017eety s elastanem<\/li>\n<li>Bo?n\u00ed \u0161vy pro optim\u00e1ln\u00ed p?izp?soben\u00ed<\/li>\n<li>Z\u00e1platovan\u00e1 klokan\u00ed kapsa<\/li>\n<li>Kryc\u00ed \u0161vy na pr?ramc\u00edch, man\u017eet\u00e1ch a v pase<\/li>\n<li>\u0160ir\u0161\u00ed \u017eebrovan\u00e9 man\u017eety a pas.<\/li>\n<li>Origin\u00e1ln\u00ed mini bob &#8222;Silhouette&#8220; vp?edu - vysoce kvalitn\u00ed tisk<\/li>\n<li>Origin\u00e1ln\u00ed zadn\u00ed logo mini bob - vysoce kvalitn\u00ed potisk<\/li>\n<li>Pran\u00ed v pra?ce na 40 \u00b0C, vhodn\u00e9 pro su\u0161en\u00ed v bubnov\u00e9 su\u0161i?ce (n\u00edzk\u00e1 teplota)<\/li>\n<\/ul>\n","protected":false},"excerpt":{"rendered":"<p>D?tsk\u00e1 mikina s kapuc\u00ed 80% bavlna 20% polyester s logem Zipfelbob v barv? french navy (tmav? modr\u00e1)<\/p>\n","protected":false},"featured_media":162191,"comment_status":"closed","ping_status":"closed","template":"","meta":{"_acf_changed":false},"product_brand":[],"product_cat":[1698],"product_tag":[],"class_list":{"0":"post-162190","1":"product","2":"type-product","3":"status-publish","4":"has-post-thumbnail","6":"product_cat-detska-mikina-s-kapuci-zipfelbob","7":"product_shipping_class-minibob","8":"description-off","10":"first","11":"instock","12":"taxable","13":"shipping-taxable","14":"purchasable","15":"product-type-variable"},"acf":[],"_links":{"self":[{"href":"https:\/\/mini-bob.com\/cs\/wp-json\/wp\/v2\/product\/162190","targetHints":{"allow":["GET"]}}],"collection":[{"href":"https:\/\/mini-bob.com\/cs\/wp-json\/wp\/v2\/product"}],"about":[{"href":"https:\/\/mini-bob.com\/cs\/wp-json\/wp\/v2\/types\/product"}],"replies":[{"embeddable":true,"href":"https:\/\/mini-bob.com\/cs\/wp-json\/wp\/v2\/comments?post=162190"}],"wp:featuredmedia":[{"embeddable":true,"href":"https:\/\/mini-bob.com\/cs\/wp-json\/wp\/v2\/media\/162191"}],"wp:attachment":[{"href":"https:\/\/mini-bob.com\/cs\/wp-json\/wp\/v2\/media?parent=162190"}],"wp:term":[{"taxonomy":"product_brand","embeddable":true,"href":"https:\/\/mini-bob.com\/cs\/wp-json\/wp\/v2\/product_brand?post=162190"},{"taxonomy":"product_cat","embeddable":true,"href":"https:\/\/mini-bob.com\/cs\/wp-json\/wp\/v2\/product_cat?post=162190"},{"taxonomy":"product_tag","embeddable":true,"href":"https:\/\/mini-bob.com\/cs\/wp-json\/wp\/v2\/product_tag?post=162190"}],"curies":[{"name":"wp","href":"https:\/\/api.w.org\/{rel}","templated":true}]}}