{"id":162957,"date":"2019-11-01T10:54:42","date_gmt":"2019-11-01T09:54:42","guid":{"rendered":"https:\/\/mini-bob.com\/produkt\/mini-bob-detske-tricko-zipfelbob-organic-ruzne-barvy\/"},"modified":"2019-11-01T10:54:42","modified_gmt":"2019-11-01T09:54:42","slug":"mini-bob-detske-tricko-zipfelbob-organic-ruzne-barvy","status":"publish","type":"product","link":"https:\/\/mini-bob.com\/cs\/produkt\/mini-bob-detske-tricko-zipfelbob-organic-ruzne-barvy\/","title":{"rendered":"mini bob - D?tsk\u00e9 tri?ko Zipfelbob Organic - r?zn\u00e9 barvy"},"content":{"rendered":"<h2>Origin\u00e1ln\u00ed mini bob (Zipfelbob) D?tsk\u00e9 organick\u00e9 tri?ko<\/h2>\n<ul>\n<li>100% bavlna (organick\u00e1), ?esan\u00e1 a krou\u017ekovan\u00e1<\/li>\n<li>Hladk\u00fd povrch<\/li>\n<li>\u00dazk\u00fd l\u00edmec s elastanem<\/li>\n<li>P\u00e1ska na krk od ramene k rameni<\/li>\n<li>Modern\u00ed st?ih obep\u00ednaj\u00edc\u00ed t?lo<\/li>\n<li>Origin\u00e1ln\u00ed mini bob &#8222;Silhouette&#8220; vp?edu - vysoce kvalitn\u00ed tisk<\/li>\n<li>Origin\u00e1ln\u00ed pouzdro s logem mini bobu - vysoce kvalitn\u00ed potisk<\/li>\n<li>Pran\u00ed v pra?ce na 40 \u00b0C, vhodn\u00e9 pro su\u0161en\u00ed v bubnov\u00e9 su\u0161i?ce (n\u00edzk\u00e1 teplota)<\/li>\n<\/ul>\n","protected":false},"excerpt":{"rendered":"<p>D?tsk\u00e9 tri?ko ze 100% organick\u00e9 bavlny s logem Zipfelbob &amp; &#8222;mini bob&#8220;.<\/p>\n","protected":false},"featured_media":162958,"comment_status":"closed","ping_status":"closed","template":"","meta":{"_acf_changed":false},"product_brand":[],"product_cat":[1787],"product_tag":[],"class_list":{"0":"post-162957","1":"product","2":"type-product","3":"status-publish","4":"has-post-thumbnail","6":"product_cat-detske-tricko-zipfelbob","7":"product_shipping_class-minibob","8":"description-off","10":"first","11":"instock","12":"taxable","13":"shipping-taxable","14":"purchasable","15":"product-type-variable"},"acf":[],"_links":{"self":[{"href":"https:\/\/mini-bob.com\/cs\/wp-json\/wp\/v2\/product\/162957","targetHints":{"allow":["GET"]}}],"collection":[{"href":"https:\/\/mini-bob.com\/cs\/wp-json\/wp\/v2\/product"}],"about":[{"href":"https:\/\/mini-bob.com\/cs\/wp-json\/wp\/v2\/types\/product"}],"replies":[{"embeddable":true,"href":"https:\/\/mini-bob.com\/cs\/wp-json\/wp\/v2\/comments?post=162957"}],"wp:featuredmedia":[{"embeddable":true,"href":"https:\/\/mini-bob.com\/cs\/wp-json\/wp\/v2\/media\/162958"}],"wp:attachment":[{"href":"https:\/\/mini-bob.com\/cs\/wp-json\/wp\/v2\/media?parent=162957"}],"wp:term":[{"taxonomy":"product_brand","embeddable":true,"href":"https:\/\/mini-bob.com\/cs\/wp-json\/wp\/v2\/product_brand?post=162957"},{"taxonomy":"product_cat","embeddable":true,"href":"https:\/\/mini-bob.com\/cs\/wp-json\/wp\/v2\/product_cat?post=162957"},{"taxonomy":"product_tag","embeddable":true,"href":"https:\/\/mini-bob.com\/cs\/wp-json\/wp\/v2\/product_tag?post=162957"}],"curies":[{"name":"wp","href":"https:\/\/api.w.org\/{rel}","templated":true}]}}