{"id":162972,"date":"2018-01-20T19:46:28","date_gmt":"2018-01-20T18:46:28","guid":{"rendered":"https:\/\/mini-bob.com\/produkt\/edice-mini-bob-sanky-zipfelbob-v-perletove-bile-barve\/"},"modified":"2018-01-20T19:46:28","modified_gmt":"2018-01-20T18:46:28","slug":"edice-mini-bob-sanky-zipfelbob-v-perletove-bile-barve","status":"publish","type":"product","link":"https:\/\/mini-bob.com\/cs\/produkt\/edice-mini-bob-sanky-zipfelbob-v-perletove-bile-barve\/","title":{"rendered":"Edice mini bob (s\u00e1?ky Zipfelbob) v perle?ov? b\u00edl\u00e9 barv?"},"content":{"rendered":"<h2>Origin\u00e1ln\u00ed mini bob (\u0161pi?at\u00fd bob) perle?ov? b\u00edl\u00fd<\/h2>\n<p><strong>P?vodn\u00ed mini bob (<\/strong> zn\u00e1m\u00fd <strong>tak\u00e9<\/strong> jako &#8222;zipflbob&#8220;, &#8222;Zipfelbob&#8220; nebo &#8222;Zipfybob&#8220;), kter\u00fd byl vynalezen v Rakousku v 70. letech 20. stolet\u00ed, vyr\u00e1b\u00edme od roku 1976 v N?mecku, st\u00e1le ?\u00e1ste?n? ru?n?.<\/p>\n<p>D\u00edky sv\u00e9 nerozbitn\u00e9 a kompaktn\u00ed plastov\u00e9 konstrukci dut\u00e9ho t?la, kter\u00e1 byla \u00fasp?\u0161n? vyzkou\u0161ena a testov\u00e1na po desetilet\u00ed, <strong>je<\/strong> perle?ov? b\u00edl\u00fd mini bob <strong>prakticky<\/strong> nezni?iteln\u00fd a s hmotnost\u00ed p?ibli\u017en? 1,7 kg st\u00e1le velmi lehk\u00fd. Jeho n\u00edzk\u00e1 poloha sezen\u00ed, p?izp?soben\u00e1 t?lu, umo\u017e?uje pohodlnou zimn\u00ed z\u00e1bavu bez \u00fanavy pro mal\u00e9 i velk\u00e9. Od sv\u00e9ho vyn\u00e1lezu v 70. letech minul\u00e9ho stolet\u00ed se ji\u017e t?i generace mohly ?\u00eddit heslem: &#8222;Maxi z\u00e1bava <g id=\"gid_1\"> s mini bobem&#8220;.<\/g> <strong>Mini bob v b\u00edl\u00e9 perle?ov\u00e9 barv? je<\/strong> d\u00edky bezpe?n\u00e9mu chov\u00e1n\u00ed p?i j\u00edzd? vhodn\u00fd pro ka\u017ed\u00e9ho!    Z\u00e1bava je zaru?ena na kr\u00e1tk\u00fdch a rovn\u00fdch s\u00e1?ka?sk\u00fdch trat\u00edch i na z\u00e1vodn\u00edch drah\u00e1ch. D\u00edky stabiln\u00ed konstrukci a extr\u00e9mn\u00ed ovladatelnosti nejsou vysok\u00e9 rychlosti \u017e\u00e1dn\u00fdm probl\u00e9mem. <\/p>\n<p>Origin\u00e1ln\u00ed mini bob v b\u00edl\u00e9 barv? je n?kolikan\u00e1sobn\u00fdm v\u00edt?zem n\u00e1rodn\u00edch a mezin\u00e1rodn\u00edch \u0161ampion\u00e1t? &#8222;zipflbob&#8220;.<\/p>\n<p>&nbsp;<\/p>\n<p><span style=\"color: #ff0000;\">!! Pozor!!! V r?zn\u00fdch internetov\u00fdch obchodech jsou nab\u00edzeny duplik\u00e1ty. P?i n\u00e1kupu hledejte licencovan\u00e9ho prodejce a logo mini bob!  <\/span><\/p>\n<p>&nbsp;<\/p>\n<p>\u00dadaje:<\/p>\n<h3>perle?ov? b\u00edl\u00fd \u0161pi?at\u00fd bob (mini bob)<\/h3>\n<p>Hmotnost: p?ibli\u017en? 1,7 kg<br \/>\nRozm?ry D x \u0160 x V (v cm): 53 x 33 x 40<br \/>\nMateri\u00e1l: HD PE (neobsahuje ftal\u00e1ty)<br \/>\nP?\u00edpustn\u00e9 zat\u00ed\u017een\u00ed: max. 100 kg<br \/>\nMade in Germany - Vyrobeno v N?mecku<\/p>\n<p>Upozorn?n\u00ed: Nevhodn\u00e9 pro d?ti do t?\u00ed let. Pou\u017e\u00edvejte pod p?\u00edm\u00fdm dohledem dosp?l\u00fdch.  Pou\u017e\u00edv\u00e1 se s ochrann\u00fdmi pom?ckami.<\/p>\n<p>Na na\u0161e zbo\u017e\u00ed se vztahuj\u00ed z\u00e1konn\u00e1 z\u00e1ru?n\u00ed pr\u00e1va. V?nujte pros\u00edm pozornost na\u0161im bezpe?nostn\u00edm pokyn?m a ?asto kladen\u00fdm <a href=\"https:\/\/mini-bob.com\/cs\/casto-kladene-dotazy\/\" target=\"_blank\" rel=\"noopener noreferrer\">ot\u00e1zk\u00e1m!<\/a> <\/p>\n<p>Dal\u0161\u00ed zaj\u00edmav\u00e9 informace o origin\u00e1ln\u00edm Zipfelbobu najdete na <strong>webov\u00fdch str\u00e1nk\u00e1ch mini bobu:<\/strong><strong><a href=\"https:\/\/mini-bob.com\/cs\/mini-bob\/\" target=\"_blank\" rel=\"noopener noreferrer\">origin\u00e1ln\u00ed webov\u00e9 str\u00e1nky mini bobu<\/a><\/strong><\/p>\n<p>Prodej pouze v b?\u017en\u00e9m mno\u017estv\u00ed pro dom\u00e1cnost - pouze pro soukrom\u00e9 pou\u017eit\u00ed! Komer?n\u00ed dal\u0161\u00ed prodej (s p?\u00edplatkem) je zak\u00e1z\u00e1n! <\/p>\n","protected":false},"excerpt":{"rendered":"<p>Speci\u00e1ln\u00ed s\u00e9rie v perle?ov? b\u00edl\u00e9 barv?. V z\u00e1vislosti na dopadu sv?tla <strong>m\u00e1<\/strong> tento <strong>origin\u00e1ln\u00ed mini bob<\/strong> zvl\u00e1\u0161tn\u00ed lesk. <\/p>\n<p><strong>V\u00fdroba je omezena na n?kolik kus?.<\/strong>  Tak si posp?\u0161te, a? m?\u017eete b\u00fdt jedn\u00edm ze \u0161?astlivc?!<\/p>\n","protected":false},"featured_media":162465,"comment_status":"open","ping_status":"closed","template":"","meta":{"_acf_changed":false},"product_brand":[],"product_cat":[1723,1724],"product_tag":[1803,1804,1805,1806,1801,1802],"class_list":{"0":"post-162972","1":"product","2":"type-product","3":"status-publish","4":"has-post-thumbnail","6":"product_cat-specialni-edice-mini-bob","7":"product_cat-minibob","8":"product_tag-plastovy-bob-bily","9":"product_tag-zipfelbob-bily","10":"product_tag-minibob-bily","11":"product_tag-sankarska-bila","12":"product_tag-specialni-edice-mini-bob","13":"product_tag-zipfybob-bily","14":"product_shipping_class-minibob","15":"description-off","17":"first","18":"outofstock","19":"taxable","20":"shipping-taxable","21":"purchasable","22":"product-type-simple"},"acf":[],"_links":{"self":[{"href":"https:\/\/mini-bob.com\/cs\/wp-json\/wp\/v2\/product\/162972","targetHints":{"allow":["GET"]}}],"collection":[{"href":"https:\/\/mini-bob.com\/cs\/wp-json\/wp\/v2\/product"}],"about":[{"href":"https:\/\/mini-bob.com\/cs\/wp-json\/wp\/v2\/types\/product"}],"replies":[{"embeddable":true,"href":"https:\/\/mini-bob.com\/cs\/wp-json\/wp\/v2\/comments?post=162972"}],"wp:featuredmedia":[{"embeddable":true,"href":"https:\/\/mini-bob.com\/cs\/wp-json\/wp\/v2\/media\/162465"}],"wp:attachment":[{"href":"https:\/\/mini-bob.com\/cs\/wp-json\/wp\/v2\/media?parent=162972"}],"wp:term":[{"taxonomy":"product_brand","embeddable":true,"href":"https:\/\/mini-bob.com\/cs\/wp-json\/wp\/v2\/product_brand?post=162972"},{"taxonomy":"product_cat","embeddable":true,"href":"https:\/\/mini-bob.com\/cs\/wp-json\/wp\/v2\/product_cat?post=162972"},{"taxonomy":"product_tag","embeddable":true,"href":"https:\/\/mini-bob.com\/cs\/wp-json\/wp\/v2\/product_tag?post=162972"}],"curies":[{"name":"wp","href":"https:\/\/api.w.org\/{rel}","templated":true}]}}