{"id":162997,"date":"2019-11-03T17:20:45","date_gmt":"2019-11-03T16:20:45","guid":{"rendered":"https:\/\/mini-bob.com\/produkt\/mini-bob-spicaty-bob-ruzne-barvy\/"},"modified":"2019-11-03T17:20:45","modified_gmt":"2019-11-03T16:20:45","slug":"mini-bob-spicaty-bob-ruzne-barvy","status":"publish","type":"product","link":"https:\/\/mini-bob.com\/cs\/produkt\/mini-bob-spicaty-bob-ruzne-barvy\/","title":{"rendered":"mini bob - \u0161pi?at\u00fd bob - r?zn\u00e9 barvy"},"content":{"rendered":"<h2>P?vodn\u00ed ?epice mini bob (\u0161pi?at\u00fd bob)<\/h2>\n<ul>\n<li>Tkanina ze 100% organick\u00e9 bavlny<\/li>\n<li>Se 100% organickou bavlnou s certifik\u00e1tem OCS, certifikovan\u00fdm organizac\u00ed Control Union CU811033.<\/li>\n<li>Lehk\u00e1, prody\u0161n\u00e1 tkanina<\/li>\n<li>Dvouvrstv\u00fd \u00faplet<\/li>\n<li>P?vodn\u00ed mini bob logo vysoce kvalitn\u00ed h?l<\/li>\n<li>Barvy: ?ern\u00e1, ?erven\u00e1, \u0161ed\u00e1, \u017elut\u00e1, zelen\u00e1, modr\u00e1 a b\u00e9\u017eov\u00e1.<\/li>\n<\/ul>\n","protected":false},"excerpt":{"rendered":"<p>Vln?n\u00e9 klobouky 100% bavlna s logem Zipfelbob<\/p>\n","protected":false},"featured_media":162181,"comment_status":"closed","ping_status":"closed","template":"","meta":{"_acf_changed":false},"product_brand":[],"product_cat":[1825],"product_tag":[1827,1826],"class_list":{"0":"post-162997","1":"product","2":"type-product","3":"status-publish","4":"has-post-thumbnail","6":"product_cat-cepice","7":"product_tag-cepice","8":"product_tag-spicata-cepice-bob","9":"product_shipping_class-minibob","10":"description-off","12":"first","13":"instock","14":"taxable","15":"shipping-taxable","16":"purchasable","17":"product-type-variable"},"acf":[],"_links":{"self":[{"href":"https:\/\/mini-bob.com\/cs\/wp-json\/wp\/v2\/product\/162997","targetHints":{"allow":["GET"]}}],"collection":[{"href":"https:\/\/mini-bob.com\/cs\/wp-json\/wp\/v2\/product"}],"about":[{"href":"https:\/\/mini-bob.com\/cs\/wp-json\/wp\/v2\/types\/product"}],"replies":[{"embeddable":true,"href":"https:\/\/mini-bob.com\/cs\/wp-json\/wp\/v2\/comments?post=162997"}],"wp:featuredmedia":[{"embeddable":true,"href":"https:\/\/mini-bob.com\/cs\/wp-json\/wp\/v2\/media\/162181"}],"wp:attachment":[{"href":"https:\/\/mini-bob.com\/cs\/wp-json\/wp\/v2\/media?parent=162997"}],"wp:term":[{"taxonomy":"product_brand","embeddable":true,"href":"https:\/\/mini-bob.com\/cs\/wp-json\/wp\/v2\/product_brand?post=162997"},{"taxonomy":"product_cat","embeddable":true,"href":"https:\/\/mini-bob.com\/cs\/wp-json\/wp\/v2\/product_cat?post=162997"},{"taxonomy":"product_tag","embeddable":true,"href":"https:\/\/mini-bob.com\/cs\/wp-json\/wp\/v2\/product_tag?post=162997"}],"curies":[{"name":"wp","href":"https:\/\/api.w.org\/{rel}","templated":true}]}}