{"id":163024,"date":"2020-01-22T16:24:39","date_gmt":"2020-01-22T15:24:39","guid":{"rendered":"https:\/\/mini-bob.com\/produkt\/originalni-mini-bob-sanky-zipfelbob-v-modre-barve\/"},"modified":"2026-01-05T16:21:15","modified_gmt":"2026-01-05T15:21:15","slug":"originalni-mini-bob-sanky-zipfelbob-v-modre-barve","status":"publish","type":"product","link":"https:\/\/mini-bob.com\/cs\/produkt\/originalni-mini-bob-sanky-zipfelbob-v-modre-barve\/","title":{"rendered":"Origin\u00e1ln\u00ed mini bob (s\u00e1?ky Zipfelbob) v modr\u00e9 barv?"},"content":{"rendered":"<h2>Origin\u00e1ln\u00ed mini bob (Zipfelbob) modr\u00fd<\/h2>\n<p>Vyr\u00e1b\u00ed se v N?mecku od roku 1976 jako nerozbitn\u00fd a lehk\u00fd plastov\u00fd bob. Origin\u00e1ln\u00ed mini bob v modr\u00e9 barv? m\u00e1 ergonomick\u00e9 sed\u00e1tko ze speci\u00e1ln\u00edho materi\u00e1lu, kter\u00fd se pou\u017e\u00edv\u00e1 i v automobilov\u00e9m pr?myslu. Vysoce odoln\u00fd joystick, kter\u00fd je pevn? spojen s modr\u00fdm (zipflbob) mini bobem, je rovn?\u017e ergonomicky tvarovan\u00fd a neklou\u017ee, aby se p?izp?sobil tvaru ruky. Dr\u00e1\u017eky na spodn\u00ed stran? mini boba zaji\u0161?uj\u00ed sm?rovou stabilitu a stabilitu p?i j\u00edzd?.   <\/p>\n<blockquote><p><span style=\"color: #ff0000;\">!! Pozor!!! Duplik\u00e1ty jsou nab\u00edzeny v r?zn\u00fdch internetov\u00fdch obchodech. P?i n\u00e1kupu hledejte licencovan\u00e9ho prodejce a logo mini bob!<\/span><\/p><\/blockquote>\n<p>\u00dadaje:<\/p>\n<h3>modr\u00fd \u0161pi?at\u00fd bob (mini bob)<\/h3>\n<p>Hmotnost: p?ibli\u017en? 1,7 kg<br \/>\nRozm?ry D x \u0160 x V (v cm): 53 x 33 x 40<br \/>\nMateri\u00e1l: HD PE (neobsahuje ftal\u00e1ty)<br \/>\nP?\u00edpustn\u00e9 zat\u00ed\u017een\u00ed: max. 100 kg<br \/>\nMade in Germany - Vyrobeno v N?mecku<\/p>\n<p>Upozorn?n\u00ed: Nevhodn\u00e9 pro d?ti do t?\u00ed let. Pou\u017e\u00edvejte pod p?\u00edm\u00fdm dohledem dosp?l\u00fdch.  Pou\u017e\u00edv\u00e1 se s ochrann\u00fdmi pom?ckami.<\/p>\n<p>Na na\u0161e zbo\u017e\u00ed se vztahuj\u00ed z\u00e1konn\u00e1 z\u00e1ru?n\u00ed pr\u00e1va. V?nujte pros\u00edm pozornost na\u0161im bezpe?nostn\u00edm pokyn?m a ?asto kladen\u00fdm <a href=\"https:\/\/mini-bob.com\/cs\/casto-kladene-dotazy\/\" target=\"_blank\" rel=\"noopener noreferrer\">ot\u00e1zk\u00e1m!<\/a> <\/p>\n<p>Dal\u0161\u00ed zaj\u00edmav\u00e9 informace o origin\u00e1ln\u00edm Zipfelbobu najdete na <strong>webov\u00fdch str\u00e1nk\u00e1ch mini bobu:<\/strong><strong><a href=\"https:\/\/mini-bob.com\/cs\/mini-bob\/\">origin\u00e1ln\u00ed webov\u00e9 str\u00e1nky mini bobu<\/a><\/strong><\/p>\n<p>Prodej pouze v b?\u017en\u00e9m mno\u017estv\u00ed pro dom\u00e1cnost - pouze pro soukrom\u00e9 pou\u017eit\u00ed! Komer?n\u00ed dal\u0161\u00ed prodej (s p?\u00edplatkem) je zak\u00e1z\u00e1n! <\/p>\n","protected":false},"excerpt":{"rendered":"<p>Origin\u00e1ln\u00ed mini bob v modr\u00e9 barv? - zipflbob blue<\/p>\n","protected":false},"featured_media":163027,"comment_status":"open","ping_status":"closed","template":"","meta":{"_acf_changed":false},"product_brand":[],"product_cat":[1724,1839],"product_tag":[1854,1855,1856,1857,1858],"class_list":{"0":"post-163024","1":"product","2":"type-product","3":"status-publish","4":"has-post-thumbnail","6":"product_cat-minibob","7":"product_cat-standardni-edice-minibob","8":"product_tag-minibob-modry","9":"product_tag-zipflbob-blue","10":"product_tag-plastovy-bob-modry","11":"product_tag-zipfybob-blue","12":"product_tag-zipfy-blue","13":"product_shipping_class-minibob","14":"description-off","16":"first","17":"instock","18":"featured","19":"taxable","20":"shipping-taxable","21":"purchasable","22":"product-type-simple"},"acf":[],"_links":{"self":[{"href":"https:\/\/mini-bob.com\/cs\/wp-json\/wp\/v2\/product\/163024","targetHints":{"allow":["GET"]}}],"collection":[{"href":"https:\/\/mini-bob.com\/cs\/wp-json\/wp\/v2\/product"}],"about":[{"href":"https:\/\/mini-bob.com\/cs\/wp-json\/wp\/v2\/types\/product"}],"replies":[{"embeddable":true,"href":"https:\/\/mini-bob.com\/cs\/wp-json\/wp\/v2\/comments?post=163024"}],"wp:featuredmedia":[{"embeddable":true,"href":"https:\/\/mini-bob.com\/cs\/wp-json\/wp\/v2\/media\/163027"}],"wp:attachment":[{"href":"https:\/\/mini-bob.com\/cs\/wp-json\/wp\/v2\/media?parent=163024"}],"wp:term":[{"taxonomy":"product_brand","embeddable":true,"href":"https:\/\/mini-bob.com\/cs\/wp-json\/wp\/v2\/product_brand?post=163024"},{"taxonomy":"product_cat","embeddable":true,"href":"https:\/\/mini-bob.com\/cs\/wp-json\/wp\/v2\/product_cat?post=163024"},{"taxonomy":"product_tag","embeddable":true,"href":"https:\/\/mini-bob.com\/cs\/wp-json\/wp\/v2\/product_tag?post=163024"}],"curies":[{"name":"wp","href":"https:\/\/api.w.org\/{rel}","templated":true}]}}