{"id":160187,"date":"2022-09-23T17:26:41","date_gmt":"2022-09-23T15:26:41","guid":{"rendered":"https:\/\/mini-bob.com\/el-mini-bob-turquesa-zipflbob\/"},"modified":"2025-11-25T10:00:24","modified_gmt":"2025-11-25T09:00:24","slug":"el-mini-bob-turquesa-zipflbob","status":"publish","type":"page","link":"https:\/\/mini-bob.com\/es\/el-mini-bob-turquesa-zipflbob\/","title":{"rendered":"el mini bob turquesa \/ Zipflbob"},"content":{"rendered":"<div class=\"wpb-content-wrapper\"><p>[vc_row][vc_column width=\u00bb1\/2&#8243;][vc_single_image image=\u00bb159799&#8243; img_size=\u00bblarge\u00bb][\/vc_column][vc_column width=\u00bb1\/2&#8243;][vc_custom_heading text=\u00bbEl mini bob original (Zipflbob) en turquesa\u00bb google_fonts=\u00bbfont_family:Roboto%20Condensed%3A300%2C300italic%2Cregular%2Citalic%2C700%2C700italic|font_style:400%20regular%3A400%3Anormal\u00bb][vc_column_text]El mini bob original (Zipfelbob) est\u00e1 disponible en el color especial turquesa desde septiembre de 2022.<\/p>\n<p>Esta vez, el Zipflbob de color especial turquesa no sustituye al Zipfelbob de color especial rosa, como es habitual. Al contrario. El mini bob original de color menta es un complemento de nuestra tienda, que nos permite ofrecer a nuestros peque\u00f1os y grandes clientes una amplia gama de colores. Fieles al lema: cuanto m\u00e1s colorido, mejor.   <\/p>\n<p>Esta mezcla especial de azul y verde llama inmediatamente la atenci\u00f3n y ser\u00e1 indispensable en 2022. Por eso era importante para nosotros producir un mini bob original en el color de moda, el turquesa. Y los colores brillantes siempre son especialmente populares entre los ni\u00f1os. Los colores morado y turquesa recuerdan especialmente a una popular reina del hielo, y \u00bfqu\u00e9 podr\u00eda adaptarse mejor a la nieve que el mini bob original turquesa?   <\/p>\n<p>Ya en los a\u00f1os 70 se fabric\u00f3 un mini bob similar de color \u00abpetr\u00f3leo\u00bb, que tuvo una gran acogida en su momento. Y como todos sabemos, una tendencia se repite cada pocos a\u00f1os. As\u00ed que tanto mejor que podamos volver a utilizar esta paleta de colores y traer un trozo de los a\u00f1os 70 a la actualidad.[\/vc_column_text]<style type=\"text\/css\" data-type=\"the7_shortcodes-inline-css\">#default-btn-8098bf07b9c9eb92361bf55c862e4a96.ico-right-side > i {\n  margin-right: 0px;\n  margin-left: 8px;\n}\n#default-btn-8098bf07b9c9eb92361bf55c862e4a96 > i {\n  margin-right: 8px;\n}<\/style><a href=\"https:\/\/mini-bob.com\/es\/produkt\/mini-bob-original-trineo-tobogan-zipfelbob-en-turquesa\/\" class=\"default-btn-shortcode dt-btn dt-btn-l pulse animate-element animation-builder link-hover-off btn-inline-left \" id=\"default-btn-8098bf07b9c9eb92361bf55c862e4a96\" title=\"++NEUE FARBE++ Original mini bob (Zipfelbob) in t\u00fcrkis\"><span>COMPRAR ZIPFELBOB TURQUESA<\/span><\/a>[\/vc_column][\/vc_row][vc_row][vc_column][vc_empty_space][\/vc_column][\/vc_row][vc_row][vc_column width=\u00bb1\/2&#8243;][vc_empty_space height=\u00bb60px\u00bb][vc_empty_space height=\u00bb60px\u00bb]<style type=\"text\/css\" data-type=\"the7_shortcodes-inline-css\">#default-btn-58f6f575dc8d2d7ee24ef28deedc7ff8.ico-right-side > i {\n  margin-right: 0px;\n  margin-left: 8px;\n}\n#default-btn-58f6f575dc8d2d7ee24ef28deedc7ff8 > i {\n  margin-right: 8px;\n}<\/style><div class=\"btn-align-center\"><a href=\"https:\/\/mini-bob.com\/es\/el-mini-bob\/\" class=\"default-btn-shortcode dt-btn dt-btn-l pulse animate-element animation-builder link-hover-off \" id=\"default-btn-58f6f575dc8d2d7ee24ef28deedc7ff8\" title=\"der mini bob\"><span>EL MINI BOB EN OTROS COLORES<\/span><\/a><\/div>[vc_empty_space]<style type=\"text\/css\" data-type=\"the7_shortcodes-inline-css\">#default-btn-d1c6516cebf6fe9b69096b406368e9b6.ico-right-side > i {\n  margin-right: 0px;\n  margin-left: 8px;\n}\n#default-btn-d1c6516cebf6fe9b69096b406368e9b6 > i {\n  margin-right: 8px;\n}<\/style><div class=\"btn-align-center\"><a href=\"https:\/\/mini-bob.com\/es\/tienda-original-mini-bob-zipfelbob\/\" class=\"default-btn-shortcode dt-btn dt-btn-l pulse animate-element animation-builder link-hover-off \" id=\"default-btn-d1c6516cebf6fe9b69096b406368e9b6\" title=\"Original mini bob (Zipfelbob) Shop\"><span>HAZ CLIC AQU\u00cd PARA IR DIRECTAMENTE A LA TIENDA<\/span><\/a><\/div>[\/vc_column][vc_column width=\u00bb1\/2&#8243;][vc_single_image image=\u00bb159793&#8243; img_size=\u00bblarge\u00bb][vc_column_text]Basado en un Zipfybob similar de color petr\u00f3leo de los a\u00f1os 70.[\/vc_column_text][\/vc_column][\/vc_row]<\/p>\n<\/div>","protected":false},"excerpt":{"rendered":"<p>[vc_row][vc_column width=\u00bb1\/2&#8243;][vc_single_image image=\u00bb159799&#8243; img_size=\u00bblarge\u00bb][\/vc_column][vc_column width=\u00bb1\/2&#8243;][vc_custom_heading text=\u00bbEl mini bob original (Zipflbob) en turquesa\u00bb google_fonts=\u00bbfont_family:Roboto%20Condensed%3A300%2C300italic%2Cregular%2Citalic%2C700%2C700italic|font_style:400%20regular%3A400%3Anormal\u00bb][vc_column_text]El mini bob original (Zipfelbob) est\u00e1 disponible en el color especial turquesa desde septiembre de 2022. Esta vez, el Zipflbob de color especial turquesa no sustituye al Zipfelbob de color especial rosa, como es habitual. Al contrario. El mini bob original de color&hellip;<\/p>\n","protected":false},"author":3,"featured_media":0,"parent":0,"menu_order":0,"comment_status":"closed","ping_status":"closed","template":"","meta":{"_acf_changed":false,"footnotes":""},"class_list":["post-160187","page","type-page","status-publish","hentry","description-off"],"acf":[],"_links":{"self":[{"href":"https:\/\/mini-bob.com\/es\/wp-json\/wp\/v2\/pages\/160187","targetHints":{"allow":["GET"]}}],"collection":[{"href":"https:\/\/mini-bob.com\/es\/wp-json\/wp\/v2\/pages"}],"about":[{"href":"https:\/\/mini-bob.com\/es\/wp-json\/wp\/v2\/types\/page"}],"author":[{"embeddable":true,"href":"https:\/\/mini-bob.com\/es\/wp-json\/wp\/v2\/users\/3"}],"replies":[{"embeddable":true,"href":"https:\/\/mini-bob.com\/es\/wp-json\/wp\/v2\/comments?post=160187"}],"version-history":[{"count":11,"href":"https:\/\/mini-bob.com\/es\/wp-json\/wp\/v2\/pages\/160187\/revisions"}],"predecessor-version":[{"id":161352,"href":"https:\/\/mini-bob.com\/es\/wp-json\/wp\/v2\/pages\/160187\/revisions\/161352"}],"wp:attachment":[{"href":"https:\/\/mini-bob.com\/es\/wp-json\/wp\/v2\/media?parent=160187"}],"curies":[{"name":"wp","href":"https:\/\/api.w.org\/{rel}","templated":true}]}}