{"id":160210,"date":"2022-08-22T16:16:54","date_gmt":"2022-08-22T14:16:54","guid":{"rendered":"https:\/\/mini-bob.com\/el-mini-bob-rosa-zipfelbob\/"},"modified":"2025-11-25T10:00:20","modified_gmt":"2025-11-25T09:00:20","slug":"el-mini-bob-rosa-zipfelbob","status":"publish","type":"page","link":"https:\/\/mini-bob.com\/es\/el-mini-bob-rosa-zipfelbob\/","title":{"rendered":"el mini bob rosa \/ Zipfelbob"},"content":{"rendered":"<div class=\"wpb-content-wrapper\"><p>[vc_row][vc_column width=\u00bb1\/2&#8243;][vc_single_image image=\u00bb159814&#8243; img_size=\u00bblarge\u00bb][\/vc_column][vc_column width=\u00bb1\/2&#8243;][vc_custom_heading text=\u00bbEl mini bob original (Zipflbob) en rosa\u00bb google_fonts=\u00bbfont_family:Roboto%20Condensed%3A300%2C300italic%2Cregular%2Citalic%2C700%2C700italic|font_style:400%20regular%3A400%3Anormal\u00bb][vc_column_text]Desde 2020, el mini bob (Zipfelbob) est\u00e1 disponible en el color especial rosa.<\/p>\n<p>Tras el mini bob rosa ne\u00f3n (a\u00f1os 80), el mini bob morado (a\u00f1os 90), el Zipfelbob en dise\u00f1o Milka (a\u00f1os 2000) y el Zipflbob en \u00abmorado\u00bb (a\u00f1os 2010), en 2020 lleg\u00f3 por fin el deseado mini bob original de color rosa.<br \/>\nLa gran demanda de un bob de pl\u00e1stico \u00abfemenino\u00bb nos llev\u00f3 a nuestro color especial: el rosa.<br \/>\nDespu\u00e9s de todo, \u00bfqu\u00e9 podr\u00eda encajar mejor con nuestro Zipfibob de los a\u00f1os 70 que el color rosa (cuyo nombre proviene de la flor del mismo nombre), que se convirti\u00f3 en un s\u00edmbolo femenino en los a\u00f1os 70? As\u00ed es, el mini bob original de color rosa. <\/p>\n<p>Desde hace m\u00e1s de 45 a\u00f1os, utilizamos estos colores una y otra vez, para que el famoso Zipfelbob cambie constantemente de color.[\/vc_column_text][\/vc_column][\/vc_row][vc_row][vc_column width=\u00bb1\/2&#8243;][vc_empty_space height=\u00bb200px\u00bb]<style type=\"text\/css\" data-type=\"the7_shortcodes-inline-css\">#default-btn-7a73df9659228548146594f8392b1d14.ico-right-side > i {\n  margin-right: 0px;\n  margin-left: 8px;\n}\n#default-btn-7a73df9659228548146594f8392b1d14 > i {\n  margin-right: 8px;\n}<\/style><a href=\"https:\/\/mini-bob.com\/es\/produkt\/original-mini-bob-trineo-tobogan-zipfelbob-en-rosa\/\" class=\"default-btn-shortcode dt-btn dt-btn-l pulse animate-element animation-builder link-hover-off btn-inline-left \" id=\"default-btn-7a73df9659228548146594f8392b1d14\" title=\"original mini bob (Zipfelbob) in pink\"><span>COMPRAR ZIPFELBOB ROSA<\/span><\/a>[vc_empty_space]<style type=\"text\/css\" data-type=\"the7_shortcodes-inline-css\">#default-btn-c199aabf2453faa33608328e155d8136.ico-right-side > i {\n  margin-right: 0px;\n  margin-left: 8px;\n}\n#default-btn-c199aabf2453faa33608328e155d8136 > i {\n  margin-right: 8px;\n}<\/style><a href=\"https:\/\/mini-bob.com\/es\/el-mini-bob\/\" class=\"default-btn-shortcode dt-btn dt-btn-l pulse animate-element animation-builder link-hover-off btn-inline-left \" id=\"default-btn-c199aabf2453faa33608328e155d8136\" title=\"der mini bob\"><span>EL MINI BOB EN OTROS COLORES<\/span><\/a>[vc_empty_space]<style type=\"text\/css\" data-type=\"the7_shortcodes-inline-css\">#default-btn-1be54919da284ae1a89f8458a32a6cdc.ico-right-side > i {\n  margin-right: 0px;\n  margin-left: 8px;\n}\n#default-btn-1be54919da284ae1a89f8458a32a6cdc > i {\n  margin-right: 8px;\n}<\/style><a href=\"https:\/\/mini-bob.com\/es\/tienda-original-mini-bob-zipfelbob\/\" class=\"default-btn-shortcode dt-btn dt-btn-l pulse animate-element animation-builder link-hover-off btn-inline-left \" id=\"default-btn-1be54919da284ae1a89f8458a32a6cdc\" title=\"Original mini bob (Zipfelbob) Shop\"><span>HAZ CLIC AQU\u00cd PARA IR DIRECTAMENTE A LA TIENDA<\/span><\/a>[\/vc_column][vc_column width=\u00bb1\/2&#8243;][vc_single_image image=\u00bb159809&#8243; img_size=\u00bblarge\u00bb][\/vc_column][\/vc_row][vc_row][vc_column][vc_single_image image=\u00bb159819&#8243; img_size=\u00bbfull\u00bb alignment=\u00bbcenter\u00bb][\/vc_column][\/vc_row]<\/p>\n<\/div>","protected":false},"excerpt":{"rendered":"<p>[vc_row][vc_column width=\u00bb1\/2&#8243;][vc_single_image image=\u00bb159814&#8243; img_size=\u00bblarge\u00bb][\/vc_column][vc_column width=\u00bb1\/2&#8243;][vc_custom_heading text=\u00bbEl mini bob original (Zipflbob) en rosa\u00bb google_fonts=\u00bbfont_family:Roboto%20Condensed%3A300%2C300italic%2Cregular%2Citalic%2C700%2C700italic|font_style:400%20regular%3A400%3Anormal\u00bb][vc_column_text]Desde 2020, el mini bob (Zipfelbob) est\u00e1 disponible en el color especial rosa. Tras el mini bob rosa ne\u00f3n (a\u00f1os 80), el mini bob morado (a\u00f1os 90), el Zipfelbob en dise\u00f1o Milka (a\u00f1os 2000) y el Zipflbob en \u00abmorado\u00bb (a\u00f1os 2010), en 2020&hellip;<\/p>\n","protected":false},"author":3,"featured_media":0,"parent":0,"menu_order":0,"comment_status":"closed","ping_status":"closed","template":"","meta":{"_acf_changed":false,"footnotes":""},"class_list":["post-160210","page","type-page","status-publish","hentry","description-off"],"acf":[],"_links":{"self":[{"href":"https:\/\/mini-bob.com\/es\/wp-json\/wp\/v2\/pages\/160210","targetHints":{"allow":["GET"]}}],"collection":[{"href":"https:\/\/mini-bob.com\/es\/wp-json\/wp\/v2\/pages"}],"about":[{"href":"https:\/\/mini-bob.com\/es\/wp-json\/wp\/v2\/types\/page"}],"author":[{"embeddable":true,"href":"https:\/\/mini-bob.com\/es\/wp-json\/wp\/v2\/users\/3"}],"replies":[{"embeddable":true,"href":"https:\/\/mini-bob.com\/es\/wp-json\/wp\/v2\/comments?post=160210"}],"version-history":[{"count":4,"href":"https:\/\/mini-bob.com\/es\/wp-json\/wp\/v2\/pages\/160210\/revisions"}],"predecessor-version":[{"id":161348,"href":"https:\/\/mini-bob.com\/es\/wp-json\/wp\/v2\/pages\/160210\/revisions\/161348"}],"wp:attachment":[{"href":"https:\/\/mini-bob.com\/es\/wp-json\/wp\/v2\/media?parent=160210"}],"curies":[{"name":"wp","href":"https:\/\/api.w.org\/{rel}","templated":true}]}}