{"id":160218,"date":"2022-05-27T09:24:00","date_gmt":"2022-05-27T07:24:00","guid":{"rendered":"https:\/\/mini-bob.com\/autenticidad-de-las-valoraciones\/"},"modified":"2022-05-27T09:24:00","modified_gmt":"2022-05-27T07:24:00","slug":"autenticidad-de-las-valoraciones","status":"publish","type":"page","link":"https:\/\/mini-bob.com\/es\/autenticidad-de-las-valoraciones\/","title":{"rendered":"Autenticidad de las valoraciones"},"content":{"rendered":"<h1>Nota sobre la autenticidad de las calificaciones<\/h1>\n<p>Las opiniones en nuestro sitio web s\u00f3lo pueden ser enviadas por clientes y s\u00f3lo para productos que nos hayan comprado realmente.<\/p>\n<p>Medidas de filtro opcionales al enviar valoraciones:<\/p>\n<ul>\n<li>Los clientes s\u00f3lo pueden dejar una opini\u00f3n si han comprado realmente el producto en cuesti\u00f3n.<\/li>\n<li>No permitimos dobles valoraciones para el mismo producto.<\/li>\n<li>Comprobamos manualmente la autenticidad de las rese\u00f1as (comparaci\u00f3n del pedido, nombre y correo electr\u00f3nico del comprador) y s\u00f3lo se activan tras una verificaci\u00f3n satisfactoria.<\/li>\n<li>Las valoraciones se publican independientemente del resultado: \u00abbueno o malo\u00bb, \u00a1estamos abiertos a las cr\u00edticas!<\/li>\n<\/ul>\n","protected":false},"excerpt":{"rendered":"<p>Nota sobre la autenticidad de las calificaciones Las opiniones en nuestro sitio web s\u00f3lo pueden ser enviadas por clientes y s\u00f3lo para productos que nos hayan comprado realmente. Medidas de filtro opcionales al enviar valoraciones: Los clientes s\u00f3lo pueden dejar una opini\u00f3n si han comprado realmente el producto en cuesti\u00f3n. No permitimos dobles valoraciones para&hellip;<\/p>\n","protected":false},"author":1,"featured_media":0,"parent":0,"menu_order":0,"comment_status":"closed","ping_status":"closed","template":"","meta":{"_acf_changed":false,"footnotes":""},"class_list":["post-160218","page","type-page","status-publish","hentry","description-off"],"acf":[],"_links":{"self":[{"href":"https:\/\/mini-bob.com\/es\/wp-json\/wp\/v2\/pages\/160218","targetHints":{"allow":["GET"]}}],"collection":[{"href":"https:\/\/mini-bob.com\/es\/wp-json\/wp\/v2\/pages"}],"about":[{"href":"https:\/\/mini-bob.com\/es\/wp-json\/wp\/v2\/types\/page"}],"author":[{"embeddable":true,"href":"https:\/\/mini-bob.com\/es\/wp-json\/wp\/v2\/users\/1"}],"replies":[{"embeddable":true,"href":"https:\/\/mini-bob.com\/es\/wp-json\/wp\/v2\/comments?post=160218"}],"version-history":[{"count":0,"href":"https:\/\/mini-bob.com\/es\/wp-json\/wp\/v2\/pages\/160218\/revisions"}],"wp:attachment":[{"href":"https:\/\/mini-bob.com\/es\/wp-json\/wp\/v2\/media?parent=160218"}],"curies":[{"name":"wp","href":"https:\/\/api.w.org\/{rel}","templated":true}]}}