{"id":160219,"date":"2017-01-20T21:03:33","date_gmt":"2017-01-20T20:03:33","guid":{"rendered":"https:\/\/mini-bob.com\/trineo-bob-min-bob-el-trineo-moderno-definitivo\/"},"modified":"2025-11-25T10:00:16","modified_gmt":"2025-11-25T09:00:16","slug":"trineo-bob-min-bob-el-trineo-moderno-definitivo","status":"publish","type":"page","link":"https:\/\/mini-bob.com\/es\/trineo-bob-min-bob-el-trineo-moderno-definitivo\/","title":{"rendered":"trineo bob min bob - el trineo moderno definitivo"},"content":{"rendered":"<div class=\"wpb-content-wrapper\"><p>[vc_row][vc_column][vc_custom_heading text=\u00bb\u00a1As\u00ed es la acci\u00f3n del trineo de bob hoy!\u00bb google_fonts=\u00bbfont_family:Roboto%20Condensed%3A300%2C300italic%2Cregular%2Citalic%2C700%2C700italic|font_style:400%20regular%3A400%3Anormal\u00bb][vc_column_text]El trineo definitivo para j\u00f3venes y mayores, probado en numerosas pruebas - sin cambios y probado desde 1976.[\/vc_column_text][vc_video link=\u00bbhttps:\/\/player.vimeo.com\/video\/200398022&#8243;][vc_column_text]\u00bfS\u00f3lo conoces el trineo de madera \u00abnormal\u00bb o el trineo de direcci\u00f3n de pl\u00e1stico? \u00a1Entonces deber\u00edas probar el mini bob original! Un trineo innovador que, aunque existe desde 1976, su concepto sigue impresionando en comparaci\u00f3n con los trineos de madera tradicionales. En muchas pruebas comparativas de trineos, demuestra una y otra vez lo ingenioso y sencillo que es su concepto. Por eso el minibob ya ha sido copiado varias veces e imitado su concepto de bast\u00f3n de direcci\u00f3n.    <\/p>\n<p>Por eso, cuando compres un trineo, aseg\u00farate de comprar un mini bob original; por desgracia, ahora hay muchas copias baratas procedentes del Lejano Oriente, que a menudo no cumplen las estrictas normas de seguridad exigidas.<\/p>\n<p>Trineo 2.0: \u00a1el mini bob original![\/vc_column_text][\/vc_column][\/vc_row][vc_row][vc_column][vc_empty_space][\/vc_column][\/vc_row][vc_row][vc_column][vc_custom_heading text=\u00bbel trineo bob definitivo de hoy\u00bb google_fonts=\u00bbfont_family:Roboto%20Condensed%3A300%2C300italic%2Cregular%2Citalic%2C700%2C700italic|font_style:400%20regular%3A400%3Anormal\u00bb][vc_column_text]Inventado en los a\u00f1os 70 y todav\u00eda moderno, un cl\u00e1sico atemporal: el mini bob.<\/p>\n<p>Si buscas un trineo de bob que sea muy divertido en la nieve y que puedan dominar con rapidez, facilidad y seguridad tanto los peque\u00f1os como los mayores, \u00a1nuestro trineo de pl\u00e1stico \u00abmini bob\u00bb seguro que te har\u00e1 feliz!<\/p>\n<p>Desde su invenci\u00f3n en Austria en la d\u00e9cada de 1970, el mini bob se fabrica en Alemania y ha inspirado a generaciones desde entonces.<\/p>\n<p>Gracias a la construcci\u00f3n ligera y robusta de su cuerpo hueco de pl\u00e1stico, el peque\u00f1o trineo de bob puede ser transportado y controlado incluso por los ni\u00f1os m\u00e1s peque\u00f1os. Gracias a su construcci\u00f3n estable, ni siquiera los jinetes altos y pesados son un problema para el trineo de bob \u00abmini bob\u00bb: \u00a1pueden pesar hasta 100 kg![\/vc_column_text][\/vc_column][\/vc_row][vc_row][vc_column][vc_custom_heading text=\u00bbcomprar trineo mini bob\u00bb google_fonts=\u00bbfont_family:Roboto%20Condensed%3A300%2C300italic%2Cregular%2Citalic%2C700%2C700italic|font_style:400%20regular%3A400%3Anormal\u00bb][vc_column_text]<\/p>\n<h4>\u00a1aqu\u00ed puedes comprar el trineo bob definitivo \u00abmini bob\u00bb!<\/h4>\n<p>[\/vc_column_text]<style type=\"text\/css\" data-type=\"the7_shortcodes-inline-css\">#default-btn-1be54919da284ae1a89f8458a32a6cdc.ico-right-side > i {\n  margin-right: 0px;\n  margin-left: 8px;\n}\n#default-btn-1be54919da284ae1a89f8458a32a6cdc > i {\n  margin-right: 8px;\n}<\/style><a href=\"https:\/\/mini-bob.com\/es\/tienda-original-mini-bob-zipfelbob\/\" class=\"default-btn-shortcode dt-btn dt-btn-l pulse animate-element animation-builder link-hover-off btn-inline-left \" id=\"default-btn-1be54919da284ae1a89f8458a32a6cdc\" title=\"Original mini bob (Zipfelbob) Shop\"><span>COMPRAR MINI BOB<\/span><\/a>[\/vc_column][\/vc_row][vc_row][vc_column][vc_empty_space][\/vc_column][\/vc_row][vc_row][vc_column][vc_custom_heading text=\u00bbToda la informaci\u00f3n sobre el trineo de bob \u00abmini bob\u00ab\u00bb google_fonts=\u00bbfont_family:Roboto%20Condensed%3A300%2C300italic%2Cregular%2Citalic%2C700%2C700italic|font_style:400%20regular%3A400%3Anormal\u00bb][vc_single_image image=\u00bb160220&#8243; img_size=\u00bblarge\u00bb][vc_column_text]bob trineo<\/p>\n<p>&nbsp;<\/p>\n<p>En nuestro sitio web encontrar\u00e1s toda la informaci\u00f3n que necesitas, desde la historia del mini bob hasta su desarrollo actual. Si tienes alguna duda, puedes consultar nuestras extensas <a href=\"https:\/\/mini-bob.com\/faq\/\">preguntas frecuentes<\/a> y ponerte en contacto con nosotros directamente. <\/p>\n<p>Si quieres comprar el mini bob original, encontrar\u00e1s lo que buscas en \u00abcomprar mini bob\u00bb. Desde aqu\u00ed puedes acceder a nuestra tienda con ediciones especiales, as\u00ed como a los distribuidores que venden el trineo bob online y en tiendas. <\/p>\n<p>Si buscas informaci\u00f3n sobre el tema de los trineos, tambi\u00e9n encontrar\u00e1s algunos art\u00edculos \u00fatiles en nuestra secci\u00f3n de noticias.[\/vc_column_text][\/vc_column][\/vc_row]<\/p>\n<\/div>","protected":false},"excerpt":{"rendered":"<p>[vc_row][vc_column][vc_custom_heading text=\u00bb\u00a1As\u00ed es la acci\u00f3n del trineo de bob hoy!\u00bb google_fonts=\u00bbfont_family:Roboto%20Condensed%3A300%2C300italic%2Cregular%2Citalic%2C700%2C700italic|font_style:400%20regular%3A400%3Anormal\u00bb][vc_column_text]El trineo definitivo para j\u00f3venes y mayores, probado en numerosas pruebas - sin cambios y probado desde 1976.[\/vc_column_text][vc_video link=\u00bbhttps:\/\/player.vimeo.com\/video\/200398022&#8243;][vc_column_text]\u00bfS\u00f3lo conoces el trineo de madera \u00abnormal\u00bb o el trineo de direcci\u00f3n de pl\u00e1stico? \u00a1Entonces deber\u00edas probar el mini bob original! Un trineo innovador que, aunque existe&hellip;<\/p>\n","protected":false},"author":1,"featured_media":0,"parent":0,"menu_order":0,"comment_status":"closed","ping_status":"closed","template":"","meta":{"_acf_changed":false,"footnotes":""},"class_list":["post-160219","page","type-page","status-publish","hentry","description-off"],"acf":[],"_links":{"self":[{"href":"https:\/\/mini-bob.com\/es\/wp-json\/wp\/v2\/pages\/160219","targetHints":{"allow":["GET"]}}],"collection":[{"href":"https:\/\/mini-bob.com\/es\/wp-json\/wp\/v2\/pages"}],"about":[{"href":"https:\/\/mini-bob.com\/es\/wp-json\/wp\/v2\/types\/page"}],"author":[{"embeddable":true,"href":"https:\/\/mini-bob.com\/es\/wp-json\/wp\/v2\/users\/1"}],"replies":[{"embeddable":true,"href":"https:\/\/mini-bob.com\/es\/wp-json\/wp\/v2\/comments?post=160219"}],"version-history":[{"count":14,"href":"https:\/\/mini-bob.com\/es\/wp-json\/wp\/v2\/pages\/160219\/revisions"}],"predecessor-version":[{"id":161343,"href":"https:\/\/mini-bob.com\/es\/wp-json\/wp\/v2\/pages\/160219\/revisions\/161343"}],"wp:attachment":[{"href":"https:\/\/mini-bob.com\/es\/wp-json\/wp\/v2\/media?parent=160219"}],"curies":[{"name":"wp","href":"https:\/\/api.w.org\/{rel}","templated":true}]}}