{"id":160231,"date":"2017-01-08T13:29:04","date_gmt":"2017-01-08T12:29:04","guid":{"rendered":"https:\/\/mini-bob.com\/compra-el-trineo-definitivo-el-mini-bob-original\/"},"modified":"2025-11-25T10:00:17","modified_gmt":"2025-11-25T09:00:17","slug":"compra-el-trineo-definitivo-el-mini-bob-original","status":"publish","type":"page","link":"https:\/\/mini-bob.com\/es\/compra-el-trineo-definitivo-el-mini-bob-original\/","title":{"rendered":"compra el trineo definitivo - el mini bob original"},"content":{"rendered":"<div class=\"wpb-content-wrapper\"><p>[vc_row][vc_column][vc_custom_heading text=\u00bbMaxi diversi\u00f3n con mini bob - el trineo definitivo\u00bb font_container=\u00bbtag:h1|text_align:left\u00bb google_fonts=\u00bbfont_family:Roboto%20Condensed%3A300%2C300italic%2Cregular%2Citalic%2C700%2C700italic|font_style:400%20regular%3A400%3Anormal\u00bb][\/vc_column][\/vc_row][vc_row][vc_column][vc_custom_heading text=\u00bbSi es en trineo, \u00a1con mini bob!\u00bb font_container=\u00bbtag:h2|text_align:center\u00bb google_fonts=\u00bbfont_family:Roboto%20Condensed%3A300%2C300italic%2Cregular%2Citalic%2C700%2C700italic|font_style:400%20regular%3A400%3Anormal\u00bb][\/vc_column][\/vc_row][vc_row][vc_column][vc_single_image image=\u00bb160220&#8243; img_size=\u00bblarge\u00bb alignment=\u00bbcenter\u00bb onclick=\u00bbzoom\u00bb lazy_loading=\u00bbtrue\u00bb][\/vc_column][\/vc_row][vc_row][vc_column][vc_custom_heading text=\u00bbEl trineo \u00fanico y quiz\u00e1s el mejor para divertirse en la nieve: \u00a1fabricado en Alemania desde 1976!\u00bb font_container=\u00bbtag:h2|text_align:center\u00bb google_fonts=\u00bbfont_family:Roboto%20Condensed%3A300%2C300italic%2Cregular%2Citalic%2C700%2C700italic|font_style:400%20regular%3A400%3Anormal\u00bb][vc_column_text]\u00bfS\u00f3lo conoces los trineos de madera de siempre? \u00a1Entonces te sorprender\u00e1 lo divertido que puede ser montar en trineo! <\/p>\n<p>Inventado en los Alpes austriacos y fabricado en Alemania con los m\u00e1s altos est\u00e1ndares de calidad desde 1976, el mini bob original ofrece la m\u00e1xima diversi\u00f3n de conducci\u00f3n con la m\u00e1xima seguridad.<\/p>\n<p>Gracias a su forma y concepto \u00fanicos, el mini bob es muy superior a los trineos normales. R\u00e1pidamente aprender\u00e1s a dirigirlo con precisi\u00f3n y a frenar con rapidez y eficacia. <\/p>\n<p>Desde un simple descenso por una peque\u00f1a colina hasta espectaculares acrobacias, todo es posible con el peque\u00f1o minitrineo.<\/p>\n<p>El mini bob original se puede comprar en muchos colores diferentes. As\u00ed que si quieres comprar un trineo, ahora puedes elegir entre muchos colores brillantes que quedan especialmente bien en la nieve.[\/vc_column_text][\/vc_column][\/vc_row][vc_row][vc_column][vc_custom_heading text=\u00bbmini bob - \u00bfcomprar el trineo definitivo?\u00bb google_fonts=\u00bbfont_family:Roboto%20Condensed%3A300%2C300italic%2Cregular%2Citalic%2C700%2C700italic|font_style:400%20regular%3A400%3Anormal\u00bb]<style type=\"text\/css\" data-type=\"the7_shortcodes-inline-css\">#default-btn-1be54919da284ae1a89f8458a32a6cdc.ico-right-side > i {\n  margin-right: 0px;\n  margin-left: 8px;\n}\n#default-btn-1be54919da284ae1a89f8458a32a6cdc > i {\n  margin-right: 8px;\n}<\/style><a href=\"https:\/\/mini-bob.com\/es\/tienda-original-mini-bob-zipfelbob\/\" class=\"default-btn-shortcode dt-btn dt-btn-l pulse animate-element animation-builder link-hover-off btn-inline-left \" id=\"default-btn-1be54919da284ae1a89f8458a32a6cdc\" title=\"Original mini bob (Zipfelbob) Shop\"><span>\u00a1COMPRA MINI BOB!<\/span><\/a>[\/vc_column][\/vc_row][vc_row][vc_column][vc_empty_space][vc_masonry_media_grid initial_loading_animation=\u00bbfadeIn\u00bb grid_id=\u00bbvc_gid:1662623660523-c096aec2-2791-10&#8243; include=\u00bb159993,160079,160233,160234,160235&#8243;][\/vc_column][\/vc_row][vc_row][vc_column][vc_column_text]El mini bob original no est\u00e1 hecho de madera como un trineo normal, sino de un pl\u00e1stico indestructible que es extremadamente resistente y puede soportar incluso las carreras de trineo m\u00e1s duras. Donde los trineos de madera se rompen o los trineos de concha de pl\u00e1stico se rompen, el mini bob original sigue funcionando. Esto significa que hay menos riesgo de lesiones que con los trineos convencionales.  <\/p>\n<p>Gracias a su bajo centro de gravedad, el riesgo de lesiones es muy bajo incluso en caso de ca\u00edda, por lo que el mini bob puede ser montado por personas de 3 a 99 a\u00f1os.<\/p>\n<p>El mini bob ofrece la mejor experiencia de trineo para peque\u00f1os y mayores.<\/p>\n<p>Gracias a su exclusiva forma de frenado (basta con tirar de la palanca de control hacia el cuerpo), el min bob puede detenerse de forma r\u00e1pida y segura.[\/vc_column_text][vc_custom_heading text=\u00bbmini bob - \u00a1la forma original de hacer tobog\u00e1n!\u00bb google_fonts=\u00bbfont_family:Roboto%20Condensed%3A300%2C300italic%2Cregular%2Citalic%2C700%2C700italic|font_style:400%20regular%3A400%3Anormal\u00bb][\/vc_column][\/vc_row][vc_row][vc_column][vc_column_text]En nuestras <a href=\"https:\/\/mini-bob.com\/faq\/\">FAQ<\/a> (preguntas y respuestas) encontrar\u00e1s m\u00e1s informaci\u00f3n sobre el mini bob original<\/p>\n<p>En <a href=\"https:\/\/mini-bob.com\/der-mini-bob\/\">\u00abel mini bob\u00bb<\/a> encontrar\u00e1s m\u00e1s informaci\u00f3n t\u00e9cnica sobre el mini bob original<\/p>\n<p>Puedes comprar el mini bob original en tiendas especializadas o por Internet; aqu\u00ed encontrar\u00e1s una lista de distribuidores: <a href=\"https:\/\/mini-bob.com\/mini-bob-kaufen\/\">comprar el mini bob<\/a><\/p>\n<p>Si t\u00fa, como padre, tienes alguna pregunta sobre el mini bob, <a href=\"https:\/\/mini-bob.com\/kontakt\/\">ponte en contacto con<\/a> nosotros, \u00a1estaremos encantados de ayudarte![\/vc_column_text][\/vc_column][\/vc_row]<\/p>\n<\/div>","protected":false},"excerpt":{"rendered":"<p>[vc_row][vc_column][vc_custom_heading text=\u00bbMaxi diversi\u00f3n con mini bob - el trineo definitivo\u00bb font_container=\u00bbtag:h1|text_align:left\u00bb google_fonts=\u00bbfont_family:Roboto%20Condensed%3A300%2C300italic%2Cregular%2Citalic%2C700%2C700italic|font_style:400%20regular%3A400%3Anormal\u00bb][\/vc_column][\/vc_row][vc_row][vc_column][vc_custom_heading text=\u00bbSi es en trineo, \u00a1con mini bob!\u00bb font_container=\u00bbtag:h2|text_align:center\u00bb google_fonts=\u00bbfont_family:Roboto%20Condensed%3A300%2C300italic%2Cregular%2Citalic%2C700%2C700italic|font_style:400%20regular%3A400%3Anormal\u00bb][\/vc_column][\/vc_row][vc_row][vc_column][vc_single_image image=\u00bb160220&#8243; img_size=\u00bblarge\u00bb alignment=\u00bbcenter\u00bb onclick=\u00bbzoom\u00bb lazy_loading=\u00bbtrue\u00bb][\/vc_column][\/vc_row][vc_row][vc_column][vc_custom_heading text=\u00bbEl trineo \u00fanico y quiz\u00e1s el mejor para divertirse en la nieve: \u00a1fabricado en Alemania desde 1976!\u00bb font_container=\u00bbtag:h2|text_align:center\u00bb google_fonts=\u00bbfont_family:Roboto%20Condensed%3A300%2C300italic%2Cregular%2Citalic%2C700%2C700italic|font_style:400%20regular%3A400%3Anormal\u00bb][vc_column_text]\u00bfS\u00f3lo conoces los trineos de madera de siempre? \u00a1Entonces te sorprender\u00e1&hellip;<\/p>\n","protected":false},"author":1,"featured_media":0,"parent":0,"menu_order":0,"comment_status":"closed","ping_status":"closed","template":"","meta":{"_acf_changed":false,"footnotes":""},"class_list":["post-160231","page","type-page","status-publish","hentry","description-off"],"acf":[],"_links":{"self":[{"href":"https:\/\/mini-bob.com\/es\/wp-json\/wp\/v2\/pages\/160231","targetHints":{"allow":["GET"]}}],"collection":[{"href":"https:\/\/mini-bob.com\/es\/wp-json\/wp\/v2\/pages"}],"about":[{"href":"https:\/\/mini-bob.com\/es\/wp-json\/wp\/v2\/types\/page"}],"author":[{"embeddable":true,"href":"https:\/\/mini-bob.com\/es\/wp-json\/wp\/v2\/users\/1"}],"replies":[{"embeddable":true,"href":"https:\/\/mini-bob.com\/es\/wp-json\/wp\/v2\/comments?post=160231"}],"version-history":[{"count":5,"href":"https:\/\/mini-bob.com\/es\/wp-json\/wp\/v2\/pages\/160231\/revisions"}],"predecessor-version":[{"id":161344,"href":"https:\/\/mini-bob.com\/es\/wp-json\/wp\/v2\/pages\/160231\/revisions\/161344"}],"wp:attachment":[{"href":"https:\/\/mini-bob.com\/es\/wp-json\/wp\/v2\/media?parent=160231"}],"curies":[{"name":"wp","href":"https:\/\/api.w.org\/{rel}","templated":true}]}}