{"id":160241,"date":"2018-01-08T10:13:22","date_gmt":"2018-01-08T09:13:22","guid":{"rendered":"https:\/\/mini-bob.com\/stielbob-comprar\/"},"modified":"2025-11-25T10:00:20","modified_gmt":"2025-11-25T09:00:20","slug":"stielbob-comprar","status":"publish","type":"page","link":"https:\/\/mini-bob.com\/es\/stielbob-comprar\/","title":{"rendered":"Stielbob - comprar"},"content":{"rendered":"<div class=\"wpb-content-wrapper\"><p>[vc_row][vc_column][vc_custom_heading text=\u00bbel mini bob - los inventores del bob con mango - el bob con mango\u00bb font_container=\u00bbtag:h1|text_align:left\u00bb google_fonts=\u00bbfont_family:Roboto%20Condensed%3A300%2C300italic%2Cregular%2Citalic%2C700%2C700italic|font_style:400%20regular%3A400%3Anormal\u00bb][vc_column_text]<\/p>\n<p style=\"text-align: center;\"><iframe loading=\"lazy\" src=\"https:\/\/www.youtube.com\/embed\/gqhoRT8uukk?rel=0&amp;controls=0&amp;showinfo=0&amp;autoplay=1\" width=\"560\" height=\"315\" frameborder=\"0\" allowfullscreen=\"allowfullscreen\"><\/iframe><\/p>\n<p>[\/vc_column_text][\/vc_column][\/vc_row][vc_row][vc_column][vc_column_text]\u00bfBuscas el bob Stiel original? \u00a1Puedes comprarnos el <a href=\"https:\/\/mini-bob.com\/der-mini-bob\/?v=3a52f3c22ed6\">mini bob original <\/a>! \u00abFabricado en Alemania desde 1976&#8243; es como se conoce al mini bob gracias a su exclusiva manivela de direcci\u00f3n y freno.  <\/p>\n<p>El Stielbob se caracteriza por su alta calidad y durabilidad: es r\u00e1pido y f\u00e1cil de controlar y seguro de dirigir y frenar.<\/p>\n<p>Gracias a su empu\u00f1adura de direcci\u00f3n, puedes frenar el bob con seguridad y rapidez en cualquier momento: s\u00f3lo tienes que tirar de la empu\u00f1adura hacia ti y frenar con el borde trasero para detener el mini bob.<\/p>\n<p>Desplazando tu peso, puedes trazar giros en la nieve de forma f\u00e1cil y precisa con el Stielbob. Gracias a su agarre seguro, siempre tendr\u00e1s el control total. <\/p>\n<p>Los profesionales pueden dominar a\u00fan m\u00e1s las curvas agarr\u00e1ndose al bast\u00f3n con una sola mano y tocando la nieve con la mano de la parte interior de la curva.<\/p>\n<p>Diversi\u00f3n maxi con mini bob: \u00a1el mango bob definitivo![\/vc_column_text][\/vc_column][\/vc_row][vc_row][vc_column][vc_empty_space][\/vc_column][\/vc_row][vc_row][vc_column][vc_custom_heading text=\u00bbcomprar mango bob original - el mini bob original\u00bb google_fonts=\u00bbfont_family:Roboto%20Condensed%3A300%2C300italic%2Cregular%2Citalic%2C700%2C700italic|font_style:400%20regular%3A400%3Anormal\u00bb][vc_empty_space][vc_cta h2=\u00bbAqu\u00ed puedes comprar el Stielbob original - \u00a1mini bob!\u00bb add_button=\u00bbright\u00bb btn_title=\u00bbCOMPRAR STIELBOB\u00bb btn_shape=\u00bbsquare\u00bb btn_link=\u00bburl:https%3A%2F%2Fmini-bob.com%2Fes%2Ftienda-original-mini-bob-zipfelbob%2F|title:Original%20mini%20bob%20%28Zipfelbob%29%20Shop|\u00bb]\u00a1compra el Stielbob original de 1976![\/vc_cta][\/vc_column][\/vc_row][vc_row][vc_column][vc_empty_space][\/vc_column][\/vc_row][vc_row][vc_column][vc_custom_heading text=\u00bbmini bob - \u00a1el mango bob original!\u00bb google_fonts=\u00bbfont_family:Roboto%20Condensed%3A300%2C300italic%2Cregular%2Citalic%2C700%2C700italic|font_style:400%20regular%3A400%3Anormal\u00bb]<style type=\"text\/css\" data-type=\"the7_shortcodes-inline-css\">.gallery-shortcode.gallery-masonry-shortcode-id-17cc640280095f02b2e90fd3db988cd6 figure,\n.gallery-shortcode.gallery-masonry-shortcode-id-17cc640280095f02b2e90fd3db988cd6 .rollover,\n.gallery-shortcode.gallery-masonry-shortcode-id-17cc640280095f02b2e90fd3db988cd6 img,\n.gallery-shortcode.gallery-masonry-shortcode-id-17cc640280095f02b2e90fd3db988cd6 .gallery-rollover {\n  border-radius: 0px;\n}\n.gallery-shortcode.gallery-masonry-shortcode-id-17cc640280095f02b2e90fd3db988cd6.enable-bg-rollover .gallery-rollover {\n  background: -webkit-linear-gradient();\n  background: linear-gradient();\n}\n.gallery-shortcode.gallery-masonry-shortcode-id-17cc640280095f02b2e90fd3db988cd6.enable-bg-rollover.hover-scale figure .rollover:after {\n  background: -webkit-linear-gradient();\n  background: linear-gradient();\n}\n.gallery-shortcode.gallery-masonry-shortcode-id-17cc640280095f02b2e90fd3db988cd6 .gallery-zoom-ico {\n  width: 44px;\n  height: 44px;\n  line-height: 44px;\n  border-radius: 100px;\n  margin: -22px 0 0 -22px;\n  border-width: 0px;\n  color: #ffffff;\n}\n.dt-icon-bg-on.gallery-shortcode.gallery-masonry-shortcode-id-17cc640280095f02b2e90fd3db988cd6 .gallery-zoom-ico {\n  background: rgba(255,255,255,0.3);\n  box-shadow: none;\n}\n.gallery-shortcode.gallery-masonry-shortcode-id-17cc640280095f02b2e90fd3db988cd6 .gallery-zoom-ico:before,\n.gallery-shortcode.gallery-masonry-shortcode-id-17cc640280095f02b2e90fd3db988cd6 .gallery-zoom-ico span {\n  font-size: 32px;\n  line-height: 44px;\n  color: #ffffff;\n}\n.gallery-shortcode.gallery-masonry-shortcode-id-17cc640280095f02b2e90fd3db988cd6:not(.resize-by-browser-width) .dt-css-grid {\n  grid-row-gap: 10px;\n  grid-column-gap: 10px;\n  grid-template-columns: repeat(auto-fill,minmax(,1fr));\n}\n.gallery-shortcode.gallery-masonry-shortcode-id-17cc640280095f02b2e90fd3db988cd6:not(.resize-by-browser-width) .dt-css-grid .double-width {\n  grid-column: span 2;\n}\n.cssgridlegacy.no-cssgrid .gallery-shortcode.gallery-masonry-shortcode-id-17cc640280095f02b2e90fd3db988cd6:not(.resize-by-browser-width) .dt-css-grid,\n.no-cssgridlegacy.no-cssgrid .gallery-shortcode.gallery-masonry-shortcode-id-17cc640280095f02b2e90fd3db988cd6:not(.resize-by-browser-width) .dt-css-grid {\n  display: flex;\n  flex-flow: row wrap;\n  margin: -5px;\n}\n.cssgridlegacy.no-cssgrid .gallery-shortcode.gallery-masonry-shortcode-id-17cc640280095f02b2e90fd3db988cd6:not(.resize-by-browser-width) .dt-css-grid .wf-cell,\n.no-cssgridlegacy.no-cssgrid .gallery-shortcode.gallery-masonry-shortcode-id-17cc640280095f02b2e90fd3db988cd6:not(.resize-by-browser-width) .dt-css-grid .wf-cell {\n  flex: 1 0 ;\n  max-width: 100%;\n  padding: 5px;\n  box-sizing: border-box;\n}\n.gallery-shortcode.gallery-masonry-shortcode-id-17cc640280095f02b2e90fd3db988cd6.resize-by-browser-width .dt-css-grid {\n  grid-template-columns: repeat(5,1fr);\n  grid-template-rows: auto;\n  grid-column-gap: 10px;\n  grid-row-gap: 10px;\n}\n.gallery-shortcode.gallery-masonry-shortcode-id-17cc640280095f02b2e90fd3db988cd6.resize-by-browser-width .dt-css-grid .double-width {\n  grid-column: span 2;\n}\n.cssgridlegacy.no-cssgrid .gallery-shortcode.gallery-masonry-shortcode-id-17cc640280095f02b2e90fd3db988cd6.resize-by-browser-width .dt-css-grid {\n  margin: -5px;\n}\n.cssgridlegacy.no-cssgrid .gallery-shortcode.gallery-masonry-shortcode-id-17cc640280095f02b2e90fd3db988cd6.resize-by-browser-width .dt-css-grid .wf-cell {\n  width: 20%;\n  padding: 5px;\n}\n.cssgridlegacy.no-cssgrid .gallery-shortcode.gallery-masonry-shortcode-id-17cc640280095f02b2e90fd3db988cd6.resize-by-browser-width .dt-css-grid .wf-cell.double-width {\n  width: calc(20%) * 2;\n}\n.gallery-shortcode.gallery-masonry-shortcode-id-17cc640280095f02b2e90fd3db988cd6.resize-by-browser-width:not(.centered-layout-list):not(.content-bg-on) .dt-css-grid {\n  grid-row-gap: 10px - ;\n}\n@media screen and (max-width: 1199px) {\n  .gallery-shortcode.gallery-masonry-shortcode-id-17cc640280095f02b2e90fd3db988cd6.resize-by-browser-width .dt-css-grid {\n    grid-template-columns: repeat(4,1fr);\n  }\n  .cssgridlegacy.no-cssgrid .gallery-shortcode.gallery-masonry-shortcode-id-17cc640280095f02b2e90fd3db988cd6.resize-by-browser-width .dt-css-grid .wf-cell,\n  .no-cssgridlegacy.no-cssgrid .gallery-shortcode.gallery-masonry-shortcode-id-17cc640280095f02b2e90fd3db988cd6.resize-by-browser-width .dt-css-grid .wf-cell {\n    width: 25%;\n  }\n  .cssgridlegacy.no-cssgrid .gallery-shortcode.gallery-masonry-shortcode-id-17cc640280095f02b2e90fd3db988cd6.resize-by-browser-width .dt-css-grid .wf-cell.double-width,\n  .no-cssgridlegacy.no-cssgrid .gallery-shortcode.gallery-masonry-shortcode-id-17cc640280095f02b2e90fd3db988cd6.resize-by-browser-width .dt-css-grid .wf-cell.double-width {\n    width: calc(25%)*2;\n  }\n}\n@media screen and (max-width: 991px) {\n  .gallery-shortcode.gallery-masonry-shortcode-id-17cc640280095f02b2e90fd3db988cd6.resize-by-browser-width .dt-css-grid {\n    grid-template-columns: repeat(3,1fr);\n  }\n  .cssgridlegacy.no-cssgrid .gallery-shortcode.gallery-masonry-shortcode-id-17cc640280095f02b2e90fd3db988cd6.resize-by-browser-width .dt-css-grid .wf-cell,\n  .no-cssgridlegacy.no-cssgrid .gallery-shortcode.gallery-masonry-shortcode-id-17cc640280095f02b2e90fd3db988cd6.resize-by-browser-width .dt-css-grid .wf-cell {\n    width: 33.333333333333%;\n  }\n  .cssgridlegacy.no-cssgrid .gallery-shortcode.gallery-masonry-shortcode-id-17cc640280095f02b2e90fd3db988cd6.resize-by-browser-width .dt-css-grid .wf-cell.double-width,\n  .no-cssgridlegacy.no-cssgrid .gallery-shortcode.gallery-masonry-shortcode-id-17cc640280095f02b2e90fd3db988cd6.resize-by-browser-width .dt-css-grid .wf-cell.double-width {\n    width: calc(33.333333333333%)*2;\n  }\n}\n@media screen and (max-width: 767px) {\n  .gallery-shortcode.gallery-masonry-shortcode-id-17cc640280095f02b2e90fd3db988cd6.resize-by-browser-width .dt-css-grid {\n    grid-template-columns: repeat(2,1fr);\n  }\n  .cssgridlegacy.no-cssgrid .gallery-shortcode.gallery-masonry-shortcode-id-17cc640280095f02b2e90fd3db988cd6.resize-by-browser-width .dt-css-grid .wf-cell,\n  .no-cssgridlegacy.no-cssgrid .gallery-shortcode.gallery-masonry-shortcode-id-17cc640280095f02b2e90fd3db988cd6.resize-by-browser-width .dt-css-grid .wf-cell {\n    width: 50%;\n  }\n  .cssgridlegacy.no-cssgrid .gallery-shortcode.gallery-masonry-shortcode-id-17cc640280095f02b2e90fd3db988cd6.resize-by-browser-width .dt-css-grid .wf-cell.double-width,\n  .no-cssgridlegacy.no-cssgrid .gallery-shortcode.gallery-masonry-shortcode-id-17cc640280095f02b2e90fd3db988cd6.resize-by-browser-width .dt-css-grid .wf-cell.double-width {\n    width: calc(50%)*2;\n  }\n}<\/style><div class=\"gallery-shortcode dt-gallery-container gallery-masonry-shortcode-id-17cc640280095f02b2e90fd3db988cd6 mode-masonry jquery-filter dt-icon-bg-off quick-scale-img enable-bg-rollover resize-by-browser-width  hover-fade loading-effect-fade-in description-on-hover\" data-padding=\"5px\" data-cur-page=\"1\" data-post-limit=\"-1\" data-pagination-mode=\"none\" data-desktop-columns-num=\"5\" data-v-tablet-columns-num=\"3\" data-h-tablet-columns-num=\"4\" data-phone-columns-num=\"2\" data-width=\"0px\" data-columns=\"0\"><div class=\"iso-container\" ><div class=\"wf-cell iso-item\" data-post-id=\"159887\" data-date=\"2025-11-23T18:47:08+01:00\" data-name=\"minibob zipflelbob purpurina verde en la nieve\"><figure class=\"post visible\"><a href=\"https:\/\/mini-bob.com\/wp-content\/uploads\/2015\/12\/minibob-zipfelbob-gr\u00fcn-glitter-im-schnee.jpg\" class=\"rollover dt-pswp-item layzr-bg\" data-large_image_width=\"683\" data-large_image_height=\"683\" data-dt-img-description=\"\" title=\"minibob zipflelbob purpurina verde en la nieve\"><img fetchpriority=\"high\" decoding=\"async\" class=\"preload-me iso-lazy-load aspect\" src=\"data:image\/svg+xml,%3Csvg%20xmlns%3D&#039;http%3A%2F%2Fwww.w3.org%2F2000%2Fsvg&#039;%20viewBox%3D&#039;0%200%20379%20379&#039;%2F%3E\" data-src=\"https:\/\/mini-bob.com\/wp-content\/uploads\/2015\/12\/minibob-zipfelbob-gr\u00fcn-glitter-im-schnee-379x379.jpg\" data-srcset=\"https:\/\/mini-bob.com\/wp-content\/uploads\/2015\/12\/minibob-zipfelbob-gr\u00fcn-glitter-im-schnee-379x379.jpg 379w, https:\/\/mini-bob.com\/wp-content\/uploads\/2015\/12\/minibob-zipfelbob-gr\u00fcn-glitter-im-schnee-569x569.jpg 569w\" loading=\"eager\" style=\"--ratio: 379 \/ 379\" sizes=\"(max-width: 379px) 100vw, 379px\" alt=\"\" width=\"379\" height=\"379\"><span class=\"gallery-rollover\"><span class=\"gallery-zoom-ico icomoon-the7-font-the7-zoom-06\"><span><\/span><\/span><\/span><\/a><\/figure><\/div><div class=\"wf-cell iso-item\" data-post-id=\"159915\" data-date=\"2018-09-01T18:23:01+02:00\" data-name=\"Zipfelbob azul en la nieve\"><figure class=\"post visible\"><a href=\"https:\/\/mini-bob.com\/wp-content\/uploads\/2017\/10\/minibob-blau-zipfelbob.jpg\" class=\"rollover dt-pswp-item layzr-bg\" data-large_image_width=\"683\" data-large_image_height=\"683\" data-dt-img-description=\"\" title=\"Zipfelbob azul en la nieve\"><img decoding=\"async\" class=\"preload-me iso-lazy-load aspect\" src=\"data:image\/svg+xml,%3Csvg%20xmlns%3D&#39;http%3A%2F%2Fwww.w3.org%2F2000%2Fsvg&#39;%20viewBox%3D&#39;0%200%20379%20379&#39;%2F%3E\" data-src=\"https:\/\/mini-bob.com\/wp-content\/uploads\/2017\/10\/minibob-blau-zipfelbob-379x379.jpg\" data-srcset=\"https:\/\/mini-bob.com\/wp-content\/uploads\/2017\/10\/minibob-blau-zipfelbob-379x379.jpg 379w, https:\/\/mini-bob.com\/wp-content\/uploads\/2017\/10\/minibob-blau-zipfelbob-569x569.jpg 569w\" loading=\"eager\" style=\"--ratio: 379 \/ 379\" sizes=\"(max-width: 379px) 100vw, 379px\" alt=\"bob azul puntiagudo\" width=\"379\" height=\"379\"  \/><span class=\"gallery-rollover\"><span class=\"gallery-zoom-ico icomoon-the7-font-the7-zoom-06\"><span><\/span><\/span><\/span><\/a><\/figure><\/div><div class=\"wf-cell iso-item\" data-post-id=\"160128\" data-date=\"2015-09-05T18:46:20+02:00\" data-name=\"Blog de Zipfelbob Rotscher\"><figure class=\"post visible\"><a href=\"https:\/\/mini-bob.com\/wp-content\/uploads\/2015\/09\/Zipfelbob-002.jpg\" class=\"rollover dt-pswp-item layzr-bg\" data-large_image_width=\"1000\" data-large_image_height=\"666\" data-dt-img-description=\"\" title=\"Blog de Zipfelbob Rotscher\"><img decoding=\"async\" class=\"preload-me iso-lazy-load aspect\" src=\"data:image\/svg+xml,%3Csvg%20xmlns%3D&#39;http%3A%2F%2Fwww.w3.org%2F2000%2Fsvg&#39;%20viewBox%3D&#39;0%200%20379%20379&#39;%2F%3E\" data-src=\"https:\/\/mini-bob.com\/wp-content\/uploads\/2015\/09\/Zipfelbob-002-379x379.jpg\" data-srcset=\"https:\/\/mini-bob.com\/wp-content\/uploads\/2015\/09\/Zipfelbob-002-379x379.jpg 379w, https:\/\/mini-bob.com\/wp-content\/uploads\/2015\/09\/Zipfelbob-002-569x569.jpg 569w\" loading=\"eager\" style=\"--ratio: 379 \/ 379\" sizes=\"(max-width: 379px) 100vw, 379px\" alt=\"Blog de Zipflbob Rotscher\" width=\"379\" height=\"379\"  \/><span class=\"gallery-rollover\"><span class=\"gallery-zoom-ico icomoon-the7-font-the7-zoom-06\"><span><\/span><\/span><\/span><\/a><\/figure><\/div><\/div><!-- iso-container|iso-grid --><\/div>[vc_empty_space][vc_single_image image=\u00bb160116&#8243; img_size=\u00bbfull\u00bb][\/vc_column][\/vc_row][vc_row][vc_column][vc_column_text]En nuestra tienda encontrar\u00e1s el mini bob original con su ingeniosa empu\u00f1adura a modo de volante y manillar de direcci\u00f3n en varios colores.<\/p>\n<p>\u00a1Compra el original![\/vc_column_text][\/vc_column][\/vc_row]<\/p>\n<\/div>","protected":false},"excerpt":{"rendered":"<p>[vc_row][vc_column][vc_custom_heading text=\u00bbel mini bob - los inventores del bob con mango - el bob con mango\u00bb font_container=\u00bbtag:h1|text_align:left\u00bb google_fonts=\u00bbfont_family:Roboto%20Condensed%3A300%2C300italic%2Cregular%2Citalic%2C700%2C700italic|font_style:400%20regular%3A400%3Anormal\u00bb][vc_column_text] [\/vc_column_text][\/vc_column][\/vc_row][vc_row][vc_column][vc_column_text]\u00bfBuscas el bob Stiel original? \u00a1Puedes comprarnos el mini bob original ! \u00abFabricado en Alemania desde 1976&#8243; es como se conoce al mini bob gracias a su exclusiva manivela de direcci\u00f3n y freno. El Stielbob se caracteriza&hellip;<\/p>\n","protected":false},"author":1,"featured_media":0,"parent":0,"menu_order":0,"comment_status":"closed","ping_status":"closed","template":"","meta":{"_acf_changed":false,"footnotes":""},"class_list":["post-160241","page","type-page","status-publish","hentry","description-off"],"acf":[],"_links":{"self":[{"href":"https:\/\/mini-bob.com\/es\/wp-json\/wp\/v2\/pages\/160241","targetHints":{"allow":["GET"]}}],"collection":[{"href":"https:\/\/mini-bob.com\/es\/wp-json\/wp\/v2\/pages"}],"about":[{"href":"https:\/\/mini-bob.com\/es\/wp-json\/wp\/v2\/types\/page"}],"author":[{"embeddable":true,"href":"https:\/\/mini-bob.com\/es\/wp-json\/wp\/v2\/users\/1"}],"replies":[{"embeddable":true,"href":"https:\/\/mini-bob.com\/es\/wp-json\/wp\/v2\/comments?post=160241"}],"version-history":[{"count":5,"href":"https:\/\/mini-bob.com\/es\/wp-json\/wp\/v2\/pages\/160241\/revisions"}],"predecessor-version":[{"id":161347,"href":"https:\/\/mini-bob.com\/es\/wp-json\/wp\/v2\/pages\/160241\/revisions\/161347"}],"wp:attachment":[{"href":"https:\/\/mini-bob.com\/es\/wp-json\/wp\/v2\/media?parent=160241"}],"curies":[{"name":"wp","href":"https:\/\/api.w.org\/{rel}","templated":true}]}}