{"id":160250,"date":"2016-01-16T15:14:45","date_gmt":"2016-01-16T14:14:45","guid":{"rendered":"https:\/\/mini-bob.com\/poporutscher-plato-de-plastico-o-mini-bob\/"},"modified":"2025-11-23T18:50:35","modified_gmt":"2025-11-23T17:50:35","slug":"poporutscher-plato-de-plastico-o-mini-bob","status":"publish","type":"page","link":"https:\/\/mini-bob.com\/es\/poporutscher-plato-de-plastico-o-mini-bob\/","title":{"rendered":"Poporutscher - \u00bfPlato de pl\u00e1stico o mini bob?"},"content":{"rendered":"<div class=\"wpb-content-wrapper\"><p>[vc_row][vc_column][vc_custom_heading text=\u00bbPoporutscher vs. mini bob original\u00bb google_fonts=\u00bbfont_family:Roboto%20Condensed%3A300%2C300italic%2Cregular%2Citalic%2C700%2C700italic|font_style:400%20regular%3A400%3Anormal\u00bb][vc_column_text]Todo el mundo los conoce, los peque\u00f1os toboganes popo, toboganes de nieve, placas deslizantes, toboganes vagabundos, toboganes de pl\u00e1stico, woks de nieve, deslizadores de nieve, aceleradores de nieve, o cuencos de pl\u00e1stico por unos pocos euros, que ahora puedes comprar en todas partes&#8230; Algunas personas incluso dejan que su hijo se deslice por la pista sobre una bolsa de pl\u00e1stico o incluso sobre sus pantalones.[\/vc_column_text][\/vc_column][\/vc_row][vc_row][vc_column width=\u00bb1\/2&#8243;][vc_single_image image=\u00bb160252&#8243; img_size=\u00bblarge\u00bb][\/vc_column][vc_column width=\u00bb1\/2&#8243;][vc_column_text]Pero, \u00bfpor qu\u00e9 deber\u00eda comprar un mini bob de alta calidad para mi hijo o para m\u00ed en lugar de un simple tobog\u00e1n popo?<\/p>\n<p>El mini bob original se fabrica como producto de marca en Alemania desde hace m\u00e1s de 40 a\u00f1os, y su dise\u00f1o lo convierte en una pieza segura y probada de equipamiento para deportes de invierno para todo el mundo.<\/p>\n<p>Comparado con un simple tobog\u00e1n popo, el mini bob dura generaciones y no se rompe al primer contacto con piedras u otras superficies duras, lo que lo convierte en una inversi\u00f3n sostenible.<\/p>\n<p>El dise\u00f1o del mini bob tambi\u00e9n tiene claras ventajas sobre las simples carcasas de pl\u00e1stico: no s\u00f3lo el material es mucho m\u00e1s grueso y, por tanto, m\u00e1s robusto, sino que la construcci\u00f3n hueca del cuerpo del mini bob amortigua los impactos que, de otro modo, golpear\u00edan directamente la columna vertebral del ni\u00f1o, protegiendo as\u00ed su espalda.<\/p>\n<p>Gracias a su dise\u00f1o especial con palanca de direcci\u00f3n y frenado, as\u00ed como un borde de frenado, el ni\u00f1o puede controlar el mini bob de forma r\u00e1pida y segura y, sobre todo, frenar con facilidad: con un tobog\u00e1n popo no suele haber ning\u00fan dispositivo t\u00e9cnico de direcci\u00f3n y frenado, por lo que el ni\u00f1o a menudo s\u00f3lo tiene la opci\u00f3n de saltar o chocar.[\/vc_column_text][\/vc_column][\/vc_row][vc_row][vc_column][vc_empty_space][\/vc_column][\/vc_row][vc_row][vc_column][vc_cta h2=\u00bbToda la informaci\u00f3n sobre el tobog\u00e1n popo definitivo \u00abmini bob\u00ab\u00bb add_button=\u00bbright\u00bb btn_title=\u00bbAL MINI BOB\u00bb btn_link=\u00bburl:https%3A%2F%2Fmini-bob.com%2Fes%2F|title:Inicio%20de%20mini%20bob%20-%20el%20zipflbob%20original|\u00bb]<\/p>\n<h4>Puedes encontrar toda la informaci\u00f3n sobre el tobog\u00e1n popo \u00abmini bob\u00bb aqu\u00ed<\/h4>\n<p>[\/vc_cta][\/vc_column][\/vc_row][vc_row][vc_column width=\u00bb1\/2&#8243;][vc_column_text]Ya seas mayor o peque\u00f1o, \u00a1el peque\u00f1o mini bob de pl\u00e1stico es adecuado para todos!<\/p>\n<p><strong>El bob de pl\u00e1stico ideal para ni\u00f1os y adolescentes.<\/strong><\/p>\n<p>En nuestras <a href=\"https:\/\/mini-bob.com\/es\/preguntas-frecuentes\/?v=3a52f3c22ed6\">FAQ <\/a>(preguntas y respuestas) encontrar\u00e1s m\u00e1s informaci\u00f3n sobre el mini bob original<\/p>\n<p>En \u00abel mini bob\u00bb encontrar\u00e1s m\u00e1s informaci\u00f3n t\u00e9cnica sobre el mini bob original<\/p>\n<p>Puedes comprar el mini bob original en tiendas especializadas o por Internet; aqu\u00ed encontrar\u00e1s una lista de distribuidores: <a href=\"https:\/\/mini-bob.com\/es\/comprar-mini-bob-zipfelbob\/?v=3a52f3c22ed6\">comprar el mini bob<\/a><\/p>\n<p>Si como padre tienes alguna pregunta sobre el mini bob, ponte en contacto con nosotros, \u00a1estaremos encantados de ayudarte![\/vc_column_text][\/vc_column][vc_column width=\u00bb1\/2&#8243;][vc_single_image image=\u00bb159993&#8243; img_size=\u00bblarge\u00bb][\/vc_column][\/vc_row][vc_row][vc_column][vc_empty_space][\/vc_column][\/vc_row][vc_row][vc_column width=\u00bb1\/2&#8243;][vc_single_image image=\u00bb160253&#8243; img_size=\u00bblarge\u00bb][\/vc_column][vc_column width=\u00bb1\/2&#8243;][vc_column_text]Los aut\u00e9nticos pilotos de carreras tambi\u00e9n sacar\u00e1n provecho de su dinero con el mini bob: gracias a su construcci\u00f3n estable y a su direcci\u00f3n precisa, \u00a1el mini bob tambi\u00e9n es muy divertido para los conductores avanzados![\/vc_column_text][\/vc_column][\/vc_row][vc_row][vc_column][vc_masonry_media_grid initial_loading_animation=\u00bbfadeIn\u00bb grid_id=\u00bbvc_gid:1661520873153-92b3fc5c-85e7-6&#8243; include=\u00bb160009,160254,160255,159889,159928,160256&#8243;][\/vc_column][\/vc_row]<\/p>\n<\/div>","protected":false},"excerpt":{"rendered":"<p>[vc_row][vc_column][vc_custom_heading text=\u00bbPoporutscher vs. mini bob original\u00bb google_fonts=\u00bbfont_family:Roboto%20Condensed%3A300%2C300italic%2Cregular%2Citalic%2C700%2C700italic|font_style:400%20regular%3A400%3Anormal\u00bb][vc_column_text]Todo el mundo los conoce, los peque\u00f1os toboganes popo, toboganes de nieve, placas deslizantes, toboganes vagabundos, toboganes de pl\u00e1stico, woks de nieve, deslizadores de nieve, aceleradores de nieve, o cuencos de pl\u00e1stico por unos pocos euros, que ahora puedes comprar en todas partes&#8230; Algunas personas incluso dejan que su&hellip;<\/p>\n","protected":false},"author":1,"featured_media":0,"parent":0,"menu_order":0,"comment_status":"closed","ping_status":"closed","template":"","meta":{"_acf_changed":false,"footnotes":""},"class_list":["post-160250","page","type-page","status-publish","hentry","description-off"],"acf":[],"_links":{"self":[{"href":"https:\/\/mini-bob.com\/es\/wp-json\/wp\/v2\/pages\/160250","targetHints":{"allow":["GET"]}}],"collection":[{"href":"https:\/\/mini-bob.com\/es\/wp-json\/wp\/v2\/pages"}],"about":[{"href":"https:\/\/mini-bob.com\/es\/wp-json\/wp\/v2\/types\/page"}],"author":[{"embeddable":true,"href":"https:\/\/mini-bob.com\/es\/wp-json\/wp\/v2\/users\/1"}],"replies":[{"embeddable":true,"href":"https:\/\/mini-bob.com\/es\/wp-json\/wp\/v2\/comments?post=160250"}],"version-history":[{"count":2,"href":"https:\/\/mini-bob.com\/es\/wp-json\/wp\/v2\/pages\/160250\/revisions"}],"predecessor-version":[{"id":160265,"href":"https:\/\/mini-bob.com\/es\/wp-json\/wp\/v2\/pages\/160250\/revisions\/160265"}],"wp:attachment":[{"href":"https:\/\/mini-bob.com\/es\/wp-json\/wp\/v2\/media?parent=160250"}],"curies":[{"name":"wp","href":"https:\/\/api.w.org\/{rel}","templated":true}]}}