{"id":160266,"date":"2015-12-07T17:28:58","date_gmt":"2015-12-07T16:28:58","guid":{"rendered":"https:\/\/mini-bob.com\/gtc\/"},"modified":"2025-12-09T09:42:11","modified_gmt":"2025-12-09T08:42:11","slug":"gtc","status":"publish","type":"page","link":"https:\/\/mini-bob.com\/es\/gtc\/","title":{"rendered":"GTC"},"content":{"rendered":"<h1>Condiciones generales<\/h1>\n<h3>\u00a7 1 Validez, definiciones de t\u00e9rminos<\/h3>\n<p>(1) Loeger GmbH, Hauptstr. 57, D-82327 Tutzing, Alemania (en adelante: \u00abnosotros\u00bb o \u00abtienda mini bob\u00bb) gestiona una tienda online de productos en el sitio web https:\/\/mini-bob.com. Las siguientes condiciones generales se aplican a todos los servicios entre nosotros y nuestros clientes (en adelante: \u00abcliente\u00bb o \u00abt\u00fa\u00bb) en la versi\u00f3n v\u00e1lida en el momento del pedido, a menos que se acuerde expresamente lo contrario.  <\/p>\n<p>(2) \u00abConsumidor\u00bb, en el sentido de las presentes Condiciones, es toda persona f\u00edsica que celebre un negocio jur\u00eddico con fines predominantemente ajenos a su actividad comercial, empresarial o profesional. \u00abEmpresario\u00bb es una persona f\u00edsica o jur\u00eddica o una sociedad con capacidad jur\u00eddica que, al celebrar un negocio jur\u00eddico, act\u00faa en el ejercicio de su actividad comercial o profesional independiente, entendi\u00e9ndose por sociedad con capacidad jur\u00eddica una sociedad con capacidad para adquirir derechos y contraer obligaciones. <\/p>\n<h3>\u00a7 2 Conclusi\u00f3n de los contratos, almacenamiento del texto del contrato<\/h3>\n<p>(1) Las siguientes disposiciones sobre la celebraci\u00f3n de contratos se aplican a los pedidos realizados a trav\u00e9s de nuestra tienda online en https:\/\/mini-bob.com.<\/p>\n<p>(2) Nuestras presentaciones de productos en Internet no son vinculantes y no constituyen una oferta vinculante para celebrar un contrato.<\/p>\n<p>(3) Al recibir un pedido en nuestra tienda online, se aplican las siguientes normas: El cliente presenta una oferta contractual vinculante completando con \u00e9xito el procedimiento de pedido previsto en nuestra tienda online. El pedido se realiza en los siguientes pasos: <\/p>\n<ol>\n<li>Selecci\u00f3n de la mercanc\u00eda deseada,<\/li>\n<li>A\u00f1ade los productos haciendo clic en el bot\u00f3n correspondiente (por ejemplo, \u00abA\u00f1adir a la cesta de la compra\u00bb, \u00abA\u00f1adir a la bolsa de la compra\u00bb o similar),<\/li>\n<li>Comprueba los detalles en la cesta de la compra,<\/li>\n<li>Accede al resumen del pedido haciendo clic en el bot\u00f3n correspondiente (por ejemplo, \u00abContinuar con la compra\u00bb, \u00abContinuar con el pago\u00bb, \u00abIr al resumen del pedido\u00bb o similar),<\/li>\n<li>Introducci\u00f3n\/verificaci\u00f3n de la direcci\u00f3n y los datos de contacto, selecci\u00f3n del m\u00e9todo de pago, confirmaci\u00f3n de las condiciones generales y de la pol\u00edtica de cancelaci\u00f3n,<\/li>\n<li>Si la calidad acordada de la mercanc\u00eda se desv\u00eda de su calidad y condiciones de uso habituales, confirmaci\u00f3n de un acuerdo de calidad negativo,<\/li>\n<li>Completa el pedido haciendo clic en el bot\u00f3n \u00abComprar ahora\u00bb. Esto constituye tu pedido vinculante. <\/li>\n<li>El contrato se perfecciona cuando recibes de nosotros una confirmaci\u00f3n del pedido en el plazo de tres d\u00edas laborables a la direcci\u00f3n de correo electr\u00f3nico facilitada.<\/li>\n<\/ol>\n<p>(4) Si se celebra el contrato, \u00e9ste se celebra con Loeger GmbH, Hauptstr. 57, D-82327 Tutzing, Alemania. <\/p>\n<p>(5) Antes de realizar un pedido, los datos del contrato pueden imprimirse o guardarse electr\u00f3nicamente mediante la funci\u00f3n de impresi\u00f3n del navegador. La tramitaci\u00f3n del pedido y la transmisi\u00f3n de toda la informaci\u00f3n necesaria en relaci\u00f3n con la celebraci\u00f3n del contrato, en particular los datos del pedido, las CGC y la pol\u00edtica de cancelaci\u00f3n, se realiza por correo electr\u00f3nico despu\u00e9s de que hayas realizado el pedido, en algunos casos de forma autom\u00e1tica. No guardamos el texto del contrato una vez celebrado.  <\/p>\n<p>(6) Los errores de introducci\u00f3n pueden corregirse utilizando las funciones habituales del teclado, el rat\u00f3n y el navegador (por ejemplo, el \u00abbot\u00f3n atr\u00e1s\u00bb del navegador). Tambi\u00e9n pueden corregirse cancelando prematuramente el proceso de pedido, cerrando la ventana del navegador y repitiendo el proceso. <\/p>\n<p>(7) La tramitaci\u00f3n del pedido y la transmisi\u00f3n de toda la informaci\u00f3n necesaria en relaci\u00f3n con la celebraci\u00f3n del contrato se realiza parcialmente de forma automatizada por correo electr\u00f3nico. Por lo tanto, debes asegurarte de que la direcci\u00f3n de correo electr\u00f3nico que nos has facilitado es correcta, de que la recepci\u00f3n de correos electr\u00f3nicos est\u00e1 t\u00e9cnicamente garantizada y, en particular, de que no est\u00e1 impedida por filtros de SPAM. <\/p>\n<h3>\u00a7 3 Objeto del contrato y caracter\u00edsticas esenciales de los productos<\/h3>\n<p>(1) El objeto del contrato es nuestra tienda online:<\/p>\n<ol style=\"list-style-type: lower-alpha\">\n<li>La venta de mercanc\u00edas. Los productos espec\u00edficos que se ofrecen se pueden encontrar en nuestras p\u00e1ginas de productos. <\/li>\n<\/ol>\n<p>(2) Las caracter\u00edsticas esenciales de la mercanc\u00eda se encuentran en la descripci\u00f3n del art\u00edculo. Si la calidad acordada de la mercanc\u00eda se desv\u00eda de su calidad y condiciones de uso habituales, esto se indicar\u00e1 expresamente en la descripci\u00f3n del art\u00edculo (acuerdo negativo de calidad). En la medida en que el cliente haya dado su consentimiento expreso a la desviaci\u00f3n negativa de la calidad, esto define el objeto del contrato.  <\/p>\n<h3>\u00a7 4 Precios, gastos de env\u00edo y entrega<\/h3>\n<p>(1) Los precios indicados en las respectivas ofertas, as\u00ed como los gastos de env\u00edo, son precios totales e incluyen todos los componentes del precio, incluidos todos los impuestos aplicables.<\/p>\n<p>(2) El precio de compra correspondiente debe abonarse antes de la entrega del producto (pago por adelantado), a menos que ofrezcamos expresamente la compra a cuenta. Los m\u00e9todos de pago disponibles para ti se muestran en un bot\u00f3n con la etiqueta correspondiente en la tienda online o en la oferta respectiva. Salvo que se indique lo contrario para los distintos m\u00e9todos de pago, las solicitudes de pago deben abonarse inmediatamente.  <\/p>\n<p>(3) Adem\u00e1s de los precios indicados, puede haber gastos de env\u00edo para la entrega de los productos, a menos que el art\u00edculo correspondiente est\u00e9 etiquetado como libre de gastos de env\u00edo. Los gastos de env\u00edo se te volver\u00e1n a comunicar claramente en las ofertas, si procede en el sistema de cesta de la compra y en el resumen del pedido. <\/p>\n<p>(4) Salvo que se indique claramente lo contrario en la descripci\u00f3n del producto, todos los productos ofrecidos est\u00e1n listos para su env\u00edo inmediato (plazo de entrega: pedido de lunes a viernes hasta las 16.00 h, env\u00edo normalmente el mismo d\u00eda tras la recepci\u00f3n del pago).<\/p>\n<p>(5) Se aplican las siguientes restricciones de zona de entrega: La entrega se realiza en los siguientes pa\u00edses: Andorra, B\u00e9lgica, Alemania, Dinamarca, Finlandia, Francia, Irlanda, Italia, Croacia, Liechtenstein, Pa\u00edses Bajos, Noruega, Polonia, Suecia, Suiza, Eslovaquia, Eslovenia, Espa\u00f1a, Rep\u00fablica Checa, Reino Unido y Austria.<\/p>\n<p>(6) Si la entrega de la mercanc\u00eda falla por motivos de los que eres responsable, deber\u00e1s asumir los costes razonables en los que incurramos como consecuencia de ello. Esto no se aplica a los gastos de devoluci\u00f3n si ejerces efectivamente tu derecho de desistimiento. Si ejerces efectivamente tu derecho de desistimiento, se aplicar\u00e1 a los gastos de devoluci\u00f3n lo dispuesto por nosotros en la pol\u00edtica de desistimiento.  <\/p>\n<h3>\u00a7 5 Derecho de retenci\u00f3n, reserva de dominio<\/h3>\n<p>(1) S\u00f3lo podr\u00e1s ejercer un derecho de retenci\u00f3n en la medida en que se refiera a reclamaciones derivadas de la misma relaci\u00f3n contractual.<\/p>\n<p>(2) La mercanc\u00eda seguir\u00e1 siendo de nuestra propiedad hasta el pago \u00edntegro del precio de compra.<\/p>\n<h3>\u00a7 6 Derecho de cancelaci\u00f3n<\/h3>\n<p>Como consumidor, tienes derecho de cancelaci\u00f3n. Esto se basa en nuestra <a href=\"https:\/\/mini-bob.com\/es\/politica-de-cancelacion\/\">pol\u00edtica de cancelaci\u00f3n<\/a>. <\/p>\n<h3>\u00a7 7 Lenguaje contractual<\/h3>\n<p>El idioma del contrato es exclusivamente el alem\u00e1n.<\/p>\n<h3>\u00a7 8 Responsabilidad<\/h3>\n<p>(1) Sujeto a las siguientes excepciones, nuestra responsabilidad por incumplimientos contractuales y por actos no autorizados se limita a dolo o negligencia grave.<\/p>\n<p>(2) Seremos responsables sin limitaci\u00f3n en caso de negligencia leve en caso de lesi\u00f3n de la vida, la integridad f\u00edsica o la salud o en caso de incumplimiento de una obligaci\u00f3n contractual esencial. Si incurrimos en mora en el cumplimiento por negligencia leve, si el cumplimiento se ha hecho imposible o si hemos incumplido una obligaci\u00f3n contractual esencial, la responsabilidad por los da\u00f1os materiales y econ\u00f3micos resultantes se limitar\u00e1 a los <strong>da\u00f1os previsibles t\u00edpicos del contrato<\/strong>. Una obligaci\u00f3n contractual esencial es una obligaci\u00f3n cuyo cumplimiento es esencial para la correcta ejecuci\u00f3n del contrato, cuyo incumplimiento pone en peligro la consecuci\u00f3n del objeto del contrato y en cuyo cumplimiento puedes confiar regularmente. Esto incluye, en particular, nuestra obligaci\u00f3n de actuar y cumplir el servicio contractualmente debido, que se describe en el \u00a7 3.   <\/p>\n<h3>\u00a7 9 Garant\u00eda<\/h3>\n<p>(1) La garant\u00eda se regir\u00e1 por las disposiciones legales.<\/p>\n<p>(2) El periodo de garant\u00eda de los bienes entregados a los empresarios es de 12 meses.<\/p>\n<p>(3) Como consumidor, se te pide que compruebes el art\u00edculo\/mercanc\u00eda digital o el servicio prestado inmediatamente despu\u00e9s del cumplimiento del contrato en cuanto a integridad, defectos evidentes y da\u00f1os de transporte, y que nos notifiques a nosotros y al transportista cualquier queja lo antes posible. Si no lo haces, ello no afectar\u00e1, por supuesto, a tus derechos de garant\u00eda legales. <\/p>\n<h3>\u00a7 10 Disposiciones finales\/resoluci\u00f3n de litigios<\/h3>\n<p>(1) Se aplicar\u00e1 la legislaci\u00f3n alemana. En el caso de los consumidores, esta elecci\u00f3n de ley s\u00f3lo se aplicar\u00e1 en la medida en que no se suprima la protecci\u00f3n que ofrecen las disposiciones imperativas de la ley del estado de residencia habitual del consumidor (principio de favorabilidad). <\/p>\n<p>(2) No se aplicar\u00e1n expresamente las disposiciones de la Convenci\u00f3n de las Naciones Unidas sobre los Contratos de Compraventa Internacional de Mercader\u00edas.<\/p>\n<p>(3) Si el cliente es un comerciante, una persona jur\u00eddica de derecho p\u00fablico o un patrimonio especial de derecho p\u00fablico, el fuero competente para todos los litigios derivados de las relaciones contractuales entre el cliente y el proveedor es el domicilio social del proveedor.<\/p>\n<p>(4)  \n\nZur Teilnahme an einem Streitbeilegungsverfahren vor einer Verbraucherschlichtungsstelle sind wir nicht verpflichtet und nicht bereit.<\/p>\n","protected":false},"excerpt":{"rendered":"<p>Condiciones generales \u00a7 1 Validez, definiciones de t\u00e9rminos (1) Loeger GmbH, Hauptstr. 57, D-82327 Tutzing, Alemania (en adelante: \u00abnosotros\u00bb o \u00abtienda mini bob\u00bb) gestiona una tienda online de productos en el sitio web https:\/\/mini-bob.com. Las siguientes condiciones generales se aplican a todos los servicios entre nosotros y nuestros clientes (en adelante: \u00abcliente\u00bb o \u00abt\u00fa\u00bb) en&hellip;<\/p>\n","protected":false},"author":1,"featured_media":0,"parent":0,"menu_order":0,"comment_status":"closed","ping_status":"closed","template":"","meta":{"_acf_changed":false,"footnotes":""},"class_list":["post-160266","page","type-page","status-publish","hentry","description-off"],"acf":[],"_links":{"self":[{"href":"https:\/\/mini-bob.com\/es\/wp-json\/wp\/v2\/pages\/160266","targetHints":{"allow":["GET"]}}],"collection":[{"href":"https:\/\/mini-bob.com\/es\/wp-json\/wp\/v2\/pages"}],"about":[{"href":"https:\/\/mini-bob.com\/es\/wp-json\/wp\/v2\/types\/page"}],"author":[{"embeddable":true,"href":"https:\/\/mini-bob.com\/es\/wp-json\/wp\/v2\/users\/1"}],"replies":[{"embeddable":true,"href":"https:\/\/mini-bob.com\/es\/wp-json\/wp\/v2\/comments?post=160266"}],"version-history":[{"count":1,"href":"https:\/\/mini-bob.com\/es\/wp-json\/wp\/v2\/pages\/160266\/revisions"}],"predecessor-version":[{"id":163345,"href":"https:\/\/mini-bob.com\/es\/wp-json\/wp\/v2\/pages\/160266\/revisions\/163345"}],"wp:attachment":[{"href":"https:\/\/mini-bob.com\/es\/wp-json\/wp\/v2\/media?parent=160266"}],"curies":[{"name":"wp","href":"https:\/\/api.w.org\/{rel}","templated":true}]}}