{"id":160267,"date":"2015-12-16T19:20:05","date_gmt":"2015-12-16T18:20:05","guid":{"rendered":"https:\/\/mini-bob.com\/el-zipfelbob-original\/"},"modified":"2025-11-23T18:50:51","modified_gmt":"2025-11-23T17:50:51","slug":"el-zipfelbob-original","status":"publish","type":"page","link":"https:\/\/mini-bob.com\/es\/el-zipfelbob-original\/","title":{"rendered":"el Zipfelbob original"},"content":{"rendered":"<div class=\"wpb-content-wrapper\"><p>[vc_row][vc_column width=\u00bb1\/2&#8243;][vc_wp_text]<\/p>\n<p><img decoding=\"async\" class=\"wp-image-1733 size-medium\" src=\"\/wp-content\/uploads\/2014\/03\/mini-bob-rot-350px.png\" alt=\"Zipflbob original en rojo\"><\/p>\n<p>[\/vc_wp_text][\/vc_column][vc_column width=\u00bb1\/2&#8243; css=\u00bb.vc_custom_1660904565980{padding-top: 70px !important;}\u00bb][vc_wp_text]<img loading=\"lazy\" decoding=\"async\" class=\"alignnone wp-image-151941 size-large\" src=\"https:\/\/mini-bob.com\/wp-content\/uploads\/2023\/03\/220319_mini-bob_Logo_1976_RGB_RZ-1024x492.png\" alt=\"\" width=\"1024\" height=\"492\" srcset=\"https:\/\/mini-bob.com\/wp-content\/uploads\/2023\/03\/220319_mini-bob_Logo_1976_RGB_RZ-1024x492.png 1024w, https:\/\/mini-bob.com\/wp-content\/uploads\/2023\/03\/220319_mini-bob_Logo_1976_RGB_RZ-300x144.png 300w, https:\/\/mini-bob.com\/wp-content\/uploads\/2023\/03\/220319_mini-bob_Logo_1976_RGB_RZ-768x369.png 768w, https:\/\/mini-bob.com\/wp-content\/uploads\/2023\/03\/220319_mini-bob_Logo_1976_RGB_RZ-1536x737.png 1536w, https:\/\/mini-bob.com\/wp-content\/uploads\/2023\/03\/220319_mini-bob_Logo_1976_RGB_RZ-2048x983.png 2048w, https:\/\/mini-bob.com\/wp-content\/uploads\/2023\/03\/220319_mini-bob_Logo_1976_RGB_RZ-600x288.png 600w\" sizes=\"auto, (max-width: 1024px) 100vw, 1024px\" \/>[\/vc_wp_text][\/vc_column][\/vc_row][vc_row][vc_column][vc_wp_text]<\/p>\n<p>Aqu\u00ed encontrar\u00e1s toda la informaci\u00f3n que necesitas sobre el aut\u00e9ntico Zipfelbob (mini bob).<\/p>\n<p>El Zipfelbob (mini bob) ha sido producido por Loeger GmbH en forma inalterada y se vende en todo el mundo desde 1976.<\/p>\n<p>En \u00abel mini bob\u00bb encontrar\u00e1s toda la historia del aut\u00e9ntico Zipfelbob.<\/p>\n<p>El nombre Zipfelbob o \u00abZipfybob\u00bb \u00abZipflbob\u00bb procede de la regi\u00f3n alpina y var\u00eda de una regi\u00f3n a otra.<\/p>\n<p>\u00a1El Zipfelbob s\u00f3lo es un aut\u00e9ntico mini bob si lleva el logotipo \u00abOriginal mini bob\u00bb!<\/p>\n<p>[\/vc_wp_text]<style type=\"text\/css\" data-type=\"the7_shortcodes-inline-css\">#default-btn-cfd68a85ca7bdcbf25917d2668aab112.ico-right-side > i {\n  margin-right: 0px;\n  margin-left: 8px;\n}\n#default-btn-cfd68a85ca7bdcbf25917d2668aab112 > i {\n  margin-right: 8px;\n}<\/style><a href=\"https:\/\/mini-bob.com\/es\/\" class=\"default-btn-shortcode dt-btn dt-btn-l pulse animate-element animation-builder link-hover-off btn-inline-left \" id=\"default-btn-cfd68a85ca7bdcbf25917d2668aab112\" title=\"Home of mini bob \u2013 der original zipflbob\"><span>HAZ CLIC AQU\u00cd PARA EL MINI BOB<\/span><\/a>[\/vc_column][\/vc_row][vc_row][vc_column][vc_column_text]La idea del Zipfelbob o Zipfybob original naci\u00f3 en Austria en 1976 y desde entonces se fabrica y vende bajo el nombre de \u00abmini bob\u00bb por Loeger GmbH en Alemania.<\/p>\n<p>Su forma innovadora, atrevida y \u00fanica ha sido copiada desde entonces varias veces.[\/vc_column_text][vc_empty_space][\/vc_column][\/vc_row][vc_row][vc_column width=\u00bb1\/2&#8243;][vc_single_image image=\u00bb159886&#8243; img_size=\u00bbmedium\u00bb][\/vc_column][vc_column width=\u00bb1\/2&#8243;][vc_single_image image=\u00bb159769&#8243; img_size=\u00bbmedium\u00bb][\/vc_column][\/vc_row][vc_row][vc_column][vc_column_text]el Zipfelbob (minibob) original est\u00e1 disponible en muchos colores diferentes. Desde su invenci\u00f3n en 1976, han estado disponibles los colores cl\u00e1sicos rojo, amarillo, naranja, negro y verde. A lo largo de los a\u00f1os, se han a\u00f1adido muchos otros colores, a menudo como colores especiales de edici\u00f3n limitada. Puedes encontrar todos los colores actuales en nuestra <a href=\"https:\/\/mini-bob.com\/mini-bob-zipfelbob-shop\/\">tienda<\/a>. El minibob original se reconoce por su forma caracter\u00edstica y el logotipo \u00abmini bob original\u00bb. El Zipfelbob original es de alta calidad y fabricaci\u00f3n robusta y puede soportar las condiciones m\u00e1s extremas. Gracias a nuestra producci\u00f3n en Alemania y al elevado nivel de calidad, garantizamos que nuestro producto satisface las m\u00e1s altas exigencias.[\/vc_column_text][\/vc_column][\/vc_row]<\/p>\n<\/div>","protected":false},"excerpt":{"rendered":"<p>[vc_row][vc_column width=\u00bb1\/2&#8243;][vc_wp_text] [\/vc_wp_text][\/vc_column][vc_column width=\u00bb1\/2&#8243; css=\u00bb.vc_custom_1660904565980{padding-top: 70px !important;}\u00bb][vc_wp_text][\/vc_wp_text][\/vc_column][\/vc_row][vc_row][vc_column][vc_wp_text] Aqu\u00ed encontrar\u00e1s toda la informaci\u00f3n que necesitas sobre el aut\u00e9ntico Zipfelbob (mini bob). El Zipfelbob (mini bob) ha sido producido por Loeger GmbH en forma inalterada y se vende en todo el mundo desde 1976. En \u00abel mini bob\u00bb encontrar\u00e1s toda la historia del aut\u00e9ntico Zipfelbob. El nombre&hellip;<\/p>\n","protected":false},"author":1,"featured_media":0,"parent":0,"menu_order":0,"comment_status":"closed","ping_status":"closed","template":"","meta":{"_acf_changed":false,"footnotes":""},"class_list":["post-160267","page","type-page","status-publish","hentry","description-off"],"acf":[],"_links":{"self":[{"href":"https:\/\/mini-bob.com\/es\/wp-json\/wp\/v2\/pages\/160267","targetHints":{"allow":["GET"]}}],"collection":[{"href":"https:\/\/mini-bob.com\/es\/wp-json\/wp\/v2\/pages"}],"about":[{"href":"https:\/\/mini-bob.com\/es\/wp-json\/wp\/v2\/types\/page"}],"author":[{"embeddable":true,"href":"https:\/\/mini-bob.com\/es\/wp-json\/wp\/v2\/users\/1"}],"replies":[{"embeddable":true,"href":"https:\/\/mini-bob.com\/es\/wp-json\/wp\/v2\/comments?post=160267"}],"version-history":[{"count":5,"href":"https:\/\/mini-bob.com\/es\/wp-json\/wp\/v2\/pages\/160267\/revisions"}],"predecessor-version":[{"id":160296,"href":"https:\/\/mini-bob.com\/es\/wp-json\/wp\/v2\/pages\/160267\/revisions\/160296"}],"wp:attachment":[{"href":"https:\/\/mini-bob.com\/es\/wp-json\/wp\/v2\/media?parent=160267"}],"curies":[{"name":"wp","href":"https:\/\/api.w.org\/{rel}","templated":true}]}}