{"id":160273,"date":"2015-12-07T17:28:58","date_gmt":"2015-12-07T16:28:58","guid":{"rendered":"https:\/\/mini-bob.com\/formas-de-pago\/"},"modified":"2015-12-07T17:28:58","modified_gmt":"2015-12-07T16:28:58","slug":"formas-de-pago","status":"publish","type":"page","link":"https:\/\/mini-bob.com\/es\/formas-de-pago\/","title":{"rendered":"Formas de pago"},"content":{"rendered":"<div class=\"woocommerce woocommerce-gzd\">\n\t<ul class=\"payment_methods methods\">\n\t\t\t\t\t<li class=\"payment_method_bacs\">\n\t\t\t\t<label>\u00dcberweisung<\/label>\n\t\t\t\t\t\t\t\t\t<div class=\"payment_box payment_method_bacs\">\n\t\t\t\t\t\t<p>Tambi\u00e9n directamente en nuestra cuenta bancaria. Utiliza el n\u00famero de pedido como contrase\u00f1a. Tu pedido s\u00f3lo se enviar\u00e1 a nuestra cuenta una vez que se haya realizado el pago.  <\/p>\n\t\t\t\t\t<\/div>\n\t\t\t\t\t\t\t<\/li>\n\t\t\t\t\t<li class=\"payment_method_stripe\">\n\t\t\t\t<label>Tarjeta de Cr\u00e9dito \/ D\u00e9bito<img decoding=\"async\" src=\"https:\/\/mini-bob.com\/wp-content\/plugins\/woocommerce-gateway-stripe\/assets\/images\/cards.svg\" class=\"stripe-cards-icon stripe-icon\" alt=\"Tarjeta de Cr\u00e9dito \/ D\u00e9bito\" \/><\/label>\n\t\t\t\t\t\t\t\t\t<div class=\"payment_box payment_method_stripe\">\n\t\t\t\t\t\t<p>Por tarjeta de cr\u00e9dito a trav\u00e9s de Stripe.<\/p>\n\t\t\t\t\t<\/div>\n\t\t\t\t\t\t\t<\/li>\n\t\t\t\t\t<li class=\"payment_method_stripe_link\">\n\t\t\t\t<label>Link<\/label>\n\t\t\t\t\t\t\t\t\t<div class=\"payment_box payment_method_stripe_link\">\n\t\t\t\t\t\t<p><\/p>\n\t\t\t\t\t<\/div>\n\t\t\t\t\t\t\t<\/li>\n\t\t\t\t\t<li class=\"payment_method_ppcp-gateway\">\n\t\t\t\t<label>PayPal<\/label>\n\t\t\t\t\t\t\t\t\t<div class=\"payment_box payment_method_ppcp-gateway\">\n\t\t\t\t\t\t<p>Nuestra soluci\u00f3n de pago \"todo en uno\" te permite ofrecer PayPal, Venmo, opciones de pago posterior y mucho m\u00e1s para ayudarte a maximizar la conversi\u00f3n.<\/p>\n\t\t\t\t\t<\/div>\n\t\t\t\t\t\t\t<\/li>\n\t\t\t\t\t<li class=\"payment_method_ppcp-credit-card-gateway\">\n\t\t\t\t<label>Tarjetas de d\u00e9bito y cr\u00e9dito (PayPal)<\/label>\n\t\t\t\t\t\t\t\t\t<div class=\"payment_box payment_method_ppcp-credit-card-gateway\">\n\t\t\t\t\t\t<p>Bezahle mit deiner Kreditkarte.<\/p>\n\t\t\t\t\t<\/div>\n\t\t\t\t\t\t\t<\/li>\n\t\t\t<\/ul>\n<\/div>\n","protected":false},"excerpt":{"rendered":"<p>\u00dcberweisung Tambi\u00e9n directamente en nuestra cuenta bancaria. Utiliza el n\u00famero de pedido como contrase\u00f1a. Tu pedido s\u00f3lo se enviar\u00e1 a nuestra cuenta una vez que se haya realizado el pago. Tarjeta de Cr\u00e9dito \/ D\u00e9bito Por tarjeta de cr\u00e9dito a trav\u00e9s de Stripe. Link PayPal Nuestra soluci\u00f3n de pago \u00abtodo en uno\u00bb te permite ofrecer&hellip;<\/p>\n","protected":false},"author":1,"featured_media":0,"parent":0,"menu_order":0,"comment_status":"closed","ping_status":"closed","template":"","meta":{"_acf_changed":false,"footnotes":""},"class_list":["post-160273","page","type-page","status-publish","hentry","description-off"],"acf":[],"_links":{"self":[{"href":"https:\/\/mini-bob.com\/es\/wp-json\/wp\/v2\/pages\/160273","targetHints":{"allow":["GET"]}}],"collection":[{"href":"https:\/\/mini-bob.com\/es\/wp-json\/wp\/v2\/pages"}],"about":[{"href":"https:\/\/mini-bob.com\/es\/wp-json\/wp\/v2\/types\/page"}],"author":[{"embeddable":true,"href":"https:\/\/mini-bob.com\/es\/wp-json\/wp\/v2\/users\/1"}],"replies":[{"embeddable":true,"href":"https:\/\/mini-bob.com\/es\/wp-json\/wp\/v2\/comments?post=160273"}],"version-history":[{"count":0,"href":"https:\/\/mini-bob.com\/es\/wp-json\/wp\/v2\/pages\/160273\/revisions"}],"wp:attachment":[{"href":"https:\/\/mini-bob.com\/es\/wp-json\/wp\/v2\/media?parent=160273"}],"curies":[{"name":"wp","href":"https:\/\/api.w.org\/{rel}","templated":true}]}}