{"id":160274,"date":"2015-10-27T17:12:27","date_gmt":"2015-10-27T16:12:27","guid":{"rendered":"https:\/\/mini-bob.com\/el-mini-bob-de-bronce-zipflbob\/"},"modified":"2025-11-25T10:00:12","modified_gmt":"2025-11-25T09:00:12","slug":"el-mini-bob-de-bronce-zipflbob","status":"publish","type":"page","link":"https:\/\/mini-bob.com\/es\/el-mini-bob-de-bronce-zipflbob\/","title":{"rendered":"el mini bob de bronce \/ zipflbob"},"content":{"rendered":"<div class=\"wpb-content-wrapper\"><p>[vc_row][vc_column width=\u00bb1\/2&#8243;][vc_single_image image=\u00bb159873&#8243; img_size=\u00bblarge\u00bb][\/vc_column][vc_column width=\u00bb1\/2&#8243;][vc_custom_heading text=\u00bbEl mini bob original (Zipflbob) en bronce\u00bb google_fonts=\u00bbfont_family:Roboto%20Condensed%3A300%2C300italic%2Cregular%2Citalic%2C700%2C700italic|font_style:400%20regular%3A400%3Anormal\u00bb][vc_column_text]El mini bob original en bronce es un modelo muy especial del Zipfelbob y se limit\u00f3 a s\u00f3lo 700 unidades.<\/p>\n<p>En 2014, junto con el color especial \u00abGreen Glitter\u00bb, tambi\u00e9n se limit\u00f3 a s\u00f3lo 700 unidades una serie especial del mini bob original en bronce.<\/p>\n<p>Este color \u00fanico realmente destaca a la luz del sol y no s\u00f3lo inspira a los j\u00f3venes pilotos de Zipflbob, sino tambi\u00e9n a los Zipflbobbers de 2\u00aa y 3\u00aa generaci\u00f3n en particular.<\/p>\n<p>El mini bob de bronce puede adquirirse a trav\u00e9s de nuestra tienda web (hasta agotar existencias).[\/vc_column_text]<style type=\"text\/css\" data-type=\"the7_shortcodes-inline-css\">#default-btn-367b4f4e17e234e6db10cc41cab922d7.ico-right-side > i {\n  margin-right: 0px;\n  margin-left: 8px;\n}\n#default-btn-367b4f4e17e234e6db10cc41cab922d7 > i {\n  margin-right: 8px;\n}<\/style><a href=\"https:\/\/mini-bob.com\/es\/produkt\/agotado-edicion-mini-bob-trineo-tobogan-zipfelbob-en-bronce\/\" class=\"default-btn-shortcode dt-btn dt-btn-l pulse animate-element animation-builder link-hover-off btn-inline-left \" id=\"default-btn-367b4f4e17e234e6db10cc41cab922d7\" title=\"+AUSVERKAUFT+ Edition mini bob (Zipfelbob) in bronze\"><span>COMPRAR ZIPFELBOB DE BRONCE<\/span><\/a>[\/vc_column][\/vc_row][vc_row][vc_column width=\u00bb1\/2&#8243;][vc_empty_space height=\u00bb120px\u00bb]<style type=\"text\/css\" data-type=\"the7_shortcodes-inline-css\">#default-btn-58f6f575dc8d2d7ee24ef28deedc7ff8.ico-right-side > i {\n  margin-right: 0px;\n  margin-left: 8px;\n}\n#default-btn-58f6f575dc8d2d7ee24ef28deedc7ff8 > i {\n  margin-right: 8px;\n}<\/style><div class=\"btn-align-center\"><a href=\"https:\/\/mini-bob.com\/es\/el-mini-bob\/\" class=\"default-btn-shortcode dt-btn dt-btn-l pulse animate-element animation-builder link-hover-off \" id=\"default-btn-58f6f575dc8d2d7ee24ef28deedc7ff8\" title=\"der mini bob\"><span>EL MINI BOB EN OTROS COLORES<\/span><\/a><\/div>[vc_empty_space]<style type=\"text\/css\" data-type=\"the7_shortcodes-inline-css\">#default-btn-d1c6516cebf6fe9b69096b406368e9b6.ico-right-side > i {\n  margin-right: 0px;\n  margin-left: 8px;\n}\n#default-btn-d1c6516cebf6fe9b69096b406368e9b6 > i {\n  margin-right: 8px;\n}<\/style><div class=\"btn-align-center\"><a href=\"https:\/\/mini-bob.com\/es\/tienda-original-mini-bob-zipfelbob\/\" class=\"default-btn-shortcode dt-btn dt-btn-l pulse animate-element animation-builder link-hover-off \" id=\"default-btn-d1c6516cebf6fe9b69096b406368e9b6\" title=\"Original mini bob (Zipfelbob) Shop\"><span>HAZ CLIC AQU\u00cd PARA IR DIRECTAMENTE A LA TIENDA<\/span><\/a><\/div>[\/vc_column][vc_column width=\u00bb1\/2&#8243;][vc_single_image image=\u00bb159875&#8243; img_size=\u00bblarge\u00bb][\/vc_column][\/vc_row]<\/p>\n<\/div>","protected":false},"excerpt":{"rendered":"<p>[vc_row][vc_column width=\u00bb1\/2&#8243;][vc_single_image image=\u00bb159873&#8243; img_size=\u00bblarge\u00bb][\/vc_column][vc_column width=\u00bb1\/2&#8243;][vc_custom_heading text=\u00bbEl mini bob original (Zipflbob) en bronce\u00bb google_fonts=\u00bbfont_family:Roboto%20Condensed%3A300%2C300italic%2Cregular%2Citalic%2C700%2C700italic|font_style:400%20regular%3A400%3Anormal\u00bb][vc_column_text]El mini bob original en bronce es un modelo muy especial del Zipfelbob y se limit\u00f3 a s\u00f3lo 700 unidades. En 2014, junto con el color especial \u00abGreen Glitter\u00bb, tambi\u00e9n se limit\u00f3 a s\u00f3lo 700 unidades una serie especial del mini bob original&hellip;<\/p>\n","protected":false},"author":1,"featured_media":0,"parent":0,"menu_order":0,"comment_status":"closed","ping_status":"closed","template":"","meta":{"_acf_changed":false,"footnotes":""},"class_list":["post-160274","page","type-page","status-publish","hentry","description-off"],"acf":[],"_links":{"self":[{"href":"https:\/\/mini-bob.com\/es\/wp-json\/wp\/v2\/pages\/160274","targetHints":{"allow":["GET"]}}],"collection":[{"href":"https:\/\/mini-bob.com\/es\/wp-json\/wp\/v2\/pages"}],"about":[{"href":"https:\/\/mini-bob.com\/es\/wp-json\/wp\/v2\/types\/page"}],"author":[{"embeddable":true,"href":"https:\/\/mini-bob.com\/es\/wp-json\/wp\/v2\/users\/1"}],"replies":[{"embeddable":true,"href":"https:\/\/mini-bob.com\/es\/wp-json\/wp\/v2\/comments?post=160274"}],"version-history":[{"count":9,"href":"https:\/\/mini-bob.com\/es\/wp-json\/wp\/v2\/pages\/160274\/revisions"}],"predecessor-version":[{"id":161338,"href":"https:\/\/mini-bob.com\/es\/wp-json\/wp\/v2\/pages\/160274\/revisions\/161338"}],"wp:attachment":[{"href":"https:\/\/mini-bob.com\/es\/wp-json\/wp\/v2\/media?parent=160274"}],"curies":[{"name":"wp","href":"https:\/\/api.w.org\/{rel}","templated":true}]}}