{"id":160275,"date":"2015-12-07T17:28:58","date_gmt":"2015-12-07T16:28:58","guid":{"rendered":"https:\/\/mini-bob.com\/metodos-de-envio\/"},"modified":"2015-12-07T17:28:58","modified_gmt":"2015-12-07T16:28:58","slug":"metodos-de-envio","status":"publish","type":"page","link":"https:\/\/mini-bob.com\/es\/metodos-de-envio\/","title":{"rendered":"M\u00e9todos de env\u00edo"},"content":{"rendered":"<p>M\u00e9todos de env\u00edo<\/p>\n<p>Informaci\u00f3n sobre precios<\/p>\n<p>Los gastos de env\u00edo dependen de la cantidad de productos pedidos y del m\u00e9todo de env\u00edo. Se te comunicar\u00e1n durante el proceso de pedido. <\/p>\n<p>La siguiente lista es para tu informaci\u00f3n y orientaci\u00f3n.<br \/>\nLos gastos de env\u00edo reales se determinan durante el proceso de pedido, que puede cancelarse en cualquier momento.<\/p>\n<p>Gastos de env\u00edo:<\/p>\n<p>Dentro de Alemania DHL Paket tarifa plana 4,99 EUR<br \/>\nFuera de Alemania pero dentro de Europa* DHL Premium Paket tarifa plana 10,50 EUR<\/p>\n<p>Los env\u00edos a Suiza los gestiona DHL como paquete asegurado con una tarifa plana de 26,90 euros - \u00a1ten en cuenta la normativa aduanera de tu pa\u00eds!<\/p>\n<p>Los env\u00edos fuera de la UE y otros pa\u00edses (por ejemplo, Noruega, Finlandia) los gestiona DHL como paquete asegurado a una tarifa plana de 26,90 EUR - \u00a1ten en cuenta la normativa aduanera de tu pa\u00eds!<\/p>\n<p>Env\u00edos contra reembolso m\u00e1s tarifa de DHL de 4,00 EUR <\/p>\n<p>Todos los precios para direcciones de entrega de la UE incluyen el IVA alem\u00e1n del 19% - \u00a1ten en cuenta la normativa aduanera de tu pa\u00eds! <\/p>\n<p>*Para env\u00edos fuera de Alemania, pueden aplicarse aranceles, impuestos y tasas adicionales<br \/>\nTasa de devoluci\u00f3n de paquetes DHL no entregados (secci\u00f3n 4 p\u00e1rrafo 6 CGC PAKET\/EXPRESS NATIONAL), siempre que DHL no sea responsable de la imposibilidad de entrega: 4,99 EUR por env\u00edo.<br \/>\nTambi\u00e9n se cobrar\u00e1 la tarifa de devoluci\u00f3n de 4,99 EUR por disposici\u00f3n anticipada (\u00abdevoluci\u00f3n inmediata\u00bb, \u00abmensaje de imposibilidad de entrega\u00bb, entrega programada\u00bb, \u00abentrega sin vecindad\u00bb) en todos los casos en que se realice un env\u00edo de devoluci\u00f3n.<\/p>\n<p>Se aplican las Condiciones Generales de DHL Parcel\/Express National (CGC Parcel\/Express National) en su versi\u00f3n vigente (disponible en www.dhl.de).<\/p>\n","protected":false},"excerpt":{"rendered":"<p>M\u00e9todos de env\u00edo Informaci\u00f3n sobre precios Los gastos de env\u00edo dependen de la cantidad de productos pedidos y del m\u00e9todo de env\u00edo. Se te comunicar\u00e1n durante el proceso de pedido. La siguiente lista es para tu informaci\u00f3n y orientaci\u00f3n. Los gastos de env\u00edo reales se determinan durante el proceso de pedido, que puede cancelarse en&hellip;<\/p>\n","protected":false},"author":1,"featured_media":0,"parent":0,"menu_order":0,"comment_status":"closed","ping_status":"closed","template":"","meta":{"_acf_changed":false,"footnotes":""},"class_list":["post-160275","page","type-page","status-publish","hentry","description-off"],"acf":[],"_links":{"self":[{"href":"https:\/\/mini-bob.com\/es\/wp-json\/wp\/v2\/pages\/160275","targetHints":{"allow":["GET"]}}],"collection":[{"href":"https:\/\/mini-bob.com\/es\/wp-json\/wp\/v2\/pages"}],"about":[{"href":"https:\/\/mini-bob.com\/es\/wp-json\/wp\/v2\/types\/page"}],"author":[{"embeddable":true,"href":"https:\/\/mini-bob.com\/es\/wp-json\/wp\/v2\/users\/1"}],"replies":[{"embeddable":true,"href":"https:\/\/mini-bob.com\/es\/wp-json\/wp\/v2\/comments?post=160275"}],"version-history":[{"count":0,"href":"https:\/\/mini-bob.com\/es\/wp-json\/wp\/v2\/pages\/160275\/revisions"}],"wp:attachment":[{"href":"https:\/\/mini-bob.com\/es\/wp-json\/wp\/v2\/media?parent=160275"}],"curies":[{"name":"wp","href":"https:\/\/api.w.org\/{rel}","templated":true}]}}