{"id":160278,"date":"2015-10-27T16:51:48","date_gmt":"2015-10-27T15:51:48","guid":{"rendered":"https:\/\/mini-bob.com\/el-mini-bob-amarillo-zipflbob\/"},"modified":"2025-11-25T10:00:12","modified_gmt":"2025-11-25T09:00:12","slug":"el-mini-bob-amarillo-zipflbob","status":"publish","type":"page","link":"https:\/\/mini-bob.com\/es\/el-mini-bob-amarillo-zipflbob\/","title":{"rendered":"el mini bob amarillo \/ Zipflbob"},"content":{"rendered":"<div class=\"wpb-content-wrapper\"><p>[vc_row][vc_column width=\u00bb1\/2&#8243;][vc_single_image image=\u00bb159867&#8243; img_size=\u00bblarge\u00bb][\/vc_column][vc_column width=\u00bb1\/2&#8243;][vc_custom_heading text=\u00bbEl mini bob original (Zipfelbob) en amarillo\u00bb google_fonts=\u00bbfont_family:Roboto%20Condensed%3A300%2C300italic%2Cregular%2Citalic%2C700%2C700italic|font_style:400%20regular%3A400%3Anormal\u00bb][vc_column_text]El mini bob (Zipflbob) se fabric\u00f3 y vendi\u00f3 en color amarillo desde 1976 hasta 2010.<\/p>\n<p>En los primeros tiempos del Zipflbob, el peque\u00f1o trineo de pl\u00e1stico \/ bob de pl\u00e1stico se segu\u00eda fabricando y vendiendo con un mango amarillo (Zipfl) y s\u00f3lo un asiento negro. M\u00e1s tarde, a partir de los a\u00f1os 80, el mango tambi\u00e9n pas\u00f3 a ser negro y el color amarillo se hizo m\u00e1s fuerte. <\/p>\n<p>Al igual que el Zipflbob rojo y el Zipflbob azul, el Zipflbob amarillo se convirti\u00f3 en un \u00e1rbol de hoja perenne. El color amarillo no fue sustituido por el naranja hasta 2010. <\/p>\n<p>Desde 2017, existe una nueva edici\u00f3n del mini bob original en color amarillo.[\/vc_column_text]<style type=\"text\/css\" data-type=\"the7_shortcodes-inline-css\">#default-btn-8415670ceab0a650749a40dae852948e.ico-right-side > i {\n  margin-right: 0px;\n  margin-left: 8px;\n}\n#default-btn-8415670ceab0a650749a40dae852948e > i {\n  margin-right: 8px;\n}<\/style><a href=\"https:\/\/mini-bob.com\/es\/produkt\/mini-bob-original-trineo-tobogan-zipfelbob-en-amarillo\/\" class=\"default-btn-shortcode dt-btn dt-btn-l pulse animate-element animation-builder link-hover-off btn-inline-left \" id=\"default-btn-8415670ceab0a650749a40dae852948e\" title=\"+AUSVERKAUFT+ original mini bob (Zipfelbob) in gelb\"><span>COMPRAR ZIPFELBOB AMARILLO<\/span><\/a>[\/vc_column][\/vc_row][vc_row][vc_column][vc_empty_space][\/vc_column][\/vc_row][vc_row][vc_column width=\u00bb1\/2&#8243;][vc_empty_space height=\u00bb70px\u00bb][vc_custom_heading text=\u00bb1980 Prototipo de bob amarillo con mango pintado (\u00abZipfy\u00ab)\u00bb google_fonts=\u00bbfont_family:Roboto%20Condensed%3A300%2C300italic%2Cregular%2Citalic%2C700%2C700italic|font_style:400%20regular%3A400%3Anormal\u00bb][vc_empty_space height=\u00bb50px\u00bb]<style type=\"text\/css\" data-type=\"the7_shortcodes-inline-css\">#default-btn-c199aabf2453faa33608328e155d8136.ico-right-side > i {\n  margin-right: 0px;\n  margin-left: 8px;\n}\n#default-btn-c199aabf2453faa33608328e155d8136 > i {\n  margin-right: 8px;\n}<\/style><a href=\"https:\/\/mini-bob.com\/es\/el-mini-bob\/\" class=\"default-btn-shortcode dt-btn dt-btn-l pulse animate-element animation-builder link-hover-off btn-inline-left \" id=\"default-btn-c199aabf2453faa33608328e155d8136\" title=\"der mini bob\"><span>EL MINI BOB EN OTROS COLORES<\/span><\/a>[vc_empty_space]<style type=\"text\/css\" data-type=\"the7_shortcodes-inline-css\">#default-btn-1be54919da284ae1a89f8458a32a6cdc.ico-right-side > i {\n  margin-right: 0px;\n  margin-left: 8px;\n}\n#default-btn-1be54919da284ae1a89f8458a32a6cdc > i {\n  margin-right: 8px;\n}<\/style><a href=\"https:\/\/mini-bob.com\/es\/tienda-original-mini-bob-zipfelbob\/\" class=\"default-btn-shortcode dt-btn dt-btn-l pulse animate-element animation-builder link-hover-off btn-inline-left \" id=\"default-btn-1be54919da284ae1a89f8458a32a6cdc\" title=\"Original mini bob (Zipfelbob) Shop\"><span>HAZ CLIC AQU\u00cd PARA IR DIRECTAMENTE A LA TIENDA<\/span><\/a>[\/vc_column][vc_column width=\u00bb1\/2&#8243;][vc_single_image image=\u00bb160279&#8243; img_size=\u00bblarge\u00bb][\/vc_column][\/vc_row]<\/p>\n<\/div>","protected":false},"excerpt":{"rendered":"<p>[vc_row][vc_column width=\u00bb1\/2&#8243;][vc_single_image image=\u00bb159867&#8243; img_size=\u00bblarge\u00bb][\/vc_column][vc_column width=\u00bb1\/2&#8243;][vc_custom_heading text=\u00bbEl mini bob original (Zipfelbob) en amarillo\u00bb google_fonts=\u00bbfont_family:Roboto%20Condensed%3A300%2C300italic%2Cregular%2Citalic%2C700%2C700italic|font_style:400%20regular%3A400%3Anormal\u00bb][vc_column_text]El mini bob (Zipflbob) se fabric\u00f3 y vendi\u00f3 en color amarillo desde 1976 hasta 2010. En los primeros tiempos del Zipflbob, el peque\u00f1o trineo de pl\u00e1stico \/ bob de pl\u00e1stico se segu\u00eda fabricando y vendiendo con un mango amarillo (Zipfl) y s\u00f3lo un&hellip;<\/p>\n","protected":false},"author":1,"featured_media":0,"parent":0,"menu_order":0,"comment_status":"closed","ping_status":"closed","template":"","meta":{"_acf_changed":false,"footnotes":""},"class_list":["post-160278","page","type-page","status-publish","hentry","description-off"],"acf":[],"_links":{"self":[{"href":"https:\/\/mini-bob.com\/es\/wp-json\/wp\/v2\/pages\/160278","targetHints":{"allow":["GET"]}}],"collection":[{"href":"https:\/\/mini-bob.com\/es\/wp-json\/wp\/v2\/pages"}],"about":[{"href":"https:\/\/mini-bob.com\/es\/wp-json\/wp\/v2\/types\/page"}],"author":[{"embeddable":true,"href":"https:\/\/mini-bob.com\/es\/wp-json\/wp\/v2\/users\/1"}],"replies":[{"embeddable":true,"href":"https:\/\/mini-bob.com\/es\/wp-json\/wp\/v2\/comments?post=160278"}],"version-history":[{"count":5,"href":"https:\/\/mini-bob.com\/es\/wp-json\/wp\/v2\/pages\/160278\/revisions"}],"predecessor-version":[{"id":161337,"href":"https:\/\/mini-bob.com\/es\/wp-json\/wp\/v2\/pages\/160278\/revisions\/161337"}],"wp:attachment":[{"href":"https:\/\/mini-bob.com\/es\/wp-json\/wp\/v2\/media?parent=160278"}],"curies":[{"name":"wp","href":"https:\/\/api.w.org\/{rel}","templated":true}]}}