{"id":160283,"date":"2015-10-27T16:34:53","date_gmt":"2015-10-27T15:34:53","guid":{"rendered":"https:\/\/mini-bob.com\/el-mini-bob-naranja-zipflbob\/"},"modified":"2025-11-25T10:00:08","modified_gmt":"2025-11-25T09:00:08","slug":"el-mini-bob-naranja-zipflbob","status":"publish","type":"page","link":"https:\/\/mini-bob.com\/es\/el-mini-bob-naranja-zipflbob\/","title":{"rendered":"el mini bob naranja \/ Zipflbob"},"content":{"rendered":"<div class=\"wpb-content-wrapper\"><p>[vc_row][vc_column width=\u00bb1\/2&#8243;][vc_single_image image=\u00bb160284&#8243; img_size=\u00bblarge\u00bb][\/vc_column][vc_column width=\u00bb1\/2&#8243;][vc_custom_heading text=\u00bbEl mini bob original (Zipflbob) en naranja\u00bb google_fonts=\u00bbfont_family:Roboto%20Condensed%3A300%2C300italic%2Cregular%2Citalic%2C700%2C700italic|font_style:400%20regular%3A400%3Anormal\u00bb][vc_column_text]El mini bob naranja (Zipfelbob) sustituy\u00f3 al mini bob amarillo en 2010 y se fabric\u00f3 y vendi\u00f3 hasta 2014.<\/p>\n<p>Como color especial en un dise\u00f1o retro, el zipflbob naranja - mini bob pretend\u00eda recordar los colores populares en los a\u00f1os 70.<\/p>\n<p>El color naranja dominaba la vida cotidiana en la d\u00e9cada de 1970. Hab\u00eda coches de color naranja, las paredes se empapelaban de color naranja-amarillo y los electrodom\u00e9sticos y muebles de cocina se fabricaban de color naranja.[\/vc_column_text][vc_empty_space]<style type=\"text\/css\" data-type=\"the7_shortcodes-inline-css\">#default-btn-1be54919da284ae1a89f8458a32a6cdc.ico-right-side > i {\n  margin-right: 0px;\n  margin-left: 8px;\n}\n#default-btn-1be54919da284ae1a89f8458a32a6cdc > i {\n  margin-right: 8px;\n}<\/style><a href=\"https:\/\/mini-bob.com\/es\/tienda-original-mini-bob-zipfelbob\/\" class=\"default-btn-shortcode dt-btn dt-btn-l pulse animate-element animation-builder link-hover-off btn-inline-left \" id=\"default-btn-1be54919da284ae1a89f8458a32a6cdc\" title=\"Original mini bob (Zipfelbob) Shop\"><span>HAZ CLIC AQU\u00cd PARA IR DIRECTAMENTE A LA TIENDA<\/span><\/a>[\/vc_column][\/vc_row][vc_row][vc_column][vc_empty_space][\/vc_column][\/vc_row][vc_row][vc_column width=\u00bb1\/2&#8243;][vc_empty_space][vc_empty_space]<style type=\"text\/css\" data-type=\"the7_shortcodes-inline-css\">#default-btn-58f6f575dc8d2d7ee24ef28deedc7ff8.ico-right-side > i {\n  margin-right: 0px;\n  margin-left: 8px;\n}\n#default-btn-58f6f575dc8d2d7ee24ef28deedc7ff8 > i {\n  margin-right: 8px;\n}<\/style><div class=\"btn-align-center\"><a href=\"https:\/\/mini-bob.com\/es\/el-mini-bob\/\" class=\"default-btn-shortcode dt-btn dt-btn-l pulse animate-element animation-builder link-hover-off \" id=\"default-btn-58f6f575dc8d2d7ee24ef28deedc7ff8\" title=\"der mini bob\"><span>EL MINI BOB EN OTROS COLORES<\/span><\/a><\/div>[\/vc_column][vc_column width=\u00bb1\/2&#8243;][vc_single_image image=\u00bb160285&#8243; img_size=\u00bblarge\u00bb][\/vc_column][\/vc_row]<\/p>\n<\/div>","protected":false},"excerpt":{"rendered":"<p>[vc_row][vc_column width=\u00bb1\/2&#8243;][vc_single_image image=\u00bb160284&#8243; img_size=\u00bblarge\u00bb][\/vc_column][vc_column width=\u00bb1\/2&#8243;][vc_custom_heading text=\u00bbEl mini bob original (Zipflbob) en naranja\u00bb google_fonts=\u00bbfont_family:Roboto%20Condensed%3A300%2C300italic%2Cregular%2Citalic%2C700%2C700italic|font_style:400%20regular%3A400%3Anormal\u00bb][vc_column_text]El mini bob naranja (Zipfelbob) sustituy\u00f3 al mini bob amarillo en 2010 y se fabric\u00f3 y vendi\u00f3 hasta 2014. Como color especial en un dise\u00f1o retro, el zipflbob naranja - mini bob pretend\u00eda recordar los colores populares en los a\u00f1os 70. El color&hellip;<\/p>\n","protected":false},"author":1,"featured_media":0,"parent":0,"menu_order":0,"comment_status":"closed","ping_status":"closed","template":"","meta":{"_acf_changed":false,"footnotes":""},"class_list":["post-160283","page","type-page","status-publish","hentry","description-off"],"acf":[],"_links":{"self":[{"href":"https:\/\/mini-bob.com\/es\/wp-json\/wp\/v2\/pages\/160283","targetHints":{"allow":["GET"]}}],"collection":[{"href":"https:\/\/mini-bob.com\/es\/wp-json\/wp\/v2\/pages"}],"about":[{"href":"https:\/\/mini-bob.com\/es\/wp-json\/wp\/v2\/types\/page"}],"author":[{"embeddable":true,"href":"https:\/\/mini-bob.com\/es\/wp-json\/wp\/v2\/users\/1"}],"replies":[{"embeddable":true,"href":"https:\/\/mini-bob.com\/es\/wp-json\/wp\/v2\/comments?post=160283"}],"version-history":[{"count":5,"href":"https:\/\/mini-bob.com\/es\/wp-json\/wp\/v2\/pages\/160283\/revisions"}],"predecessor-version":[{"id":161334,"href":"https:\/\/mini-bob.com\/es\/wp-json\/wp\/v2\/pages\/160283\/revisions\/161334"}],"wp:attachment":[{"href":"https:\/\/mini-bob.com\/es\/wp-json\/wp\/v2\/media?parent=160283"}],"curies":[{"name":"wp","href":"https:\/\/api.w.org\/{rel}","templated":true}]}}