{"id":160297,"date":"2015-10-25T15:30:06","date_gmt":"2015-10-25T14:30:06","guid":{"rendered":"https:\/\/mini-bob.com\/el-mini-bob-morado-zipflbob\/"},"modified":"2025-11-25T10:00:03","modified_gmt":"2025-11-25T09:00:03","slug":"el-mini-bob-morado-zipflbob","status":"publish","type":"page","link":"https:\/\/mini-bob.com\/es\/el-mini-bob-morado-zipflbob\/","title":{"rendered":"el mini bob morado \/ Zipflbob"},"content":{"rendered":"<div class=\"wpb-content-wrapper\"><p>[vc_row][vc_column width=\u00bb1\/2&#8243;][vc_single_image image=\u00bb160138&#8243; img_size=\u00bblarge\u00bb][\/vc_column][vc_column width=\u00bb1\/2&#8243;][vc_custom_heading text=\u00bbEl mini bob original (Zipflbob) en morado\u00bb google_fonts=\u00bbfont_family:Roboto%20Condensed%3A300%2C300italic%2Cregular%2Citalic%2C700%2C700italic|font_style:400%20regular%3A400%3Anormal\u00bb][vc_column_text]Desde 2015, el mini bob original (Zipflbob) est\u00e1 disponible en color \u00abmorado\u00bb, tambi\u00e9n conocido como:<\/p>\n<p><strong>Violeta<\/strong>: el color violeta roza el morado o tambi\u00e9n se conoce como morado oscuro (violeta zipflbob)<\/p>\n<p><strong>Morado<\/strong>: El morado es un violeta m\u00e1s claro que tambi\u00e9n se conoce como p\u00farpura (p\u00farpura zipflbob)<\/p>\n<p><strong>Magenta<\/strong>: \u00a1El magenta est\u00e1 entre el violeta y el rojo y es el color complementario del verde! (zipflbob de color magenta) <\/p>\n<p><strong>Rosa<\/strong>: El rosa es el color magenta muy brillante en tonos pastel (rosa zipflbob)<\/p>\n<p>En los a\u00f1os 90, hubo un color rosa ne\u00f3n especial que se fabric\u00f3 y vendi\u00f3 durante dos a\u00f1os.[\/vc_column_text][\/vc_column][\/vc_row][vc_row][vc_column width=\u00bb1\/2&#8243;][vc_empty_space height=\u00bb90px\u00bb]<style type=\"text\/css\" data-type=\"the7_shortcodes-inline-css\">#default-btn-d1c6516cebf6fe9b69096b406368e9b6.ico-right-side > i {\n  margin-right: 0px;\n  margin-left: 8px;\n}\n#default-btn-d1c6516cebf6fe9b69096b406368e9b6 > i {\n  margin-right: 8px;\n}<\/style><div class=\"btn-align-center\"><a href=\"https:\/\/mini-bob.com\/es\/tienda-original-mini-bob-zipfelbob\/\" class=\"default-btn-shortcode dt-btn dt-btn-l pulse animate-element animation-builder link-hover-off \" id=\"default-btn-d1c6516cebf6fe9b69096b406368e9b6\" title=\"Original mini bob (Zipfelbob) Shop\"><span>HAZ CLIC AQU\u00cd PARA IR DIRECTAMENTE A LA TIENDA<\/span><\/a><\/div>[vc_empty_space]<style type=\"text\/css\" data-type=\"the7_shortcodes-inline-css\">#default-btn-58f6f575dc8d2d7ee24ef28deedc7ff8.ico-right-side > i {\n  margin-right: 0px;\n  margin-left: 8px;\n}\n#default-btn-58f6f575dc8d2d7ee24ef28deedc7ff8 > i {\n  margin-right: 8px;\n}<\/style><div class=\"btn-align-center\"><a href=\"https:\/\/mini-bob.com\/es\/el-mini-bob\/\" class=\"default-btn-shortcode dt-btn dt-btn-l pulse animate-element animation-builder link-hover-off \" id=\"default-btn-58f6f575dc8d2d7ee24ef28deedc7ff8\" title=\"der mini bob\"><span>EL MINI BOB EN OTROS COLORES<\/span><\/a><\/div>[\/vc_column][vc_column width=\u00bb1\/2&#8243;][vc_single_image image=\u00bb160140&#8243; img_size=\u00bblarge\u00bb][\/vc_column][\/vc_row]<\/p>\n<\/div>","protected":false},"excerpt":{"rendered":"<p>[vc_row][vc_column width=\u00bb1\/2&#8243;][vc_single_image image=\u00bb160138&#8243; img_size=\u00bblarge\u00bb][\/vc_column][vc_column width=\u00bb1\/2&#8243;][vc_custom_heading text=\u00bbEl mini bob original (Zipflbob) en morado\u00bb google_fonts=\u00bbfont_family:Roboto%20Condensed%3A300%2C300italic%2Cregular%2Citalic%2C700%2C700italic|font_style:400%20regular%3A400%3Anormal\u00bb][vc_column_text]Desde 2015, el mini bob original (Zipflbob) est\u00e1 disponible en color \u00abmorado\u00bb, tambi\u00e9n conocido como: Violeta: el color violeta roza el morado o tambi\u00e9n se conoce como morado oscuro (violeta zipflbob) Morado: El morado es un violeta m\u00e1s claro que tambi\u00e9n se conoce&hellip;<\/p>\n","protected":false},"author":1,"featured_media":0,"parent":0,"menu_order":0,"comment_status":"closed","ping_status":"closed","template":"","meta":{"_acf_changed":false,"footnotes":""},"class_list":["post-160297","page","type-page","status-publish","hentry","description-off"],"acf":[],"_links":{"self":[{"href":"https:\/\/mini-bob.com\/es\/wp-json\/wp\/v2\/pages\/160297","targetHints":{"allow":["GET"]}}],"collection":[{"href":"https:\/\/mini-bob.com\/es\/wp-json\/wp\/v2\/pages"}],"about":[{"href":"https:\/\/mini-bob.com\/es\/wp-json\/wp\/v2\/types\/page"}],"author":[{"embeddable":true,"href":"https:\/\/mini-bob.com\/es\/wp-json\/wp\/v2\/users\/1"}],"replies":[{"embeddable":true,"href":"https:\/\/mini-bob.com\/es\/wp-json\/wp\/v2\/comments?post=160297"}],"version-history":[{"count":14,"href":"https:\/\/mini-bob.com\/es\/wp-json\/wp\/v2\/pages\/160297\/revisions"}],"predecessor-version":[{"id":161329,"href":"https:\/\/mini-bob.com\/es\/wp-json\/wp\/v2\/pages\/160297\/revisions\/161329"}],"wp:attachment":[{"href":"https:\/\/mini-bob.com\/es\/wp-json\/wp\/v2\/media?parent=160297"}],"curies":[{"name":"wp","href":"https:\/\/api.w.org\/{rel}","templated":true}]}}