{"id":160298,"date":"2015-02-28T15:18:16","date_gmt":"2015-02-28T14:18:16","guid":{"rendered":"https:\/\/mini-bob.com\/comprar-mini-bob-zipfelbob\/"},"modified":"2025-11-25T09:59:55","modified_gmt":"2025-11-25T08:59:55","slug":"comprar-mini-bob-zipfelbob","status":"publish","type":"page","link":"https:\/\/mini-bob.com\/es\/comprar-mini-bob-zipfelbob\/","title":{"rendered":"comprar mini bob (Zipfelbob)"},"content":{"rendered":"<div class=\"wpb-content-wrapper\"><p>[vc_row][vc_column][vc_custom_heading text=\u00bbZipfelbob - compra el mini bob original en tiendas\u00bb google_fonts=\u00bbfont_family:Roboto%20Condensed%3A300%2C300italic%2Cregular%2Citalic%2C700%2C700italic|font_style:400%20regular%3A400%3Anormal\u00bb][vc_column_text]Puedes comprar el mini bob original (Zipfelbob) en una tienda de deportes y juguetes bien surtida cerca de ti!<\/p>\n<p>Si tu tienda local no dispone del mini bob original, puedes remitirnoslo a nosotros: <a href=\"https:\/\/mini-bob.com\/es\/esperamos-tu-consulta\/?v=3a52f3c22ed6\">recibimos con agrado las consultas de los minoristas<\/a>.[\/vc_column_text]<style type=\"text\/css\" data-type=\"the7_shortcodes-inline-css\">#default-btn-4757544a21381d9a340830bf2a295a65.ico-right-side > i {\n  margin-right: 0px;\n  margin-left: 8px;\n}\n#default-btn-4757544a21381d9a340830bf2a295a65 > i {\n  margin-right: 8px;\n}<\/style><a href=\"https:\/\/mini-bob.com\/es\/tienda-original-mini-bob-zipfelbob\/\" class=\"default-btn-shortcode dt-btn dt-btn-l link-hover-off btn-inline-left \" id=\"default-btn-4757544a21381d9a340830bf2a295a65\" title=\"Original mini bob (Zipfelbob) Shop\"><span>HAZ CLIC AQU\u00cd PARA IR A LA TIENDA<\/span><\/a>[vc_empty_space][vc_column_text]Puedes comprar el mini bob original (Zipfelbob) en los siguientes distribuidores:[\/vc_column_text][\/vc_column][\/vc_row][vc_row][vc_column width=\u00bb1\/2&#8243;][vc_wp_text]<img decoding=\"async\" src=\"\/wp-content\/uploads\/2015\/02\/deutschland.gif\" alt=\"\" width=\"\" height=\"\">  <img decoding=\"async\" src=\"\/wp-content\/uploads\/2015\/02\/oestereich.gif\" alt=\"\" width=\"\" height=\"\">  <img decoding=\"async\" src=\"\/wp-content\/uploads\/2015\/02\/schweiz02.gif\" alt=\"\" width=\"\" height=\"\"><\/p>\n<p>Alemania, Austria y Suiza<\/p>\n<p>Aqu\u00ed puedes conseguir en l\u00ednea las <strong>ediciones especiales<\/strong> de los mini bobs originales:<\/p>\n<p><strong>Webshop de mini bob<\/strong><br \/>\ne-mail: vertrieb@mini-bob.com<\/p>\n<p>&nbsp;<\/p>\n<p><strong>Puedes conseguir online el mini bob original en todos los dem\u00e1s colores aqu\u00ed:<\/strong><\/p>\n<p><strong>Rodelfuehrer.de<\/strong><br \/>\nFr\u00fchlingstr. 13<br \/>\n<strong>D-82223<\/strong> Eichenau<br \/>\nTel\u00e9fono: +49(0)89\/381695562<br \/>\nTienda online: <a href=\"https:\/\/www.rodelfuehrer.de\/rodel-shop\/Zipflbob-Minibob\" target=\"_blank\" rel=\"nofollow noopener\">www.rodelfuehrer.de<\/a><\/p>\n<p>&nbsp;<\/p>\n<p><strong>OBI Landsberg<\/strong><br \/>\nAm Penzinger Feld 21<br \/>\n<strong>D-86899<\/strong> Landsberg am Lech<br \/>\nTel\u00e9fono: +49(0)8191 973900<br \/>\nP\u00e1gina web: <a href=\"https:\/\/www.obi.de\/baumarkt\/landsberg-am-lech\/\" target=\"_blank\" rel=\"nofollow noopener\">OBI Landsberg<\/a><\/p>\n<p>&nbsp;<\/p>\n<p><strong>JAKO-O M\u00f6bel und Spielmittel f\u00fcr die junge Familie GmbH<\/strong><br \/>\nAugust-Grosch-Stra\u00dfe 28-38<br \/>\n<strong>D-96476<\/strong> Bad Rodach<br \/>\nTienda online: <a href=\"https:\/\/www.jako-o.de\/produkte-sport-kinder-sportgeraete-wintersport-mini-bob--047626.html\" target=\"_blank\" rel=\"nofollow noopener\">www.jako-o.de<\/a><\/p>\n<p>&nbsp;<\/p>\n<p><strong>Tienda Online JAKO-O Austria<\/strong><br \/>\n<strong>En<\/strong><br \/>\nTienda online: <a href=\"https:\/\/www.jako-o.at\/produkte-sport-sportarten-wintersport-mini-bob--047626.html\" target=\"_blank\" rel=\"nofollow noopener\">www.jako-o.at<\/a><\/p>\n<p>&nbsp;<\/p>\n<p><strong>Kastner &amp; \u00d6hler Mode GmbH<\/strong><br \/>\nSackstra\u00dfe 7-13<br \/>\n<strong>AT-8010<\/strong> Graz<br \/>\nTel\u00e9fono: +43 (0)316 870-0<br \/>\nCorreo electr\u00f3nico: kontakt@kastner-oehler.at<br \/>\nTienda web: <a href=\"https:\/\/www.kastner-oehler.at\/ZipflBob.html\" target=\"_blank\" rel=\"nofollow noopener\">www.kastner-oehler.at<\/a><\/p>\n<p>&nbsp;<\/p>\n<p><strong>McTREK <\/strong>(YEAH! AG)<br \/>\nKeltenstr. 20b<br \/>\n<strong>D-63486<\/strong> Bruchk\u00f6bel<br \/>\nTel: +49 (0)6181-952630<br \/>\nTienda online: <a href=\"https:\/\/www.mctrek.de\" target=\"_blank\" rel=\"nofollow noopener\">www.mctrek.de<\/a><\/p>\n<p>&nbsp;<\/p>\n<p><strong>Globetrotter Equipment GmbH<\/strong><br \/>\n<strong>En toda Alemania<\/strong><br \/>\nCompra in situ: <a href=\"https:\/\/www.globetrotter.de\/filialen\/\" target=\"_blank\" rel=\"nofollow noopener\">Buscador de tiendas<\/a><br \/>\nTienda online: <a href=\"https:\/\/www.globetrotter.de\/shop\/zipflbob-308405\/\" target=\"_blank\" rel=\"nofollow noopener\">www.globetrotter.de<\/a><\/p>\n<p>&nbsp;<\/p>\n<p><strong>SchuhSki<\/strong><br \/>\nSalzburger Stra\u00dfe 92<br \/>\n<strong>AT-4820<\/strong> Bad Ischl<br \/>\nTel\u00e9fono: +43 720 530 936<br \/>\nCorreo electr\u00f3nico: support@schuhski.com<br \/>\nTienda web: <a href=\"https:\/\/www.schuhski.com\/e-vendo.php?SessionId=&amp;a=search&amp;SearchStr=mini-bob\" target=\"_blank\" rel=\"nofollow noopener\">www.schuhski.com<\/a><\/p>\n<p>&nbsp;<\/p>\n<p><strong>Sport M\u00fcller<\/strong><br \/>\nPassauer Stra\u00dfe 24<br \/>\n<strong>D-94060<\/strong> Pocking<br \/>\nTel\u00e9fono: +49(0)8531 4803<br \/>\nCorreo electr\u00f3nico: info@sportmueller-pocking.de<br \/>\nTienda web: <a href=\"https:\/\/www.sportmueller-pocking.de\" target=\"_blank\" rel=\"nofollow noopener\">www.sportmueller-pocking.de<\/a><\/p>\n<p>&nbsp;<\/p>\n<p><strong>Probst Menaje<\/strong><br \/>\nBahnhofstr. 2<br \/>\n<strong>D-83661<\/strong> Lenggries<br \/>\nTel\u00e9fono: +49(0)8042 8931<br \/>\nCorreo electr\u00f3nico: probst@haushaltswaren-lenggries.de<br \/>\nWeb: <a href=\"https:\/\/www.haushaltswaren-lenggries.de\/\" target=\"_blank\" rel=\"nofollow noopener\">https:\/\/haushaltswaren-lenggries.de<\/a><\/p>\n<p>&nbsp;<\/p>\n<p><strong>Deporte EDER + BERGER GmbH &amp; Co. KG<\/strong><br \/>\nSulzbacher Str. 1<br \/>\n<strong>D-<\/strong> 94152 Neuhaus am Inn<br \/>\nTel\u00e9fono: +49(0)8503 86 10<br \/>\nCorreo electr\u00f3nico: versand@eder-tauchsport.de<br \/>\nTienda online: <a href=\"https:\/\/www.tauchshop-online.de\/zipflbob_minibob-onlineshop.php\" target=\"_blank\" rel=\"nofollow noopener\">www.tauchshop-online.de<\/a><\/p>\n<p>&nbsp;<\/p>\n<p><strong>Profesional del deporte<\/strong><br \/>\nFalkenburg 102<br \/>\n<strong>AT-8952<\/strong> Irdning <strong>(\u00a1env\u00edo online a Suiza!)<\/strong><br \/>\nTel\u00e9fono: +43 (0) 3682 229527<br \/>\nCorreo electr\u00f3nico: office@sportsprofi.com<br \/>\nTienda web: <a href=\"https:\/\/www.sportsprofi.com\/Sportarten\/Rodelsport\/Bobs\/Bob-mit-Stiel-Zipfelbob.html\" target=\"_blank\" rel=\"nofollow noopener\">www.sportsprofi.com<\/a><\/p>\n<p>&nbsp;<\/p>\n<p><strong>Sportworld24 GmbH<\/strong><br \/>\nGehringstrasse 26a<br \/>\n<strong>D-93444<\/strong> Bad K\u00f6tzting<br \/>\nE-Mail: info@sportworld24.de<br \/>\nWebshop: <a href=\"https:\/\/www.sportworld24.de\/de\/mini-bob-schlitten-bob-mini.html\" target=\"_blank\" rel=\"nofollow noopener\">www.sportworld24.de<\/a>[\/vc_wp_text][\/vc_column][vc_column width=\u00bb1\/2&#8243;][vc_wp_text]<\/p>\n<p>&nbsp;<\/p>\n<p><img loading=\"lazy\" decoding=\"async\" src=\"\/wp-content\/uploads\/2015\/02\/deutschland.gif\" width=\"46\" height=\"31\" alt=\"\"><\/p>\n<p><strong>INTERSPORT Multichannel GmbH<\/strong><br \/>\nWannen\u00e4ckerstrasse 36<br \/>\n<strong>D-74078<\/strong> Heilbronn<br \/>\nTel\u00e9fono: +49 7131 123 00 90<br \/>\nCorreo electr\u00f3nico: service@intersport.de<\/p>\n<p>Localizador de distribuidores: <a href=\"https:\/\/www.intersport.de\/suche?SearchTerm=M%C3%BCnchen&amp;SelectedSearchResult=MerchantSearch\" target=\"_blank\" rel=\"nofollow noopener\">www.intersport.de<\/a><\/p>\n<p>&nbsp;<\/p>\n<p><img decoding=\"async\" src=\"\/wp-content\/uploads\/2015\/02\/oestereich.gif\" alt=\"\" width=\"\" height=\"\"><\/p>\n<p><strong>INTERSPORT Austria Gesellschaft mbH<\/strong><br \/>\nFlugplatzstra\u00dfe 10<br \/>\n<strong>AT-4600<\/strong> Wels<br \/>\nTel\u00e9fono: +43 7242 233 - 0<br \/>\nCorreo electr\u00f3nico: headoffice@intersport.at<br \/>\nWeb: <a href=\"https:\/\/www.intersport.at\" target=\"_blank\" rel=\"nofollow noopener\">www.intersport.at<\/a><\/p>\n<p>Localizador de distribuidores: <a href=\"https:\/\/www.intersport.at\/standorte\/index.html\" target=\"_blank\" rel=\"nofollow noopener\">www.intersport.at<\/a><\/p>\n<p>Tienda online: <a href=\"https:\/\/www.intersport.at\/eshop\/Snow-Ice\/Bobs-Schlitten\/Minibob-mit-Stiel-rot-30-000.html\" target=\"_blank\" rel=\"nofollow noopener\">www.intersport.at<\/a><\/p>\n<p>&nbsp;<\/p>\n<p><img decoding=\"async\" src=\"\/wp-content\/uploads\/2017\/06\/spanien.gif\" alt=\"\" width=\"\" height=\"\">  <img loading=\"lazy\" decoding=\"async\" src=\"\/wp-content\/uploads\/2017\/06\/andorra.gif\" alt=\"\" width=\"46\" height=\"31\">  <img loading=\"lazy\" decoding=\"async\" src=\"\/wp-content\/uploads\/2017\/06\/portugal.gif\" alt=\"\" width=\"46\" height=\"31\"><\/p>\n<p><strong>Espa\u00f1a, Andorra y Portugal<br \/>\n<\/strong><\/p>\n<p><strong>Whitefun Sports<\/strong><br \/>\nc\/North 8<br \/>\n<strong>ES<\/strong> 25550 Bossost<br \/>\nTel\u00e9fono: + 34 667594488<br \/>\nCorreo electr\u00f3nico: info@whitefun.com<br \/>\nTienda web: <a href=\"https:\/\/www.whitefun.com\/sports\/es\/home\/70-minibob.html\" target=\"_blank\" rel=\"nofollow noopener\">www.whitefun.com<\/a><\/p>\n<p>&nbsp;<\/p>\n<p><img loading=\"lazy\" decoding=\"async\" src=\"\/wp-content\/uploads\/2018\/01\/frankreich.gif\" width=\"46\" height=\"31\" alt=\"\"><\/p>\n<p><strong>Francia<br \/>\n<\/strong><\/p>\n<p><strong>Val d&#8217;Allos Sport<\/strong><br \/>\n04260 La Foux d&#8217;Allos<br \/>\nOuvert toute la saison d&#8217;hiver 7\/7<br \/>\nPhone: + <a class=\"_sEo iGHZATw6ZO1Y-6WH35iSZ2V0 rllt__link\" style=\"padding-right: 0;\" tabindex=\"0\" role=\"link\" data-rtid=\"iGHZATw6ZO1Y\" data-cid=\"1123861482795003801\" data-ved=\"0ahUKEwi_u-SP1cjYAhWB2KQKHee6BxIQyTMILzAA\"><span class=\"rllt__details lqhpac\">33 6 24 82 57 73<\/span><\/a><br \/>\nCorreo electr\u00f3nico: info@valdallossport.fr<br \/>\nTienda web: <a href=\"https:\/\/www.valdallossport.fr\/produit\/luge-mini-bob-val-d-allos-sport\/\" target=\"_blank\" rel=\"nofollow noopener\">www.valdallossport.fr<\/a><\/p>\n<p>&nbsp;<\/p>\n<p><img loading=\"lazy\" decoding=\"async\" src=\"\/wp-content\/uploads\/2018\/11\/hu.png\" width=\"46\" height=\"31\" alt=\"\"><\/p>\n<p><strong>Hungr\u00eda<br \/>\n<\/strong><\/p>\n<p><strong>SKI TRAVEL UTAZASI IRODA<\/strong><br \/>\n8200 Veszprem<br \/>\nBudapest ut 89\/A.<br \/>\nTel\u00e9fono: + <span class=\"rllt__details lqhpac\">36 88 567 401<\/span><br \/>\nCorreo electr\u00f3nico: sitanoda@skitravel.hu<br \/>\nTienda web: <a href=\"https:\/\/www.sitanoda.hu\" target=\"_blank\" rel=\"nofollow noopener\">www.sitanoda.hu<\/a><\/p>\n<p>&nbsp;<\/p>\n<p><img decoding=\"async\" src=\"\/wp-content\/uploads\/2015\/02\/rumaenien.gif\" alt=\"\" width=\"\" height=\"\"><\/p>\n<p><strong>Ruman\u00eda<\/strong><\/p>\n<p><strong>SC Toptools SRL<\/strong><br \/>\nStr. Meteor 71B<br \/>\nCluj Napoca 400492<br \/>\nTel\u00e9fono: +40264438490<br \/>\nCorreo electr\u00f3nico: info@sanuis.ro<br \/>\nTienda web: <a href=\"https:\/\/www.sanius.ro\" target=\"_blank\" rel=\"nofollow noopener\">www.sanius.ro<\/a><\/p>\n<p>&nbsp;<\/p>\n<p><img decoding=\"async\" src=\"\/wp-content\/uploads\/2015\/02\/europa.gif\" alt=\"\" width=\"\" height=\"\"><\/p>\n<p><strong style=\"font-style: normal;\">IIC-INTERSPORT Corporaci\u00f3n Internacional<\/strong><br \/>\nWeb: <a href=\"https:\/\/www.intersport.com\" target=\"_blank\" rel=\"nofollow noopener\">www.intersport.com<\/a><\/p>\n<p>&nbsp;<\/p>\n<p><img loading=\"lazy\" decoding=\"async\" src=\"\/wp-content\/uploads\/2016\/08\/norwegen.gif\" alt=\"\" width=\"46\" height=\"31\">  <img loading=\"lazy\" decoding=\"async\" src=\"\/wp-content\/uploads\/2016\/08\/finnland.gif\" alt=\"\" width=\"46\" height=\"31\">  <img loading=\"lazy\" decoding=\"async\" src=\"\/wp-content\/uploads\/2016\/08\/schweden.gif\" alt=\"\" width=\"46\" height=\"31\"><\/p>\n<p>mini bob\/Zipflbob en Escandinavia:<\/p>\n<p>Noruega:<\/p>\n<p><strong style=\"font-style: normal;\">Snowcon<\/strong><br \/>\nWeb: <a href=\"https:\/\/snowcon.no\/shop\/\" target=\"_blank\" rel=\"nofollow noopener\">www.snowcon.no<\/a><br \/>\nmail: kundeservice@snowcon.no<\/p>\n<p>Suecia:<\/p>\n<p><strong style=\"font-style: normal;\">Snowcon<\/strong><br \/>\nWeb: <a href=\"https:\/\/snowcon.se\/shop\/\" target=\"_blank\" rel=\"nofollow noopener\">www.snowcon.se<\/a><br \/>\nmail: kundeservice@snowcon.se<\/p>\n<p>Finlandia:<\/p>\n<p><strong style=\"font-style: normal;\">Snowcon<\/strong><br \/>\nWeb: <a href=\"https:\/\/snowcon.fi\/shop\/\" target=\"_blank\" rel=\"nofollow noopener\">www.snowcon.fi<\/a><br \/>\nmail: kundeservice@snowcon.fi<\/p>\n<p>[\/vc_wp_text][\/vc_column][\/vc_row][vc_row][vc_column][vc_empty_space][\/vc_column][\/vc_row][vc_row][vc_column][vc_custom_heading text=\u00bb\u00bfQuieres ser distribuidor original de mini bob?\u00bb google_fonts=\u00bbfont_family:Roboto%20Condensed%3A300%2C300italic%2Cregular%2Citalic%2C700%2C700italic|font_style:400%20regular%3A400%3Anormal\u00bb]<style type=\"text\/css\" data-type=\"the7_shortcodes-inline-css\">#default-btn-a9466eb94e6aec0ac91b95ea4168faa9.ico-right-side > i {\n  margin-right: 0px;\n  margin-left: 8px;\n}\n#default-btn-a9466eb94e6aec0ac91b95ea4168faa9 > i {\n  margin-right: 8px;\n}<\/style><a href=\"https:\/\/mini-bob.com\/es\/esperamos-tu-consulta\/\" class=\"default-btn-shortcode dt-btn dt-btn-l pulse animate-element animation-builder link-hover-off btn-inline-left \" id=\"default-btn-a9466eb94e6aec0ac91b95ea4168faa9\" title=\"Wir freuen uns auf Ihre Anfrage!\"><span>HAZTE DISTRIBUIDOR<\/span><\/a>[\/vc_column][\/vc_row][vc_row][vc_column][vc_empty_space][\/vc_column][\/vc_row][vc_row][vc_column][vc_column_text]Cuando compres un mini bob (o Zipfybob, Zipflbob o Zipfelbob), \u00a1aseg\u00farate siempre de que es el mini bob original! Puedes reconocerlo por el logotipo del mini bob original. Encontrar\u00e1s m\u00e1s informaci\u00f3n al respecto en: <a href=\"https:\/\/mini-bob.com\/es\/el-mini-bob\/\">el mini bob<\/a>  <\/p>\n<p>Si buscas lo \u00faltimo en <a href=\"https:\/\/mini-bob.com\/es\/bob-de-plastico-comprar-trineos-de-plastico\/\">bob de pl\u00e1stico,<\/a> <a href=\"https:\/\/mini-bob.com\/es\/poporutscher-plato-de-plastico-o-mini-bob\/\">tobog\u00e1n popo,<\/a> <a href=\"https:\/\/mini-bob.com\/es\/bob-de-plastico-comprar-trineos-de-plastico\/\">trineo de pl\u00e1stico,<\/a> <a href=\"https:\/\/mini-bob.com\/es\/billet-bob-comprar\/\">bob<\/a> o <a href=\"https:\/\/mini-bob.com\/es\/trineo-bob-min-bob-el-trineo-moderno-definitivo\/\">trineo bob <\/a>, \u00a1deber\u00edas decantarte por el mini bob original!<\/p>\n<p>Compra el Zipfelbob original: calidad made in Germany desde 1976[\/vc_column_text][\/vc_column][\/vc_row]<\/p>\n<\/div>","protected":false},"excerpt":{"rendered":"<p>[vc_row][vc_column][vc_custom_heading text=\u00bbZipfelbob - compra el mini bob original en tiendas\u00bb google_fonts=\u00bbfont_family:Roboto%20Condensed%3A300%2C300italic%2Cregular%2Citalic%2C700%2C700italic|font_style:400%20regular%3A400%3Anormal\u00bb][vc_column_text]Puedes comprar el mini bob original (Zipfelbob) en una tienda de deportes y juguetes bien surtida cerca de ti! Si tu tienda local no dispone del mini bob original, puedes remitirnoslo a nosotros: recibimos con agrado las consultas de los minoristas.[\/vc_column_text][vc_empty_space][vc_column_text]Puedes comprar el mini bob&hellip;<\/p>\n","protected":false},"author":1,"featured_media":0,"parent":0,"menu_order":0,"comment_status":"closed","ping_status":"closed","template":"","meta":{"_acf_changed":false,"footnotes":""},"class_list":["post-160298","page","type-page","status-publish","hentry","description-off"],"acf":[],"_links":{"self":[{"href":"https:\/\/mini-bob.com\/es\/wp-json\/wp\/v2\/pages\/160298","targetHints":{"allow":["GET"]}}],"collection":[{"href":"https:\/\/mini-bob.com\/es\/wp-json\/wp\/v2\/pages"}],"about":[{"href":"https:\/\/mini-bob.com\/es\/wp-json\/wp\/v2\/types\/page"}],"author":[{"embeddable":true,"href":"https:\/\/mini-bob.com\/es\/wp-json\/wp\/v2\/users\/1"}],"replies":[{"embeddable":true,"href":"https:\/\/mini-bob.com\/es\/wp-json\/wp\/v2\/comments?post=160298"}],"version-history":[{"count":13,"href":"https:\/\/mini-bob.com\/es\/wp-json\/wp\/v2\/pages\/160298\/revisions"}],"predecessor-version":[{"id":161321,"href":"https:\/\/mini-bob.com\/es\/wp-json\/wp\/v2\/pages\/160298\/revisions\/161321"}],"wp:attachment":[{"href":"https:\/\/mini-bob.com\/es\/wp-json\/wp\/v2\/media?parent=160298"}],"curies":[{"name":"wp","href":"https:\/\/api.w.org\/{rel}","templated":true}]}}