{"id":160303,"date":"2015-10-25T14:47:40","date_gmt":"2015-10-25T13:47:40","guid":{"rendered":"https:\/\/mini-bob.com\/el-mini-bob-azul-zipflbob\/"},"modified":"2025-11-25T10:00:04","modified_gmt":"2025-11-25T09:00:04","slug":"el-mini-bob-azul-zipflbob","status":"publish","type":"page","link":"https:\/\/mini-bob.com\/es\/el-mini-bob-azul-zipflbob\/","title":{"rendered":"el mini bob azul \/ Zipflbob"},"content":{"rendered":"<div class=\"wpb-content-wrapper\"><p>[vc_row][vc_column width=\u00bb1\/2&#8243;][vc_single_image image=\u00bb159920&#8243; img_size=\u00bblarge\u00bb][\/vc_column][vc_column width=\u00bb1\/2&#8243;][vc_custom_heading text=\u00bbEl mini bob original (Zipflbob) en azul\u00bb google_fonts=\u00bbfont_family:Roboto%20Condensed%3A300%2C300italic%2Cregular%2Citalic%2C700%2C700italic|font_style:400%20regular%3A400%3Anormal\u00bb][vc_column_text]Al igual que el mini bob (Zipflbob) rojo, el mini bob (Zipflbob) original est\u00e1 disponible en color azul desde 1976.<\/p>\n<p>Al igual que el mini bob rojo, el Zipflbob azul se fabric\u00f3 y vendi\u00f3 inicialmente s\u00f3lo en azul; s\u00f3lo m\u00e1s tarde se cre\u00f3 un contraste con el negro en el mango (Zipfl) y el asiento del Zipflbob azul.<\/p>\n<p>El primer tono de azul era todav\u00eda bastante oscuro y se hizo mucho m\u00e1s claro al combinarlo con el negro. Mucha gente tambi\u00e9n llama al mini bob azul el \u00abbob pitufo\u00bb, ya que el color recuerda mucho a los peque\u00f1os pitufos.[\/vc_column_text]<style type=\"text\/css\" data-type=\"the7_shortcodes-inline-css\">#default-btn-6a64bcb1cd30c5b6393cfa61a721c494.ico-right-side > i {\n  margin-right: 0px;\n  margin-left: 8px;\n}\n#default-btn-6a64bcb1cd30c5b6393cfa61a721c494 > i {\n  margin-right: 8px;\n}<\/style><a href=\"https:\/\/mini-bob.com\/es\/produkt\/mini-bob-original-trineo-tobogan-zipfelbob-en-azul\/\" class=\"default-btn-shortcode dt-btn dt-btn-l pulse animate-element animation-builder link-hover-off btn-inline-left  vc_custom_1661157285387\" id=\"default-btn-6a64bcb1cd30c5b6393cfa61a721c494\" title=\"original mini bob (Zipfelbob) in blau\"><span>COMPRAR ZIPFELBOB AZUL<\/span><\/a>[\/vc_column][\/vc_row][vc_row][vc_column][vc_empty_space][\/vc_column][\/vc_row][vc_row][vc_column width=\u00bb1\/2&#8243;][vc_custom_heading text=\u00bbEl Zipfelbob azul (mini bob) en los a\u00f1os 70.\u00bb font_container=\u00bbtag:h3|text_align:left\u00bb google_fonts=\u00bbfont_family:Roboto%20Condensed%3A300%2C300italic%2Cregular%2Citalic%2C700%2C700italic|font_style:400%20regular%3A400%3Anormal\u00bb][vc_column_text]Unos a\u00f1os despu\u00e9s del mini bob amarillo original y del mini bob rojo original, lleg\u00f3 otro color del Zipfelbob. R\u00e1pidamente qued\u00f3 claro que ser\u00eda un Zipflbob azul. <\/p>\n<p>El mini bob azul original con el t\u00edpico \u00abmango Zipflbob\u00bb tambi\u00e9n se muestra aqu\u00ed en azul. Aqu\u00ed se ve claramente: ya en los a\u00f1os 70, el popular bob de pl\u00e1stico estaba completamente coloreado en el color correspondiente, incluido el mini bob azul original - entretanto, el mango negro (Zipfl) y el asiento negro del Zipfibob se han hecho reconocibles y han dado lugar a copias. <\/p>\n<p>Hoy en d\u00eda, junto con el Zipfelbob rojo, el Zipfelbob azul es una de las variantes de mini bob m\u00e1s populares. El \u00abSchlumpfbob\u00bb, en particular, se ha vuelto indispensable.[\/vc_column_text][vc_empty_space height=\u00bb20px\u00bb]<style type=\"text\/css\" data-type=\"the7_shortcodes-inline-css\">#default-btn-c199aabf2453faa33608328e155d8136.ico-right-side > i {\n  margin-right: 0px;\n  margin-left: 8px;\n}\n#default-btn-c199aabf2453faa33608328e155d8136 > i {\n  margin-right: 8px;\n}<\/style><a href=\"https:\/\/mini-bob.com\/es\/el-mini-bob\/\" class=\"default-btn-shortcode dt-btn dt-btn-l pulse animate-element animation-builder link-hover-off btn-inline-left \" id=\"default-btn-c199aabf2453faa33608328e155d8136\" title=\"der mini bob\"><span>EL MINI BOB EN OTROS COLORES<\/span><\/a>[vc_empty_space]<style type=\"text\/css\" data-type=\"the7_shortcodes-inline-css\">#default-btn-1be54919da284ae1a89f8458a32a6cdc.ico-right-side > i {\n  margin-right: 0px;\n  margin-left: 8px;\n}\n#default-btn-1be54919da284ae1a89f8458a32a6cdc > i {\n  margin-right: 8px;\n}<\/style><a href=\"https:\/\/mini-bob.com\/es\/tienda-original-mini-bob-zipfelbob\/\" class=\"default-btn-shortcode dt-btn dt-btn-l pulse animate-element animation-builder link-hover-off btn-inline-left \" id=\"default-btn-1be54919da284ae1a89f8458a32a6cdc\" title=\"Original mini bob (Zipfelbob) Shop\"><span>HAZ CLIC AQU\u00cd PARA IR DIRECTAMENTE A LA TIENDA<\/span><\/a>[\/vc_column][vc_column width=\u00bb1\/2&#8243;][vc_single_image image=\u00bb160305&#8243; img_size=\u00bblarge\u00bb][vc_column_text]Minibob azul original (Zipfybob, Zipflbob) de los a\u00f1os 70[\/vc_column_text][\/vc_column][\/vc_row]<\/p>\n<\/div>","protected":false},"excerpt":{"rendered":"<p>[vc_row][vc_column width=\u00bb1\/2&#8243;][vc_single_image image=\u00bb159920&#8243; img_size=\u00bblarge\u00bb][\/vc_column][vc_column width=\u00bb1\/2&#8243;][vc_custom_heading text=\u00bbEl mini bob original (Zipflbob) en azul\u00bb google_fonts=\u00bbfont_family:Roboto%20Condensed%3A300%2C300italic%2Cregular%2Citalic%2C700%2C700italic|font_style:400%20regular%3A400%3Anormal\u00bb][vc_column_text]Al igual que el mini bob (Zipflbob) rojo, el mini bob (Zipflbob) original est\u00e1 disponible en color azul desde 1976. Al igual que el mini bob rojo, el Zipflbob azul se fabric\u00f3 y vendi\u00f3 inicialmente s\u00f3lo en azul; s\u00f3lo m\u00e1s tarde se cre\u00f3&hellip;<\/p>\n","protected":false},"author":1,"featured_media":0,"parent":0,"menu_order":0,"comment_status":"closed","ping_status":"closed","template":"","meta":{"_acf_changed":false,"footnotes":""},"class_list":["post-160303","page","type-page","status-publish","hentry","description-off"],"acf":[],"_links":{"self":[{"href":"https:\/\/mini-bob.com\/es\/wp-json\/wp\/v2\/pages\/160303","targetHints":{"allow":["GET"]}}],"collection":[{"href":"https:\/\/mini-bob.com\/es\/wp-json\/wp\/v2\/pages"}],"about":[{"href":"https:\/\/mini-bob.com\/es\/wp-json\/wp\/v2\/types\/page"}],"author":[{"embeddable":true,"href":"https:\/\/mini-bob.com\/es\/wp-json\/wp\/v2\/users\/1"}],"replies":[{"embeddable":true,"href":"https:\/\/mini-bob.com\/es\/wp-json\/wp\/v2\/comments?post=160303"}],"version-history":[{"count":5,"href":"https:\/\/mini-bob.com\/es\/wp-json\/wp\/v2\/pages\/160303\/revisions"}],"predecessor-version":[{"id":161331,"href":"https:\/\/mini-bob.com\/es\/wp-json\/wp\/v2\/pages\/160303\/revisions\/161331"}],"wp:attachment":[{"href":"https:\/\/mini-bob.com\/es\/wp-json\/wp\/v2\/media?parent=160303"}],"curies":[{"name":"wp","href":"https:\/\/api.w.org\/{rel}","templated":true}]}}